{"id":7922,"date":"2019-03-15T11:09:31","date_gmt":"2019-03-15T10:09:31","guid":{"rendered":"https:\/\/www.plantcaretools.com\/unkategorisiert\/digitales-feuchtemesser\/"},"modified":"2025-01-27T14:26:50","modified_gmt":"2025-01-27T13:26:50","slug":"digitales-feuchtemesser","status":"publish","type":"product","link":"https:\/\/www.plantcaretools.com\/de\/produkt\/messgerate\/digitales-feuchtemesser\/","title":{"rendered":"Digitales Feuchtemesser"},"content":{"rendered":"<h2><strong>Rapitest 1825 Bodenfeuchtemesser mit Digitalanzeige<\/strong><\/h2>\n<p>Mit diesem Rapitest digitales Feuchtemesser k\u00f6nnen Sie den Feuchtigkeitsgehalt des Bodens schnell und einfach messen. Dr\u00fccken Sie die Taste und setzen Sie das Messger\u00e4t in der N\u00e4he der Pflanze in den Boden. Die Digitalanzeige des Messger\u00e4ts wird einen Wert zwischen 1,0 (sehr trocken) und 9,9 (sehr nass) zeigen.<\/p>\n<div class=\"lRu31\" dir=\"ltr\"><span class=\"HwtZe\" lang=\"de\"><span class=\"jCAhz ChMk0b\"><span class=\"ryNqvb\">Die Angaben auf der Verpackung sind falsch: <strong>Batterien f\u00fcr das Messger\u00e4t sind nicht im Lieferumfang enthalten<\/strong>.<\/span><\/span> <span class=\"jCAhz ChMk0b\"><span class=\"ryNqvb\">Es m\u00fcssen 3 Batterien vom Typ LR44 eingebaut werden, wobei der + Pol nach oben sichtbar sein muss.<\/span><\/span><\/span><\/div>\n<p>Das Messger\u00e4t wird auch mit einem speziellen Reinigungspad geliefert, das zwischen den einzelnen Tests verwendet werden kann.<\/p>\n<h2><strong>Lusterleaf Rapitest 1825 Digitales Feuchtemesser<\/strong><\/h2>\n<p>Dieses schlaue, aktualisierte Design bietet ein sofortiges und leicht lesbares digitales Format. Es pr\u00fcft die Bodenfeuchtigkeit dort, wo sie z\u00e4hlt: auf der Wurzelebene. Die \u00dcberwachung des Bodenfeuchtigkeitsgrades einer Pflanze hilft, \u00dcber- und \/ oder Unterbew\u00e4sserung zu verhindern. Die Zahlen von 1,0 bis 9,9 bedeuten zunehmende N\u00e4sse und Pflanzen k\u00f6nnen beide Extremit\u00e4ten nicht lange tolerieren. Der optimale Feuchtigkeitsgehalt Ihrer Pflanzen ist in der mitgelieferten Anlagenliste (amerikanische Namen) in alphabetischer Reihenfolge aufgef\u00fchrt. Ein Wert zwischen 4,0 und 7,0 ist f\u00fcr die meisten Pflanzen in Ordnung.<\/p>\n<div class=\"lRu31\" dir=\"ltr\"><span class=\"HwtZe\" lang=\"de\"><span class=\"jCAhz ChMk0b\"><span class=\"ryNqvb\">Die Angaben auf der Verpackung sind falsch: <strong>Batterien f\u00fcr das Messger\u00e4t sind nicht im Lieferumfang enthalten<\/strong>.<\/span><\/span> <span class=\"jCAhz ChMk0b\"><span class=\"ryNqvb\">Es m\u00fcssen 3 Batterien vom Typ LR44 eingebaut werden, wobei der + Pol nach oben sichtbar sein muss.<\/span><\/span><\/span><\/div>\n<p>Lesen Sie auf <a href=\"https:\/\/www.plantcaretools.com\/de\/bodenfeuchte-messen\/\">dieser Seite<\/a> mehr \u00fcber die Messung der Bodenfeuchtigkeit f\u00fcr Zimmerpflanzen und sehen Sie sich auf <a href=\"https:\/\/www.plantcaretools.com\/de\/pflanzen-wasser-geben-faq\/\">dieser Seite<\/a> die am h\u00e4ufigsten gestellten Fragen zur Pflanzenbew\u00e4sserung an.<\/p>\n","protected":false},"excerpt":{"rendered":"<h2><strong>Rapitest 1825 Digitales Feuchtemesser<\/strong><\/h2>\n<p>Mit diesem digitalen Feuchtemessger\u00e4t k\u00f6nnen Sie den Feuchtigkeitsgehalt des Bodens schnell und einfach messen. Dr\u00fccken Sie die Taste und setzen Sie das Messger\u00e4t in der N\u00e4he der Pflanze in den Boden. Die Digitalanzeige des Messger\u00e4ts wird einen Wert zwischen 1,0 (sehr trocken) und 9,9 (sehr nass) zeigen.<\/p>\n<div class=\"lRu31\" dir=\"ltr\">\n<div id=\"ow19\">\n<div class=\"lRu31\" dir=\"ltr\">\n<p><span class=\"HwtZe\" lang=\"de\"><span class=\"jCAhz ChMk0b\"><span class=\"ryNqvb\">Die Angaben auf der Verpackung sind falsch: <strong>Batterien f\u00fcr das Messger\u00e4t sind nicht im Lieferumfang enthalten<\/strong>.<\/span><\/span> <span class=\"jCAhz ChMk0b\"><span class=\"ryNqvb\">Es m\u00fcssen 3 Batterien vom Typ LR44 eingebaut werden, wobei der + Pol nach oben sichtbar sein muss.<\/span><\/span><\/span><\/p>\n<div class=\"OvtS8d\"><\/div>\n<div id=\"ow19\"><\/div>\n<\/div>\n<div class=\"UdTY9 WdefRb\" aria-hidden=\"true\" data-location=\"2\"><\/div>\n<\/div>\n<\/div>\n<div class=\"UdTY9 WdefRb\" aria-hidden=\"true\" data-location=\"2\"><\/div>\n<p>&nbsp;<\/p>\n","protected":false},"featured_media":5016,"comment_status":"open","ping_status":"closed","template":"","meta":{"_acf_changed":false},"product_brand":[],"product_cat":[116],"product_tag":[],"class_list":{"0":"post-7922","1":"product","2":"type-product","3":"status-publish","4":"has-post-thumbnail","6":"product_cat-messgerate","8":"first","9":"instock","10":"taxable","11":"shipping-taxable","12":"purchasable","13":"product-type-simple"},"acf":[],"yoast_head":"<!-- This site is optimized with the Yoast SEO Premium plugin v26.1 (Yoast SEO v27.3) - https:\/\/yoast.com\/product\/yoast-seo-premium-wordpress\/ -->\n<title>Digitales Feuchtemesser - Plant Care Tools<\/title>\n<meta name=\"description\" content=\"Dieses digitales Feuchtemesser wurde f\u00fcr Testmessungen entwickelt. Dr\u00fccken Sie die Taste und stecken Sie die Sonde in Ihre Topfpflanze.\" \/>\n<meta name=\"robots\" content=\"index, follow, max-snippet:-1, max-image-preview:large, max-video-preview:-1\" \/>\n<link rel=\"canonical\" href=\"https:\/\/www.plantcaretools.com\/de\/produkt\/messgerate\/digitales-feuchtemesser\/\" \/>\n<script type=\"application\/ld+json\" class=\"yoast-schema-graph\">{\"@context\":\"https:\\\/\\\/schema.org\",\"@graph\":[{\"@type\":\"BreadcrumbList\",\"@id\":\"https:\\\/\\\/www.plantcaretools.com\\\/de\\\/produkt\\\/messgerate\\\/digitales-feuchtemesser\\\/#breadcrumb\",\"itemListElement\":[{\"@type\":\"ListItem\",\"position\":1,\"name\":\"Home\",\"item\":\"https:\\\/\\\/www.plantcaretools.com\\\/de\\\/\"},{\"@type\":\"ListItem\",\"position\":2,\"name\":\"Produkte\",\"item\":\"https:\\\/\\\/www.plantcaretools.com\\\/de\\\/produkte\\\/\"},{\"@type\":\"ListItem\",\"position\":3,\"name\":\"Digitales Feuchtemesser\"}]}]}<\/script>\n<!-- \/ Yoast SEO Premium plugin. -->","yoast_head_json":{"title":"Digitales Feuchtemesser - Plant Care Tools","description":"Dieses digitales Feuchtemesser wurde f\u00fcr Testmessungen entwickelt. Dr\u00fccken Sie die Taste und stecken Sie die Sonde in Ihre Topfpflanze.","robots":{"index":"index","follow":"follow","max-snippet":"max-snippet:-1","max-image-preview":"max-image-preview:large","max-video-preview":"max-video-preview:-1"},"canonical":"https:\/\/www.plantcaretools.com\/de\/produkt\/messgerate\/digitales-feuchtemesser\/","schema":{"@context":"https:\/\/schema.org","@graph":[{"@type":"BreadcrumbList","@id":"https:\/\/www.plantcaretools.com\/de\/produkt\/messgerate\/digitales-feuchtemesser\/#breadcrumb","itemListElement":[{"@type":"ListItem","position":1,"name":"Home","item":"https:\/\/www.plantcaretools.com\/de\/"},{"@type":"ListItem","position":2,"name":"Produkte","item":"https:\/\/www.plantcaretools.com\/de\/produkte\/"},{"@type":"ListItem","position":3,"name":"Digitales Feuchtemesser"}]}]}},"jetpack_sharing_enabled":true,"_links":{"self":[{"href":"https:\/\/www.plantcaretools.com\/de\/wp-json\/wp\/v2\/product\/7922","targetHints":{"allow":["GET"]}}],"collection":[{"href":"https:\/\/www.plantcaretools.com\/de\/wp-json\/wp\/v2\/product"}],"about":[{"href":"https:\/\/www.plantcaretools.com\/de\/wp-json\/wp\/v2\/types\/product"}],"replies":[{"embeddable":true,"href":"https:\/\/www.plantcaretools.com\/de\/wp-json\/wp\/v2\/comments?post=7922"}],"wp:featuredmedia":[{"embeddable":true,"href":"https:\/\/www.plantcaretools.com\/de\/wp-json\/wp\/v2\/media\/5016"}],"wp:attachment":[{"href":"https:\/\/www.plantcaretools.com\/de\/wp-json\/wp\/v2\/media?parent=7922"}],"wp:term":[{"taxonomy":"product_brand","embeddable":true,"href":"https:\/\/www.plantcaretools.com\/de\/wp-json\/wp\/v2\/product_brand?post=7922"},{"taxonomy":"product_cat","embeddable":true,"href":"https:\/\/www.plantcaretools.com\/de\/wp-json\/wp\/v2\/product_cat?post=7922"},{"taxonomy":"product_tag","embeddable":true,"href":"https:\/\/www.plantcaretools.com\/de\/wp-json\/wp\/v2\/product_tag?post=7922"}],"curies":[{"name":"wp","href":"https:\/\/api.w.org\/{rel}","templated":true}]}}