{"id":7939,"date":"2019-03-17T17:32:51","date_gmt":"2019-03-17T16:32:51","guid":{"rendered":"https:\/\/www.plantcaretools.com\/unkategorisiert\/digitales-boden-ph-messgeraet\/"},"modified":"2026-03-31T18:16:59","modified_gmt":"2026-03-31T16:16:59","slug":"digitales-boden-ph-messgeraet","status":"publish","type":"product","link":"https:\/\/www.plantcaretools.com\/de\/produkt\/messgerate\/digitales-boden-ph-messgeraet\/","title":{"rendered":"Digitales Boden-pH-Messger\u00e4t"},"content":{"rendered":"<h2><strong>Rapitest 1845 Digitales Boden-pH-Messger\u00e4t<\/strong><\/h2>\n<p>Dieses Boden-pH-Messger\u00e4t dient zur schnellen und einfachen Messung des pH-Werts von Garten- und Blumenerde und gibt ein digitales Ergebnis.. Mit diesem digitales Messger\u00e4t k\u00f6nnen Sie schnell und einfach den S\u00e4uregrad vom Boden messen. Dr\u00fccken Sie die Taste und stecken Sie das Sonde in die feuchte Erde in der N\u00e4he der Pflanze. Die Digitalanzeige des Messger\u00e4ts zeigt einen Wert zwischen 3,5 und 9,0.<\/p>\n<div class=\"lRu31\" dir=\"ltr\"><span class=\"HwtZe\" lang=\"de\"><span class=\"jCAhz ChMk0b\"><span class=\"ryNqvb\">Die Angaben auf der Verpackung sind falsch: <strong>Batterien f\u00fcr das Messger\u00e4t sind nicht im Lieferumfang enthalten<\/strong>.<\/span><\/span> <span class=\"jCAhz ChMk0b\"><span class=\"ryNqvb\">Es m\u00fcssen 3 Batterien vom Typ LR44 eingebaut werden, wobei der + Pol nach oben sichtbar sein muss.<\/span><\/span><\/span><\/div>\n<h2><strong>Lusterleaf Rapitest 1845 pH-Messger\u00e4t mit Digitalanzeige f\u00fcr Boden und Fl\u00e4chen<\/strong><\/h2>\n<p>Pflanzen ben\u00f6tigen den richtigen S\u00e4uregehalt (pH- Wert) des Bodens, um die im Boden vorhandenen N\u00e4hrstoffe richtig aufnehmen zu k\u00f6nnen. Dieses Messger\u00e4t zeigt sofort den pH- Wert des Bodens digital an. Jede Pflanze hat einen anderen idealen pH- Wert. Daher ist es wichtig zu wissen, ob der pH- Wert des Bodens davon abweicht um den pH- Wert des Bodens m\u00f6glicherweise anzupassen (zu senken oder zu erh\u00f6hen). Die Gebrauchsanweisung enth\u00e4lt eine Liste mit dem idealen pH- Wert von mehr als 400 Pflanzen (auf englisch). Sie k\u00f6nnen auch einfach den idealen pH- Wert von Pflanzen im Internet finden. Nicht nur f\u00fcr die Verwendung im Freien, sondern auch f\u00fcr Topfpflanzen (und Zimmerpflanzen)<\/p>\n<p>Haben Sie Fragen zur pH-Messung? Auf <a href=\"https:\/\/www.plantcaretools.com\/de\/sauregrad-messen-boden\/\">dieser Seite<\/a> finden Sie alle Informationen zur Messung des S\u00e4uregehalts im Boden.<\/p>\n<p>&nbsp;<\/p>\n","protected":false},"excerpt":{"rendered":"<h2><strong>Rapitest 1845 Digitales Boden-pH-Messger\u00e4t<\/strong><\/h2>\n<p>Mit diesem digitalen pH-Messer k\u00f6nnen Sie schnell und einfach den S\u00e4uregrad vom Boden messen. Dr\u00fccken Sie die Taste und stecken Sie das Sonde in die feuchte Erde in der N\u00e4he der Pflanze. Die Digitalanzeige des Messger\u00e4ts zeigt einen Wert zwischen 3,5 und 9,0.<\/p>\n<div class=\"lRu31\" dir=\"ltr\"><span class=\"HwtZe\" lang=\"de\"><span class=\"jCAhz ChMk0b\"><span class=\"ryNqvb\">Die Angaben auf der Verpackung sind falsch: <strong>Batterien f\u00fcr das Messger\u00e4t sind nicht im Lieferumfang enthalte<\/strong>n.<\/span><\/span> <span class=\"jCAhz ChMk0b\"><span class=\"ryNqvb\">Es m\u00fcssen 3 Batterien vom Typ LR44 eingebaut werden, wobei der + Pol nach oben sichtbar sein muss.<\/span><\/span><\/span><\/p>\n<div class=\"OvtS8d\"><\/div>\n<div id=\"ow19\"><\/div>\n<\/div>\n<div class=\"UdTY9 WdefRb\" aria-hidden=\"true\" data-location=\"2\"><\/div>\n","protected":false},"featured_media":4464,"comment_status":"open","ping_status":"closed","template":"","meta":{"_acf_changed":false},"product_brand":[],"product_cat":[116],"product_tag":[],"class_list":{"0":"post-7939","1":"product","2":"type-product","3":"status-publish","4":"has-post-thumbnail","6":"product_cat-messgerate","8":"first","9":"instock","10":"taxable","11":"shipping-taxable","12":"purchasable","13":"product-type-simple"},"acf":[],"yoast_head":"<!-- This site is optimized with the Yoast SEO Premium plugin v26.1 (Yoast SEO v27.3) - https:\/\/yoast.com\/product\/yoast-seo-premium-wordpress\/ -->\n<title>Digitales Boden-pH-Messger\u00e4t - Plant Care Tools<\/title>\n<meta name=\"description\" content=\"Dieses Boden-pH-Messger\u00e4t dient zur schnellen und einfachen Messung des pH-Werts von Garten- und Blumenerde und gibt ein digitales Ergebnis.\" \/>\n<meta name=\"robots\" content=\"index, follow, max-snippet:-1, max-image-preview:large, max-video-preview:-1\" \/>\n<link rel=\"canonical\" href=\"https:\/\/www.plantcaretools.com\/de\/produkt\/messgerate\/digitales-boden-ph-messgeraet\/\" \/>\n<script type=\"application\/ld+json\" class=\"yoast-schema-graph\">{\"@context\":\"https:\\\/\\\/schema.org\",\"@graph\":[{\"@type\":\"BreadcrumbList\",\"@id\":\"https:\\\/\\\/www.plantcaretools.com\\\/de\\\/produkt\\\/messgerate\\\/digitales-boden-ph-messgeraet\\\/#breadcrumb\",\"itemListElement\":[{\"@type\":\"ListItem\",\"position\":1,\"name\":\"Home\",\"item\":\"https:\\\/\\\/www.plantcaretools.com\\\/de\\\/\"},{\"@type\":\"ListItem\",\"position\":2,\"name\":\"Produkte\",\"item\":\"https:\\\/\\\/www.plantcaretools.com\\\/de\\\/produkte\\\/\"},{\"@type\":\"ListItem\",\"position\":3,\"name\":\"Digitales Boden-pH-Messger\u00e4t\"}]}]}<\/script>\n<!-- \/ Yoast SEO Premium plugin. -->","yoast_head_json":{"title":"Digitales Boden-pH-Messger\u00e4t - Plant Care Tools","description":"Dieses Boden-pH-Messger\u00e4t dient zur schnellen und einfachen Messung des pH-Werts von Garten- und Blumenerde und gibt ein digitales Ergebnis.","robots":{"index":"index","follow":"follow","max-snippet":"max-snippet:-1","max-image-preview":"max-image-preview:large","max-video-preview":"max-video-preview:-1"},"canonical":"https:\/\/www.plantcaretools.com\/de\/produkt\/messgerate\/digitales-boden-ph-messgeraet\/","schema":{"@context":"https:\/\/schema.org","@graph":[{"@type":"BreadcrumbList","@id":"https:\/\/www.plantcaretools.com\/de\/produkt\/messgerate\/digitales-boden-ph-messgeraet\/#breadcrumb","itemListElement":[{"@type":"ListItem","position":1,"name":"Home","item":"https:\/\/www.plantcaretools.com\/de\/"},{"@type":"ListItem","position":2,"name":"Produkte","item":"https:\/\/www.plantcaretools.com\/de\/produkte\/"},{"@type":"ListItem","position":3,"name":"Digitales Boden-pH-Messger\u00e4t"}]}]}},"jetpack_sharing_enabled":true,"_links":{"self":[{"href":"https:\/\/www.plantcaretools.com\/de\/wp-json\/wp\/v2\/product\/7939","targetHints":{"allow":["GET"]}}],"collection":[{"href":"https:\/\/www.plantcaretools.com\/de\/wp-json\/wp\/v2\/product"}],"about":[{"href":"https:\/\/www.plantcaretools.com\/de\/wp-json\/wp\/v2\/types\/product"}],"replies":[{"embeddable":true,"href":"https:\/\/www.plantcaretools.com\/de\/wp-json\/wp\/v2\/comments?post=7939"}],"wp:featuredmedia":[{"embeddable":true,"href":"https:\/\/www.plantcaretools.com\/de\/wp-json\/wp\/v2\/media\/4464"}],"wp:attachment":[{"href":"https:\/\/www.plantcaretools.com\/de\/wp-json\/wp\/v2\/media?parent=7939"}],"wp:term":[{"taxonomy":"product_brand","embeddable":true,"href":"https:\/\/www.plantcaretools.com\/de\/wp-json\/wp\/v2\/product_brand?post=7939"},{"taxonomy":"product_cat","embeddable":true,"href":"https:\/\/www.plantcaretools.com\/de\/wp-json\/wp\/v2\/product_cat?post=7939"},{"taxonomy":"product_tag","embeddable":true,"href":"https:\/\/www.plantcaretools.com\/de\/wp-json\/wp\/v2\/product_tag?post=7939"}],"curies":[{"name":"wp","href":"https:\/\/api.w.org\/{rel}","templated":true}]}}