{"id":8032,"date":"2020-04-15T16:50:15","date_gmt":"2020-04-15T14:50:15","guid":{"rendered":"https:\/\/www.plantcaretools.com\/unkategorisiert\/bodenfeuchtemesser-pro\/"},"modified":"2026-03-16T15:13:21","modified_gmt":"2026-03-16T14:13:21","slug":"bodenfeuchtemesser-pro","status":"publish","type":"product","link":"https:\/\/www.plantcaretools.com\/de\/produkt\/messgerate\/bodenfeuchtemesser-pro\/","title":{"rendered":"Bodenfeuchtemesser Pro"},"content":{"rendered":"<h2>Bodenfeuchtemesser PRO &#8211; mit Langer Sonde (28 cm) &#8211; Digitalanzeige<\/h2>\n<p>Das Bodenfeuchtemesser PRO dient zur sofortigen Messung des Feuchtigkeitsgehalts des Bodens. Das Messger\u00e4t ist sehr genau und wird mit einer langen 28 cm langen Sonde geliefert. Dieses professionelle Messger\u00e4t zeigt den Feuchtigkeitsgehalt des Bodens Ihrer Topfpflanze, Ihres Gartens, Ihres Rasens oder Ihres Gew\u00e4chshauses an.<\/p>\n<p><strong>Eigenschaften des Messger\u00e4ts:<\/strong><\/p>\n<ul>\n<li>Das Bodenfeuchtemesser PRO ist tragbar, kompakt, einfach zu bedienen und die Messwerte f\u00fcr die Feuchtigkeitsmessung sind genau und sofort.<\/li>\n<li>Das Messger\u00e4t hat eine Digitalanzeige mit Hintergrundbeleuchtung.<\/li>\n<li>Indem Sie den Bodenfeuchtigkeitswert \u00fcberwachen vermeiden Sie sowohl Unterwasserung als auch \u00dcberwasserung.<\/li>\n<li>Das Feuchtigkeitsmessger\u00e4t arbeitet nach dem Prinzip der Elektrolyse, fachlich auch EC &#8211; Messger\u00e4t genannt und verf\u00fcgt \u00fcber eine automatische Temperaturkompensation.<\/li>\n<li>Auto ausschalten nach 5 Minuten um Energie zu sparen.<\/li>\n<li>Datenhaltefunktion und Funktion sind zu kalibrieren.<\/li>\n<li>Messger\u00e4t warnt bei niedrigem Batteriestand.<\/li>\n<li>Praktische Tragetasche enthalten um das Messger\u00e4t zu speichern.<\/li>\n<li>Messbereich: 0 &#8211; 50 % Feuchtigkeitsgehalt des Bodens.<\/li>\n<li>Geliefert mit einer Langen Sonde (28 cm \/ 280 mm).<\/li>\n<li>Power Versorgung: 4 x 1,5 AAA (Batterien nicht enthalten).<\/li>\n<li>Mit deutscher Bedienungsanleitung (auch zum Herunterladen auf unserer Website verf\u00fcgbar)<\/li>\n<\/ul>\n<p><strong>Lesen Sie auf <a href=\"https:\/\/www.plantcaretools.com\/de\/bodenfeuchte-messen\/\">dieser Seite<\/a> mehr \u00fcber die Messung der Bodenfeuchtigkeit f\u00fcr Zimmerpflanzen. Auf <a href=\"https:\/\/www.plantcaretools.com\/de\/pflanzen-wasser-geben-faq\/\">dieser Seite<\/a> k\u00f6nnen Sie auch die am h\u00e4ufigsten gestellten Fragen zur Pflanzenbew\u00e4sserung ansehen.<\/strong><\/p>\n","protected":false},"excerpt":{"rendered":"<h2>Das Bodenfeuchtemesser PRO dient zur sofortigen Messung des Feuchtigkeitsgehalts des Bodens.<\/h2>\n<p>Sehr genau und mit einer langen Sonde (28 cm). Es misst die Wassermenge im Boden Ihrer Topfpflanze, Ihres Gartens, Ihres Rasens oder Ihres Gew\u00e4chshauses.<\/p>\n","protected":false},"featured_media":4792,"comment_status":"open","ping_status":"closed","template":"","meta":{"_acf_changed":false},"product_brand":[],"product_cat":[128,116,124,148],"product_tag":[],"class_list":{"0":"post-8032","1":"product","2":"type-product","3":"status-publish","4":"has-post-thumbnail","6":"product_cat-feuchtigkeitsgehalt-messen","7":"product_cat-messgerate","8":"product_cat-plantcaretools-produkte","9":"product_cat-professionelle-anwender","11":"first","12":"instock","13":"taxable","14":"shipping-taxable","15":"purchasable","16":"product-type-simple"},"acf":[],"yoast_head":"<!-- This site is optimized with the Yoast SEO Premium plugin v26.1 (Yoast SEO v27.3) - https:\/\/yoast.com\/product\/yoast-seo-premium-wordpress\/ -->\n<title>Bodenfeuchtemesser Pro - Langer Sonde(28cm) - Plant Care Tools<\/title>\n<meta name=\"description\" content=\"Mit dem Bodenfeuchtemesser PRO wird der feuchtigkeitsgehalt des Bodens sofort gemessen. F\u00fcr Topfpflanzen, Garten, Rasen oder Gew\u00e4chshaus.\" \/>\n<meta name=\"robots\" content=\"index, follow, max-snippet:-1, max-image-preview:large, max-video-preview:-1\" \/>\n<link rel=\"canonical\" href=\"https:\/\/www.plantcaretools.com\/de\/produkt\/messgerate\/bodenfeuchtemesser-pro\/\" \/>\n<script type=\"application\/ld+json\" class=\"yoast-schema-graph\">{\"@context\":\"https:\\\/\\\/schema.org\",\"@graph\":[{\"@type\":\"BreadcrumbList\",\"@id\":\"https:\\\/\\\/www.plantcaretools.com\\\/de\\\/produkt\\\/messgerate\\\/bodenfeuchtemesser-pro\\\/#breadcrumb\",\"itemListElement\":[{\"@type\":\"ListItem\",\"position\":1,\"name\":\"Home\",\"item\":\"https:\\\/\\\/www.plantcaretools.com\\\/de\\\/\"},{\"@type\":\"ListItem\",\"position\":2,\"name\":\"Produkte\",\"item\":\"https:\\\/\\\/www.plantcaretools.com\\\/de\\\/produkte\\\/\"},{\"@type\":\"ListItem\",\"position\":3,\"name\":\"Bodenfeuchtemesser Pro\"}]}]}<\/script>\n<!-- \/ Yoast SEO Premium plugin. -->","yoast_head_json":{"title":"Bodenfeuchtemesser Pro - Langer Sonde(28cm) - Plant Care Tools","description":"Mit dem Bodenfeuchtemesser PRO wird der feuchtigkeitsgehalt des Bodens sofort gemessen. F\u00fcr Topfpflanzen, Garten, Rasen oder Gew\u00e4chshaus.","robots":{"index":"index","follow":"follow","max-snippet":"max-snippet:-1","max-image-preview":"max-image-preview:large","max-video-preview":"max-video-preview:-1"},"canonical":"https:\/\/www.plantcaretools.com\/de\/produkt\/messgerate\/bodenfeuchtemesser-pro\/","schema":{"@context":"https:\/\/schema.org","@graph":[{"@type":"BreadcrumbList","@id":"https:\/\/www.plantcaretools.com\/de\/produkt\/messgerate\/bodenfeuchtemesser-pro\/#breadcrumb","itemListElement":[{"@type":"ListItem","position":1,"name":"Home","item":"https:\/\/www.plantcaretools.com\/de\/"},{"@type":"ListItem","position":2,"name":"Produkte","item":"https:\/\/www.plantcaretools.com\/de\/produkte\/"},{"@type":"ListItem","position":3,"name":"Bodenfeuchtemesser Pro"}]}]}},"jetpack_sharing_enabled":true,"_links":{"self":[{"href":"https:\/\/www.plantcaretools.com\/de\/wp-json\/wp\/v2\/product\/8032","targetHints":{"allow":["GET"]}}],"collection":[{"href":"https:\/\/www.plantcaretools.com\/de\/wp-json\/wp\/v2\/product"}],"about":[{"href":"https:\/\/www.plantcaretools.com\/de\/wp-json\/wp\/v2\/types\/product"}],"replies":[{"embeddable":true,"href":"https:\/\/www.plantcaretools.com\/de\/wp-json\/wp\/v2\/comments?post=8032"}],"wp:featuredmedia":[{"embeddable":true,"href":"https:\/\/www.plantcaretools.com\/de\/wp-json\/wp\/v2\/media\/4792"}],"wp:attachment":[{"href":"https:\/\/www.plantcaretools.com\/de\/wp-json\/wp\/v2\/media?parent=8032"}],"wp:term":[{"taxonomy":"product_brand","embeddable":true,"href":"https:\/\/www.plantcaretools.com\/de\/wp-json\/wp\/v2\/product_brand?post=8032"},{"taxonomy":"product_cat","embeddable":true,"href":"https:\/\/www.plantcaretools.com\/de\/wp-json\/wp\/v2\/product_cat?post=8032"},{"taxonomy":"product_tag","embeddable":true,"href":"https:\/\/www.plantcaretools.com\/de\/wp-json\/wp\/v2\/product_tag?post=8032"}],"curies":[{"name":"wp","href":"https:\/\/api.w.org\/{rel}","templated":true}]}}