{"id":8061,"date":"2020-05-18T08:52:30","date_gmt":"2020-05-18T06:52:30","guid":{"rendered":"https:\/\/www.plantcaretools.com\/unkategorisiert\/bodenfeuchtesensor-mit-alarm\/"},"modified":"2025-07-18T07:48:20","modified_gmt":"2025-07-18T05:48:20","slug":"bodenfeuchtesensor-mit-alarm","status":"publish","type":"product","link":"https:\/\/www.plantcaretools.com\/de\/produkt\/messgerate\/bodenfeuchtesensor-mit-alarm\/","title":{"rendered":"Bodenfeuchtesensor mit Alarm"},"content":{"rendered":"<h2>Beschreibung<\/h2>\n<p>Dieser Bodenfeuchtesensor mit Alarm ist ein \u201cBew\u00e4sserungsalarm\u201c f\u00fcr Pflanzen. Der Bew\u00e4sserungssensor ist sehr einfach zu bedienen. Sie platzieren nur den Sensor in der N\u00e4he einer Pflanze im Boden und er gibt ein Zwitschern (das Ger\u00e4usch einer Grille), wenn der Boden trocken ist, und erinnert Sie daran, die Pflanze zu gie\u00dfen. Der Sensor verwendet eine kapazitive Feuchtigkeitserkennung. Diese Technologie f\u00fchrt zu hoher Genauigkeit und langer Akkulaufzeit. Der Sensor gibt bei Dunkelheit kein Ger\u00e4usch von sich, um n\u00e4chtliche Reizungen zu vermeiden.<\/p>\n<p><strong>\u20ac 4,90. Ab 6 St\u00fcck 10% Rabatt! (\u20ac 4,41).<\/strong><\/p>\n<h2>Eigenschaften Bodenfeuchtesensor mit Alarm<\/h2>\n<p>-Nur f\u00fcr den Innenbereich geeignet.<br \/>\n-Pflanzenbew\u00e4sserungsalarmsensor. Er gibt ein Zwitschern (das Ger\u00e4usch einer Grille), wenn der Boden trocken ist, und erinnert Sie daran, die Pflanze zu gie\u00dfen.<br \/>\n-Je mehr Wasser verdunstet, desto h\u00f6her ist die Alarmrate.<br \/>\n-Der Sensor macht bei Dunkelheit keine Ger\u00e4usche.<br \/>\n-3 V CR 2032 Lithium Knopfzellenbatterie ist im Lieferumfang enthalten (h\u00e4lt bis zu 1 Jahr).<br \/>\n-Der Sensor verwendet eine kapazitive Feuchtigkeitserkennung zur Messung der Feuchtigkeit (sehr genau).<br \/>\n-Die Alarmstufe kann f\u00fcr jede Pflanze einzeln eingestellt werden.<\/p>\n<p>Lesen Sie auf <a href=\"https:\/\/www.plantcaretools.com\/de\/nahrstoffe-messen-boden\/\">dieser Seite<\/a> mehr \u00fcber die Messung der Bodenfeuchtigkeit f\u00fcr Zimmerpflanzen und sehen Sie sich auf <a href=\"https:\/\/www.plantcaretools.com\/de\/dungung-von-pflanzen-messen-faq\/\">dieser Seite<\/a> die am h\u00e4ufigsten gestellten Fragen zur Pflanzenbew\u00e4sserung an.<\/p>\n","protected":false},"excerpt":{"rendered":"<p>Dieser Feuchtigkeitssensor ist ein \u201cBew\u00e4sserungsalarm\u201c f\u00fcr Pflanzen. Sie platzieren den Sensor in der N\u00e4he einer Pflanze im Boden und er gibt ein Zwitschern (das Ger\u00e4usch einer Grille), wenn der Boden trocken ist, und erinnert Sie daran, die Pflanze zu gie\u00dfen. Der Sensor verwendet eine kapazitive Feuchtigkeitserkennung. Diese Technologie f\u00fchrt zu hoher Genauigkeit und langer Akkulaufzeit. Der Sensor gibt bei Dunkelheit kein Ger\u00e4usch von sich, um n\u00e4chtliche Reizungen zu vermeiden.<\/p>\n<h3><span style=\"color: red;\"><strong>\u20ac 4,90. Ab 6 St\u00fcck 10% Rabatt! (\u20ac 4,41).<\/strong><\/span><\/h3>\n","protected":false},"featured_media":4440,"comment_status":"open","ping_status":"closed","template":"","meta":{"_acf_changed":false},"product_brand":[],"product_cat":[116],"product_tag":[],"class_list":{"0":"post-8061","1":"product","2":"type-product","3":"status-publish","4":"has-post-thumbnail","6":"product_cat-messgerate","8":"first","9":"outofstock","10":"taxable","11":"shipping-taxable","12":"purchasable","13":"product-type-simple"},"acf":[],"yoast_head":"<!-- This site is optimized with the Yoast SEO Premium plugin v26.1 (Yoast SEO v27.3) - https:\/\/yoast.com\/product\/yoast-seo-premium-wordpress\/ -->\n<title>Bodenfeuchtesensor mit Alarm - Plant Care Tools<\/title>\n<meta name=\"description\" content=\"Dieser Bodenfeuchtesensor mit Alarm wird in der N\u00e4he einer Pflanze eingebrachtund zwitschert, wenn der Boden trocken ist. Nicht nachts!\" \/>\n<meta name=\"robots\" content=\"index, follow, max-snippet:-1, max-image-preview:large, max-video-preview:-1\" \/>\n<link rel=\"canonical\" href=\"https:\/\/www.plantcaretools.com\/de\/produkt\/messgerate\/bodenfeuchtesensor-mit-alarm\/\" \/>\n<script type=\"application\/ld+json\" class=\"yoast-schema-graph\">{\"@context\":\"https:\\\/\\\/schema.org\",\"@graph\":[{\"@type\":\"BreadcrumbList\",\"@id\":\"https:\\\/\\\/www.plantcaretools.com\\\/de\\\/produkt\\\/messgerate\\\/bodenfeuchtesensor-mit-alarm\\\/#breadcrumb\",\"itemListElement\":[{\"@type\":\"ListItem\",\"position\":1,\"name\":\"Home\",\"item\":\"https:\\\/\\\/www.plantcaretools.com\\\/de\\\/\"},{\"@type\":\"ListItem\",\"position\":2,\"name\":\"Produkte\",\"item\":\"https:\\\/\\\/www.plantcaretools.com\\\/de\\\/produkte\\\/\"},{\"@type\":\"ListItem\",\"position\":3,\"name\":\"Bodenfeuchtesensor mit Alarm\"}]}]}<\/script>\n<!-- \/ Yoast SEO Premium plugin. -->","yoast_head_json":{"title":"Bodenfeuchtesensor mit Alarm - Plant Care Tools","description":"Dieser Bodenfeuchtesensor mit Alarm wird in der N\u00e4he einer Pflanze eingebrachtund zwitschert, wenn der Boden trocken ist. Nicht nachts!","robots":{"index":"index","follow":"follow","max-snippet":"max-snippet:-1","max-image-preview":"max-image-preview:large","max-video-preview":"max-video-preview:-1"},"canonical":"https:\/\/www.plantcaretools.com\/de\/produkt\/messgerate\/bodenfeuchtesensor-mit-alarm\/","schema":{"@context":"https:\/\/schema.org","@graph":[{"@type":"BreadcrumbList","@id":"https:\/\/www.plantcaretools.com\/de\/produkt\/messgerate\/bodenfeuchtesensor-mit-alarm\/#breadcrumb","itemListElement":[{"@type":"ListItem","position":1,"name":"Home","item":"https:\/\/www.plantcaretools.com\/de\/"},{"@type":"ListItem","position":2,"name":"Produkte","item":"https:\/\/www.plantcaretools.com\/de\/produkte\/"},{"@type":"ListItem","position":3,"name":"Bodenfeuchtesensor mit Alarm"}]}]}},"jetpack_sharing_enabled":true,"_links":{"self":[{"href":"https:\/\/www.plantcaretools.com\/de\/wp-json\/wp\/v2\/product\/8061","targetHints":{"allow":["GET"]}}],"collection":[{"href":"https:\/\/www.plantcaretools.com\/de\/wp-json\/wp\/v2\/product"}],"about":[{"href":"https:\/\/www.plantcaretools.com\/de\/wp-json\/wp\/v2\/types\/product"}],"replies":[{"embeddable":true,"href":"https:\/\/www.plantcaretools.com\/de\/wp-json\/wp\/v2\/comments?post=8061"}],"wp:featuredmedia":[{"embeddable":true,"href":"https:\/\/www.plantcaretools.com\/de\/wp-json\/wp\/v2\/media\/4440"}],"wp:attachment":[{"href":"https:\/\/www.plantcaretools.com\/de\/wp-json\/wp\/v2\/media?parent=8061"}],"wp:term":[{"taxonomy":"product_brand","embeddable":true,"href":"https:\/\/www.plantcaretools.com\/de\/wp-json\/wp\/v2\/product_brand?post=8061"},{"taxonomy":"product_cat","embeddable":true,"href":"https:\/\/www.plantcaretools.com\/de\/wp-json\/wp\/v2\/product_cat?post=8061"},{"taxonomy":"product_tag","embeddable":true,"href":"https:\/\/www.plantcaretools.com\/de\/wp-json\/wp\/v2\/product_tag?post=8061"}],"curies":[{"name":"wp","href":"https:\/\/api.w.org\/{rel}","templated":true}]}}