{"id":8102,"date":"2020-06-18T13:08:09","date_gmt":"2020-06-18T11:08:09","guid":{"rendered":"https:\/\/www.plantcaretools.com\/unkategorisiert\/ecowitt-gateway-mit-sensor\/"},"modified":"2025-11-22T12:39:26","modified_gmt":"2025-11-22T11:39:26","slug":"ecowitt-gateway-mit-sensor","status":"publish","type":"product","link":"https:\/\/www.plantcaretools.com\/de\/produkt\/messgerate\/ecowitt-gateway-mit-sensor\/","title":{"rendered":"Bodenfeuchtigkeitsmesser Ecowitt Gateway mit sensor"},"content":{"rendered":"<h2>Bodenfeuchtigkeitsmesser Ecowitt Gateway mit sensor stellt die Messungen (% Bodenfeuchtigkeit) des drahtlosen Ecowitt Sensors (\u00dcbertragung per Funksignal <u>868 Mhz<\/u>) in Ihrem Wifi zur Verf\u00fcgung. Sie k\u00f6nnen die Ergebnisse \u00fcberall auf der Welt lesen und\u00a0<b>Warnungen einstellen mit der APP Ecowitt<\/b>.<\/h2>\n<p>Aktualisiert jede Minute. Der Sensor kann sowohl innen als auch au\u00dfen bis zu einer Entfernung von 100 Metern zwischen dem Gateway und dem Sensor verwendet werden. Das Gateway kann max. 8 Sensoren gleichzeitig verfolgen. Eine E-Mail wird gesendet, wenn der tats\u00e4chliche Wert unter den eingestellten Wert f\u00e4llt. Zus\u00e4tzliche\u00a0<a href=\"https:\/\/www.plantcaretools.com\/de\/product\/ecowitt-bodenfeuchtesensor\/\"><strong>Bodenfeuchtesensoren<\/strong><\/a>\u00a0finden Sie in unserem Webshop.<\/p>\n<p>Das Ecowitt Gateway mit sensor stellt sicher, dass die Messergebnisse (Bodenfeuchtigkeit in%) des Sensors in Ihrem Wifi verf\u00fcgbar sind. Der Bodenfeuchtesensor sendet ein Funksignal <u>(868 Mhz)<\/u> an das Gateway und ben\u00f6tigt keine Wifi Reichweite.<br \/>\n&#8211; Installieren Sie das Gateway in der N\u00e4he Ihres Wifi Routers mit der APP Ecowitt (kostenlos- Das Gateway verf\u00fcgt \u00fcber einen eingebauten Sensor zur Messung von Temperatur, Luftfeuchtigkeit und Luftdruck.<br \/>\n&#8211; Installieren Sie den Bodenfeuchtesensor, um die Daten (drinnen oder drau\u00dfen) in einem Abstand von 100 Metern vom Gateway zu lesen.<br \/>\n&#8211; Das Gateway kann bis zu 8 <a href=\"https:\/\/www.plantcaretools.com\/de\/product\/ecowitt-bodenfeuchtesensor\/\"><strong>Bodenfeuchtesensoren<\/strong><\/a> \u00fcberwachen. Separate Sensoren finden Sie in unserem Webshop.<br \/>\n&#8211; Jetzt k\u00f6nnen Sie alle Daten (Temperatur-, Feuchtigkeits-, Luftdruck- und Bodenfeuchtemessungen) auf der ganzen Welt lesen mit der APP Ecowitt.<br \/>\n&#8211; Dashboard mit Diagrammen und Echtzeitdaten (jede Minute aktualisiert), von \u00fcberall auf der Welt zug\u00e4nglich.<br \/>\n&#8211; <strong>M\u00f6glichkeit, eine Warnung festzulegen und eine E-Mail zu erhalten<\/strong>, wenn der tats\u00e4chliche Wert unter der Alarmstufe liegt (z. B. wenn die Bodenfeuchtigkeit unter 20% liegt).<br \/>\n&#8211; USB Plug-In Adapter mitgeliefert.<br \/>\n&#8211; APP und Konto auf dem Ecowitt Server nur in Englisch.<br \/>\n&#8211; Kommt mit Deutscher Handbuch.<\/p>\n","protected":false},"excerpt":{"rendered":"<h2>Bodenfeuchtigkeitsmesser Ecowitt Gateway mit sensor stellt die Messungen (% Bodenfeuchtigkeit) des drahtlosen Ecowitt Sensors (\u00dcbertragung per Funksignal <u>868 Mhz<\/u>) in Ihrem Wifi zur Verf\u00fcgung. Sie k\u00f6nnen die Ergebnisse \u00fcberall auf der Welt lesen und <b>Warnungen einstellen mit der APP Ecowitt<\/b>.<\/h2>\n<p>Aktualisiert jede Minute. Der Sensor kann sowohl innen als auch au\u00dfen bis zu einer Entfernung von 100 Metern zwischen dem Gateway und dem Sensor verwendet werden. Das Gateway kann max. 8 Sensoren gleichzeitig verfolgen. Eine E-Mail wird gesendet, wenn der tats\u00e4chliche Wert unter den eingestellten Wert f\u00e4llt. Zus\u00e4tzliche <a href=\"https:\/\/www.plantcaretools.com\/de\/product\/ecowitt-bodenfeuchtesensor\/\"><strong>Bodenfeuchtesensoren<\/strong><\/a> finden Sie in unserem Webshop.<\/p>\n","protected":false},"featured_media":17881,"comment_status":"open","ping_status":"closed","template":"","meta":{"_acf_changed":false},"product_brand":[],"product_cat":[128,116,148],"product_tag":[],"class_list":{"0":"post-8102","1":"product","2":"type-product","3":"status-publish","4":"has-post-thumbnail","6":"product_cat-feuchtigkeitsgehalt-messen","7":"product_cat-messgerate","8":"product_cat-professionelle-anwender","10":"first","11":"instock","12":"taxable","13":"shipping-taxable","14":"purchasable","15":"product-type-simple"},"acf":[],"yoast_head":"<!-- This site is optimized with the Yoast SEO Premium plugin v26.1 (Yoast SEO v27.3) - https:\/\/yoast.com\/product\/yoast-seo-premium-wordpress\/ -->\n<title>Ecowitt Gateway mit Sensor - Plant Care Tools<\/title>\n<meta name=\"description\" content=\"Ecowitt Gateway mit sensor stellt die Bodenfeuchtedaten des Ecowitt-Sensors (per Funksignal) in Ihrem Wifi und weltweit zur Verf\u00fcgung!\" \/>\n<meta name=\"robots\" content=\"index, follow, max-snippet:-1, max-image-preview:large, max-video-preview:-1\" \/>\n<link rel=\"canonical\" href=\"https:\/\/www.plantcaretools.com\/de\/produkt\/messgerate\/ecowitt-gateway-mit-sensor\/\" \/>\n<script type=\"application\/ld+json\" class=\"yoast-schema-graph\">{\"@context\":\"https:\\\/\\\/schema.org\",\"@graph\":[{\"@type\":\"BreadcrumbList\",\"@id\":\"https:\\\/\\\/www.plantcaretools.com\\\/de\\\/produkt\\\/messgerate\\\/ecowitt-gateway-mit-sensor\\\/#breadcrumb\",\"itemListElement\":[{\"@type\":\"ListItem\",\"position\":1,\"name\":\"Home\",\"item\":\"https:\\\/\\\/www.plantcaretools.com\\\/de\\\/\"},{\"@type\":\"ListItem\",\"position\":2,\"name\":\"Produkte\",\"item\":\"https:\\\/\\\/www.plantcaretools.com\\\/de\\\/produkte\\\/\"},{\"@type\":\"ListItem\",\"position\":3,\"name\":\"Bodenfeuchtigkeitsmesser Ecowitt Gateway mit sensor\"}]}]}<\/script>\n<!-- \/ Yoast SEO Premium plugin. -->","yoast_head_json":{"title":"Ecowitt Gateway mit Sensor - Plant Care Tools","description":"Ecowitt Gateway mit sensor stellt die Bodenfeuchtedaten des Ecowitt-Sensors (per Funksignal) in Ihrem Wifi und weltweit zur Verf\u00fcgung!","robots":{"index":"index","follow":"follow","max-snippet":"max-snippet:-1","max-image-preview":"max-image-preview:large","max-video-preview":"max-video-preview:-1"},"canonical":"https:\/\/www.plantcaretools.com\/de\/produkt\/messgerate\/ecowitt-gateway-mit-sensor\/","schema":{"@context":"https:\/\/schema.org","@graph":[{"@type":"BreadcrumbList","@id":"https:\/\/www.plantcaretools.com\/de\/produkt\/messgerate\/ecowitt-gateway-mit-sensor\/#breadcrumb","itemListElement":[{"@type":"ListItem","position":1,"name":"Home","item":"https:\/\/www.plantcaretools.com\/de\/"},{"@type":"ListItem","position":2,"name":"Produkte","item":"https:\/\/www.plantcaretools.com\/de\/produkte\/"},{"@type":"ListItem","position":3,"name":"Bodenfeuchtigkeitsmesser Ecowitt Gateway mit sensor"}]}]}},"jetpack_sharing_enabled":true,"_links":{"self":[{"href":"https:\/\/www.plantcaretools.com\/de\/wp-json\/wp\/v2\/product\/8102","targetHints":{"allow":["GET"]}}],"collection":[{"href":"https:\/\/www.plantcaretools.com\/de\/wp-json\/wp\/v2\/product"}],"about":[{"href":"https:\/\/www.plantcaretools.com\/de\/wp-json\/wp\/v2\/types\/product"}],"replies":[{"embeddable":true,"href":"https:\/\/www.plantcaretools.com\/de\/wp-json\/wp\/v2\/comments?post=8102"}],"wp:featuredmedia":[{"embeddable":true,"href":"https:\/\/www.plantcaretools.com\/de\/wp-json\/wp\/v2\/media\/17881"}],"wp:attachment":[{"href":"https:\/\/www.plantcaretools.com\/de\/wp-json\/wp\/v2\/media?parent=8102"}],"wp:term":[{"taxonomy":"product_brand","embeddable":true,"href":"https:\/\/www.plantcaretools.com\/de\/wp-json\/wp\/v2\/product_brand?post=8102"},{"taxonomy":"product_cat","embeddable":true,"href":"https:\/\/www.plantcaretools.com\/de\/wp-json\/wp\/v2\/product_cat?post=8102"},{"taxonomy":"product_tag","embeddable":true,"href":"https:\/\/www.plantcaretools.com\/de\/wp-json\/wp\/v2\/product_tag?post=8102"}],"curies":[{"name":"wp","href":"https:\/\/api.w.org\/{rel}","templated":true}]}}