{"id":8163,"date":"2020-06-19T07:54:48","date_gmt":"2020-06-19T05:54:48","guid":{"rendered":"https:\/\/www.plantcaretools.com\/unkategorisiert\/ecowitt-bodenfeuchtesensor\/"},"modified":"2025-11-22T12:39:26","modified_gmt":"2025-11-22T11:39:26","slug":"ecowitt-bodenfeuchtesensor","status":"publish","type":"product","link":"https:\/\/www.plantcaretools.com\/de\/produkt\/messgerate\/ecowitt-bodenfeuchtesensor\/","title":{"rendered":"Ecowitt Sensor Bodenfeuchtigkeit"},"content":{"rendered":"<h2>Dies ist kein eigenst\u00e4ndiges Produkt. Sie ben\u00f6tigen das Ecowitt Gateway (erh\u00e4ltlich in unserem Webshop). Lesen Sie Ihre tats\u00e4chlichen Bodenfeuchtedaten auf der ganzen Welt.<\/h2>\n<p>Der Ecowitt Bodenfeuchtesensor sendet jede Minute ein Funksignal\u00a0<u>(868 Mhz)<\/u>\u00a0an das Gateway, und das\u00a0<strong><a href=\"https:\/\/www.plantcaretools.com\/de\/product\/ecowitt-gateway-mit-sensor\/\">Gateway<\/a><\/strong>\u00a0sorgt daf\u00fcr, dass die Daten in Ihrem Wifi verf\u00fcgbar sind. Sehr genau, und Sie k\u00f6nnen max. 8 Sensoren gleichzeitig \u00fcberwachen. 10% Rabatt beim Kauf von mindestens 4 Sensoren.<\/p>\n<p><strong>&#8211; Dies ist kein eigenst\u00e4ndiges Produkt. Sie ben\u00f6tigen das Ecowitt Gateway (in unserem Webshop erh\u00e4ltlich)<\/strong>.<br \/>\n&#8211; Der Ecowitt Bodenfeuchtesensor sendet ein Funksignal <u>(868 Mhz)<\/u> an das Gateway und ben\u00f6tigt keinen Wifi Zugang.<br \/>\n&#8211; Sehr genauer Bodenfeuchtesensor. Nach der Installation mit dem Gateway sind die Daten <strong>\u00fcberall auf der Welt verf\u00fcgbar<\/strong>. Aktualisiert jede Minute.<br \/>\n&#8211; Geeignet f\u00fcr drinnen und drau\u00dfen.<br \/>\n&#8211; Das <strong><a href=\"https:\/\/www.plantcaretools.com\/de\/product\/ecowitt-gateway-mit-sensor\/\">Gateway<\/a><\/strong> kann bis zu 8 Sensoren \u00fcberwachen.<br \/>\n&#8211; <strong>M\u00f6glichkeit, eine Warnung einzurichten und eine E-Mail zu erhalten<\/strong>, wenn der tats\u00e4chliche Wert unter der Alarmstufe liegt (z. B. wenn die Bodenfeuchtigkeit unter 20% liegt).<br \/>\n&#8211; Arbeitet bis zu einer Entfernung von 100 Metern vom Gateway.<br \/>\n&#8211; Verwendet 1 AA-Batterie (nicht im Lieferumfang enthalten), die etwa 1 Jahr h\u00e4lt.<br \/>\n&#8211; M\u00f6glichkeit, den Sensor manuell zu kalibrieren.<br \/>\n&#8211; Einfach zu installieren.<br \/>\n&#8211; Kommt mit Deutscher Handbuch.<br \/>\n&#8211; Weitere Informationen finden Sie, wenn Sie die Beschreibung des Gateways lesen.<br \/>\n&#8211; 10% Rabatt beim Kauf von mindestens 4 Sensoren.<\/p>\n","protected":false},"excerpt":{"rendered":"<h2>Dies ist kein eigenst\u00e4ndiges Produkt. Sie ben\u00f6tigen das Ecowitt Gateway (erh\u00e4ltlich in unserem Webshop). Lesen Sie Ihre tats\u00e4chlichen Bodenfeuchtedaten auf der ganzen Welt.<\/h2>\n<p>Der Ecowitt Bodenfeuchtesensor sendet jede Minute ein Funksignal <u>(868 Mhz)<\/u> an das Gateway, und das <strong><a href=\"https:\/\/www.plantcaretools.com\/de\/product\/ecowitt-gateway-mit-sensor\/\">Gateway<\/a><\/strong> sorgt daf\u00fcr, dass die Daten in Ihrem Wifi verf\u00fcgbar sind. Sehr genau, und Sie k\u00f6nnen max. 8 Sensoren gleichzeitig \u00fcberwachen. 10% Rabatt beim Kauf von mindestens 4 Sensoren.<\/p>\n","protected":false},"featured_media":17889,"comment_status":"open","ping_status":"closed","template":"","meta":{"_acf_changed":false},"product_brand":[],"product_cat":[116,124,148],"product_tag":[],"class_list":{"0":"post-8163","1":"product","2":"type-product","3":"status-publish","4":"has-post-thumbnail","6":"product_cat-messgerate","7":"product_cat-plantcaretools-produkte","8":"product_cat-professionelle-anwender","10":"first","11":"instock","12":"taxable","13":"shipping-taxable","14":"purchasable","15":"product-type-simple"},"acf":[],"yoast_head":"<!-- This site is optimized with the Yoast SEO Premium plugin v26.1 (Yoast SEO v27.3) - https:\/\/yoast.com\/product\/yoast-seo-premium-wordpress\/ -->\n<title>Ecowitt Bodenfeuchtesensor - Plant Care Tools<\/title>\n<meta name=\"description\" content=\"Der Ecowitt Bodenfeuchtesensor sendet jede Minute ein Funksignal an das Ecowitt Gateway, das die Daten in Ihrem Wifi weltweit verf\u00fcgbar macht\" \/>\n<meta name=\"robots\" content=\"index, follow, max-snippet:-1, max-image-preview:large, max-video-preview:-1\" \/>\n<link rel=\"canonical\" href=\"https:\/\/www.plantcaretools.com\/de\/produkt\/messgerate\/ecowitt-bodenfeuchtesensor\/\" \/>\n<script type=\"application\/ld+json\" class=\"yoast-schema-graph\">{\"@context\":\"https:\\\/\\\/schema.org\",\"@graph\":[{\"@type\":\"BreadcrumbList\",\"@id\":\"https:\\\/\\\/www.plantcaretools.com\\\/de\\\/produkt\\\/messgerate\\\/ecowitt-bodenfeuchtesensor\\\/#breadcrumb\",\"itemListElement\":[{\"@type\":\"ListItem\",\"position\":1,\"name\":\"Home\",\"item\":\"https:\\\/\\\/www.plantcaretools.com\\\/de\\\/\"},{\"@type\":\"ListItem\",\"position\":2,\"name\":\"Produkte\",\"item\":\"https:\\\/\\\/www.plantcaretools.com\\\/de\\\/produkte\\\/\"},{\"@type\":\"ListItem\",\"position\":3,\"name\":\"Ecowitt Sensor Bodenfeuchtigkeit\"}]}]}<\/script>\n<!-- \/ Yoast SEO Premium plugin. -->","yoast_head_json":{"title":"Ecowitt Bodenfeuchtesensor - Plant Care Tools","description":"Der Ecowitt Bodenfeuchtesensor sendet jede Minute ein Funksignal an das Ecowitt Gateway, das die Daten in Ihrem Wifi weltweit verf\u00fcgbar macht","robots":{"index":"index","follow":"follow","max-snippet":"max-snippet:-1","max-image-preview":"max-image-preview:large","max-video-preview":"max-video-preview:-1"},"canonical":"https:\/\/www.plantcaretools.com\/de\/produkt\/messgerate\/ecowitt-bodenfeuchtesensor\/","schema":{"@context":"https:\/\/schema.org","@graph":[{"@type":"BreadcrumbList","@id":"https:\/\/www.plantcaretools.com\/de\/produkt\/messgerate\/ecowitt-bodenfeuchtesensor\/#breadcrumb","itemListElement":[{"@type":"ListItem","position":1,"name":"Home","item":"https:\/\/www.plantcaretools.com\/de\/"},{"@type":"ListItem","position":2,"name":"Produkte","item":"https:\/\/www.plantcaretools.com\/de\/produkte\/"},{"@type":"ListItem","position":3,"name":"Ecowitt Sensor Bodenfeuchtigkeit"}]}]}},"jetpack_sharing_enabled":true,"_links":{"self":[{"href":"https:\/\/www.plantcaretools.com\/de\/wp-json\/wp\/v2\/product\/8163","targetHints":{"allow":["GET"]}}],"collection":[{"href":"https:\/\/www.plantcaretools.com\/de\/wp-json\/wp\/v2\/product"}],"about":[{"href":"https:\/\/www.plantcaretools.com\/de\/wp-json\/wp\/v2\/types\/product"}],"replies":[{"embeddable":true,"href":"https:\/\/www.plantcaretools.com\/de\/wp-json\/wp\/v2\/comments?post=8163"}],"wp:featuredmedia":[{"embeddable":true,"href":"https:\/\/www.plantcaretools.com\/de\/wp-json\/wp\/v2\/media\/17889"}],"wp:attachment":[{"href":"https:\/\/www.plantcaretools.com\/de\/wp-json\/wp\/v2\/media?parent=8163"}],"wp:term":[{"taxonomy":"product_brand","embeddable":true,"href":"https:\/\/www.plantcaretools.com\/de\/wp-json\/wp\/v2\/product_brand?post=8163"},{"taxonomy":"product_cat","embeddable":true,"href":"https:\/\/www.plantcaretools.com\/de\/wp-json\/wp\/v2\/product_cat?post=8163"},{"taxonomy":"product_tag","embeddable":true,"href":"https:\/\/www.plantcaretools.com\/de\/wp-json\/wp\/v2\/product_tag?post=8163"}],"curies":[{"name":"wp","href":"https:\/\/api.w.org\/{rel}","templated":true}]}}