{"id":8172,"date":"2020-07-23T15:08:01","date_gmt":"2020-07-23T13:08:01","guid":{"rendered":"https:\/\/www.plantcaretools.com\/unkategorisiert\/pflanzen-thirsty-light\/"},"modified":"2025-01-29T20:35:19","modified_gmt":"2025-01-29T19:35:19","slug":"pflanzen-thirsty-light","status":"publish","type":"product","link":"https:\/\/www.plantcaretools.com\/de\/produkt\/messgerate\/pflanzen-thirsty-light\/","title":{"rendered":"Pflanzen Thirsty Light"},"content":{"rendered":"<h2>Wenn Ihre Pflanze durstig ist, zeigt der Bodenfeuchtesensor ein rotes Blinklicht an<\/h2>\n<p>Es ist immer schwierig festzustellen, ob eine Zimmerpflanze genug, zu viel oder zu wenig Wasser bekommt. Dieser Wasserz\u00e4hler ist eine hervorragende Hilfe! Ein Sensor in der Sonde des Wasserz\u00e4hlers zeigt an, ob der Boden feucht ist oder nicht. Wenn die rote Farbe blinkt, ist der Boden vollst\u00e4ndig trocken und mit einer gr\u00fcnen Farbe noch feucht. Wenn der Boden weniger feucht wird, wird er orange. Sowohl sofortiger als auch permanenter Modus. Wir empfehlen, das Pflanzen Thirsty Light in Innenr\u00e4umen zu verwenden. Im Lieferumfang sind zwei LR44 Batterien enthalten. Sie halten ca. 1 Jahr und sind leicht zu ersetzen. Deutches Handbuch.<br \/>\n10% Rabatt ab 3 St\u00fcck.<\/p>\n<p>Das Pflanzen Thirsty Light wird im Aus Modus geliefert, um die Batterielebensdauer zu verl\u00e4ngern. Um ein zu schalten halten Sie die Taste 3 Sekunden lang gedr\u00fcckt. Nach der Aktivierung blinkt das Ger\u00e4t dreimal und beginnt sofort mit der Messung des Wassergehalts.<br \/>\nDrucken Sie den Sensor in den Boden Ihrer Pflanze. Stellen Sie sicher, dass der Boden mit Ihren Fingern sanft um die Sonde herum verdichtet wird. Schieben Sie den Bodenfeuchtesensor in den Boden, bis er &#8220;5&#8221; an der Sonde erreicht. Sobald der Sensor eingeschaltet ist, wird die Bodenfeuchtigkeit alle zwei Stunden getestet. Wenn der Feuchtigkeitsgehalt normal ist, blinkt die Anzeige einmal gr\u00fcn. Wenn die Pflanze Wasser ben\u00f6tigt, blinkt die Anzeige dreimal orange. In dem Moment, in dem die Anzeige alle sechs Sekunden rot blinkt, werden Sie daran erinnert, sofort zu gie\u00dfen. W\u00e4hrend der Zugabe von Wasser wird der Feuchtigkeitsgehalt wieder normal und die Anzeige h\u00f6rt auf, rot zu blinken. Es wird bald einmal gr\u00fcn blinken, um anzuzeigen, dass der Feuchtigkeitsgehalt wieder ausreichend ist. Einfache Anpassung, wenn der Sensor Sie fr\u00fcher oder sp\u00e4ter warnen soll, je nachdem wieviel Wasser Ihre Pflanze ben\u00f6tigt (siehe das Handbuch).<\/p>\n","protected":false},"excerpt":{"rendered":"<h2>Wenn Ihre Pflanze durstig ist, zeigt der Bodenfeuchtesensor ein rotes Blinklicht an<\/h2>\n<p>Es ist immer schwierig festzustellen, ob eine Zimmerpflanze genug, zu viel oder zu wenig Wasser bekommt. Dieser Wasserz\u00e4hler ist eine hervorragende Hilfe! Ein Sensor in der Sonde des Wasserz\u00e4hlers zeigt an, ob der Boden feucht ist oder nicht. Wenn die rote Farbe blinkt, ist der Boden vollst\u00e4ndig trocken und mit einer gr\u00fcnen Farbe noch feucht. Wenn der Boden weniger feucht wird, wird er orange. Sowohl sofortiger als auch permanenter Modus. Wir empfehlen, das Pflanzen Thirsty Light in Innenr\u00e4umen zu verwenden. Im Lieferumfang sind zwei LR44 Batterien enthalten. Sie halten ca. 1 Jahr und sind leicht zu ersetzen. Deutches Handbuch.<br \/>\n10% Rabatt ab 3 St\u00fcck.<\/p>\n","protected":false},"featured_media":4444,"comment_status":"open","ping_status":"closed","template":"","meta":{"_acf_changed":false},"product_brand":[],"product_cat":[116],"product_tag":[],"class_list":{"0":"post-8172","1":"product","2":"type-product","3":"status-publish","4":"has-post-thumbnail","6":"product_cat-messgerate","8":"first","9":"outofstock","10":"taxable","11":"shipping-taxable","12":"purchasable","13":"product-type-simple"},"acf":[],"yoast_head":"<!-- This site is optimized with the Yoast SEO Premium plugin v26.1 (Yoast SEO v27.3) - https:\/\/yoast.com\/product\/yoast-seo-premium-wordpress\/ -->\n<title>Pflanzen Thirsty Light - Plant Care Tools<\/title>\n<meta name=\"description\" content=\"Wenn Ihre Pflanze durstig ist, zeigt Ihnen der Pflanzen Thirsty Light ein rotes Blinklicht an. Eine ausgezeichnete Hilfe.\" \/>\n<meta name=\"robots\" content=\"index, follow, max-snippet:-1, max-image-preview:large, max-video-preview:-1\" \/>\n<link rel=\"canonical\" href=\"https:\/\/www.plantcaretools.com\/de\/produkt\/messgerate\/pflanzen-thirsty-light\/\" \/>\n<script type=\"application\/ld+json\" class=\"yoast-schema-graph\">{\"@context\":\"https:\\\/\\\/schema.org\",\"@graph\":[{\"@type\":\"BreadcrumbList\",\"@id\":\"https:\\\/\\\/www.plantcaretools.com\\\/de\\\/produkt\\\/messgerate\\\/pflanzen-thirsty-light\\\/#breadcrumb\",\"itemListElement\":[{\"@type\":\"ListItem\",\"position\":1,\"name\":\"Home\",\"item\":\"https:\\\/\\\/www.plantcaretools.com\\\/de\\\/\"},{\"@type\":\"ListItem\",\"position\":2,\"name\":\"Produkte\",\"item\":\"https:\\\/\\\/www.plantcaretools.com\\\/de\\\/produkte\\\/\"},{\"@type\":\"ListItem\",\"position\":3,\"name\":\"Pflanzen Thirsty Light\"}]}]}<\/script>\n<!-- \/ Yoast SEO Premium plugin. -->","yoast_head_json":{"title":"Pflanzen Thirsty Light - Plant Care Tools","description":"Wenn Ihre Pflanze durstig ist, zeigt Ihnen der Pflanzen Thirsty Light ein rotes Blinklicht an. Eine ausgezeichnete Hilfe.","robots":{"index":"index","follow":"follow","max-snippet":"max-snippet:-1","max-image-preview":"max-image-preview:large","max-video-preview":"max-video-preview:-1"},"canonical":"https:\/\/www.plantcaretools.com\/de\/produkt\/messgerate\/pflanzen-thirsty-light\/","schema":{"@context":"https:\/\/schema.org","@graph":[{"@type":"BreadcrumbList","@id":"https:\/\/www.plantcaretools.com\/de\/produkt\/messgerate\/pflanzen-thirsty-light\/#breadcrumb","itemListElement":[{"@type":"ListItem","position":1,"name":"Home","item":"https:\/\/www.plantcaretools.com\/de\/"},{"@type":"ListItem","position":2,"name":"Produkte","item":"https:\/\/www.plantcaretools.com\/de\/produkte\/"},{"@type":"ListItem","position":3,"name":"Pflanzen Thirsty Light"}]}]}},"jetpack_sharing_enabled":true,"_links":{"self":[{"href":"https:\/\/www.plantcaretools.com\/de\/wp-json\/wp\/v2\/product\/8172","targetHints":{"allow":["GET"]}}],"collection":[{"href":"https:\/\/www.plantcaretools.com\/de\/wp-json\/wp\/v2\/product"}],"about":[{"href":"https:\/\/www.plantcaretools.com\/de\/wp-json\/wp\/v2\/types\/product"}],"replies":[{"embeddable":true,"href":"https:\/\/www.plantcaretools.com\/de\/wp-json\/wp\/v2\/comments?post=8172"}],"wp:featuredmedia":[{"embeddable":true,"href":"https:\/\/www.plantcaretools.com\/de\/wp-json\/wp\/v2\/media\/4444"}],"wp:attachment":[{"href":"https:\/\/www.plantcaretools.com\/de\/wp-json\/wp\/v2\/media?parent=8172"}],"wp:term":[{"taxonomy":"product_brand","embeddable":true,"href":"https:\/\/www.plantcaretools.com\/de\/wp-json\/wp\/v2\/product_brand?post=8172"},{"taxonomy":"product_cat","embeddable":true,"href":"https:\/\/www.plantcaretools.com\/de\/wp-json\/wp\/v2\/product_cat?post=8172"},{"taxonomy":"product_tag","embeddable":true,"href":"https:\/\/www.plantcaretools.com\/de\/wp-json\/wp\/v2\/product_tag?post=8172"}],"curies":[{"name":"wp","href":"https:\/\/api.w.org\/{rel}","templated":true}]}}