{"id":8234,"date":"2020-11-16T09:10:53","date_gmt":"2020-11-16T08:10:53","guid":{"rendered":"https:\/\/www.plantcaretools.com\/unkategorisiert\/wassersystem-fuer-topfpflantzen-12-stueck\/"},"modified":"2025-08-24T18:46:02","modified_gmt":"2025-08-24T16:46:02","slug":"wassersystem-fur-topfpflanzen-10-stueck","status":"publish","type":"product","link":"https:\/\/www.plantcaretools.com\/de\/produkt\/bewasserungssysteme\/wassersystem-fur-topfpflanzen-10-stueck\/","title":{"rendered":"Wassersystem f\u00fcr Topfpflanzen"},"content":{"rendered":"<h2><strong>Einfach zu verwendende Wassersystem f\u00fcr Topfpflanzen. 1 Packung enth\u00e4lt 10 St\u00fcck.<\/strong><\/h2>\n<p>Dieser Wassersystem f\u00fcr Topfpflanzen ist sehr einfach zu montieren. Schrauben Sie den Wassertropfer auf eine Plastikflasche mit dem gleichen Gewinde. Dr\u00fccken Sie den Wasserhahn in den Tropfer. Stellen Sie die Flasche kopf\u00fcber in den Topf in der N\u00e4he der Pflanze, und Sie brauchen mehrere Wochen lang nicht zu gie\u00dfen. Vergessen Sie nicht, ein paar L\u00f6cher in den Boden der Flasche zu stechen. Stellen Sie nun den Wasserhahn auf die gew\u00fcnschte Wasserabgabe ein. F\u00fcllen Sie die Flasche nach, wenn sie fast leer ist. Ideal, wenn Sie verreisen oder im Urlaub sind. Patentiertes System zum Einstellen des Wasserdurchflusses mit einem Knopf am Wassertropfer. Je nach Gr\u00f6\u00dfe der Pflanze und der Flasche und der Einstellung des Tropfers, hat die Pflanze genug Wasser f\u00fcr 1-3 Wochen.<\/p>\n<p><strong>Merkmale dieses Bew\u00e4sserungssystems:<\/strong><\/p>\n<ul>\n<li>Sehr einfach zu installieren<\/li>\n<li>Ideal f\u00fcr einen Wochenendausflug oder einen l\u00e4ngeren Urlaub<\/li>\n<li>Eine volle Flasche bedeutet, dass man 1-3 Wochen lang keine Topfpflanzen mehr gie\u00dfen muss<\/li>\n<li>Keine Unter- oder \u00dcberbew\u00e4sserung mehr<\/li>\n<li>Wiederverwendbares System: einfach die Flasche auff\u00fcllen, wenn sie fast leer ist<\/li>\n<li>Patentiertes Bew\u00e4sserungssystem f\u00fcr Topfpflanzen<\/li>\n<li>Die Wassermenge kann mit einem Knopf am Tropfer eingestellt werden<\/li>\n<\/ul>\n<p><strong>Dieses Produkt enth\u00e4lt:<\/strong><\/p>\n<p>1 Packung mit 10 Tropfern<br \/>\nDie Plastikflasche ist nicht enthalten<\/p>\n","protected":false},"excerpt":{"rendered":"<h2><strong>Einfach zu verwendendes Bew\u00e4sserungssystem. Pro Packung mit 10 St\u00fcck.<\/strong><\/h2>\n<p>Schrauben Sie den Wassertropfer auf eine Plastikflasche. Stechen Sie mehrere L\u00f6cher in den Boden der Flasche. Stellen Sie die Flasche kopf\u00fcber in den Topf in der N\u00e4he der Pflanze, und Sie brauchen mehrere Wochen lang nicht zu gie\u00dfen. Die Pflanze bekommt genau die Menge an Wasser, die sie braucht, also keine Unter- oder \u00dcberbew\u00e4sserung mehr. F\u00fcllen Sie die Flasche nach, wenn sie fast leer ist. Ideal, wenn Sie verreisen oder im Urlaub sind. Patentiertes System zur Regulierung des Wasserflusses mit einem Knopf am Wassertropfer. Sie k\u00f6nnen dem Wasser in der Flasche eventuell etwas Fl\u00fcssigd\u00fcnger hinzuf\u00fcgen.<\/p>\n","protected":false},"featured_media":20532,"comment_status":"open","ping_status":"closed","template":"","meta":{"_acf_changed":false},"product_brand":[],"product_cat":[107],"product_tag":[],"class_list":{"0":"post-8234","1":"product","2":"type-product","3":"status-publish","4":"has-post-thumbnail","6":"product_cat-bewasserungssysteme","8":"first","9":"instock","10":"taxable","11":"shipping-taxable","12":"purchasable","13":"product-type-simple"},"acf":[],"yoast_head":"<!-- This site is optimized with the Yoast SEO Premium plugin v26.1 (Yoast SEO v27.3) - https:\/\/yoast.com\/product\/yoast-seo-premium-wordpress\/ -->\n<title>Wassersystem f\u00fcr Topfpflanzen (10 St\u00fcck) - Plant Care Tools<\/title>\n<meta name=\"description\" content=\"Ideal, wenn Sie im Urlaub sind. Schrauben Sie einfach das Wassersystem f\u00fcr Topfpflanzen (10 St\u00fcck) auf eine Plastikflasche\" \/>\n<meta name=\"robots\" content=\"index, follow, max-snippet:-1, max-image-preview:large, max-video-preview:-1\" \/>\n<link rel=\"canonical\" href=\"https:\/\/www.plantcaretools.com\/de\/produkt\/bewasserungssysteme\/wassersystem-fur-topfpflanzen-10-stueck\/\" \/>\n<script type=\"application\/ld+json\" class=\"yoast-schema-graph\">{\"@context\":\"https:\\\/\\\/schema.org\",\"@graph\":[{\"@type\":\"BreadcrumbList\",\"@id\":\"https:\\\/\\\/www.plantcaretools.com\\\/de\\\/produkt\\\/bewasserungssysteme\\\/wassersystem-fur-topfpflanzen-10-stueck\\\/#breadcrumb\",\"itemListElement\":[{\"@type\":\"ListItem\",\"position\":1,\"name\":\"Home\",\"item\":\"https:\\\/\\\/www.plantcaretools.com\\\/de\\\/\"},{\"@type\":\"ListItem\",\"position\":2,\"name\":\"Produkte\",\"item\":\"https:\\\/\\\/www.plantcaretools.com\\\/de\\\/produkte\\\/\"},{\"@type\":\"ListItem\",\"position\":3,\"name\":\"Wassersystem f\u00fcr Topfpflanzen\"}]}]}<\/script>\n<!-- \/ Yoast SEO Premium plugin. -->","yoast_head_json":{"title":"Wassersystem f\u00fcr Topfpflanzen (10 St\u00fcck) - Plant Care Tools","description":"Ideal, wenn Sie im Urlaub sind. Schrauben Sie einfach das Wassersystem f\u00fcr Topfpflanzen (10 St\u00fcck) auf eine Plastikflasche","robots":{"index":"index","follow":"follow","max-snippet":"max-snippet:-1","max-image-preview":"max-image-preview:large","max-video-preview":"max-video-preview:-1"},"canonical":"https:\/\/www.plantcaretools.com\/de\/produkt\/bewasserungssysteme\/wassersystem-fur-topfpflanzen-10-stueck\/","schema":{"@context":"https:\/\/schema.org","@graph":[{"@type":"BreadcrumbList","@id":"https:\/\/www.plantcaretools.com\/de\/produkt\/bewasserungssysteme\/wassersystem-fur-topfpflanzen-10-stueck\/#breadcrumb","itemListElement":[{"@type":"ListItem","position":1,"name":"Home","item":"https:\/\/www.plantcaretools.com\/de\/"},{"@type":"ListItem","position":2,"name":"Produkte","item":"https:\/\/www.plantcaretools.com\/de\/produkte\/"},{"@type":"ListItem","position":3,"name":"Wassersystem f\u00fcr Topfpflanzen"}]}]}},"jetpack_sharing_enabled":true,"_links":{"self":[{"href":"https:\/\/www.plantcaretools.com\/de\/wp-json\/wp\/v2\/product\/8234","targetHints":{"allow":["GET"]}}],"collection":[{"href":"https:\/\/www.plantcaretools.com\/de\/wp-json\/wp\/v2\/product"}],"about":[{"href":"https:\/\/www.plantcaretools.com\/de\/wp-json\/wp\/v2\/types\/product"}],"replies":[{"embeddable":true,"href":"https:\/\/www.plantcaretools.com\/de\/wp-json\/wp\/v2\/comments?post=8234"}],"wp:featuredmedia":[{"embeddable":true,"href":"https:\/\/www.plantcaretools.com\/de\/wp-json\/wp\/v2\/media\/20532"}],"wp:attachment":[{"href":"https:\/\/www.plantcaretools.com\/de\/wp-json\/wp\/v2\/media?parent=8234"}],"wp:term":[{"taxonomy":"product_brand","embeddable":true,"href":"https:\/\/www.plantcaretools.com\/de\/wp-json\/wp\/v2\/product_brand?post=8234"},{"taxonomy":"product_cat","embeddable":true,"href":"https:\/\/www.plantcaretools.com\/de\/wp-json\/wp\/v2\/product_cat?post=8234"},{"taxonomy":"product_tag","embeddable":true,"href":"https:\/\/www.plantcaretools.com\/de\/wp-json\/wp\/v2\/product_tag?post=8234"}],"curies":[{"name":"wp","href":"https:\/\/api.w.org\/{rel}","templated":true}]}}