{"id":8239,"date":"2021-02-04T17:52:34","date_gmt":"2021-02-04T16:52:34","guid":{"rendered":"https:\/\/www.plantcaretools.com\/unkategorisiert\/wifi-bewaesserungscontroller-fuer-den-aussenbereich\/"},"modified":"2024-06-13T12:45:18","modified_gmt":"2024-06-13T10:45:18","slug":"wifi-bewaesserungscontroller-fuer-den-aussenbereich","status":"publish","type":"product","link":"https:\/\/www.plantcaretools.com\/de\/produkt\/bewasserungssysteme\/wifi-bewaesserungscontroller-fuer-den-aussenbereich\/","title":{"rendered":"WiFi Bew\u00e4sserungscontroller f\u00fcr den Au\u00dfenbereich MIT Gateway"},"content":{"rendered":"<h2><strong>WiFi Bew\u00e4sserungscontroller f\u00fcr den Au\u00dfenbereich<\/strong><\/h2>\n<p>Das Paket beinhaltet das WiFi Gateway (mit zus\u00e4tzlicher WiFi-Steckdose) und den WiFi Bew\u00e4sserungscontroller f\u00fcr den Au\u00dfenbereich.<\/p>\n<h3>Wir empfehlen Ihnen, auch den kabellosen Bodenfeuchtesensor zu erwerben, der ebenfalls in unserem Webshop <a href=\"https:\/\/www.plantcaretools.com\/de\/product\/bodenfeuchtesensor-fuer-wifi-bewaesserungscontroller-fuer-den-aussenbereich\/\"><strong>hier<\/strong><\/a> erh\u00e4ltlich ist. Mit dem Sensor k\u00f6nnen Sie den Bodenfeuchtigkeitsgehalt und die Temperatur jederzeit und \u00fcberall in der APP ablesen.<\/h3>\n<p>Sie k\u00f6nnen Ihre Bew\u00e4sserungspl\u00e4ne noch weiter automatisieren und Wasser sparen. Sie k\u00f6nnen maximal 1 Bodenfeuchtesensor pro Gateway installieren. Ein Gateway kann mit der APP bis zu 4 Controller steuern, wenn Sie mehr als 1 Zone (max. 4 Zonen) installieren m\u00f6chten.<\/p>\n<p>Separate Controller ohne Gateway sind auch hier in unserem Webshop verf\u00fcgbar, wenn Sie mehr Zonen w\u00fcnschen. Das Gateway ben\u00f6tigt WLAN-Zugang.<\/p>\n<p>Der Controller darf nicht mehr als 50 &#8211; 100 M vom Gateway entfernt sein (abh\u00e4ngig von der Anzahl der Hindernisse zwischen beide). Der optionale Bodenfeuchtesensor ben\u00f6tigt keinen WLAN-Zugang. Der Sensor verwendet ein Funksignal (433 MHz), um die Daten alle 5 Minuten zum Gateway zu senden.<\/p>\n<p>Die maximale Reichweite zwischen dem Controller und dem Bodenfeuchtesensor in einem freien Feld betr\u00e4gt ca. 100 M.<\/p>\n<p><strong>Wichtige Funktionen:<\/strong><\/p>\n<ul>\n<li>Batteriebetrieben (4x AA-Batterien, nicht im Lieferumfang enthalten). Die Batterien halten ungef\u00e4hr 1 Jahr<\/li>\n<li>Volle Bew\u00e4sserungskontrolle jederzeit und \u00fcberall mit der APP &#8220;ControlMaster&#8221;<\/li>\n<li>Beide manuelle und automatische Betriebsart<\/li>\n<li>Warnung gegen Wasserleckage des Controllers<\/li>\n<li>Real Time lokale Wetterbedingungen in der APP<\/li>\n<li>Funktion zur Verz\u00f6gerung der Bew\u00e4sserung bei Regen, um Wasser zu sparen<\/li>\n<li>Eingebauter Sensor f\u00fcr den Wasserverbrauch. Sie k\u00f6nnen den letzten Wasserverbrauch in der APP sehen<\/li>\n<li>Einfach zu installieren, und es ist einfach die Bew\u00e4sserungspl\u00e4ne zu \u00e4ndern in der APP<\/li>\n<li>Das Gateway verf\u00fcgt \u00fcber eine zus\u00e4tzliche WiFi-Steckdose mit Timer (kann in der APP gesteuert werden)<\/li>\n<li>Extensives Benutzerhandbuch auf Deutsch<\/li>\n<\/ul>\n","protected":false},"excerpt":{"rendered":"<p><span lang=\"de-DE\"><b>Verwalten Sie Ihre Bew\u00e4sserung im Freien \u00fcberall und jederzeit mit dem RainPoint WiFi-Bew\u00e4sserungscontroller f\u00fcr den Au\u00dfenbereich. <\/b><\/span><span lang=\"fr-FR\"><b>Funktioniert mit dem kostenlosen APP ControlMaster (auf Deutsch)<\/b><\/span><\/p>\n<p><span lang=\"de-DE\">Verbinden Sie das Gateway mit dem APP ControlMaster mit Ihrem WLAN-Router zu Hause, und Sie k\u00f6nnen zu Hause ein intelligentes Bew\u00e4sserungssystem einrichten. <\/span><\/p>\n<p><span lang=\"de-DE\">Es ist wie in einer Kommandozentrale, alle Bew\u00e4sserungsauftr\u00e4ge von der APP werden vom Gateway an den WiFi Bew\u00e4sserungscontroller im Freien gesendet, und alle R\u00fcckmeldungen werden jederzeit und \u00fcberall in der APP angezeigt. <\/span><\/p>\n<h3><span lang=\"de-DE\">Immer volle Bew\u00e4sserungskontrolle, wo immer Sie sind!<\/span><\/h3>\n","protected":false},"featured_media":20013,"comment_status":"open","ping_status":"closed","template":"","meta":{"_acf_changed":false},"product_brand":[],"product_cat":[107,124],"product_tag":[382,221],"class_list":{"0":"post-8239","1":"product","2":"type-product","3":"status-publish","4":"has-post-thumbnail","6":"product_cat-bewasserungssysteme","7":"product_cat-plantcaretools-produkte","8":"product_tag-controller-de","9":"product_tag-rainpoint-de","11":"first","12":"instock","13":"taxable","14":"shipping-taxable","15":"purchasable","16":"product-type-simple"},"acf":[],"yoast_head":"<!-- This site is optimized with the Yoast SEO Premium plugin v26.1 (Yoast SEO v27.3) - https:\/\/yoast.com\/product\/yoast-seo-premium-wordpress\/ -->\n<title>WiFi Bew\u00e4sserungscontroller f\u00fcr Au\u00dfenbereich - Plantcaretools<\/title>\n<meta name=\"description\" content=\"Verwalten Sie Ihre Bew\u00e4sserung im Freien \u00fcberall mit dem RainPoint WiFi-Bew\u00e4sserungscontroller f\u00fcr den Au\u00dfenbereich mit dem kostenlosen APP ControlMaster\" \/>\n<meta name=\"robots\" content=\"index, follow, max-snippet:-1, max-image-preview:large, max-video-preview:-1\" \/>\n<link rel=\"canonical\" href=\"https:\/\/www.plantcaretools.com\/de\/produkt\/bewasserungssysteme\/wifi-bewaesserungscontroller-fuer-den-aussenbereich\/\" \/>\n<script type=\"application\/ld+json\" class=\"yoast-schema-graph\">{\"@context\":\"https:\\\/\\\/schema.org\",\"@graph\":[{\"@type\":\"BreadcrumbList\",\"@id\":\"https:\\\/\\\/www.plantcaretools.com\\\/de\\\/produkt\\\/bewasserungssysteme\\\/wifi-bewaesserungscontroller-fuer-den-aussenbereich\\\/#breadcrumb\",\"itemListElement\":[{\"@type\":\"ListItem\",\"position\":1,\"name\":\"Home\",\"item\":\"https:\\\/\\\/www.plantcaretools.com\\\/de\\\/\"},{\"@type\":\"ListItem\",\"position\":2,\"name\":\"Produkte\",\"item\":\"https:\\\/\\\/www.plantcaretools.com\\\/de\\\/produkte\\\/\"},{\"@type\":\"ListItem\",\"position\":3,\"name\":\"WiFi Bew\u00e4sserungscontroller f\u00fcr den Au\u00dfenbereich MIT Gateway\"}]}]}<\/script>\n<!-- \/ Yoast SEO Premium plugin. -->","yoast_head_json":{"title":"WiFi Bew\u00e4sserungscontroller f\u00fcr Au\u00dfenbereich - Plantcaretools","description":"Verwalten Sie Ihre Bew\u00e4sserung im Freien \u00fcberall mit dem RainPoint WiFi-Bew\u00e4sserungscontroller f\u00fcr den Au\u00dfenbereich mit dem kostenlosen APP ControlMaster","robots":{"index":"index","follow":"follow","max-snippet":"max-snippet:-1","max-image-preview":"max-image-preview:large","max-video-preview":"max-video-preview:-1"},"canonical":"https:\/\/www.plantcaretools.com\/de\/produkt\/bewasserungssysteme\/wifi-bewaesserungscontroller-fuer-den-aussenbereich\/","schema":{"@context":"https:\/\/schema.org","@graph":[{"@type":"BreadcrumbList","@id":"https:\/\/www.plantcaretools.com\/de\/produkt\/bewasserungssysteme\/wifi-bewaesserungscontroller-fuer-den-aussenbereich\/#breadcrumb","itemListElement":[{"@type":"ListItem","position":1,"name":"Home","item":"https:\/\/www.plantcaretools.com\/de\/"},{"@type":"ListItem","position":2,"name":"Produkte","item":"https:\/\/www.plantcaretools.com\/de\/produkte\/"},{"@type":"ListItem","position":3,"name":"WiFi Bew\u00e4sserungscontroller f\u00fcr den Au\u00dfenbereich MIT Gateway"}]}]}},"jetpack_sharing_enabled":true,"_links":{"self":[{"href":"https:\/\/www.plantcaretools.com\/de\/wp-json\/wp\/v2\/product\/8239","targetHints":{"allow":["GET"]}}],"collection":[{"href":"https:\/\/www.plantcaretools.com\/de\/wp-json\/wp\/v2\/product"}],"about":[{"href":"https:\/\/www.plantcaretools.com\/de\/wp-json\/wp\/v2\/types\/product"}],"replies":[{"embeddable":true,"href":"https:\/\/www.plantcaretools.com\/de\/wp-json\/wp\/v2\/comments?post=8239"}],"wp:featuredmedia":[{"embeddable":true,"href":"https:\/\/www.plantcaretools.com\/de\/wp-json\/wp\/v2\/media\/20013"}],"wp:attachment":[{"href":"https:\/\/www.plantcaretools.com\/de\/wp-json\/wp\/v2\/media?parent=8239"}],"wp:term":[{"taxonomy":"product_brand","embeddable":true,"href":"https:\/\/www.plantcaretools.com\/de\/wp-json\/wp\/v2\/product_brand?post=8239"},{"taxonomy":"product_cat","embeddable":true,"href":"https:\/\/www.plantcaretools.com\/de\/wp-json\/wp\/v2\/product_cat?post=8239"},{"taxonomy":"product_tag","embeddable":true,"href":"https:\/\/www.plantcaretools.com\/de\/wp-json\/wp\/v2\/product_tag?post=8239"}],"curies":[{"name":"wp","href":"https:\/\/api.w.org\/{rel}","templated":true}]}}