{"id":8280,"date":"2021-02-04T17:58:09","date_gmt":"2021-02-04T16:58:09","guid":{"rendered":"https:\/\/www.plantcaretools.com\/unkategorisiert\/bodenfeuchtesensor-fuer-wifi-bewaesserungscontroller-fuer-den-aussenbereich\/"},"modified":"2025-07-02T16:34:16","modified_gmt":"2025-07-02T14:34:16","slug":"bodenfeuchtesensor-fuer-wifi-bewaesserungscontroller-fuer-den-aussenbereich","status":"publish","type":"product","link":"https:\/\/www.plantcaretools.com\/de\/produkt\/bewasserungssysteme\/bodenfeuchtesensor-fuer-wifi-bewaesserungscontroller-fuer-den-aussenbereich\/","title":{"rendered":"Bodenfeuchtesensor f\u00fcr WiFi Bew\u00e4sserungscontroller f\u00fcr den Au\u00dfenbereich"},"content":{"rendered":"<p><strong>Dies ist kein eigenst\u00e4ndiges Produkt!<\/strong> Dazu ben\u00f6tigen Sie den WiFi Bew\u00e4sserungscontroller f\u00fcr den Au\u00dfenbereich (<a href=\"https:\/\/www.plantcaretools.com\/de\/product\/wifi-bewaesserungscontroller-fuer-den-aussenbereich\/\"><strong>hier<\/strong><\/a> in unserem Webshop erh\u00e4ltlich). Mit diesem RainPoint Sensor k\u00f6nnen Sie die Bodenfeuchtigkeit und Bodentemperatur jederzeit und \u00fcberall in der APP \u00fcberpr\u00fcfen. <span lang=\"de-DE\">Sie k\u00f6nnen Bew\u00e4sserungspl\u00e4ne auch basieren auf dem Feuchtigkeitsprozentsatz des Bodens. Sie k\u00f6nnen max. 1 Sensor pro Gateway installieren. Der Sensor sendet die Daten alle 5 Minuten \u00fcber ein Funksignal (433 MHz) an das Gateway. Sie k\u00f6nnen auch die Ausf\u00fchrung von Bew\u00e4sserungspl\u00e4nen basieren auf dem Feuchtigkeit (%) des Bodens. Durch Einstellen des gew\u00fcnschten Mindestfeuchtigkeitsprozentsatzes des Sensors erfolgt keine automatische Bew\u00e4sserung (auch wenn Sie Bew\u00e4sserungspl\u00e4ne festgelegt haben), solange der aktuelle Feuchtigkeitsprozentsatz \u00fcber dem von Ihnen festgelegten Wert bleibt. Standardm\u00e4\u00dfig betr\u00e4gt dieser Prozentsatz 60% (nur unter 60% werden die Bew\u00e4sserungspl\u00e4ne durchgef\u00fchrt). Sie k\u00f6nnen den Mindestwert manuell auf 20, 40, 80 oder 100% \u00e4ndern. Mit den 2 schwarzen Tasten am Sensor k\u00f6nnen Sie den Feuchtigkeitsanteil am Sensor selbst auch direkt \u00fcber 5 LED-Leuchten ablesen. Der Sensor wird mit 3X AAA-Batterien betrieben, die ungef\u00e4hr 1 Jahr halten. Der Batteriestatus des Sensors wird auch in der APP angezeigt.<\/span><\/p>\n<p><strong>Beschreibung des Originalprodukts<\/strong><br \/>\nDas Paket beinhaltet das WiFi Gateway (mit zus\u00e4tzlicher WiFi-Steckdose) und den WiFi Bew\u00e4sserungscontroller f\u00fcr den Au\u00dfenbereich. Wir empfehlen Ihnen, auch den kabellosen Bodenfeuchtesensor zu erwerben, der ebenfalls in unserem Webshop\u00a0<a href=\"https:\/\/www.plantcaretools.com\/de\/product\/bodenfeuchtesensor-fuer-wifi-bewaesserungscontroller-fuer-den-aussenbereich\/\"><strong>hier<\/strong><\/a>\u00a0erh\u00e4ltlich ist. Mit dem Sensor k\u00f6nnen Sie den Bodenfeuchtigkeitsgehalt und die Temperatur jederzeit und \u00fcberall in der APP ablesen. Sie k\u00f6nnen Ihre Bew\u00e4sserungspl\u00e4ne noch weiter automatisieren und Wasser sparen. Sie k\u00f6nnen maximal 1 Bodenfeuchtesensor pro Gateway installieren. Ein Gateway kann mit der APP bis zu 4 Controller steuern, wenn Sie mehr als 1 Zone (max. 4 Zonen) installieren m\u00f6chten. Separate Controller ohne Gateway sind auch hier in unserem Webshop verf\u00fcgbar, wenn Sie mehr Zonen w\u00fcnschen. Das Gateway ben\u00f6tigt WLAN-Zugang. Der Controller darf nicht mehr als 50 \u2013 100 M vom Gateway entfernt sein (abh\u00e4ngig von der Anzahl der Hindernisse zwischen beide). Der optionale Bodenfeuchtesensor ben\u00f6tigt keinen WLAN-Zugang. Der Sensor verwendet ein Funksignal (433 MHz), um die Daten alle 5 Minuten zum Gateway zu senden. Die maximale Reichweite zwischen dem Controller und dem Bodenfeuchtesensor in einem freien Feld betr\u00e4gt ca. 100 M.<\/p>\n","protected":false},"excerpt":{"rendered":"<h2>Dies ist kein eigenst\u00e4ndiges Produkt!<\/h2>\n<p>Dazu ben\u00f6tigen Sie den WiFi Bew\u00e4sserungscontroller f\u00fcr den Au\u00dfenbereich (<a href=\"https:\/\/www.plantcaretools.com\/de\/product\/wifi-bewaesserungscontroller-fuer-den-aussenbereich\/\"><strong>hier<\/strong><\/a> in unserem Webshop erh\u00e4ltlich). Mit diesem RainPoint Sensor k\u00f6nnen Sie die Bodenfeuchtigkeit und Bodentemperatur jederzeit und \u00fcberall in der APP \u00fcberpr\u00fcfen. Sie k\u00f6nnen Bew\u00e4sserungspl\u00e4ne auch basieren auf dem Feuchtigkeitsprozentsatz des Bodens.<\/p>\n","protected":false},"featured_media":3703,"comment_status":"open","ping_status":"closed","template":"","meta":{"_acf_changed":false},"product_brand":[],"product_cat":[107],"product_tag":[],"class_list":{"0":"post-8280","1":"product","2":"type-product","3":"status-publish","4":"has-post-thumbnail","6":"product_cat-bewasserungssysteme","8":"first","9":"instock","10":"taxable","11":"shipping-taxable","12":"purchasable","13":"product-type-simple"},"acf":[],"yoast_head":"<!-- This site is optimized with the Yoast SEO Premium plugin v26.1 (Yoast SEO v27.3) - https:\/\/yoast.com\/product\/yoast-seo-premium-wordpress\/ -->\n<title>Bodenfeuchtesensor f\u00fcr Bew\u00e4sserungscontroller - Plant Care Tools<\/title>\n<meta name=\"description\" content=\"Dieser Bodenfeuchtesensor ist kein eigenst\u00e4ndiges Produkt! Dazu ben\u00f6tigen Sie den WiFi Bew\u00e4sserungscontroller f\u00fcr den Au\u00dfenbereich\" \/>\n<meta name=\"robots\" content=\"index, follow, max-snippet:-1, max-image-preview:large, max-video-preview:-1\" \/>\n<link rel=\"canonical\" href=\"https:\/\/www.plantcaretools.com\/de\/produkt\/bewasserungssysteme\/bodenfeuchtesensor-fuer-wifi-bewaesserungscontroller-fuer-den-aussenbereich\/\" \/>\n<script type=\"application\/ld+json\" class=\"yoast-schema-graph\">{\"@context\":\"https:\\\/\\\/schema.org\",\"@graph\":[{\"@type\":\"BreadcrumbList\",\"@id\":\"https:\\\/\\\/www.plantcaretools.com\\\/de\\\/produkt\\\/bewasserungssysteme\\\/bodenfeuchtesensor-fuer-wifi-bewaesserungscontroller-fuer-den-aussenbereich\\\/#breadcrumb\",\"itemListElement\":[{\"@type\":\"ListItem\",\"position\":1,\"name\":\"Home\",\"item\":\"https:\\\/\\\/www.plantcaretools.com\\\/de\\\/\"},{\"@type\":\"ListItem\",\"position\":2,\"name\":\"Produkte\",\"item\":\"https:\\\/\\\/www.plantcaretools.com\\\/de\\\/produkte\\\/\"},{\"@type\":\"ListItem\",\"position\":3,\"name\":\"Bodenfeuchtesensor f\u00fcr WiFi Bew\u00e4sserungscontroller f\u00fcr den Au\u00dfenbereich\"}]}]}<\/script>\n<!-- \/ Yoast SEO Premium plugin. -->","yoast_head_json":{"title":"Bodenfeuchtesensor f\u00fcr Bew\u00e4sserungscontroller - Plant Care Tools","description":"Dieser Bodenfeuchtesensor ist kein eigenst\u00e4ndiges Produkt! Dazu ben\u00f6tigen Sie den WiFi Bew\u00e4sserungscontroller f\u00fcr den Au\u00dfenbereich","robots":{"index":"index","follow":"follow","max-snippet":"max-snippet:-1","max-image-preview":"max-image-preview:large","max-video-preview":"max-video-preview:-1"},"canonical":"https:\/\/www.plantcaretools.com\/de\/produkt\/bewasserungssysteme\/bodenfeuchtesensor-fuer-wifi-bewaesserungscontroller-fuer-den-aussenbereich\/","schema":{"@context":"https:\/\/schema.org","@graph":[{"@type":"BreadcrumbList","@id":"https:\/\/www.plantcaretools.com\/de\/produkt\/bewasserungssysteme\/bodenfeuchtesensor-fuer-wifi-bewaesserungscontroller-fuer-den-aussenbereich\/#breadcrumb","itemListElement":[{"@type":"ListItem","position":1,"name":"Home","item":"https:\/\/www.plantcaretools.com\/de\/"},{"@type":"ListItem","position":2,"name":"Produkte","item":"https:\/\/www.plantcaretools.com\/de\/produkte\/"},{"@type":"ListItem","position":3,"name":"Bodenfeuchtesensor f\u00fcr WiFi Bew\u00e4sserungscontroller f\u00fcr den Au\u00dfenbereich"}]}]}},"jetpack_sharing_enabled":true,"_links":{"self":[{"href":"https:\/\/www.plantcaretools.com\/de\/wp-json\/wp\/v2\/product\/8280","targetHints":{"allow":["GET"]}}],"collection":[{"href":"https:\/\/www.plantcaretools.com\/de\/wp-json\/wp\/v2\/product"}],"about":[{"href":"https:\/\/www.plantcaretools.com\/de\/wp-json\/wp\/v2\/types\/product"}],"replies":[{"embeddable":true,"href":"https:\/\/www.plantcaretools.com\/de\/wp-json\/wp\/v2\/comments?post=8280"}],"wp:featuredmedia":[{"embeddable":true,"href":"https:\/\/www.plantcaretools.com\/de\/wp-json\/wp\/v2\/media\/3703"}],"wp:attachment":[{"href":"https:\/\/www.plantcaretools.com\/de\/wp-json\/wp\/v2\/media?parent=8280"}],"wp:term":[{"taxonomy":"product_brand","embeddable":true,"href":"https:\/\/www.plantcaretools.com\/de\/wp-json\/wp\/v2\/product_brand?post=8280"},{"taxonomy":"product_cat","embeddable":true,"href":"https:\/\/www.plantcaretools.com\/de\/wp-json\/wp\/v2\/product_cat?post=8280"},{"taxonomy":"product_tag","embeddable":true,"href":"https:\/\/www.plantcaretools.com\/de\/wp-json\/wp\/v2\/product_tag?post=8280"}],"curies":[{"name":"wp","href":"https:\/\/api.w.org\/{rel}","templated":true}]}}