{"id":8313,"date":"2021-02-12T18:14:33","date_gmt":"2021-02-12T17:14:33","guid":{"rendered":"https:\/\/www.plantcaretools.com\/unkategorisiert\/wifi-bewaesserungscontroller-ohne-gateway\/"},"modified":"2025-08-25T19:10:33","modified_gmt":"2025-08-25T17:10:33","slug":"wifi-bewasserungscontroller-ohne-gateway","status":"publish","type":"product","link":"https:\/\/www.plantcaretools.com\/de\/produkt\/bewasserungssysteme\/wifi-bewasserungscontroller-ohne-gateway\/","title":{"rendered":"WiFi Bew\u00e4sserungscontroller ohne Gateway"},"content":{"rendered":"<h2>WiFi Bew\u00e4sserungscontroller ohne Gateway<\/h2>\n<h2>Dies ist kein eigenst\u00e4ndiges Produkt! Sie ben\u00f6tigen den WiFi Bew\u00e4sserungscontroller f\u00fcr den Au\u00dfenbereich mit dem Gateway (auch <a href=\"https:\/\/www.plantcaretools.com\/de\/product\/wifi-bewaesserungscontroller-fuer-den-aussenbereich\/\"><strong>hier<\/strong><\/a> in unserem Webshop erh\u00e4ltlich). <span lang=\"de-DE\">Wenn Sie mehr als eine Zone installieren m\u00f6chten, m\u00fcssen Sie dieses Produkt kaufen. <\/span><\/h2>\n<p><span lang=\"de-DE\">Ein Gateway kann bis zu 4 Zonen steuern. Mit dem APP ControlMaster k\u00f6nnen Sie jede Zone jederzeit und \u00fcberall steuern. In den Bildern finden Sie die Kombinationsoptionen des WiFi Bew\u00e4sserungscontrollers mit dem Gateway, des Controllers ohne das Gateway und des Bodenfeuchtesensors.<\/span><\/p>\n<h2>Beschreibung des Originalprodukts<\/h2>\n<p>Das Paket beinhaltet das WiFi Gateway (mit zus\u00e4tzlicher WiFi-Steckdose) und den WiFi Bew\u00e4sserungscontroller. Wir empfehlen Ihnen, auch den kabellosen Bodenfeuchtesensor zu erwerben, der ebenfalls in unserem Webshop\u00a0<a href=\"https:\/\/www.plantcaretools.com\/de\/product\/bodenfeuchtesensor-fuer-wifi-bewaesserungscontroller-fuer-den-aussenbereich\/\"><strong>hier<\/strong><\/a> erh\u00e4ltlich ist. Mit dem Sensor k\u00f6nnen Sie den Bodenfeuchtigkeitsgehalt und die Temperatur jederzeit und \u00fcberall in der APP ablesen. Sie k\u00f6nnen Ihre Bew\u00e4sserungspl\u00e4ne noch weiter automatisieren und Wasser sparen. Sie k\u00f6nnen maximal 1 Bodenfeuchtesensor pro Gateway installieren.<\/p>\n<p>Ein Gateway kann mit der APP bis zu 4 Controller steuern, wenn Sie mehr als 1 Zone (max. 4 Zonen) installieren m\u00f6chten. Separate Controller ohne Gateway sind auch hier in unserem Webshop verf\u00fcgbar, wenn Sie mehr Zonen w\u00fcnschen. Das Gateway ben\u00f6tigt WLAN-Zugang. Der Controller darf nicht mehr als 50 \u2013 100 M vom Gateway entfernt sein (abh\u00e4ngig von der Anzahl der Hindernisse zwischen beide).<\/p>\n<p>Der optionale Bodenfeuchtesensor ben\u00f6tigt keinen WLAN-Zugang. Der Sensor verwendet ein Funksignal (433 MHz), um die Daten alle 5 Minuten zum Gateway zu senden. Die maximale Reichweite zwischen dem Controller und dem Bodenfeuchtesensor in einem freien Feld betr\u00e4gt ca. 100 M.<\/p>\n<p>&nbsp;<\/p>\n","protected":false},"excerpt":{"rendered":"<h2>Dies ist kein eigenst\u00e4ndiges Produkt! Sie ben\u00f6tigen den WiFi Bew\u00e4sserungscontroller f\u00fcr den Au\u00dfenbereich mit dem Gateway (auch <a href=\"https:\/\/www.plantcaretools.com\/de\/product\/wifi-bewaesserungscontroller-fuer-den-aussenbereich\/\"><strong>hier<\/strong><\/a> in unserem Webshop erh\u00e4ltlich). Wenn Sie mehr als eine Zone installieren m\u00f6chten, m\u00fcssen Sie dieses Produkt kaufen. Ein Gateway kann bis zu 4 Zonen steuern. Mit dem APP ControlMaster k\u00f6nnen Sie jede Zone jederzeit und \u00fcberall steuern.<\/h2>\n","protected":false},"featured_media":20018,"comment_status":"open","ping_status":"closed","template":"","meta":{"_acf_changed":false},"product_brand":[],"product_cat":[107,124],"product_tag":[382,334,221,381],"class_list":{"0":"post-8313","1":"product","2":"type-product","3":"status-publish","4":"has-post-thumbnail","6":"product_cat-bewasserungssysteme","7":"product_cat-plantcaretools-produkte","8":"product_tag-controller-de","9":"product_tag-gateway","10":"product_tag-rainpoint-de","11":"product_tag-wifi-de","13":"first","14":"instock","15":"taxable","16":"shipping-taxable","17":"purchasable","18":"product-type-simple"},"acf":[],"yoast_head":"<!-- This site is optimized with the Yoast SEO Premium plugin v26.1 (Yoast SEO v27.3) - https:\/\/yoast.com\/product\/yoast-seo-premium-wordpress\/ -->\n<title>WiFi Bew\u00e4sserungscontroller ohne Gateway - Plant Care Tools<\/title>\n<meta name=\"description\" content=\"WiFi Bew\u00e4sserungscontroller ohne Gateway. Sie ben\u00f6tigen den WiFi Bew\u00e4sserungscontroller f\u00fcr den Au\u00dfenbereich mit dem Gateway\" \/>\n<meta name=\"robots\" content=\"index, follow, max-snippet:-1, max-image-preview:large, max-video-preview:-1\" \/>\n<link rel=\"canonical\" href=\"https:\/\/www.plantcaretools.com\/de\/produkt\/bewasserungssysteme\/wifi-bewasserungscontroller-ohne-gateway\/\" \/>\n<script type=\"application\/ld+json\" class=\"yoast-schema-graph\">{\"@context\":\"https:\\\/\\\/schema.org\",\"@graph\":[{\"@type\":\"BreadcrumbList\",\"@id\":\"https:\\\/\\\/www.plantcaretools.com\\\/de\\\/produkt\\\/bewasserungssysteme\\\/wifi-bewasserungscontroller-ohne-gateway\\\/#breadcrumb\",\"itemListElement\":[{\"@type\":\"ListItem\",\"position\":1,\"name\":\"Home\",\"item\":\"https:\\\/\\\/www.plantcaretools.com\\\/de\\\/\"},{\"@type\":\"ListItem\",\"position\":2,\"name\":\"Produkte\",\"item\":\"https:\\\/\\\/www.plantcaretools.com\\\/de\\\/produkte\\\/\"},{\"@type\":\"ListItem\",\"position\":3,\"name\":\"WiFi Bew\u00e4sserungscontroller ohne Gateway\"}]}]}<\/script>\n<!-- \/ Yoast SEO Premium plugin. -->","yoast_head_json":{"title":"WiFi Bew\u00e4sserungscontroller ohne Gateway - Plant Care Tools","description":"WiFi Bew\u00e4sserungscontroller ohne Gateway. Sie ben\u00f6tigen den WiFi Bew\u00e4sserungscontroller f\u00fcr den Au\u00dfenbereich mit dem Gateway","robots":{"index":"index","follow":"follow","max-snippet":"max-snippet:-1","max-image-preview":"max-image-preview:large","max-video-preview":"max-video-preview:-1"},"canonical":"https:\/\/www.plantcaretools.com\/de\/produkt\/bewasserungssysteme\/wifi-bewasserungscontroller-ohne-gateway\/","schema":{"@context":"https:\/\/schema.org","@graph":[{"@type":"BreadcrumbList","@id":"https:\/\/www.plantcaretools.com\/de\/produkt\/bewasserungssysteme\/wifi-bewasserungscontroller-ohne-gateway\/#breadcrumb","itemListElement":[{"@type":"ListItem","position":1,"name":"Home","item":"https:\/\/www.plantcaretools.com\/de\/"},{"@type":"ListItem","position":2,"name":"Produkte","item":"https:\/\/www.plantcaretools.com\/de\/produkte\/"},{"@type":"ListItem","position":3,"name":"WiFi Bew\u00e4sserungscontroller ohne Gateway"}]}]}},"jetpack_sharing_enabled":true,"_links":{"self":[{"href":"https:\/\/www.plantcaretools.com\/de\/wp-json\/wp\/v2\/product\/8313","targetHints":{"allow":["GET"]}}],"collection":[{"href":"https:\/\/www.plantcaretools.com\/de\/wp-json\/wp\/v2\/product"}],"about":[{"href":"https:\/\/www.plantcaretools.com\/de\/wp-json\/wp\/v2\/types\/product"}],"replies":[{"embeddable":true,"href":"https:\/\/www.plantcaretools.com\/de\/wp-json\/wp\/v2\/comments?post=8313"}],"wp:featuredmedia":[{"embeddable":true,"href":"https:\/\/www.plantcaretools.com\/de\/wp-json\/wp\/v2\/media\/20018"}],"wp:attachment":[{"href":"https:\/\/www.plantcaretools.com\/de\/wp-json\/wp\/v2\/media?parent=8313"}],"wp:term":[{"taxonomy":"product_brand","embeddable":true,"href":"https:\/\/www.plantcaretools.com\/de\/wp-json\/wp\/v2\/product_brand?post=8313"},{"taxonomy":"product_cat","embeddable":true,"href":"https:\/\/www.plantcaretools.com\/de\/wp-json\/wp\/v2\/product_cat?post=8313"},{"taxonomy":"product_tag","embeddable":true,"href":"https:\/\/www.plantcaretools.com\/de\/wp-json\/wp\/v2\/product_tag?post=8313"}],"curies":[{"name":"wp","href":"https:\/\/api.w.org\/{rel}","templated":true}]}}