{"id":8330,"date":"2021-02-26T09:27:29","date_gmt":"2021-02-26T08:27:29","guid":{"rendered":"https:\/\/www.plantcaretools.com\/unkategorisiert\/wifi-bewaesserungsset-fuer-topfpflanzen\/"},"modified":"2025-10-26T18:02:32","modified_gmt":"2025-10-26T17:02:32","slug":"wifi-bewasserungsset-fuer-topfpflanzen","status":"publish","type":"product","link":"https:\/\/www.plantcaretools.com\/de\/produkt\/bewasserungssysteme\/wifi-bewasserungsset-fuer-topfpflanzen\/","title":{"rendered":"WiFi Bew\u00e4sserungsset f\u00fcr Topfpflanzen"},"content":{"rendered":"<h2>WiFi Bew\u00e4sserungsset f\u00fcr Topfpflanzen<\/h2>\n<p>Verwalten Sie die Bew\u00e4sserung Ihrer Topfpflanzen \u00fcberall und jederzeit mit dem RainPoint WiFi Bew\u00e4sserungsset. Funktioniert mit dem kostenlosen APP ControlMaster. Dieses komplette Kit eignet sich sehr gut zum automatischen Gie\u00dfen von 10 Topfpflanzen in Innenr\u00e4umen oder auf Ihrem Balkon und Ihrer Terrasse. Funktioniert ohne Wasserhahn mit einem Eimer oder einer Flasche Wasser. Einfache Einrichtung von Bew\u00e4sserungspl\u00e4nen mit der APP. Eine manuelle Bew\u00e4sserung \u00fcber die APP ist ebenfalls m\u00f6glich. Das Vergessen, Ihre Pflanzen zu gie\u00dfen, geh\u00f6rt der Vergangenheit an. Versorgen Sie die Wasserpumpe mit dem mitgelieferten USB-Kabel mit Strom und legen Sie 4X AA-Batterien als Backup in das Batteriefach. Jetzt k\u00f6nnen Sie die Wasserpumpe mit Ihrem WiFi-Netzwerk verbinden. Passen Sie dann den Wasserschlauch an, und installieren Sie die Mikro-Tropfer mit dem mitgelieferten Anschlussmaterial.<\/p>\n<p><strong>Eigenschaften<\/strong><br \/>\n&#8211; Das komplette Kit besteht aus einer WiFi-Wasserpumpe, 10 M flexiblen Wasserschlauch, 10X Micro-Tropfer, Wasserschlauch Anschl\u00fcssen, einem USB-Kabel und einem Wasserfilter.<br \/>\n&#8211; Manueller Betrieb an der Wasserpumpe und mit der APP m\u00f6glich.<br \/>\n&#8211; Automatische Bew\u00e4sserungspl\u00e4ne mit der APP einstellbar.<br \/>\n&#8211; Bew\u00e4sserungszeit mit der APP einstellbar.<br \/>\n&#8211; Ben\u00f6tigt keinen Wasserhahn. Funktioniert mit einer Flasche oder einem Eimer Wasser (praktisch mit dem mitgelieferten Clip f\u00fcr einen Eimer).<br \/>\n&#8211; Die Bew\u00e4sserungspl\u00e4ne k\u00f6nnen mit der APP \u00fcberall und jederzeit festgelegt werden.<br \/>\n&#8211; Warnung in der APP, wenn keine Wasserversorgung vorhanden ist.<br \/>\n&#8211; Benutzerhandbuch auf Deutsch.<\/p>\n","protected":false},"excerpt":{"rendered":"<h2>Verwalten Sie die Bew\u00e4sserung Ihrer Topfpflanzen \u00fcberall und jederzeit mit dem RainPoint WiFi Bew\u00e4sserungsset. Funktioniert mit dem kostenlosen APP ControlMaster.<\/h2>\n<p>Dieses komplette Kit eignet sich sehr gut zum automatischen Gie\u00dfen von 10 Topfpflanzen in Innenr\u00e4umen oder auf Ihrem Balkon und Ihrer Terrasse. Funktioniert ohne Wasserhahn mit einem Eimer oder einer Flasche Wasser. Einfache Einrichtung von Bew\u00e4sserungspl\u00e4nen mit der APP. Eine manuelle Bew\u00e4sserung \u00fcber die APP ist ebenfalls m\u00f6glich. Das Vergessen, Ihre Pflanzen zu gie\u00dfen, geh\u00f6rt der Vergangenheit an.<\/p>\n","protected":false},"featured_media":19583,"comment_status":"open","ping_status":"closed","template":"","meta":{"_acf_changed":false},"product_brand":[],"product_cat":[107],"product_tag":[],"class_list":{"0":"post-8330","1":"product","2":"type-product","3":"status-publish","4":"has-post-thumbnail","6":"product_cat-bewasserungssysteme","8":"first","9":"instock","10":"taxable","11":"shipping-taxable","12":"purchasable","13":"product-type-simple"},"acf":[],"yoast_head":"<!-- This site is optimized with the Yoast SEO Premium plugin v26.1 (Yoast SEO v27.3) - https:\/\/yoast.com\/product\/yoast-seo-premium-wordpress\/ -->\n<title>WiFi Bew\u00e4sserungsset f\u00fcr Topfpflanzen - Plant Care Tools<\/title>\n<meta name=\"description\" content=\"Dieses WiFi Bew\u00e4sserungsset eignet sich gut zum automatischen Gie\u00dfen von 10 Topfpflanzen in Innenr\u00e4umen oder auf Balkon und Terrasse.\" \/>\n<meta name=\"robots\" content=\"index, follow, max-snippet:-1, max-image-preview:large, max-video-preview:-1\" \/>\n<link rel=\"canonical\" href=\"https:\/\/www.plantcaretools.com\/de\/produkt\/bewasserungssysteme\/wifi-bewasserungsset-fuer-topfpflanzen\/\" \/>\n<script type=\"application\/ld+json\" class=\"yoast-schema-graph\">{\"@context\":\"https:\\\/\\\/schema.org\",\"@graph\":[{\"@type\":\"BreadcrumbList\",\"@id\":\"https:\\\/\\\/www.plantcaretools.com\\\/de\\\/produkt\\\/bewasserungssysteme\\\/wifi-bewasserungsset-fuer-topfpflanzen\\\/#breadcrumb\",\"itemListElement\":[{\"@type\":\"ListItem\",\"position\":1,\"name\":\"Home\",\"item\":\"https:\\\/\\\/www.plantcaretools.com\\\/de\\\/\"},{\"@type\":\"ListItem\",\"position\":2,\"name\":\"Produkte\",\"item\":\"https:\\\/\\\/www.plantcaretools.com\\\/de\\\/produkte\\\/\"},{\"@type\":\"ListItem\",\"position\":3,\"name\":\"WiFi Bew\u00e4sserungsset f\u00fcr Topfpflanzen\"}]}]}<\/script>\n<!-- \/ Yoast SEO Premium plugin. -->","yoast_head_json":{"title":"WiFi Bew\u00e4sserungsset f\u00fcr Topfpflanzen - Plant Care Tools","description":"Dieses WiFi Bew\u00e4sserungsset eignet sich gut zum automatischen Gie\u00dfen von 10 Topfpflanzen in Innenr\u00e4umen oder auf Balkon und Terrasse.","robots":{"index":"index","follow":"follow","max-snippet":"max-snippet:-1","max-image-preview":"max-image-preview:large","max-video-preview":"max-video-preview:-1"},"canonical":"https:\/\/www.plantcaretools.com\/de\/produkt\/bewasserungssysteme\/wifi-bewasserungsset-fuer-topfpflanzen\/","schema":{"@context":"https:\/\/schema.org","@graph":[{"@type":"BreadcrumbList","@id":"https:\/\/www.plantcaretools.com\/de\/produkt\/bewasserungssysteme\/wifi-bewasserungsset-fuer-topfpflanzen\/#breadcrumb","itemListElement":[{"@type":"ListItem","position":1,"name":"Home","item":"https:\/\/www.plantcaretools.com\/de\/"},{"@type":"ListItem","position":2,"name":"Produkte","item":"https:\/\/www.plantcaretools.com\/de\/produkte\/"},{"@type":"ListItem","position":3,"name":"WiFi Bew\u00e4sserungsset f\u00fcr Topfpflanzen"}]}]}},"jetpack_sharing_enabled":true,"_links":{"self":[{"href":"https:\/\/www.plantcaretools.com\/de\/wp-json\/wp\/v2\/product\/8330","targetHints":{"allow":["GET"]}}],"collection":[{"href":"https:\/\/www.plantcaretools.com\/de\/wp-json\/wp\/v2\/product"}],"about":[{"href":"https:\/\/www.plantcaretools.com\/de\/wp-json\/wp\/v2\/types\/product"}],"replies":[{"embeddable":true,"href":"https:\/\/www.plantcaretools.com\/de\/wp-json\/wp\/v2\/comments?post=8330"}],"wp:featuredmedia":[{"embeddable":true,"href":"https:\/\/www.plantcaretools.com\/de\/wp-json\/wp\/v2\/media\/19583"}],"wp:attachment":[{"href":"https:\/\/www.plantcaretools.com\/de\/wp-json\/wp\/v2\/media?parent=8330"}],"wp:term":[{"taxonomy":"product_brand","embeddable":true,"href":"https:\/\/www.plantcaretools.com\/de\/wp-json\/wp\/v2\/product_brand?post=8330"},{"taxonomy":"product_cat","embeddable":true,"href":"https:\/\/www.plantcaretools.com\/de\/wp-json\/wp\/v2\/product_cat?post=8330"},{"taxonomy":"product_tag","embeddable":true,"href":"https:\/\/www.plantcaretools.com\/de\/wp-json\/wp\/v2\/product_tag?post=8330"}],"curies":[{"name":"wp","href":"https:\/\/api.w.org\/{rel}","templated":true}]}}