{"id":8391,"date":"2021-04-11T16:31:58","date_gmt":"2021-04-11T14:31:58","guid":{"rendered":"https:\/\/www.plantcaretools.com\/unkategorisiert\/drahtloser-bodenfeuchtemonitor-mit-sensor\/"},"modified":"2025-03-30T12:27:17","modified_gmt":"2025-03-30T10:27:17","slug":"drahtloser-bodenfeuchtemonitor-mit-sensor","status":"publish","type":"product","link":"https:\/\/www.plantcaretools.com\/de\/produkt\/messgerate\/drahtloser-bodenfeuchtemonitor-mit-sensor\/","title":{"rendered":"Drahtloser Bodenfeuchtemonitor mit Sensor"},"content":{"rendered":"<p>Der drahtloser Bodenfeuchtemonitor RainPoint mit Sensor \u00fcberwacht die Bodenfeuchtigkeit und Bodentemperatur in Echtzeit. Sie k\u00f6nnen insgesamt 3 Sensoren anschlie\u00dfen. <strong><a href=\"https:\/\/www.plantcaretools.com\/de\/produkt\/bewasserungssysteme\/zusatzlicher-sensor-fuer-den-drahtlosen-bodenfeuchtemonitor\/\">Zus\u00e4tzliche Sensoren<\/a><\/strong> finden Sie in unserem Webshop. Der Monitor empf\u00e4ngt alle 6 Minuten ein Funksignal (433 MHz) von den Sensoren mit den Bodenfeuchtedaten (in%) und den Bodentemperatur. Der Monitor zeigt auch die Innentemperatur an. Sie k\u00f6nnen die Sensoren auch im Freien und den Monitor nur in Innenr\u00e4umen verwenden. Mit der CH-Taste des Monitors k\u00f6nnen Sie einfach zwischen max. 3 Sensoren wechseln. Der maximale Bereich zwischen dem Monitor und den Sensoren betr\u00e4gt ca. 60 M.<\/p>\n<p>&#8211; Sehr einfach zu installieren (nur 5 min.). Plug and Play.<br \/>\n&#8211; Der Monitor zeigt nicht nur die Bodenfeuchtigkeit in% an, sondern auch, ob der Boden DRY (= trocken 0-20%), OK (= gut 20-60%) oder WET (= nass 60-100%) ist. Updates alle 6 Minuten.<br \/>\n&#8211; Niedrige Batterieanzeige des Sensors und des Monitors im Display.<br \/>\n&#8211; Innentemperaturbereich: -10 \u00b0 C bis +60 \u00b0 C.<br \/>\n&#8211; Bodentemperaturbereich: -10 \u00b0 C bis +60 \u00b0 C.<br \/>\n&#8211; Bodenfeuchtigkeitsbereich: 0% &#8211; 100% relative Feuchtigkeit (= RH im Display).<br \/>\n&#8211; Mit den schwarzen Tasten k\u00f6nnen Sie auch den Bodenfeuchtigkeitsgrad am Sensor selbst ablesen.<br \/>\n&#8211; Der Monitor verwendet 2X AAA-Batterien. Sie dauern etwa 1 Jahr.<br \/>\n&#8211; Der Sensor verwendet 3X AAA-Batterien. Sie dauern etwa 1 Jahr.<\/p>\n","protected":false},"excerpt":{"rendered":"<h2>Der drahtlose Bodenfeuchtemessger\u00e4t RainPoint mit Sensor \u00fcberwacht die Bodenfeuchtigkeit und Bodentemperatur in Echtzeit. Sie k\u00f6nnen insgesamt 3 Sensoren anschlie\u00dfen. <a href=\"https:\/\/www.plantcaretools.com\/de\/product\/zusaetzlicher-sensor-fuer-den-drahtlosen-bodenfeuchtemonitor\/\">Zus\u00e4tzliche Sensoren<\/a> finden Sie in unserem Webshop.<\/h2>\n<p>Der Monitor empf\u00e4ngt alle 6 Minuten ein Funksignal (433 MHz) von den Sensoren mit den Bodenfeuchtedaten (in%) und den Bodentemperatur. Der Monitor zeigt auch die Innentemperatur an. Sie k\u00f6nnen die Sensoren auch im Freien und den Monitor nur in Innenr\u00e4umen verwenden. Mit der CH-Taste des Monitors k\u00f6nnen Sie einfach zwischen max. 3 Sensoren wechseln. Der maximale Bereich zwischen dem Monitor und den Sensoren betr\u00e4gt ca. 60 M.<\/p>\n","protected":false},"featured_media":8396,"comment_status":"open","ping_status":"closed","template":"","meta":{"_acf_changed":false},"product_brand":[],"product_cat":[116],"product_tag":[],"class_list":{"0":"post-8391","1":"product","2":"type-product","3":"status-publish","4":"has-post-thumbnail","6":"product_cat-messgerate","8":"first","9":"outofstock","10":"taxable","11":"shipping-taxable","12":"purchasable","13":"product-type-simple"},"acf":[],"yoast_head":"<!-- This site is optimized with the Yoast SEO Premium plugin v26.1 (Yoast SEO v27.3) - https:\/\/yoast.com\/product\/yoast-seo-premium-wordpress\/ -->\n<title>Drahtloser Bodenfeuchtemonitor mit Sensor - Plant Care Tools<\/title>\n<meta name=\"description\" content=\"Ein RainPoint drahtloser Bodenfeuchtemonitor mit Sensor \u00fcberwacht die Bodenfeuchtigkeit und Bodentemperatur in Echtzeit. (Max. 3 Sensoren)\" \/>\n<meta name=\"robots\" content=\"index, follow, max-snippet:-1, max-image-preview:large, max-video-preview:-1\" \/>\n<link rel=\"canonical\" href=\"https:\/\/www.plantcaretools.com\/de\/produkt\/messgerate\/drahtloser-bodenfeuchtemonitor-mit-sensor\/\" \/>\n<script type=\"application\/ld+json\" class=\"yoast-schema-graph\">{\"@context\":\"https:\\\/\\\/schema.org\",\"@graph\":[{\"@type\":\"BreadcrumbList\",\"@id\":\"https:\\\/\\\/www.plantcaretools.com\\\/de\\\/produkt\\\/messgerate\\\/drahtloser-bodenfeuchtemonitor-mit-sensor\\\/#breadcrumb\",\"itemListElement\":[{\"@type\":\"ListItem\",\"position\":1,\"name\":\"Home\",\"item\":\"https:\\\/\\\/www.plantcaretools.com\\\/de\\\/\"},{\"@type\":\"ListItem\",\"position\":2,\"name\":\"Produkte\",\"item\":\"https:\\\/\\\/www.plantcaretools.com\\\/de\\\/produkte\\\/\"},{\"@type\":\"ListItem\",\"position\":3,\"name\":\"Drahtloser Bodenfeuchtemonitor mit Sensor\"}]}]}<\/script>\n<!-- \/ Yoast SEO Premium plugin. -->","yoast_head_json":{"title":"Drahtloser Bodenfeuchtemonitor mit Sensor - Plant Care Tools","description":"Ein RainPoint drahtloser Bodenfeuchtemonitor mit Sensor \u00fcberwacht die Bodenfeuchtigkeit und Bodentemperatur in Echtzeit. (Max. 3 Sensoren)","robots":{"index":"index","follow":"follow","max-snippet":"max-snippet:-1","max-image-preview":"max-image-preview:large","max-video-preview":"max-video-preview:-1"},"canonical":"https:\/\/www.plantcaretools.com\/de\/produkt\/messgerate\/drahtloser-bodenfeuchtemonitor-mit-sensor\/","schema":{"@context":"https:\/\/schema.org","@graph":[{"@type":"BreadcrumbList","@id":"https:\/\/www.plantcaretools.com\/de\/produkt\/messgerate\/drahtloser-bodenfeuchtemonitor-mit-sensor\/#breadcrumb","itemListElement":[{"@type":"ListItem","position":1,"name":"Home","item":"https:\/\/www.plantcaretools.com\/de\/"},{"@type":"ListItem","position":2,"name":"Produkte","item":"https:\/\/www.plantcaretools.com\/de\/produkte\/"},{"@type":"ListItem","position":3,"name":"Drahtloser Bodenfeuchtemonitor mit Sensor"}]}]}},"jetpack_sharing_enabled":true,"_links":{"self":[{"href":"https:\/\/www.plantcaretools.com\/de\/wp-json\/wp\/v2\/product\/8391","targetHints":{"allow":["GET"]}}],"collection":[{"href":"https:\/\/www.plantcaretools.com\/de\/wp-json\/wp\/v2\/product"}],"about":[{"href":"https:\/\/www.plantcaretools.com\/de\/wp-json\/wp\/v2\/types\/product"}],"replies":[{"embeddable":true,"href":"https:\/\/www.plantcaretools.com\/de\/wp-json\/wp\/v2\/comments?post=8391"}],"wp:featuredmedia":[{"embeddable":true,"href":"https:\/\/www.plantcaretools.com\/de\/wp-json\/wp\/v2\/media\/8396"}],"wp:attachment":[{"href":"https:\/\/www.plantcaretools.com\/de\/wp-json\/wp\/v2\/media?parent=8391"}],"wp:term":[{"taxonomy":"product_brand","embeddable":true,"href":"https:\/\/www.plantcaretools.com\/de\/wp-json\/wp\/v2\/product_brand?post=8391"},{"taxonomy":"product_cat","embeddable":true,"href":"https:\/\/www.plantcaretools.com\/de\/wp-json\/wp\/v2\/product_cat?post=8391"},{"taxonomy":"product_tag","embeddable":true,"href":"https:\/\/www.plantcaretools.com\/de\/wp-json\/wp\/v2\/product_tag?post=8391"}],"curies":[{"name":"wp","href":"https:\/\/api.w.org\/{rel}","templated":true}]}}