{"id":8432,"date":"2021-04-11T17:01:55","date_gmt":"2021-04-11T15:01:55","guid":{"rendered":"https:\/\/www.plantcaretools.com\/unkategorisiert\/zusaetzlicher-sensor-fuer-den-drahtlosen-bodenfeuchtemonitor\/"},"modified":"2024-06-16T11:28:40","modified_gmt":"2024-06-16T09:28:40","slug":"zusatzlicher-sensor-fuer-den-drahtlosen-bodenfeuchtemonitor","status":"publish","type":"product","link":"https:\/\/www.plantcaretools.com\/de\/produkt\/messgerate\/zusatzlicher-sensor-fuer-den-drahtlosen-bodenfeuchtemonitor\/","title":{"rendered":"Zus\u00e4tzlicher Sensor f\u00fcr den drahtlosen Bodenfeuchtemonitor"},"content":{"rendered":"<h2>Zus\u00e4tzlicher Sensor f\u00fcr den drahtlosen Bodenfeuchtemonitor. Dies ist kein eigenst\u00e4ndiges Produkt!<\/h2>\n<p>Dazu ben\u00f6tigen Sie den <strong><a href=\"https:\/\/www.plantcaretools.com\/de\/product\/drahtloser-bodenfeuchtemonitor-mit-sensor\/\">drahtlosen Bodenfeuchtemonitor<\/a><\/strong>, das auch in unserem Webshop erh\u00e4ltlich ist. Mit dem Drahtlosen Bodenfeuchtemonitor k\u00f6nnen Sie bis zu 3 Sensoren installieren. Sie wechseln zwischen den 3 Sensoren mit der CH-Taste am Monitor. Der Sensor misst den Bodenfeuchtigkeitsprozentsatz und die Bodentemperatur. Kann sowohl drinnen als auch drau\u00dfen verwendet werden. Der Sensor verwendet 3X AAA-Batterien, die ungef\u00e4hr 1 Jahr halten. Weitere Informationen finden Sie in der Beschreibung des <strong><a href=\"https:\/\/www.plantcaretools.com\/de\/product\/drahtloser-bodenfeuchtemonitor-mit-sensor\/\">drahtlosen Bodenfeuchtemonitors mit Sensor<\/a><\/strong>.<\/p>\n<p>Der drahtlose Bodenfeuchtemessger\u00e4t RainPoint mit Sensor \u00fcberwacht die Bodenfeuchtigkeit und Bodentemperatur in Echtzeit. Sie k\u00f6nnen insgesamt 3 Sensoren anschlie\u00dfen. Der Monitor empf\u00e4ngt alle 6 Minuten ein Funksignal (433 MHz) von den Sensoren mit den Bodenfeuchtedaten (in%) und den Bodentemperatur. Der Monitor zeigt auch die Innentemperatur an. Sie k\u00f6nnen die Sensoren auch im Freien und den Monitor nur in Innenr\u00e4umen verwenden. Mit der CH-Taste des Monitors k\u00f6nnen Sie einfach zwischen max. 3 Sensoren wechseln. Der maximale Bereich zwischen dem Monitor und den Sensoren betr\u00e4gt ca. 60 M.<\/p>\n<p>\u2013 Sehr einfach zu installieren (nur 5 min.). Plug and Play.<br \/>\n\u2013 Der Monitor zeigt nicht nur die Bodenfeuchtigkeit in% an, sondern auch, ob der Boden DRY (= trocken 0-20%), OK (= gut 20-60%) oder WET (= nass 60-100%) ist. Updates alle 6 Minuten.<br \/>\n\u2013 Niedrige Batterieanzeige des Sensors und des Monitors im Display.<br \/>\n\u2013 Innentemperaturbereich: -10 \u00b0 C bis +60 \u00b0 C.<br \/>\n\u2013 Bodentemperaturbereich: -10 \u00b0 C bis +60 \u00b0 C.<br \/>\n\u2013 Bodenfeuchtigkeitsbereich: 0% \u2013 100% relative Feuchtigkeit (= RH im Display).<br \/>\n\u2013 Mit den schwarzen Tasten k\u00f6nnen Sie auch den Bodenfeuchtigkeitsgrad am Sensor selbst ablesen.<br \/>\n\u2013 Der Monitor verwendet 2X AAA-Batterien. Sie dauern etwa 1 Jahr.<br \/>\n\u2013 Der Sensor verwendet 3X AAA-Batterien. Sie dauern etwa 1 Jahr.<\/p>\n","protected":false},"excerpt":{"rendered":"<h2>Dies ist kein eigenst\u00e4ndiges Produkt!<\/h2>\n<p>Dazu ben\u00f6tigen Sie den <strong><a href=\"https:\/\/www.plantcaretools.com\/de\/product\/drahtloser-bodenfeuchtemonitor-mit-sensor\/\">drahtlosen Bodenfeuchtemonitor<\/a><\/strong>, das auch in unserem Webshop erh\u00e4ltlich ist. Mit dem Drahtlosen Bodenfeuchtemonitor k\u00f6nnen Sie bis zu 3 Sensoren installieren. Sie wechseln zwischen den 3 Sensoren mit der CH-Taste am Monitor. Der Sensor misst den Bodenfeuchtigkeitsprozentsatz und die Bodentemperatur. Kann sowohl drinnen als auch drau\u00dfen verwendet werden. Der Sensor verwendet 3X AAA-Batterien, die ungef\u00e4hr 1 Jahr halten. Weitere Informationen finden Sie in der Beschreibung des <strong><a href=\"https:\/\/www.plantcaretools.com\/de\/product\/drahtloser-bodenfeuchtemonitor-mit-sensor\/\">drahtlosen Bodenfeuchtemonitors mit Sensor<\/a><\/strong>.<\/p>\n","protected":false},"featured_media":3855,"comment_status":"open","ping_status":"closed","template":"","meta":{"_acf_changed":false},"product_brand":[],"product_cat":[116],"product_tag":[],"class_list":{"0":"post-8432","1":"product","2":"type-product","3":"status-publish","4":"has-post-thumbnail","6":"product_cat-messgerate","8":"first","9":"outofstock","10":"taxable","11":"shipping-taxable","12":"purchasable","13":"product-type-simple"},"acf":[],"yoast_head":"<!-- This site is optimized with the Yoast SEO Premium plugin v26.1 (Yoast SEO v27.3) - https:\/\/yoast.com\/product\/yoast-seo-premium-wordpress\/ -->\n<title>Zus\u00e4tzlicher Sensor f\u00fcr Bodenfeuchtemonitor - Plant Care Tools<\/title>\n<meta name=\"description\" content=\"Zus\u00e4tzlicher Sensor f\u00fcr Bodenfeuchtemonitor Dazu ben\u00f6tigen Sie den drahtlosen Bodenfeuchtemonitor, das auch in unserem Webshop erh\u00e4ltlich ist.\" \/>\n<meta name=\"robots\" content=\"index, follow, max-snippet:-1, max-image-preview:large, max-video-preview:-1\" \/>\n<link rel=\"canonical\" href=\"https:\/\/www.plantcaretools.com\/de\/produkt\/messgerate\/zusatzlicher-sensor-fuer-den-drahtlosen-bodenfeuchtemonitor\/\" \/>\n<script type=\"application\/ld+json\" class=\"yoast-schema-graph\">{\"@context\":\"https:\\\/\\\/schema.org\",\"@graph\":[{\"@type\":\"BreadcrumbList\",\"@id\":\"https:\\\/\\\/www.plantcaretools.com\\\/de\\\/produkt\\\/messgerate\\\/zusatzlicher-sensor-fuer-den-drahtlosen-bodenfeuchtemonitor\\\/#breadcrumb\",\"itemListElement\":[{\"@type\":\"ListItem\",\"position\":1,\"name\":\"Home\",\"item\":\"https:\\\/\\\/www.plantcaretools.com\\\/de\\\/\"},{\"@type\":\"ListItem\",\"position\":2,\"name\":\"Produkte\",\"item\":\"https:\\\/\\\/www.plantcaretools.com\\\/de\\\/produkte\\\/\"},{\"@type\":\"ListItem\",\"position\":3,\"name\":\"Zus\u00e4tzlicher Sensor f\u00fcr den drahtlosen Bodenfeuchtemonitor\"}]}]}<\/script>\n<!-- \/ Yoast SEO Premium plugin. -->","yoast_head_json":{"title":"Zus\u00e4tzlicher Sensor f\u00fcr Bodenfeuchtemonitor - Plant Care Tools","description":"Zus\u00e4tzlicher Sensor f\u00fcr Bodenfeuchtemonitor Dazu ben\u00f6tigen Sie den drahtlosen Bodenfeuchtemonitor, das auch in unserem Webshop erh\u00e4ltlich ist.","robots":{"index":"index","follow":"follow","max-snippet":"max-snippet:-1","max-image-preview":"max-image-preview:large","max-video-preview":"max-video-preview:-1"},"canonical":"https:\/\/www.plantcaretools.com\/de\/produkt\/messgerate\/zusatzlicher-sensor-fuer-den-drahtlosen-bodenfeuchtemonitor\/","schema":{"@context":"https:\/\/schema.org","@graph":[{"@type":"BreadcrumbList","@id":"https:\/\/www.plantcaretools.com\/de\/produkt\/messgerate\/zusatzlicher-sensor-fuer-den-drahtlosen-bodenfeuchtemonitor\/#breadcrumb","itemListElement":[{"@type":"ListItem","position":1,"name":"Home","item":"https:\/\/www.plantcaretools.com\/de\/"},{"@type":"ListItem","position":2,"name":"Produkte","item":"https:\/\/www.plantcaretools.com\/de\/produkte\/"},{"@type":"ListItem","position":3,"name":"Zus\u00e4tzlicher Sensor f\u00fcr den drahtlosen Bodenfeuchtemonitor"}]}]}},"jetpack_sharing_enabled":true,"_links":{"self":[{"href":"https:\/\/www.plantcaretools.com\/de\/wp-json\/wp\/v2\/product\/8432","targetHints":{"allow":["GET"]}}],"collection":[{"href":"https:\/\/www.plantcaretools.com\/de\/wp-json\/wp\/v2\/product"}],"about":[{"href":"https:\/\/www.plantcaretools.com\/de\/wp-json\/wp\/v2\/types\/product"}],"replies":[{"embeddable":true,"href":"https:\/\/www.plantcaretools.com\/de\/wp-json\/wp\/v2\/comments?post=8432"}],"wp:featuredmedia":[{"embeddable":true,"href":"https:\/\/www.plantcaretools.com\/de\/wp-json\/wp\/v2\/media\/3855"}],"wp:attachment":[{"href":"https:\/\/www.plantcaretools.com\/de\/wp-json\/wp\/v2\/media?parent=8432"}],"wp:term":[{"taxonomy":"product_brand","embeddable":true,"href":"https:\/\/www.plantcaretools.com\/de\/wp-json\/wp\/v2\/product_brand?post=8432"},{"taxonomy":"product_cat","embeddable":true,"href":"https:\/\/www.plantcaretools.com\/de\/wp-json\/wp\/v2\/product_cat?post=8432"},{"taxonomy":"product_tag","embeddable":true,"href":"https:\/\/www.plantcaretools.com\/de\/wp-json\/wp\/v2\/product_tag?post=8432"}],"curies":[{"name":"wp","href":"https:\/\/api.w.org\/{rel}","templated":true}]}}