{"id":3923,"date":"2021-01-08T11:40:03","date_gmt":"2021-01-08T10:40:03","guid":{"rendered":"https:\/\/www.plantcaretools.com\/?page_id=3923"},"modified":"2023-01-27T23:14:44","modified_gmt":"2023-01-27T22:14:44","slug":"politique-de-confidentialite","status":"publish","type":"page","link":"https:\/\/www.plantcaretools.com\/fr\/politique-de-confidentialite\/","title":{"rendered":"Politique de confidentialit\u00e9"},"content":{"rendered":"<div class=\"gb-container gb-container-21ae24d4 alignfull\"><div class=\"gb-inside-container\">\n<div class=\"gb-grid-wrapper gb-grid-wrapper-334c6095\">\n<div class=\"gb-grid-column gb-grid-column-ba4ef4a2\"><div class=\"gb-container gb-container-ba4ef4a2\"><div class=\"gb-inside-container\">\n\n<h1 class=\"has-text-align-center has-palette-color-8-color has-text-color wp-block-heading\">Politique de confidentialit\u00e9<\/h1>\n\n<\/div><\/div><\/div>\n<\/div>\n<\/div><\/div>\n\n<div class=\"gb-container gb-container-2fc2a6cd bg-gradient-vertical  alignfull\"><div class=\"gb-inside-container\">\n<div class=\"gb-grid-wrapper gb-grid-wrapper-7197edf6\">\n<div class=\"gb-grid-column gb-grid-column-c43b0b7d\"><div class=\"gb-container gb-container-c43b0b7d\"><div class=\"gb-inside-container\">\n<span><span><a href=\"https:\/\/www.plantcaretools.com\/fr\/\">Home<\/a><\/span><\/span>\n\n<\/div><\/div><\/div>\n<\/div>\n<\/div><\/div>\n\n<div class=\"gb-container gb-container-f6d3662b\"><div class=\"gb-inside-container\">\n\n<h2 class=\"wp-block-heading\">Politique de confidentialit\u00e9 RIQ Intelligent Tools SARL<\/h2>\n\n\n\n<p>Nous sommes conscients que vous avez confiance en nous. Nous estimons donc que notre responsabilit\u00e9 est de prot\u00e9ger votre vie priv\u00e9e. Sur cette politique de confidentialit\u00e9, nous vous informons des informations que nous recueillons lorsque vous utilisez notre site Web, des raisons pour lesquelles nous les recueillons et de la mani\u00e8re dont nous les utilisons pour am\u00e9liorer votre exp\u00e9rience utilisateur. De cette fa\u00e7on, vous comprenez exactement comment nous travaillons.<\/p>\n\n\n\n<p>Cette politique de confidentialit\u00e9 s&#8217;applique aux services de RIQ Intelligent Tools SARL. Vous devez savoir que RIQ Intelligent Tools SARL n&#8217;est pas responsable des politiques de confidentialit\u00e9 des autres sites et sources. En utilisant ce site, vous acceptez la politique de confidentialit\u00e9.<\/p>\n\n\n\n<p>RIQ Intelligent Tools SARL respecte la vie priv\u00e9e de tous les utilisateurs de son site et garantit que les informations personnelles que vous lui communiquez sont trait\u00e9es de mani\u00e8re confidentielle.<\/p>\n\n\n\n<h3 class=\"wp-block-heading\">Utilisation de nos services<\/h3>\n\n\n\n<p>Lorsque vous vous inscrivez \u00e0 l&#8217;un de nos services, nous vous demandons de fournir des informations personnelles. Ces donn\u00e9es sont utilis\u00e9es pour effectuer le service. Les donn\u00e9es sont stock\u00e9es sur des serveurs s\u00e9curis\u00e9s de RIQ Intelligent Tools SARL ou de tiers. Nous ne combinerons pas ces donn\u00e9es avec d&#8217;autres donn\u00e9es personnelles que nous avons.<\/p>\n\n\n\n<h3 class=\"wp-block-heading\">Communication<\/h3>\n\n\n\n<p>Lorsque vous nous envoyez des courriels ou d\u2019autres messages, nous pouvons enregistrer ces messages. Parfois, nous vous demandons des informations personnelles pertinentes pour la situation en question. Cela permet de traiter vos questions et de r\u00e9pondre \u00e0 vos demandes. Les donn\u00e9es sont stock\u00e9es sur des serveurs s\u00e9curis\u00e9s de RIQ Intelligent Tools SARL ou de tiers. Nous ne combinerons pas ces donn\u00e9es avec d&#8217;autres donn\u00e9es personnelles que nous avons.<\/p>\n\n\n\n<h3 class=\"wp-block-heading\">Cookies<\/h3>\n\n\n\n<p>Nous recueillons des donn\u00e9es \u00e0 des fins de recherche afin de mieux comprendre nos clients et d\u2019adapter nos services en cons\u00e9quence.<br>Ce site utilise des &#8220;cookies&#8221; (fichiers texte plac\u00e9s sur votre ordinateur) pour aider le site \u00e0 analyser l&#8217;utilisation du site par les utilisateurs. Les informations g\u00e9n\u00e9r\u00e9es par le cookie concernant votre utilisation du site Web peuvent \u00eatre transf\u00e9r\u00e9es vers des serveurs s\u00e9curis\u00e9s de RIQ Intelligent Tools SARL ou ceux d&#8217;un tiers. Nous utilisons ces informations pour suivre votre utilisation du site Web, pr\u00e9parer des rapports sur l&#8217;activit\u00e9 du site Web et proposer d&#8217;autres services li\u00e9s \u00e0 l&#8217;activit\u00e9 du site Web et \u00e0 l&#8217;utilisation d&#8217;Internet.<\/p>\n\n\n\n<h3 class=\"wp-block-heading\">Objectifs<\/h3>\n\n\n\n<p>Nous, RIQ Intelligent Tools SARL, ne collectons ni n&#8217;utilisons d&#8217;informations \u00e0 des fins autres que celles d\u00e9crites dans la pr\u00e9sente politique de confidentialit\u00e9, \u00e0 moins d&#8217;avoir obtenu votre permission \u00e0 l&#8217;avance.<\/p>\n\n\n\n<h3 class=\"wp-block-heading\">Tiers<\/h3>\n\n\n\n<p>Les informations ne sont pas partag\u00e9es avec des tiers, \u00e0 l&#8217;exception des applications Web que nous utilisons pour notre boutique en ligne. Ces donn\u00e9es seront uniquement utilis\u00e9es aux fins de l&#8217;application concern\u00e9e et ne seront plus distribu\u00e9es. De plus, dans certains cas, les informations peuvent \u00eatre partag\u00e9es en interne. Nos employ\u00e9s sont oblig\u00e9s de respecter la confidentialit\u00e9 de vos donn\u00e9es.<\/p>\n\n\n\n<h3 class=\"wp-block-heading\">Changements<\/h3>\n\n\n\n<p>Cette d\u00e9claration de confidentialit\u00e9 est adapt\u00e9e \u00e0 l&#8217;utilisation et aux possibilit\u00e9s de ce site. Tout ajustement et \/ ou modification de ce site peut entra\u00eener des modifications dans cette d\u00e9claration de confidentialit\u00e9. Il est donc conseill\u00e9 de consulter r\u00e9guli\u00e8rement cette d\u00e9claration de confidentialit\u00e9.<\/p>\n\n\n\n<h3 class=\"wp-block-heading\">Choix de donn\u00e9es personnelles<\/h3>\n\n\n\n<p>Nous offrons \u00e0 tous les visiteurs la possibilit\u00e9 de voir, de modifier ou de supprimer toutes les informations personnelles qui nous ont \u00e9t\u00e9 fournies \u00e0 ce moment-l\u00e0.<\/p>\n\n\n\n<h3 class=\"wp-block-heading\">Ajuster \/ d\u00e9sinscrire le service de newsletter<\/h3>\n\n\n\n<p>Au bas de chaque mailing, vous trouverez la possibilit\u00e9 d&#8217;ajuster vos donn\u00e9es ou de vous d\u00e9sabonner.<\/p>\n\n\n\n<h3 class=\"wp-block-heading\">Ajuster \/ d\u00e9sinscrire la communication<\/h3>\n\n\n\n<p>Si vous souhaitez modifier vos donn\u00e9es ou vous faire effacer de nos fichiers, vous pouvez nous contacter. Voir les coordonn\u00e9es ci-dessous.<\/p>\n\n\n\n<h3 class=\"wp-block-heading\">D\u00e9sactiver les cookies<\/h3>\n\n\n\n<p>La plupart des navigateurs sont configur\u00e9s par d\u00e9faut pour accepter les cookies, mais vous pouvez r\u00e9initialiser votre navigateur pour refuser tous les cookies ou pour indiquer quand un cookie est envoy\u00e9. Cependant, il est possible que certaines fonctions et services de nos sites Web et d&#8217;autres ne fonctionnent pas correctement si les cookies sont d\u00e9sactiv\u00e9s dans votre navigateur.<\/p>\n\n\n\n<h3 class=\"wp-block-heading\">Questions et commentaires<\/h3>\n\n\n\n<p>Nous v\u00e9rifions r\u00e9guli\u00e8rement si nous nous conformons \u00e0 cette politique de confidentialit\u00e9. Si vous avez des questions sur cette politique de confidentialit\u00e9, vous pouvez nous contacter:<br>RIQ Intelligent Tools SARL<br>120 Chemin des Noches<br>24390 Hautefort<br>FRANCE<br>+33 6 83 08 69 64<br>Website: <a href=\"https:\/\/www.plantcaretools.com\/fr\/\">www.plantacretools.com<\/a><br>Email: <a href=\"mailto:sales@plantcaretools.com\">sales@plantcaretools.com<\/a><\/p>\n\n\n\n<p>Selon le &#8220;r\u00e8glement g\u00e9n\u00e9ral sur la protection des donn\u00e9es&#8221;, les cookies sont consid\u00e9r\u00e9s comme des donn\u00e9es personnelles. Ce site utilise des cookies n\u00e9cessaires au bon fonctionnement de WordPress et de Google Analytics. En continuant \u00e0 utiliser notre site, vous consentez \u00e0 notre utilisation des cookies!<\/p>\n\n<\/div><\/div>\n\n\n<div style=\"height:100px\" aria-hidden=\"true\" class=\"wp-block-spacer mobile-25\"><\/div>\n","protected":false},"excerpt":{"rendered":"<p>Politique de confidentialit\u00e9 RIQ Intelligent Tools SARL Nous sommes conscients que vous avez confiance en nous. Nous estimons donc que notre responsabilit\u00e9 est de prot\u00e9ger votre vie priv\u00e9e. Sur cette politique de confidentialit\u00e9, nous vous informons des informations que nous recueillons lorsque vous utilisez notre site Web, des raisons pour lesquelles nous les recueillons et [&hellip;]<\/p>\n","protected":false},"author":1,"featured_media":0,"parent":0,"menu_order":0,"comment_status":"closed","ping_status":"closed","template":"","meta":{"_acf_changed":false,"footnotes":""},"class_list":["post-3923","page","type-page","status-publish","hentry"],"blocksy_meta":{"page_title_panel":"","has_hero_section":"disabled","6081c6a364f2b5d87ffd763b57b54215":"","hero_section":"type-1","hero_elements":[{"id":"custom_title","enabled":false,"heading_tag":"h1","title":"Home","__id":"9bqWP16xf8btRI_zUbGhU"},{"id":"custom_description","enabled":false,"description_visibility":{"desktop":true,"tablet":true,"mobile":false},"__id":"eeXO70ujvEcxI4AyU71pE"},{"id":"custom_meta","enabled":false,"meta_elements":[{"id":"author","enabled":true,"label":"By","has_author_avatar":"yes","avatar_size":25},{"id":"post_date","enabled":true,"label":"On","date_format_source":"default","date_format":"M j, Y"},{"id":"comments","enabled":true}],"page_meta_elements":{"joined":true,"articles_count":true,"comments":true},"__id":"yH-9z2Z81QMocuenKzwoq"},{"id":"breadcrumbs","enabled":false,"__id":"Ew249MZSo8AtJAhVkUkMP"}],"af5b5a3ba540ab74942ecb5004bc2f94":"","hero_alignment1":{"0":"l","1":"e","2":"f","3":"t","desktop":"left","tablet":"left","mobile":"left","__changed":[]},"hero_margin":{"desktop":"50","tablet":30,"mobile":30,"__changed":[]},"hero_alignment2":"center","hero_vertical_alignment":"center","dd53a0514fce4871be299d3c0c74b959":"","hero_structure":"narrow","1f3f8338072212d8699c8639cac5c769":"","page_title_bg_type":"featured_image","custom_hero_background":{"attachment_id":null},"parallax":{"desktop":false,"tablet":false,"mobile":false},"2c5aabcd6b607dc5f2f964a725ad40b1":"","hero_height":"250px","pageTitleFont":{"family":"Default","variation":"Default","size":{"desktop":"32px","tablet":"30px","mobile":"25px"},"line-height":"CT_CSS_SKIP_RULE","letter-spacing":"CT_CSS_SKIP_RULE","text-transform":"CT_CSS_SKIP_RULE","text-decoration":"CT_CSS_SKIP_RULE"},"pageTitleFontColor":{"default":{"color":"CT_CSS_SKIP_RULEDEFAULT"}},"pageMetaFont":{"family":"Default","variation":"n6","size":"12px","line-height":"1.3","letter-spacing":"CT_CSS_SKIP_RULE","text-transform":"uppercase","text-decoration":"CT_CSS_SKIP_RULE"},"pageMetaFontColor":{"default":{"color":"CT_CSS_SKIP_RULEDEFAULT"},"hover":{"color":"CT_CSS_SKIP_RULEDEFAULT"}},"pageExcerptFont":{"family":"Default","variation":"Default","size":"CT_CSS_SKIP_RULE","line-height":"CT_CSS_SKIP_RULE","letter-spacing":"CT_CSS_SKIP_RULE","text-transform":"CT_CSS_SKIP_RULE","text-decoration":"CT_CSS_SKIP_RULE"},"pageExcerptColor":{"default":{"color":"CT_CSS_SKIP_RULEDEFAULT"}},"breadcrumbsFont":{"family":"Default","variation":"n6","size":"12px","line-height":"CT_CSS_SKIP_RULE","letter-spacing":"CT_CSS_SKIP_RULE","text-transform":"uppercase","text-decoration":"CT_CSS_SKIP_RULE"},"breadcrumbsFontColor":{"default":{"color":"CT_CSS_SKIP_RULEDEFAULT"},"initial":{"color":"CT_CSS_SKIP_RULEDEFAULT"},"hover":{"color":"CT_CSS_SKIP_RULEDEFAULT"}},"pageTitleOverlay":{"default":{"color":"CT_CSS_SKIP_RULE"}},"pageTitleBackground":{"background_type":"color","background_pattern":"type-1","background_image":{"attachment_id":null,"x":0,"y":0},"gradient":"linear-gradient(135deg,rgba(6,147,227,1) 0%,rgb(155,81,224) 100%)","background_repeat":"no-repeat","background_size":"auto","background_attachment":"scroll","patternColor":{"default":{"color":"#e5e7ea"}},"overlayColor":{"default":{"color":"CT_CSS_SKIP_RULE"}},"backgroundColor":{"default":{"color":"#EDEFF2"}}},"7949938c3110f0425d52bfa5bfbda156":"","page_structure_type":"default","content_style":"inherit","vertical_spacing_source":"custom","content_area_spacing":"none","background":{"background_type":"color","background_pattern":"type-1","background_image":{"attachment_id":null,"x":0,"y":0},"gradient":"linear-gradient(135deg,rgba(6,147,227,1) 0%,rgb(155,81,224) 100%)","background_repeat":"no-repeat","background_size":"auto","background_attachment":"scroll","patternColor":{"default":{"color":"#e5e7ea"}},"overlayColor":{"default":{"color":"CT_CSS_SKIP_RULE"}},"backgroundColor":{"default":{"color":"CT_CSS_SKIP_RULE"}}},"content_background":{"background_type":"color","background_pattern":"type-1","background_image":{"attachment_id":null,"x":0,"y":0},"gradient":"linear-gradient(135deg,rgba(6,147,227,1) 0%,rgb(155,81,224) 100%)","background_repeat":"no-repeat","background_size":"auto","background_attachment":"scroll","patternColor":{"default":{"color":"#e5e7ea"}},"overlayColor":{"default":{"color":"CT_CSS_SKIP_RULE"}},"backgroundColor":{"default":{"color":"#ffffff"}}},"content_boxed_shadow":{"inherit":false,"blur":18,"spread":-6,"v_offset":12,"h_offset":0,"inset":false,"enable":true,"color":{"color":"rgba(34, 56, 101, 0.04)"}},"boxed_content_spacing":{"desktop":{"top":"40px","bottom":"40px","left":"40px","right":"40px","linked":true},"tablet":{"top":"35px","bottom":"35px","left":"35px","right":"35px","linked":true},"mobile":{"top":"20px","bottom":"20px","left":"20px","right":"20px","linked":true}},"content_boxed_radius":{"top":"3px","bottom":"3px","left":"3px","right":"3px","linked":true},"ebd491daf8645df0fa3b5d47c3e54094":"","disable_featured_image":"no","disable_header":"no","disable_footer":"no","8d4504031a3e99550d5eff939d516a6a":"","b9ad5b45feddc8793f34e21d4de6e656":"","eaf05b600f4954a3496c159f38dbe1ad":"","3fd154c53e4d4d43e84b58888a7248c4":"","ebe5ea441f0baeded954005490b143ca":"","ec770c4553490e7636c43e03827cfefa":"","cabf4bb948cb5e8d06628c5601e140d6":"","372750f44e68e5da50b4db7cee380539":"","e702ec85564835465da47ca888cc3130":"","774e74eff2bc650307a14b9658b171e1":"","da20b221f428cac20cf1e8c19418f238":"","c14f8bc8c1e4b72a3f2ef03863503695":"","pageTitlePadding":{"top":"50px","bottom":"50px","left":"auto","right":"auto","linked":true},"c240658df091026ea26bd62343924157":"","74a371d5f6a06e3cc9b482ef452046f2":"","0fdebc8e140f673e59085fa4767453ac":"","header_footer_scripts_panel":"","header_scripts":"","46309b4faf3a1b36fe2bb392c5779f7b":"","header_after_body_scripts":"","1876411f1bca147fd66e72d87a38941f":"","footer_scripts":"","styles_descriptor":{"styles":{"desktop":"","tablet":"","mobile":""},"google_fonts":[],"version":6}},"acf":[],"yoast_head":"<!-- This site is optimized with the Yoast SEO Premium plugin v26.1 (Yoast SEO v27.3) - https:\/\/yoast.com\/product\/yoast-seo-premium-wordpress\/ -->\n<title>Politique de confidentialit\u00e9 - Plant Care Tools<\/title>\n<meta name=\"description\" content=\"Politique de confidentialit\u00e9 - Plant Care Tools est la boutique en ligne pour tous les instruments de culture destin\u00e9s de votre maison.\" \/>\n<meta name=\"robots\" content=\"index, follow, max-snippet:-1, max-image-preview:large, max-video-preview:-1\" \/>\n<link rel=\"canonical\" href=\"https:\/\/www.plantcaretools.com\/fr\/politique-de-confidentialite\/\" \/>\n<script type=\"application\/ld+json\" class=\"yoast-schema-graph\">{\"@context\":\"https:\\\/\\\/schema.org\",\"@graph\":[{\"@type\":\"BreadcrumbList\",\"@id\":\"https:\\\/\\\/www.plantcaretools.com\\\/fr\\\/politique-de-confidentialite\\\/#breadcrumb\",\"itemListElement\":[{\"@type\":\"ListItem\",\"position\":1,\"name\":\"Home\",\"item\":\"https:\\\/\\\/www.plantcaretools.com\\\/fr\\\/\"},{\"@type\":\"ListItem\",\"position\":2,\"name\":\"Politique de confidentialit\u00e9\"}]}]}<\/script>\n<!-- \/ Yoast SEO Premium plugin. -->","yoast_head_json":{"title":"Politique de confidentialit\u00e9 - Plant Care Tools","description":"Politique de confidentialit\u00e9 - Plant Care Tools est la boutique en ligne pour tous les instruments de culture destin\u00e9s de votre maison.","robots":{"index":"index","follow":"follow","max-snippet":"max-snippet:-1","max-image-preview":"max-image-preview:large","max-video-preview":"max-video-preview:-1"},"canonical":"https:\/\/www.plantcaretools.com\/fr\/politique-de-confidentialite\/","schema":{"@context":"https:\/\/schema.org","@graph":[{"@type":"BreadcrumbList","@id":"https:\/\/www.plantcaretools.com\/fr\/politique-de-confidentialite\/#breadcrumb","itemListElement":[{"@type":"ListItem","position":1,"name":"Home","item":"https:\/\/www.plantcaretools.com\/fr\/"},{"@type":"ListItem","position":2,"name":"Politique de confidentialit\u00e9"}]}]}},"jetpack_sharing_enabled":true,"_links":{"self":[{"href":"https:\/\/www.plantcaretools.com\/fr\/wp-json\/wp\/v2\/pages\/3923","targetHints":{"allow":["GET"]}}],"collection":[{"href":"https:\/\/www.plantcaretools.com\/fr\/wp-json\/wp\/v2\/pages"}],"about":[{"href":"https:\/\/www.plantcaretools.com\/fr\/wp-json\/wp\/v2\/types\/page"}],"author":[{"embeddable":true,"href":"https:\/\/www.plantcaretools.com\/fr\/wp-json\/wp\/v2\/users\/1"}],"replies":[{"embeddable":true,"href":"https:\/\/www.plantcaretools.com\/fr\/wp-json\/wp\/v2\/comments?post=3923"}],"version-history":[{"count":2,"href":"https:\/\/www.plantcaretools.com\/fr\/wp-json\/wp\/v2\/pages\/3923\/revisions"}],"predecessor-version":[{"id":14538,"href":"https:\/\/www.plantcaretools.com\/fr\/wp-json\/wp\/v2\/pages\/3923\/revisions\/14538"}],"wp:attachment":[{"href":"https:\/\/www.plantcaretools.com\/fr\/wp-json\/wp\/v2\/media?parent=3923"}],"curies":[{"name":"wp","href":"https:\/\/api.w.org\/{rel}","templated":true}]}}