{"id":3930,"date":"2022-05-27T09:45:40","date_gmt":"2022-05-27T07:45:40","guid":{"rendered":"https:\/\/www.plantcaretools.com\/?page_id=3930"},"modified":"2023-01-27T23:18:47","modified_gmt":"2023-01-27T22:18:47","slug":"conditions-generales-de-vente","status":"publish","type":"page","link":"https:\/\/www.plantcaretools.com\/fr\/conditions-generales-de-vente\/","title":{"rendered":"Conditions g\u00e9n\u00e9rales de vente"},"content":{"rendered":"<div class=\"gb-container gb-container-21ae24d4 alignfull\"><div class=\"gb-inside-container\">\n<div class=\"gb-grid-wrapper gb-grid-wrapper-334c6095\">\n<div class=\"gb-grid-column gb-grid-column-ba4ef4a2\"><div class=\"gb-container gb-container-ba4ef4a2\"><div class=\"gb-inside-container\">\n\n<h1 class=\"has-text-align-center has-palette-color-8-color has-text-color wp-block-heading\">Conditions g\u00e9n\u00e9rales de vente<\/h1>\n\n<\/div><\/div><\/div>\n<\/div>\n<\/div><\/div>\n\n<div class=\"gb-container gb-container-2fc2a6cd bg-gradient-vertical  alignfull\"><div class=\"gb-inside-container\">\n<div class=\"gb-grid-wrapper gb-grid-wrapper-7197edf6\">\n<div class=\"gb-grid-column gb-grid-column-c43b0b7d\"><div class=\"gb-container gb-container-c43b0b7d\"><div class=\"gb-inside-container\">\n<span><span><a href=\"https:\/\/www.plantcaretools.com\/fr\/\">Home<\/a><\/span><\/span>\n\n<\/div><\/div><\/div>\n<\/div>\n<\/div><\/div>\n\n<div class=\"gb-container gb-container-5a409ee1\"><div class=\"gb-inside-container\">\n\n<p><strong>Conditions g\u00e9n\u00e9rales de vente<\/strong> <strong>RIQ Intelligent Tools SARL<\/strong><br>120 Chemin des Noches, 24390 Hautefort, France.<\/p>\n\n\n\n<p>Immatricul\u00e9e au Registre du Commerce et des Soci\u00e9t\u00e9s de PERIGUEUX<br>sous le num\u00e9ro d&#8217;enregistrement 503 602 609 00011.<br>au Capital Social de 7.500\u20ac,<br>Num\u00e9ro de TVA: FR53.503.602.609<br>repr\u00e9sent\u00e9e par G. Quaadvliet<\/p>\n\n\n\n<p>La soci\u00e9t\u00e9 peut \u00eatre jointe par email en cliquant sur le <a href=\"https:\/\/www.plantcaretools.com\/fr\/page-de-contact\/\">formulaire de contact<\/a> en bas du site.<\/p>\n\n\n\n<p>IMPORTANT. Veuillez lire attentivement les pr\u00e9sentes conditions g\u00e9n\u00e9rales de vente, car ce document d\u00e9crit les conditions g\u00e9n\u00e9rales de vente (les \u00abconditions\u00bb) sur lesquelles RIQ Intelligent Tools SARL (\u00abRIQ\u00bb \/ \u00abNous\u00bb \/ \u00abNos\u00bb \/ \u00abNotre\u00bb) passe un contrat avec vous en tant que client (&#8216;Le Client&#8217; \/ &#8216;Vous&#8217; \/ &#8216;Vos&#8217; \/ &#8216;Votre&#8217; \/ &#8216;Vous-m\u00eame&#8217;) pour la vente de nos produits (le &#8216;Produit&#8217; \/ &#8216;Marchandises&#8217;).<\/p>\n\n\n\n<p><strong>1. G\u00e9n\u00e9ral<\/strong><br>1.1. Les conditions mentionn\u00e9es ici s&#8217;appliquent \u00e0 toutes les offres de RIQ Intelligent Tools SARL (d\u00e9sormais appel\u00e9e RIQ) et \u00e0 tous les contrats avec les clients de RIQ.<br>1.2. Sauf exception explicite, les conditions autres que les pr\u00e9sentes ne sont pas l\u00e9gitimes.<br>1.3. Nous maintenons que, en confirmant votre commande, vous acceptez sans r\u00e9serve nos conditions g\u00e9n\u00e9rales de vente apr\u00e8s les avoir lues. Les conditions sont importantes pour vous et RIQ, car elles ont \u00e9t\u00e9 con\u00e7ues pour prot\u00e9ger vos droits en tant que client estim\u00e9, pour prot\u00e9ger nos droits en tant qu&#8217;entreprise et pour cr\u00e9er une entente entre nous.<\/p>\n\n\n\n<p><strong>2. Commande et r\u00e9alisation d&#8217;un contrat<\/strong><br>2.1. Les commandes peuvent \u00eatre pass\u00e9es en ligne via le site Web www.plantcaretools.com, par courrier \u00e9lectronique et par t\u00e9l\u00e9phone.<br>2.2. Nous sommes autoris\u00e9s \u00e0 refuser des commandes inf\u00e9rieures \u00e0 une certaine valeur de commande ou \u00e0 calculer des frais suppl\u00e9mentaires pour ces commandes. De plus, nous avons le droit de demander au client d&#8217;effectuer un paiement anticip\u00e9.<br>2.3. S&#8217;il n&#8217;est pas possible pour RIQ d&#8217;accepter une commande pour un produit donn\u00e9, peu importe la raison, RIQ tentera de livrer un produit comparable en termes de prix et de qualit\u00e9. La commande sera accept\u00e9e apr\u00e8s accord.<br>2.4. Lorsque vous passez une commande pour acheter un produit aupr\u00e8s de RIQ, nous vous enverrons un courrier \u00e9lectronique confirmant la r\u00e9ception de votre commande et contenant les d\u00e9tails de votre commande. Votre commande repr\u00e9sente une offre d&#8217;achat d&#8217;un produit que nous acceptons lorsque nous vous envoyons un e-mail de confirmation que nous avons exp\u00e9di\u00e9 vos marchandises (l &#8216;\u00abe-mail de confirmation d&#8217;exp\u00e9dition\u00bb). Il incombe au client de conserver une copie de et \/ ou d\u2019imprimer ces courriels pour pouvoir les consulter ult\u00e9rieurement.<br>Le contenu du contrat sera stock\u00e9. Vous pouvez enregistrer les conditions g\u00e9n\u00e9rales et les consulter facilement. Pour des raisons de s\u00e9curit\u00e9, les donn\u00e9es de votre commande ne sont pas disponibles via Internet. Nous gardons ces donn\u00e9es confidentielles conform\u00e9ment \u00e0 notre politique de confidentialit\u00e9.<br>2.5. Les produits de la m\u00eame commande qui ne sont pas inclus dans l&#8217;e-mail de confirmation d&#8217;envoi ne font pas partie de cette offre. Tant qu&#8217;il n&#8217;y a pas d&#8217;accord officiel, RIQ se r\u00e9serve le droit de modifier les prix et autres conditions.<\/p>\n\n\n\n<p><strong>3. prix<\/strong><br>3.1. Les prix sur le site Web de RIQ sont les prix r\u00e9els. Les prix des marchandises dans les envois peuvent varier en raison des modifications de prix qui ont eu lieu apr\u00e8s l&#8217;envoi des envois.<br>3.2. Tant qu&#8217;il n&#8217;y a pas d&#8217;accord officiel, RIQ a le droit de modifier les prix et autres conditions.<br>3.3. Tous les prix incluent les frais d&#8217;emballage et la TVA, et excluent les frais de transport, d&#8217;exp\u00e9dition et les contributions l\u00e9gales, sauf indication contraire.<br>3.4. RIQ est autoris\u00e9 \u00e0 effectuer des modifications de taxes et de co\u00fbts, m\u00eame apr\u00e8s avoir r\u00e9alis\u00e9 un accord.<\/p>\n\n\n\n<p><strong>4. Livraison<\/strong><br>4.1. RIQ d\u00e9termine le mode de transport et le transporteur. Toutes les commandes seront livr\u00e9es \u00e0 l&#8217;adresse de livraison indiqu\u00e9e.<br>4.2. RIQ a le droit de livrer des commandes en partie. Il n&#8217;y a pas de frais suppl\u00e9mentaires pour les livraisons partielles ou les livraisons ult\u00e9rieures.<br>4.3. Malgr\u00e9 toutes les pr\u00e9cautions concernant les livraisons, il peut arriver que votre commande soit livr\u00e9e incompl\u00e8te. Si cela est signal\u00e9 par le client dans les sept jours suivant la r\u00e9ception (partielle) des marchandises, la commande sera r\u00e9approvisionn\u00e9e ou pass\u00e9e une deuxi\u00e8me fois aux frais de RIQ.<\/p>\n\n\n\n<p><strong>5. paiement<\/strong><br>5.1. Le paiement s&#8217;effectue par PayPal, carte de cr\u00e9dit, carte de d\u00e9bit, pr\u00e9paiement ou autres conditions d\u00e9crites sur notre site Web.<br>5.2. Dans certains cas particuliers, RIQ a le droit de refuser un mode de paiement donn\u00e9. Dans ce cas, il sera communiqu\u00e9 au client et la commande sera exp\u00e9di\u00e9e apr\u00e8s le paiement anticip\u00e9 du client et approuv\u00e9 par RIQ.<br>5.3. Il n\u2019est pas permis de r\u00e9gler un achat avec une cr\u00e9ance sur RIQ, \u00e0 moins que cela n\u2019ait \u00e9t\u00e9 convenu par lettre.<br>5.4. Le paiement anticip\u00e9 n&#8217;est possible que par compte bancaire ou PayPal.<br>5.5. Apr\u00e8s d\u00e9passement du d\u00e9lai de paiement, le client est tenu de payer les int\u00e9r\u00eats l\u00e9gaux ainsi que tous les frais de recouvrement l\u00e9gaux et non l\u00e9gaux. RIQ peut alors diff\u00e9rer le respect des obligations ou r\u00e9silier l\u2019accord par lettre.<\/p>\n\n\n\n<p><strong>6. Restriction de propri\u00e9t\u00e9<\/strong><br>6.1. Les marchandises livr\u00e9es resteront la propri\u00e9t\u00e9 de RIQ jusqu&#8217;\u00e0 ce que toutes les obligations de paiement aient \u00e9t\u00e9 remplies par le client.<br>6.2. RIQ est irr\u00e9vocablement autoris\u00e9e \u00e0 reprendre les marchandises si celles-ci demeurent la propri\u00e9t\u00e9 de RIQ.<\/p>\n\n\n\n<p><strong>7. P\u00e9riode de vente et d\u00e9lai de r\u00e9tractation<\/strong><br>7.1. Le client est autoris\u00e9 \u00e0 retourner les marchandises livr\u00e9es par RIQ dans les dix jours ouvrables apr\u00e8s r\u00e9ception dans l&#8217;emballage d&#8217;origine, accompagn\u00e9es d&#8217;une copie de la facture originale et d&#8217;un rapport indiquant le motif du retour.<br>7.2. Si les marchandises ne sont pas utilis\u00e9es et sont retourn\u00e9es correctement et \u00e0 temps, RIQ remboursera le montant de l\u2019achat, frais de transport non compris. Les marchandises sont rembours\u00e9es dans les 30 jours.<br>7.3. Les marchandises livr\u00e9es par RIQ qui n&#8217;ont pas \u00e9t\u00e9 retourn\u00e9es dans le d\u00e9lai de 10 jours ouvrables de vente et de retour, comme d\u00e9crit en 7.1, l&#8217;achat sera consid\u00e9r\u00e9 comme d\u00e9finitif.<br>7.4. Les marchandises sont exclues du droit de retour \u00e0 partir du moment o\u00f9 le colis a \u00e9t\u00e9 ouvert.<br>7.5. Si vous souhaitez retourner vos marchandises, veuillez utiliser le bureau de poste le plus proche. Vous pouvez \u00e9galement appeler ou envoyer un courrier \u00e9lectronique \u00e0 RIQ. Tous les biens ou articles retourn\u00e9s sont \u00e0 la charge du client.<\/p>\n\n\n\n<p><strong>8. Garantie<\/strong><br>8.1. RIQ garantit la qualit\u00e9 des marchandises livr\u00e9es dans les 24 mois suivant la livraison.<br>8.2. Les demandes de garantie doivent \u00eatre effectu\u00e9es dans les quatorze jours suivant la d\u00e9couverte du d\u00e9faut et doivent \u00eatre accompagn\u00e9es d&#8217;une br\u00e8ve description du d\u00e9faut et d&#8217;une copie de la facture originale.<br>8.3. RIQ r\u00e9parera gratuitement la lacune, sous r\u00e9serve de l&#8217;article 8.2, ou la remplacera (\u00e0 d\u00e9cider par RIQ). Cependant, la garantie n&#8217;inclut pas les co\u00fbts suppl\u00e9mentaires tels que les services parfois n\u00e9cessaires. Si les marchandises ont plus d&#8217;un an et qu&#8217;il est impossible pour RIQ de r\u00e9parer ou que le ou les produits concern\u00e9s ne soient plus en stock, RIQ offrira la possibilit\u00e9 d&#8217;acheter les marchandises de remplacement \u00e0 concurrence de 50%. du prix de d\u00e9tail, ou un \u00e9change de biens \u00e0 hauteur de 50% du prix d&#8217;achat d&#8217;origine (sauf erreur de fabrication ou omission).<br>8.4. La garantie ne prend pas en compte les situations suivantes:<br>&#8211; Le produit N&#8217;A PAS \u00e9t\u00e9 suffisamment prot\u00e9g\u00e9 contre le transport lors du retour.<br>&#8211; Des modifications ont \u00e9t\u00e9 apport\u00e9es au produit.<br>&#8211; Carences dues \u00e0 une utilisation incorrecte ou incorrecte, telle que l\u2019ignorance du manuel d\u2019accompagnement.<br>&#8211; La d\u00e9ficience est intentionnelle ou due \u00e0 un grave manque d&#8217;attention<br>&#8211; Des facteurs externes hors du contr\u00f4le de RIQ, tels qu&#8217;un \u00e9clair, des pannes d&#8217;\u00e9lectricit\u00e9, des catastrophes naturelles, etc.<br>&#8211; RIQ n&#8217;a pas eu la possibilit\u00e9 d&#8217;enqu\u00eater sur la plainte et de rem\u00e9dier \u00e9ventuellement \u00e0 la lacune.<\/p>\n\n\n\n<p><strong>9. Retours<\/strong><br>9.1. Pour renvoyer votre marchandise \/ article, le motif du retour et l&#8217;action souhait\u00e9e doivent \u00eatre inclus. Nous ne pouvons traiter votre retour que si le motif est sp\u00e9cifi\u00e9. Le ou les produits doivent \u00eatre emball\u00e9s avec l&#8217;emballage d&#8217;origine, y compris la facture d&#8217;origine, tous les mat\u00e9riaux et accessoires.<\/p>\n\n\n\n<p>Les retours doivent \u00eatre envoy\u00e9s \u00e0 l&#8217;adresse suivante:<\/p>\n\n\n\n<p>RIQ INTELLIGENT TOOLS SARL<br>120 Chemin des Noches<br>24390 HAUTEFORT<br>FRANCE<\/p>\n\n\n\n<p><strong>10. Informations personnelles<\/strong><br>10.1. Les informations personnelles des clients sont sauvegard\u00e9es et stock\u00e9es dans le syst\u00e8me de gestion des clients de RIQ afin de traiter les commandes. RIQ n&#8217;utilisera pas ces informations pour des objectifs marketing internes, tels que l&#8217;envoi de mailings, sans le consentement explicite du client. Nous nous conformerons toujours \u00e0 la l\u00e9gislation relative aux donn\u00e9es sensibles et aux informations personnelles.<\/p>\n\n\n\n<p><strong>11. Responsabilit\u00e9<\/strong><br>11.1. La responsabilit\u00e9 de RIQ en ce qui concerne la vente et la livraison des biens est explicitement limit\u00e9e \u00e0 la garantie d\u00e9crite \u00e0 l\u2019article 8.<br>11.2 RIQ n&#8217;est pas responsable des conseils (techniques) fournis, des erreurs d&#8217;impression dans les envois, des sp\u00e9cifications techniques fournies par les fournisseurs et les fabricants, et de la mauvaise qualit\u00e9 incontr\u00f4lable des marchandises.<br>11.3. Pour le reste, chaque responsabilit\u00e9 de RIQ est limit\u00e9e au montant r\u00e9ellement pay\u00e9 de la facture correspondante.<\/p>\n\n\n\n<p><strong>12. Conditions d&#8217;utilisation du site<\/strong><br>12.1. Nous et nos fournisseurs sommes les titulaires des droits d&#8217;auteur, des marques de commerce et de tous les autres droits de propri\u00e9t\u00e9 intellectuelle sur le mat\u00e9riel et le contenu de notre site Web www.plantcaretools.com.<br>12.2 Vous n&#8217;\u00eates autoris\u00e9 \u00e0 utiliser le contenu de ce site web que pour votre usage personnel et non commercial.<br>12.3 Vous acceptez de ne pas abuser intentionnellement de notre site Web.<br>12.4. Notre site Web peut contenir des liens vers d&#8217;autres sites Web sans lien avec nous. Nous ne sommes pas responsables du contenu ou des pratiques de ces sites.<\/p>\n\n\n\n<p><strong>13. Services d&#8217;information<\/strong><br>13.1. Au plus tard lors de la conclusion du contrat, ces conditions sont offertes par RIQ (non) par voie \u00e9lectronique. Il incombe au client d&#8217;imprimer ou de sauvegarder les conditions.<br>13.2. RIQ fournit les informations suivantes sur son site Web:<br>&#8211; Adresse enregistr\u00e9e et num\u00e9ro d&#8217;enregistrement \u00e0 la Chambre de commerce<br>&#8211; les principales sp\u00e9cifications du produit, telles que le prix<br>&#8211; le mode de livraison et de paiement et les frais correspondants<br>&#8211; l&#8217;adresse pour le d\u00e9p\u00f4t des r\u00e9clamations, diff\u00e9rente de l&#8217;adresse du lieu d&#8217;activit\u00e9<br>13.3. Dans le cas o\u00f9 le client souhaite r\u00e9silier ou annuler le contrat en raison du fait que RIQ ne devrait pas se contenter de ses obligations d&#8217;information l\u00e9gale, cette proc\u00e9dure doit \u00eatre effectu\u00e9e dans les quatorze jours suivant l&#8217;acceptation de la commande.<\/p>\n\n\n\n<p><strong>14. D\u00e9saccords<\/strong><br>14.1. Ces conditions g\u00e9n\u00e9rales de vente sont bas\u00e9es sur la l\u00e9gislation fran\u00e7aise.<br>14.2 Les d\u00e9saccords seront r\u00e9solus en consultation mutuelle autant que possible.<br>14.3 Num\u00e9ro d&#8217;enregistrement 503 602 609 00011.<br>Si\u00e8ge social: 120 Chemin des Noches, 24390 Hautefort, France. N \u00b0 enregistr\u00e9 503 602 609 00011. Num\u00e9ro de TVA: FR53.503.602.609<\/p>\n\n\n\n<p><strong>15. Force Majeure<\/strong><br>15.1. RIQ ne sera pas responsable envers le Client ou ne sera pas r\u00e9put\u00e9 \u00eatre en rupture de contrat en raison de tout retard dans l&#8217;ex\u00e9cution de tout engagement de RIQ relatif \u00e0 ses Biens, \u00e0 condition que le retard ou le manquement soit d\u00fb \u00e0 un cause hors du contr\u00f4le raisonnable de RIQ. Sans pr\u00e9judice de la g\u00e9n\u00e9ralit\u00e9 de ce qui pr\u00e9c\u00e8de, seront consid\u00e9r\u00e9s comme causes ind\u00e9pendantes de la volont\u00e9 de RIQ: cas de force majeure, explosion, inondation, temp\u00eate, incendie ou accident; guerre ou menace de guerre, sabotage, insurrection, troubles civils ou r\u00e9quisition; actes, restrictions, r\u00e8glements, r\u00e8glements, interdictions ou mesures de quelque nature que ce soit de la part de tout gouvernement, autorit\u00e9 parlementaire ou locale; r\u00e9glementations ou embargos sur les importations ou les exportations; gr\u00e8ves, exclusion ou autres actions industrielles ou conflits commerciaux (qu\u2019ils impliquent des employ\u00e9s de RIQ ou de tiers); difficult\u00e9s \u00e0 obtenir des mati\u00e8res premi\u00e8res, de la main-d&#8217;\u0153uvre, du carburant, des pi\u00e8ces ou des machines; panne de courant ou panne de machines.<\/p>\n\n<\/div><\/div>\n\n\n<div style=\"height:100px\" aria-hidden=\"true\" class=\"wp-block-spacer mobile-25\"><\/div>\n","protected":false},"excerpt":{"rendered":"<p>Conditions g\u00e9n\u00e9rales de vente RIQ Intelligent Tools SARL120 Chemin des Noches, 24390 Hautefort, France. Immatricul\u00e9e au Registre du Commerce et des Soci\u00e9t\u00e9s de PERIGUEUXsous le num\u00e9ro d&#8217;enregistrement 503 602 609 00011.au Capital Social de 7.500\u20ac,Num\u00e9ro de TVA: FR53.503.602.609repr\u00e9sent\u00e9e par G. Quaadvliet La soci\u00e9t\u00e9 peut \u00eatre jointe par email en cliquant sur le formulaire de contact [&hellip;]<\/p>\n","protected":false},"author":1,"featured_media":0,"parent":0,"menu_order":0,"comment_status":"closed","ping_status":"closed","template":"","meta":{"_acf_changed":false,"footnotes":""},"class_list":["post-3930","page","type-page","status-publish","hentry"],"blocksy_meta":{"page_title_panel":"","has_hero_section":"disabled","6081c6a364f2b5d87ffd763b57b54215":"","hero_section":"type-1","hero_elements":[{"id":"custom_title","enabled":false,"heading_tag":"h1","title":"Home","__id":"9bqWP16xf8btRI_zUbGhU"},{"id":"custom_description","enabled":false,"description_visibility":{"desktop":true,"tablet":true,"mobile":false},"__id":"eeXO70ujvEcxI4AyU71pE"},{"id":"custom_meta","enabled":false,"meta_elements":[{"id":"author","enabled":true,"label":"By","has_author_avatar":"yes","avatar_size":25},{"id":"post_date","enabled":true,"label":"On","date_format_source":"default","date_format":"M j, Y"},{"id":"comments","enabled":true}],"page_meta_elements":{"joined":true,"articles_count":true,"comments":true},"__id":"yH-9z2Z81QMocuenKzwoq"},{"id":"breadcrumbs","enabled":false,"__id":"Ew249MZSo8AtJAhVkUkMP"}],"af5b5a3ba540ab74942ecb5004bc2f94":"","hero_alignment1":{"0":"l","1":"e","2":"f","3":"t","desktop":"left","tablet":"left","mobile":"left","__changed":[]},"hero_margin":{"desktop":"50","tablet":30,"mobile":30,"__changed":[]},"hero_alignment2":"center","hero_vertical_alignment":"center","dd53a0514fce4871be299d3c0c74b959":"","hero_structure":"narrow","1f3f8338072212d8699c8639cac5c769":"","page_title_bg_type":"featured_image","custom_hero_background":{"attachment_id":null},"parallax":{"desktop":false,"tablet":false,"mobile":false},"2c5aabcd6b607dc5f2f964a725ad40b1":"","hero_height":"250px","pageTitleFont":{"family":"Default","variation":"Default","size":{"desktop":"32px","tablet":"30px","mobile":"25px"},"line-height":"CT_CSS_SKIP_RULE","letter-spacing":"CT_CSS_SKIP_RULE","text-transform":"CT_CSS_SKIP_RULE","text-decoration":"CT_CSS_SKIP_RULE"},"pageTitleFontColor":{"default":{"color":"CT_CSS_SKIP_RULEDEFAULT"}},"pageMetaFont":{"family":"Default","variation":"n6","size":"12px","line-height":"1.3","letter-spacing":"CT_CSS_SKIP_RULE","text-transform":"uppercase","text-decoration":"CT_CSS_SKIP_RULE"},"pageMetaFontColor":{"default":{"color":"CT_CSS_SKIP_RULEDEFAULT"},"hover":{"color":"CT_CSS_SKIP_RULEDEFAULT"}},"pageExcerptFont":{"family":"Default","variation":"Default","size":"CT_CSS_SKIP_RULE","line-height":"CT_CSS_SKIP_RULE","letter-spacing":"CT_CSS_SKIP_RULE","text-transform":"CT_CSS_SKIP_RULE","text-decoration":"CT_CSS_SKIP_RULE"},"pageExcerptColor":{"default":{"color":"CT_CSS_SKIP_RULEDEFAULT"}},"breadcrumbsFont":{"family":"Default","variation":"n6","size":"12px","line-height":"CT_CSS_SKIP_RULE","letter-spacing":"CT_CSS_SKIP_RULE","text-transform":"uppercase","text-decoration":"CT_CSS_SKIP_RULE"},"breadcrumbsFontColor":{"default":{"color":"CT_CSS_SKIP_RULEDEFAULT"},"initial":{"color":"CT_CSS_SKIP_RULEDEFAULT"},"hover":{"color":"CT_CSS_SKIP_RULEDEFAULT"}},"pageTitleOverlay":{"default":{"color":"CT_CSS_SKIP_RULE"}},"pageTitleBackground":{"background_type":"color","background_pattern":"type-1","background_image":{"attachment_id":null,"x":0,"y":0},"gradient":"linear-gradient(135deg,rgba(6,147,227,1) 0%,rgb(155,81,224) 100%)","background_repeat":"no-repeat","background_size":"auto","background_attachment":"scroll","patternColor":{"default":{"color":"#e5e7ea"}},"overlayColor":{"default":{"color":"CT_CSS_SKIP_RULE"}},"backgroundColor":{"default":{"color":"#EDEFF2"}}},"7949938c3110f0425d52bfa5bfbda156":"","page_structure_type":"default","content_style":"inherit","vertical_spacing_source":"custom","content_area_spacing":"none","background":{"background_type":"color","background_pattern":"type-1","background_image":{"attachment_id":null,"x":0,"y":0},"gradient":"linear-gradient(135deg,rgba(6,147,227,1) 0%,rgb(155,81,224) 100%)","background_repeat":"no-repeat","background_size":"auto","background_attachment":"scroll","patternColor":{"default":{"color":"#e5e7ea"}},"overlayColor":{"default":{"color":"CT_CSS_SKIP_RULE"}},"backgroundColor":{"default":{"color":"CT_CSS_SKIP_RULE"}}},"content_background":{"background_type":"color","background_pattern":"type-1","background_image":{"attachment_id":null,"x":0,"y":0},"gradient":"linear-gradient(135deg,rgba(6,147,227,1) 0%,rgb(155,81,224) 100%)","background_repeat":"no-repeat","background_size":"auto","background_attachment":"scroll","patternColor":{"default":{"color":"#e5e7ea"}},"overlayColor":{"default":{"color":"CT_CSS_SKIP_RULE"}},"backgroundColor":{"default":{"color":"#ffffff"}}},"content_boxed_shadow":{"inherit":false,"blur":18,"spread":-6,"v_offset":12,"h_offset":0,"inset":false,"enable":true,"color":{"color":"rgba(34, 56, 101, 0.04)"}},"boxed_content_spacing":{"desktop":{"top":"40px","bottom":"40px","left":"40px","right":"40px","linked":true},"tablet":{"top":"35px","bottom":"35px","left":"35px","right":"35px","linked":true},"mobile":{"top":"20px","bottom":"20px","left":"20px","right":"20px","linked":true}},"content_boxed_radius":{"top":"3px","bottom":"3px","left":"3px","right":"3px","linked":true},"ebd491daf8645df0fa3b5d47c3e54094":"","disable_featured_image":"no","disable_header":"no","disable_footer":"no","8d4504031a3e99550d5eff939d516a6a":"","b9ad5b45feddc8793f34e21d4de6e656":"","eaf05b600f4954a3496c159f38dbe1ad":"","3fd154c53e4d4d43e84b58888a7248c4":"","ebe5ea441f0baeded954005490b143ca":"","ec770c4553490e7636c43e03827cfefa":"","cabf4bb948cb5e8d06628c5601e140d6":"","372750f44e68e5da50b4db7cee380539":"","e702ec85564835465da47ca888cc3130":"","774e74eff2bc650307a14b9658b171e1":"","da20b221f428cac20cf1e8c19418f238":"","c14f8bc8c1e4b72a3f2ef03863503695":"","pageTitlePadding":{"top":"50px","bottom":"50px","left":"auto","right":"auto","linked":true},"c240658df091026ea26bd62343924157":"","74a371d5f6a06e3cc9b482ef452046f2":"","0fdebc8e140f673e59085fa4767453ac":"","header_footer_scripts_panel":"","header_scripts":"","46309b4faf3a1b36fe2bb392c5779f7b":"","header_after_body_scripts":"","1876411f1bca147fd66e72d87a38941f":"","footer_scripts":"","styles_descriptor":{"styles":{"desktop":"","tablet":"","mobile":""},"google_fonts":[],"version":6}},"acf":[],"yoast_head":"<!-- This site is optimized with the Yoast SEO Premium plugin v26.1 (Yoast SEO v27.3) - https:\/\/yoast.com\/product\/yoast-seo-premium-wordpress\/ -->\n<title>Conditions g\u00e9n\u00e9rales de vente - Plant Care Tools<\/title>\n<meta name=\"description\" content=\"Conditions g\u00e9n\u00e9rales de vente - Plant Care Tools est la webshop pour tous les instruments de mesure dans et autour de votre jardin.\" \/>\n<meta name=\"robots\" content=\"index, follow, max-snippet:-1, max-image-preview:large, max-video-preview:-1\" \/>\n<link rel=\"canonical\" href=\"https:\/\/www.plantcaretools.com\/fr\/conditions-generales-de-vente\/\" \/>\n<script type=\"application\/ld+json\" class=\"yoast-schema-graph\">{\"@context\":\"https:\\\/\\\/schema.org\",\"@graph\":[{\"@type\":\"BreadcrumbList\",\"@id\":\"https:\\\/\\\/www.plantcaretools.com\\\/fr\\\/conditions-generales-de-vente\\\/#breadcrumb\",\"itemListElement\":[{\"@type\":\"ListItem\",\"position\":1,\"name\":\"Home\",\"item\":\"https:\\\/\\\/www.plantcaretools.com\\\/fr\\\/\"},{\"@type\":\"ListItem\",\"position\":2,\"name\":\"Conditions g\u00e9n\u00e9rales de vente\"}]}]}<\/script>\n<!-- \/ Yoast SEO Premium plugin. -->","yoast_head_json":{"title":"Conditions g\u00e9n\u00e9rales de vente - Plant Care Tools","description":"Conditions g\u00e9n\u00e9rales de vente - Plant Care Tools est la webshop pour tous les instruments de mesure dans et autour de votre jardin.","robots":{"index":"index","follow":"follow","max-snippet":"max-snippet:-1","max-image-preview":"max-image-preview:large","max-video-preview":"max-video-preview:-1"},"canonical":"https:\/\/www.plantcaretools.com\/fr\/conditions-generales-de-vente\/","schema":{"@context":"https:\/\/schema.org","@graph":[{"@type":"BreadcrumbList","@id":"https:\/\/www.plantcaretools.com\/fr\/conditions-generales-de-vente\/#breadcrumb","itemListElement":[{"@type":"ListItem","position":1,"name":"Home","item":"https:\/\/www.plantcaretools.com\/fr\/"},{"@type":"ListItem","position":2,"name":"Conditions g\u00e9n\u00e9rales de vente"}]}]}},"jetpack_sharing_enabled":true,"_links":{"self":[{"href":"https:\/\/www.plantcaretools.com\/fr\/wp-json\/wp\/v2\/pages\/3930","targetHints":{"allow":["GET"]}}],"collection":[{"href":"https:\/\/www.plantcaretools.com\/fr\/wp-json\/wp\/v2\/pages"}],"about":[{"href":"https:\/\/www.plantcaretools.com\/fr\/wp-json\/wp\/v2\/types\/page"}],"author":[{"embeddable":true,"href":"https:\/\/www.plantcaretools.com\/fr\/wp-json\/wp\/v2\/users\/1"}],"replies":[{"embeddable":true,"href":"https:\/\/www.plantcaretools.com\/fr\/wp-json\/wp\/v2\/comments?post=3930"}],"version-history":[{"count":2,"href":"https:\/\/www.plantcaretools.com\/fr\/wp-json\/wp\/v2\/pages\/3930\/revisions"}],"predecessor-version":[{"id":14540,"href":"https:\/\/www.plantcaretools.com\/fr\/wp-json\/wp\/v2\/pages\/3930\/revisions\/14540"}],"wp:attachment":[{"href":"https:\/\/www.plantcaretools.com\/fr\/wp-json\/wp\/v2\/media?parent=3930"}],"curies":[{"name":"wp","href":"https:\/\/api.w.org\/{rel}","templated":true}]}}