{"id":14249,"date":"2023-01-08T11:36:54","date_gmt":"2023-01-08T10:36:54","guid":{"rendered":"https:\/\/www.plantcaretools.com\/non%20class\u00e9\/organische-meststoffen-met-bodemverbeteraars-voor-potplanten\/"},"modified":"2025-02-10T17:35:08","modified_gmt":"2025-02-10T16:35:08","slug":"engrais-organiques-avec-amendements-du-sol-pour-plantes-en-pot-2","status":"publish","type":"product","link":"https:\/\/www.plantcaretools.com\/fr\/produit\/les-engrais\/engrais-organiques-avec-amendements-du-sol-pour-plantes-en-pot-2\/","title":{"rendered":"Engrais organiques avec amendements du sol pour plantes en pot &#8211; Soil Sup"},"content":{"rendered":"<h2>La nature elle-m\u00eame a le besoin de survivre et de s&#8217;autog\u00e9rer. Les humains devront parfois intervenir pour suivre les r\u00e8gles de la nature. Il est donc bon de donner un coup de pouce \u00e0 la nature en cr\u00e9ant les bonnes conditions.<\/h2>\n<p>Cela s&#8217;applique, par exemple, au milieu de vie d&#8217;une plante en pot, car une plante en pot a un acc\u00e8s limit\u00e9 \u00e0 l&#8217;eau et aux nutriments. Si nous ne reconstituons pas r\u00e9guli\u00e8rement les nutriments, la plante aura du mal \u00e0 bien pousser et \u00e0 rester en bonne sant\u00e9. Avec le Soil Sup, il est possible de garder vos plantes en parfait \u00e9tat.<\/p>\n<h3>Soil Sup est un compl\u00e9ment de sol avec des engrais organiques et des amendements de sol pour plantes en pot. L&#8217;op\u00e9ration est en 3 temps. La plante re\u00e7oit des nutriments, la croissance des racines est favoris\u00e9e et la vie du sol est am\u00e9lior\u00e9e. Fonctionne de 6 mois \u00e0 1 an.<\/h3>\n<p>Le contenu est de 10 Soil Sups par pack (\u00e9galement <a href=\"https:\/\/www.plantcaretools.com\/fr\/produit\/les-engrais\/engrais-organiques-avec-amendements-du-sol-pour-plantes-en-pot\/\">disponible en pack de 2<\/a>).<\/p>\n<p>Faites un trou dans le sol et enfoncez le Soil Sup \u00e0 5 cm de profondeur dans le sol pr\u00e8s de la plante. Arrosez la plante. Renouveler apr\u00e8s 1 an maximum. Utilisez 1-2 Soil Sups pour les pots d&#8217;un diam\u00e8tre de 10-25 cm, 3-5 Soil Sups pour les pots d&#8217;un diam\u00e8tre de 25-40 cm et 6-8 Soil Sups pour les pots d&#8217;un diam\u00e8tre de 40-50 cm.<\/p>\n<p>Les Soil Sups sont compos\u00e9s d&#8217;ingr\u00e9dients enti\u00e8rement naturels et biologiques. Bon pour les plantes et la plan\u00e8te ! Pour favoriser la durabilit\u00e9 et obtenir un r\u00e9sultat optimal, des engrais 100% organiques ont \u00e9t\u00e9 choisis et non des engrais artificiels. L&#8217;engrais est litt\u00e9ralement un aliment v\u00e9g\u00e9tal artificiel et a une composition chimique. La production d&#8217;engrais entra\u00eene de fortes \u00e9missions de CO2. Il est \u00e9galement tr\u00e8s sal\u00e9, ce qui perturbe l&#8217;\u00e9quilibre naturel et la vie du sol des plantes. La plante poussera si vite que les racines n&#8217;auront pas le temps de se d\u00e9velopper correctement. Cela rend la plante faible et sensible aux maladies.<\/p>\n<p><strong>Les avantages des Soil Sups r\u00e9sum\u00e9s :<\/strong><\/p>\n<ul>\n<li>Contient de nombreux min\u00e9raux et bact\u00e9ries b\u00e9n\u00e9fiques du sol;<\/li>\n<li>Est rapidement absorb\u00e9 dans le sol;<\/li>\n<li>Facile \u00e0 doser car le Soil Sup est produit sous forme de pastille ;<\/li>\n<li>Effet longue dur\u00e9e entre 6 et 12 mois (selon la taille de la plante ;<\/li>\n<li>Les racines sont renforc\u00e9es, r\u00e9sultant en une plante r\u00e9sistante au stress;<\/li>\n<li>L&#8217;emballage est durable et a une haute barri\u00e8re contre l&#8217;humidit\u00e9.<\/li>\n<\/ul>\n<p>Nous vendons \u00e9galement de <a href=\"https:\/\/www.plantcaretools.com\/fr\/produit\/les-engrais\/lombricompost-organique\/\">l&#8217;engrais biologique vermicompost<\/a> dans notre boutique en ligne.<\/p>\n","protected":false},"excerpt":{"rendered":"<h2>Soil Sup est un compl\u00e9ment de sol avec des engrais 100% organiques et des amendements de sol pour plantes en pot avec un triple effet. La plante re\u00e7oit des engrais, les racines sont renforc\u00e9es et la vie du sol est favoris\u00e9e.<\/h2>\n<p>Il y a 10 Soil Sups dans le paquet.<\/p>\n<p>Un <a href=\"https:\/\/www.plantcaretools.com\/fr\/produit\/les-engrais\/engrais-organiques-avec-amendements-du-sol-pour-plantes-en-pot\/\">paquet de 2 pi\u00e8ces<\/a> est \u00e9galement disponible dans notre boutique en ligne.<\/p>\n","protected":false},"featured_media":16774,"comment_status":"open","ping_status":"closed","template":"","meta":{"_acf_changed":false},"product_brand":[],"product_cat":[119],"product_tag":[],"class_list":{"0":"post-14249","1":"product","2":"type-product","3":"status-publish","4":"has-post-thumbnail","6":"product_cat-les-engrais","8":"first","9":"outofstock","10":"taxable","11":"shipping-taxable","12":"purchasable","13":"product-type-simple"},"acf":[],"yoast_head":"<!-- This site is optimized with the Yoast SEO Premium plugin v26.1 (Yoast SEO v27.4) - https:\/\/yoast.com\/product\/yoast-seo-premium-wordpress\/ -->\n<title>Engrais organiques avec amendements - Plant Care Tools<\/title>\n<meta name=\"description\" content=\"Suppl\u00e9ment de sol pour plantes en pot avec engrais organiques et triple effet. Contient des nutriments et des conditionneurs de sol. Favorise \u00e9galement la croissance des racines.\" \/>\n<meta name=\"robots\" content=\"index, follow, max-snippet:-1, max-image-preview:large, max-video-preview:-1\" \/>\n<link rel=\"canonical\" href=\"https:\/\/www.plantcaretools.com\/fr\/produit\/les-engrais\/engrais-organiques-avec-amendements-du-sol-pour-plantes-en-pot-2\/\" \/>\n<script type=\"application\/ld+json\" class=\"yoast-schema-graph\">{\"@context\":\"https:\\\/\\\/schema.org\",\"@graph\":[{\"@type\":\"BreadcrumbList\",\"@id\":\"https:\\\/\\\/www.plantcaretools.com\\\/fr\\\/produit\\\/les-engrais\\\/engrais-organiques-avec-amendements-du-sol-pour-plantes-en-pot-2\\\/#breadcrumb\",\"itemListElement\":[{\"@type\":\"ListItem\",\"position\":1,\"name\":\"Home\",\"item\":\"https:\\\/\\\/www.plantcaretools.com\\\/fr\\\/\"},{\"@type\":\"ListItem\",\"position\":2,\"name\":\"Produits\",\"item\":\"https:\\\/\\\/www.plantcaretools.com\\\/fr\\\/produits\\\/\"},{\"@type\":\"ListItem\",\"position\":3,\"name\":\"Engrais organiques avec amendements du sol pour plantes en pot &#8211; Soil Sup\"}]}]}<\/script>\n<!-- \/ Yoast SEO Premium plugin. -->","yoast_head_json":{"title":"Engrais organiques avec amendements - Plant Care Tools","description":"Suppl\u00e9ment de sol pour plantes en pot avec engrais organiques et triple effet. Contient des nutriments et des conditionneurs de sol. Favorise \u00e9galement la croissance des racines.","robots":{"index":"index","follow":"follow","max-snippet":"max-snippet:-1","max-image-preview":"max-image-preview:large","max-video-preview":"max-video-preview:-1"},"canonical":"https:\/\/www.plantcaretools.com\/fr\/produit\/les-engrais\/engrais-organiques-avec-amendements-du-sol-pour-plantes-en-pot-2\/","schema":{"@context":"https:\/\/schema.org","@graph":[{"@type":"BreadcrumbList","@id":"https:\/\/www.plantcaretools.com\/fr\/produit\/les-engrais\/engrais-organiques-avec-amendements-du-sol-pour-plantes-en-pot-2\/#breadcrumb","itemListElement":[{"@type":"ListItem","position":1,"name":"Home","item":"https:\/\/www.plantcaretools.com\/fr\/"},{"@type":"ListItem","position":2,"name":"Produits","item":"https:\/\/www.plantcaretools.com\/fr\/produits\/"},{"@type":"ListItem","position":3,"name":"Engrais organiques avec amendements du sol pour plantes en pot &#8211; Soil Sup"}]}]}},"jetpack_sharing_enabled":true,"_links":{"self":[{"href":"https:\/\/www.plantcaretools.com\/fr\/wp-json\/wp\/v2\/product\/14249","targetHints":{"allow":["GET"]}}],"collection":[{"href":"https:\/\/www.plantcaretools.com\/fr\/wp-json\/wp\/v2\/product"}],"about":[{"href":"https:\/\/www.plantcaretools.com\/fr\/wp-json\/wp\/v2\/types\/product"}],"replies":[{"embeddable":true,"href":"https:\/\/www.plantcaretools.com\/fr\/wp-json\/wp\/v2\/comments?post=14249"}],"wp:featuredmedia":[{"embeddable":true,"href":"https:\/\/www.plantcaretools.com\/fr\/wp-json\/wp\/v2\/media\/16774"}],"wp:attachment":[{"href":"https:\/\/www.plantcaretools.com\/fr\/wp-json\/wp\/v2\/media?parent=14249"}],"wp:term":[{"taxonomy":"product_brand","embeddable":true,"href":"https:\/\/www.plantcaretools.com\/fr\/wp-json\/wp\/v2\/product_brand?post=14249"},{"taxonomy":"product_cat","embeddable":true,"href":"https:\/\/www.plantcaretools.com\/fr\/wp-json\/wp\/v2\/product_cat?post=14249"},{"taxonomy":"product_tag","embeddable":true,"href":"https:\/\/www.plantcaretools.com\/fr\/wp-json\/wp\/v2\/product_tag?post=14249"}],"curies":[{"name":"wp","href":"https:\/\/api.w.org\/{rel}","templated":true}]}}