{"id":15317,"date":"2023-08-03T15:14:30","date_gmt":"2023-08-03T13:14:30","guid":{"rendered":"https:\/\/www.plantcaretools.com\/?post_type=product&#038;p=15317"},"modified":"2025-08-08T18:21:36","modified_gmt":"2025-08-08T16:21:36","slug":"rainpoint-compteur-deau-numerique","status":"publish","type":"product","link":"https:\/\/www.plantcaretools.com\/fr\/produit\/systemes-dirrigation\/rainpoint-compteur-deau-numerique\/","title":{"rendered":"Compteur d&#8217;eau Num\u00e9rique"},"content":{"rendered":"<h2>Rainpoint Compteur d&#8217;eau Num\u00e9rique<\/h2>\n<p>Tenez les petites poign\u00e9es sur le c\u00f4t\u00e9 de l&#8217;\u00e9cran et tirez l&#8217;\u00e9cran. Retirez le couvercle de la pile et ins\u00e9rez la pile CR2032 (incluse). Remettez le couvercle en place et le compteur est pr\u00eat \u00e0 fonctionner. Vous pouvez le v\u00e9rifier en appuyant sur le bouton et en lisant un par un les quatre modes d&#8217;information sur le d\u00e9bit d&#8217;eau. Le Rainpoint Compteur d&#8217;eau Num\u00e9rique passe automatiquement en mode veille au bout d&#8217;une minute pour \u00e9conomiser la pile. Le connecteur du c\u00f4t\u00e9 o\u00f9 vous allez mettre le tuyau n&#8217;est pas inclus (de ce c\u00f4t\u00e9, vous utilisez le connecteur qui est dans la plupart des cas d\u00e9j\u00e0 install\u00e9 sur le tuyau).<\/p>\n<p>De l&#8217;autre c\u00f4t\u00e9 du compteur, le connecteur est inclus. Vous utiliserez ce c\u00f4t\u00e9 pour installer un arroseur, une buse, etc. Vous pouvez toujours basculer entre les 4 modes \u00e0 l&#8217;aide du bouton jaune. Si vous maintenez le bouton pendant 2 secondes en mode Auto, vous pouvez basculer entre les litres et les gallons. Si vous maintenez le bouton enfonc\u00e9 pendant 2 secondes dans les 3 autres modes, ces derniers seront remis \u00e0 z\u00e9ro. Le Rainpoint Compteur d&#8217;eau Num\u00e9rique est \u00e9tanche (IPX6), mais vous ne pouvez pas l&#8217;immerger dans l&#8217;eau. Afin d&#8217;obtenir les mesures les plus pr\u00e9cises possibles, nous recommandons d&#8217;ouvrir toujours le robinet completement.<\/p>\n<p>-\u00c9tanch\u00e9it\u00e9 IPX6 (vous ne pouvez pas l&#8217;immerger)<br \/>\n-D\u00e9bit d&#8217;eau : 1 &#8211; 40 L\/min.<br \/>\n-Consommation maximale litres d&#8217;eau que l&#8217;\u00e9cran peut afficher : 9.999,90L<br \/>\n-Pression de service : 0,5 bar &#8211; 8 bar<br \/>\n-D\u00e9bit maximum : 2400 L\/H<br \/>\n-Tol\u00e9rance de mesure : entre moins 5% et plus 5%.<\/p>\n","protected":false},"excerpt":{"rendered":"<p><strong>Le Rainpoint compteur d&#8217;eau num\u00e9rique aide \u00e0 \u00e9conomiser l&#8217;eau et est tr\u00e8s pr\u00e9cis gr\u00e2ce au capteur \u00e0 effet Hall moderne int\u00e9gr\u00e9. Quatre modes de mesure pour \u00e9viter les approximations et pr\u00e9venir l&#8217;arrosage excessif. Facile \u00e0 installer et convivial. Promo en Ao\u00fbt: 20% de r\u00e9mise.<br \/>\n<\/strong><br \/>\nSachez combien d&#8217;eau vous utilisez dans le jardin. Il est \u00e9galement tr\u00e8s utile pour mesurer la quantit\u00e9 d&#8217;eau utilis\u00e9e pour remplir le r\u00e9servoir d&#8217;un bateau, d&#8217;un camping-car, pour remplir votre piscine, etc. Le d\u00e9bitm\u00e8tre mesure non seulement le d\u00e9bit r\u00e9el (= mode d\u00e9bit en L\/Min.) et la consommation (= mode consommation en L), mais aussi la consommation d&#8217;eau moyenne quotidienne pour les 7 derniers jours (= mode moyenne) et la consommation d&#8217;eau totale accumul\u00e9e (= mode total). Facile \u00e0 utiliser avec un seul bouton. Le compteur fonctionne avec une pile CR2032 (incluse) qui dure environ un an et indique que la pile est faible. Il est livr\u00e9 avec un manuel d&#8217;utilisation en fran\u00e7ais.<\/p>\n","protected":false},"featured_media":15263,"comment_status":"open","ping_status":"closed","template":"","meta":{"_acf_changed":false},"product_brand":[],"product_cat":[105,106],"product_tag":[],"class_list":{"0":"post-15317","1":"product","2":"type-product","3":"status-publish","4":"has-post-thumbnail","6":"product_cat-offres-speciales","7":"product_cat-systemes-dirrigation","9":"first","10":"instock","11":"sale","12":"taxable","13":"shipping-taxable","14":"purchasable","15":"product-type-simple"},"acf":[],"yoast_head":"<!-- This site is optimized with the Yoast SEO Premium plugin v26.1 (Yoast SEO v27.3) - https:\/\/yoast.com\/product\/yoast-seo-premium-wordpress\/ -->\n<title>Compteur d&#039;eau Num\u00e9rique - Plant Care Tools<\/title>\n<meta name=\"description\" content=\"Le Rainpoint compteur d&#039;eau num\u00e9rique aide a economiser l&#039;eau. Id\u00e9al pour le jardin et pour remplir la piscine et les reservoirs d&#039;eau.\" \/>\n<meta name=\"robots\" content=\"index, follow, max-snippet:-1, max-image-preview:large, max-video-preview:-1\" \/>\n<link rel=\"canonical\" href=\"https:\/\/www.plantcaretools.com\/fr\/produit\/systemes-dirrigation\/rainpoint-compteur-deau-numerique\/\" \/>\n<script type=\"application\/ld+json\" class=\"yoast-schema-graph\">{\"@context\":\"https:\\\/\\\/schema.org\",\"@graph\":[{\"@type\":\"BreadcrumbList\",\"@id\":\"https:\\\/\\\/www.plantcaretools.com\\\/fr\\\/produit\\\/systemes-dirrigation\\\/rainpoint-compteur-deau-numerique\\\/#breadcrumb\",\"itemListElement\":[{\"@type\":\"ListItem\",\"position\":1,\"name\":\"Home\",\"item\":\"https:\\\/\\\/www.plantcaretools.com\\\/fr\\\/\"},{\"@type\":\"ListItem\",\"position\":2,\"name\":\"Produits\",\"item\":\"https:\\\/\\\/www.plantcaretools.com\\\/fr\\\/produits\\\/\"},{\"@type\":\"ListItem\",\"position\":3,\"name\":\"Compteur d&#8217;eau Num\u00e9rique\"}]}]}<\/script>\n<!-- \/ Yoast SEO Premium plugin. -->","yoast_head_json":{"title":"Compteur d'eau Num\u00e9rique - Plant Care Tools","description":"Le Rainpoint compteur d'eau num\u00e9rique aide a economiser l'eau. Id\u00e9al pour le jardin et pour remplir la piscine et les reservoirs d'eau.","robots":{"index":"index","follow":"follow","max-snippet":"max-snippet:-1","max-image-preview":"max-image-preview:large","max-video-preview":"max-video-preview:-1"},"canonical":"https:\/\/www.plantcaretools.com\/fr\/produit\/systemes-dirrigation\/rainpoint-compteur-deau-numerique\/","schema":{"@context":"https:\/\/schema.org","@graph":[{"@type":"BreadcrumbList","@id":"https:\/\/www.plantcaretools.com\/fr\/produit\/systemes-dirrigation\/rainpoint-compteur-deau-numerique\/#breadcrumb","itemListElement":[{"@type":"ListItem","position":1,"name":"Home","item":"https:\/\/www.plantcaretools.com\/fr\/"},{"@type":"ListItem","position":2,"name":"Produits","item":"https:\/\/www.plantcaretools.com\/fr\/produits\/"},{"@type":"ListItem","position":3,"name":"Compteur d&#8217;eau Num\u00e9rique"}]}]}},"jetpack_sharing_enabled":true,"_links":{"self":[{"href":"https:\/\/www.plantcaretools.com\/fr\/wp-json\/wp\/v2\/product\/15317","targetHints":{"allow":["GET"]}}],"collection":[{"href":"https:\/\/www.plantcaretools.com\/fr\/wp-json\/wp\/v2\/product"}],"about":[{"href":"https:\/\/www.plantcaretools.com\/fr\/wp-json\/wp\/v2\/types\/product"}],"replies":[{"embeddable":true,"href":"https:\/\/www.plantcaretools.com\/fr\/wp-json\/wp\/v2\/comments?post=15317"}],"wp:featuredmedia":[{"embeddable":true,"href":"https:\/\/www.plantcaretools.com\/fr\/wp-json\/wp\/v2\/media\/15263"}],"wp:attachment":[{"href":"https:\/\/www.plantcaretools.com\/fr\/wp-json\/wp\/v2\/media?parent=15317"}],"wp:term":[{"taxonomy":"product_brand","embeddable":true,"href":"https:\/\/www.plantcaretools.com\/fr\/wp-json\/wp\/v2\/product_brand?post=15317"},{"taxonomy":"product_cat","embeddable":true,"href":"https:\/\/www.plantcaretools.com\/fr\/wp-json\/wp\/v2\/product_cat?post=15317"},{"taxonomy":"product_tag","embeddable":true,"href":"https:\/\/www.plantcaretools.com\/fr\/wp-json\/wp\/v2\/product_tag?post=15317"}],"curies":[{"name":"wp","href":"https:\/\/api.w.org\/{rel}","templated":true}]}}