{"id":16464,"date":"2023-10-24T16:51:50","date_gmt":"2023-10-24T14:51:50","guid":{"rendered":"https:\/\/www.plantcaretools.com\/?post_type=product&#038;p=16464"},"modified":"2024-04-19T15:51:36","modified_gmt":"2024-04-19T13:51:36","slug":"plantgrowbag-debout-pour-fraises-tomates-herbes-fleurs-noir","status":"publish","type":"product","link":"https:\/\/www.plantcaretools.com\/fr\/produit\/sacs-de-plantes\/plantgrowbag-debout-pour-fraises-tomates-herbes-fleurs-noir\/","title":{"rendered":"PlantGrowBag Debout \u2013 Pour Fraises \u2013 Tomates \u2013 Herbes \u2013 Fleurs &#8211; noir &#8211; Capacit\u00e9 38 litre"},"content":{"rendered":"<h4>Donnez de l&#8217;espace et de l&#8217;air \u00e0 vos plantes !<\/h4>\n<p>Nos PlantGrowBag Debout est fabriqu\u00e9s \u00e0 partir de mat\u00e9riaux recycl\u00e9s et respirants. La plante b\u00e9n\u00e9ficie ainsi d&#8217;un environnement de croissance optimal. En accordant une attention particuli\u00e8re \u00e0 la finition, nous avons d\u00e9velopp\u00e9 un sac de culture qui favorise non seulement le processus de croissance de la plante, mais qui est \u00e9galement agr\u00e9able \u00e0 travailler et esth\u00e9tique. Les sacs de culture conviennent \u00e0 la plantation de fruits, d&#8217;herbes, de fleurs et de l\u00e9gumes comme les pommes de terre, les tomates, les poivrons, les aubergines, les carottes, les radis, les oignons, etc. sur le balcon, la terrasse ou dans le jardin.<\/p>\n<h4>Nos sacs de culture sont fabriqu\u00e9s en feutre R-PET durable et respirant.\u00a0Ce feutre est fabriqu\u00e9 \u00e0 partir de textiles recycl\u00e9s et de polyester recycl\u00e9, principalement \u00e0 partir de bouteilles PET usag\u00e9es et collect\u00e9es. Ces mat\u00e9riaux permettent une bonne circulation de l&#8217;air, le drainage de l&#8217;eau exc\u00e9dentaire et emp\u00eachent l&#8217;asphyxie des racines. Nos sacs de culture sont donc durables et enti\u00e8rement biod\u00e9gradables.<\/h4>\n<p>Le mat\u00e9riau respirant des sacs de culture permet une bonne circulation de l&#8217;air autour des racines des plantes. Cela emp\u00eache l&#8217;accumulation d&#8217;une humidit\u00e9 excessive et favorise un d\u00e9veloppement sain des racines. Le mat\u00e9riau \u00e9tant perm\u00e9able \u00e0 l&#8217;eau, l&#8217;exc\u00e8s d&#8217;eau peut s&#8217;\u00e9couler par les c\u00f4t\u00e9s et le fond. Cela \u00e9vite l&#8217;engorgement et le pourrissement des racines.<\/p>\n<p>Les sacs de culture sont id\u00e9aux pour jardiner dans des espaces restreints, comme les balcons ou les petits jardins. Comme les sacs sont fabriqu\u00e9s dans un mat\u00e9riau l\u00e9ger, ils sont faciles \u00e0 d\u00e9placer, ce qui les rend pratiques pour les plantations saisonni\u00e8res ou lorsque vous souhaitez r\u00e9organiser votre jardin. Nos sacs de culture sont lavables et r\u00e9utilisables.<\/p>\n<h4>Le sac de culture est \u00e9galement un moyen amusant d&#8217;initier les enfants \u00e0 la culture de leur propre nourriture. Regarder pousser des carottes et des fraises et les manger ensuite rend non seulement le jardinage, mais aussi la consommation de fruits et de l\u00e9gumes plus amusante et plus savoureuse.<\/h4>\n<h4>Les avantages d&#8217;un sac de culture en un coup d&#8217;\u0153il :<\/h4>\n<ul>\n<li>Am\u00e9liore la croissance et le rendement des plantes<\/li>\n<li>Le tissu permet aux racines de respirer<\/li>\n<li>Emp\u00eache la reproduction des bact\u00e9ries<\/li>\n<li>Garde les plantes plus chaudes en hiver et plus fra\u00eeches en \u00e9t\u00e9<\/li>\n<li>Emp\u00eache la circulation des racines<\/li>\n<li>Facile \u00e0 d\u00e9placer<\/li>\n<li>Sol drain\u00e9 de mani\u00e8re optimale<\/li>\n<\/ul>\n<h4>Caract\u00e9ristiques de notre sac PlantGrowBag Debout :<\/h4>\n<ul>\n<li>Feutre RPET 100 % recycl\u00e9 sans ingr\u00e9dients toxiques<\/li>\n<li>Tissu respirant de 2 MM d&#8217;\u00e9paisseur<\/li>\n<li>Enti\u00e8rement biod\u00e9gradable<\/li>\n<li>Poign\u00e9es verticales renforc\u00e9es<\/li>\n<li>Bords et coutures renforc\u00e9s<\/li>\n<li>Fond renforc\u00e9<\/li>\n<li>Attention particuli\u00e8re port\u00e9e aux couleurs et au design<\/li>\n<\/ul>\n","protected":false},"excerpt":{"rendered":"<p>Nos sacs de culture sont fabriqu\u00e9s en feutre RPET 100% recycl\u00e9 et respirant. La plante b\u00e9n\u00e9ficie ainsi d&#8217;un environnement de croissance optimal. En accordant une attention particuli\u00e8re \u00e0 la finition, nous avons d\u00e9velopp\u00e9 un sac de culture qui favorise non seulement le processus de croissance de la plante, mais qui est \u00e9galement agr\u00e9able \u00e0 travailler et qui a une belle apparence.<\/p>\n<p>Les sacs de culture peuvent \u00eatre lav\u00e9s et peuvent \u00eatre r\u00e9utilis\u00e9s.<\/p>\n<h4>Ce sac de culture pour fraises convient parfaitement \u00e0 la culture de fraises, de tomates, d\u2019herbes ou de petites plantes \u00e0 fleurs.<\/h4>\n<ul>\n<li>Hauteur 42 cm<\/li>\n<li>Capacit\u00e9 38 litres<\/li>\n<li>Diam\u00e8tre 35 cm<\/li>\n<li>8 Poches lat\u00e9rales\/ouvertures<\/li>\n<\/ul>\n","protected":false},"featured_media":16528,"comment_status":"open","ping_status":"closed","template":"","meta":{"_acf_changed":false},"product_brand":[],"product_cat":[140],"product_tag":[],"class_list":{"0":"post-16464","1":"product","2":"type-product","3":"status-publish","4":"has-post-thumbnail","6":"product_cat-sacs-de-plantes","8":"first","9":"instock","10":"taxable","11":"shipping-taxable","12":"purchasable","13":"product-type-simple"},"acf":[],"yoast_head":"<!-- This site is optimized with the Yoast SEO Premium plugin v26.1 (Yoast SEO v27.3) - https:\/\/yoast.com\/product\/yoast-seo-premium-wordpress\/ -->\n<title>PlantGrowBag Debout - Noir - Plant Care Tools<\/title>\n<meta name=\"description\" content=\"Donnez de l&#039;espace et de l&#039;air \u00e0 vos plantes avec le PlantGrowBag Debout. Commandez directement aupr\u00e8s de PlantCareTools. Large gamme, livraison rapide !\" \/>\n<meta name=\"robots\" content=\"index, follow, max-snippet:-1, max-image-preview:large, max-video-preview:-1\" \/>\n<link rel=\"canonical\" href=\"https:\/\/www.plantcaretools.com\/fr\/produit\/sacs-de-plantes\/plantgrowbag-debout-pour-fraises-tomates-herbes-fleurs-noir\/\" \/>\n<script type=\"application\/ld+json\" class=\"yoast-schema-graph\">{\"@context\":\"https:\\\/\\\/schema.org\",\"@graph\":[{\"@type\":\"BreadcrumbList\",\"@id\":\"https:\\\/\\\/www.plantcaretools.com\\\/fr\\\/produit\\\/sacs-de-plantes\\\/plantgrowbag-debout-pour-fraises-tomates-herbes-fleurs-noir\\\/#breadcrumb\",\"itemListElement\":[{\"@type\":\"ListItem\",\"position\":1,\"name\":\"Home\",\"item\":\"https:\\\/\\\/www.plantcaretools.com\\\/fr\\\/\"},{\"@type\":\"ListItem\",\"position\":2,\"name\":\"Produits\",\"item\":\"https:\\\/\\\/www.plantcaretools.com\\\/fr\\\/produits\\\/\"},{\"@type\":\"ListItem\",\"position\":3,\"name\":\"PlantGrowBag Debout \u2013 Pour Fraises \u2013 Tomates \u2013 Herbes \u2013 Fleurs &#8211; noir &#8211; Capacit\u00e9 38 litre\"}]}]}<\/script>\n<!-- \/ Yoast SEO Premium plugin. -->","yoast_head_json":{"title":"PlantGrowBag Debout - Noir - Plant Care Tools","description":"Donnez de l'espace et de l'air \u00e0 vos plantes avec le PlantGrowBag Debout. Commandez directement aupr\u00e8s de PlantCareTools. Large gamme, livraison rapide !","robots":{"index":"index","follow":"follow","max-snippet":"max-snippet:-1","max-image-preview":"max-image-preview:large","max-video-preview":"max-video-preview:-1"},"canonical":"https:\/\/www.plantcaretools.com\/fr\/produit\/sacs-de-plantes\/plantgrowbag-debout-pour-fraises-tomates-herbes-fleurs-noir\/","schema":{"@context":"https:\/\/schema.org","@graph":[{"@type":"BreadcrumbList","@id":"https:\/\/www.plantcaretools.com\/fr\/produit\/sacs-de-plantes\/plantgrowbag-debout-pour-fraises-tomates-herbes-fleurs-noir\/#breadcrumb","itemListElement":[{"@type":"ListItem","position":1,"name":"Home","item":"https:\/\/www.plantcaretools.com\/fr\/"},{"@type":"ListItem","position":2,"name":"Produits","item":"https:\/\/www.plantcaretools.com\/fr\/produits\/"},{"@type":"ListItem","position":3,"name":"PlantGrowBag Debout \u2013 Pour Fraises \u2013 Tomates \u2013 Herbes \u2013 Fleurs &#8211; noir &#8211; Capacit\u00e9 38 litre"}]}]}},"jetpack_sharing_enabled":true,"_links":{"self":[{"href":"https:\/\/www.plantcaretools.com\/fr\/wp-json\/wp\/v2\/product\/16464","targetHints":{"allow":["GET"]}}],"collection":[{"href":"https:\/\/www.plantcaretools.com\/fr\/wp-json\/wp\/v2\/product"}],"about":[{"href":"https:\/\/www.plantcaretools.com\/fr\/wp-json\/wp\/v2\/types\/product"}],"replies":[{"embeddable":true,"href":"https:\/\/www.plantcaretools.com\/fr\/wp-json\/wp\/v2\/comments?post=16464"}],"wp:featuredmedia":[{"embeddable":true,"href":"https:\/\/www.plantcaretools.com\/fr\/wp-json\/wp\/v2\/media\/16528"}],"wp:attachment":[{"href":"https:\/\/www.plantcaretools.com\/fr\/wp-json\/wp\/v2\/media?parent=16464"}],"wp:term":[{"taxonomy":"product_brand","embeddable":true,"href":"https:\/\/www.plantcaretools.com\/fr\/wp-json\/wp\/v2\/product_brand?post=16464"},{"taxonomy":"product_cat","embeddable":true,"href":"https:\/\/www.plantcaretools.com\/fr\/wp-json\/wp\/v2\/product_cat?post=16464"},{"taxonomy":"product_tag","embeddable":true,"href":"https:\/\/www.plantcaretools.com\/fr\/wp-json\/wp\/v2\/product_tag?post=16464"}],"curies":[{"name":"wp","href":"https:\/\/api.w.org\/{rel}","templated":true}]}}