{"id":16562,"date":"2023-08-16T18:01:09","date_gmt":"2023-08-16T16:01:09","guid":{"rendered":"https:\/\/www.plantcaretools.com\/?post_type=product&#038;p=16562"},"modified":"2024-02-27T17:23:09","modified_gmt":"2024-02-27T16:23:09","slug":"lampes-de-culture-80-leds-et-300-leds-raccord-e27-lumiere-rouge-et-bleue-indispensables-pour-optimiser-la-croissance-et-la-floraison","status":"publish","type":"product","link":"https:\/\/www.plantcaretools.com\/fr\/produit\/lampes-de-croissance-pour-plantes-et-ampoules-dambiances-wifi\/lampes-de-culture-80-leds-et-300-leds-raccord-e27-lumiere-rouge-et-bleue-indispensables-pour-optimiser-la-croissance-et-la-floraison\/","title":{"rendered":"Lampes de culture 80 LEDS et 300 LEDS, douille E27"},"content":{"rendered":"<p><strong>Lampes de culture 80 LEDS et 300 LEDS, douille E27\u00a0<\/strong><\/p>\n<p><span style=\"font-weight: 400;\">Ces lampes de culture avec 80 LEDS ou 300 LEDS permettent de cr\u00e9er un \u00e9clairage de culture optimal. Les lampes sont souvent utilis\u00e9es dans les serres ou les cultures hydroponiques. <\/span><span class=\"Y2IQFc\" lang=\"fr\">Mais aussi particuli\u00e8rement adapt\u00e9 \u00e0 une utilisation \u00e0 la maison pour vos plantes d&#8217;int\u00e9rieur dans un coin sombre ou pour donner un coup de pouce suppl\u00e9mentaire \u00e0 vos plantes d&#8217;int\u00e9rieur pendant l&#8217;hiver. La croissance des jeunes plantes est \u00e9galement beaucoup plus rapide si vous utilisez des lampes de culture.<\/span><\/p>\n<p><span style=\"font-weight: 400;\">Les plantes ont besoin de suffisamment de lumi\u00e8re pour une photosynth\u00e8se optimale. Les lampes de culture fournissent un suppl\u00e9ment de lumi\u00e8re si la plante est dans un endroit trop trop sombre. Avec la l<\/span><span class=\"Y2IQFc\" lang=\"fr\">umi\u00e8re rouge et <span style=\"font-weight: 400;\">la l<\/span>umi\u00e8re bleue, elles sont indispensables pour optimiser la floraison<\/span><span style=\"font-weight: 400;\"> plus rapide pendant la germination et la croissance. Elles sont \u00e9galement souvent utilis\u00e9es dans les serres ou pour la culture hydroponique. Les principales couleurs du spectre lumineux qui favorisent la photosynth\u00e8se sont le bleu et surtout le rouge. De nos jours, les lampes de culture sont presque toujours des lampes LED en raison de leur faible consommation d&#8217;\u00e9nergie. Nous vendons des lampes de culture avec 80 LEDS et avec 300 LEDS. Pour composer vous-m\u00eame votre lampe de culture optimale, nous vendons \u00e9galement des adaptateurs pour les lampes avec un raccord E27 dans notre boutique en ligne. Vous avez le choix entre un adaptateur pour 3 lampes de culture et un adaptateur pour 5 lampes de culture. L&#8217;adaptateur pour 3 lampes convient aussi bien \u00e0 la lampe \u00e0 80 LEDS qu&#8217;\u00e0 la lampe \u00e0 300 LEDS. L&#8217;adaptateur pour 5 lampes de culture convient uniquement \u00e0 la lampe de culture \u00e0 80 LEDS.<\/span><\/p>\n<p><strong>D\u00e9tails du produit :<\/strong><\/p>\n<ul>\n<li style=\"font-weight: 400;\" aria-level=\"1\"><span style=\"font-weight: 400;\">220 V<\/span><\/li>\n<li style=\"font-weight: 400;\" aria-level=\"1\"><span style=\"font-weight: 400;\">Longueur 5 cm, largeur 4,8 cm<\/span><\/li>\n<li style=\"font-weight: 400;\" aria-level=\"1\"><span style=\"font-weight: 400;\">Non gradable<\/span><\/li>\n<li style=\"font-weight: 400;\" aria-level=\"1\"><span style=\"font-weight: 400;\">80 LEDS ou 300 LEDS<\/span><\/li>\n<li style=\"font-weight: 400;\" aria-level=\"1\"><span style=\"font-weight: 400;\">Dur\u00e9e de vie 50 000 heures<\/span><\/li>\n<li style=\"font-weight: 400;\" aria-level=\"1\"><span style=\"font-weight: 400;\">Raccord E27<\/span><\/li>\n<li style=\"font-weight: 400;\" aria-level=\"1\">Lumi\u00e8re rouge et bleue, indispensables pour optimiser la croissance et la floraison<\/li>\n<li style=\"font-weight: 400;\" aria-level=\"1\"><span style=\"font-weight: 400;\">Derni\u00e8re technologie LED : type SMD 2835<\/span><\/li>\n<li style=\"font-weight: 400;\" aria-level=\"1\"><span style=\"font-weight: 400;\">La lampe \u00e0 80 LEDS convient \u00e0 l&#8217;adaptateur \u00e0 3 lampes et \u00e0 l&#8217;adaptateur \u00e0 5 lampes.<\/span><\/li>\n<li style=\"font-weight: 400;\" aria-level=\"1\"><span style=\"font-weight: 400;\">Lampe avec 300 LEDS convenant uniquement \u00e0 l&#8217;adaptateur pour 3 lampes<\/span><\/li>\n<li style=\"font-weight: 400;\" aria-level=\"1\"><span style=\"font-weight: 400;\">Certification CE et RoHs<\/span><\/li>\n<\/ul>\n","protected":false},"excerpt":{"rendered":"<p><span style=\"font-weight: 400;\">Les plantes ont besoin de suffisamment de lumi\u00e8re pour une photosynth\u00e8se optimale. Les lampes de culture fournissent un suppl\u00e9ment de lumi\u00e8re si la plante est trop sombre ou assurent une croissance plus rapide pendant la germination et la croissance, ainsi que pendant la phase de croissance et de floraison. Elles sont \u00e9galement souvent utilis\u00e9es dans les serres ou pour la culture hydroponique.\u00a0<\/span><span class=\"Y2IQFc\" lang=\"fr\">Mais aussi particuli\u00e8rement adapt\u00e9 \u00e0 une utilisation \u00e0 la maison pour vos plantes d&#8217;int\u00e9rieur dans un coin sombre ou pour donner un coup de pouce suppl\u00e9mentaire \u00e0 vos plantes d&#8217;int\u00e9rieur en hiver. La croissance des jeunes plantes est \u00e9galement beaucoup plus rapide si vous utilisez des lampes de culture.<\/span><\/p>\n<ul>\n<li style=\"font-weight: 400;\" aria-level=\"1\"><span style=\"font-weight: 400;\">220V<\/span><\/li>\n<li style=\"font-weight: 400;\" aria-level=\"1\"><span style=\"font-weight: 400;\">Longueur 5 cm, largeur 4,8 cm<\/span><\/li>\n<li style=\"font-weight: 400;\" aria-level=\"1\"><span style=\"font-weight: 400;\">Non gradable<\/span><\/li>\n<li style=\"font-weight: 400;\" aria-level=\"1\"><span style=\"font-weight: 400;\">80 LEDS ou 300 LEDS<\/span><\/li>\n<li style=\"font-weight: 400;\" aria-level=\"1\"><span style=\"font-weight: 400;\">Dur\u00e9e de vie 50 000 heures<\/span><\/li>\n<li style=\"font-weight: 400;\" aria-level=\"1\"><span style=\"font-weight: 400;\">Raccord E27<\/span><\/li>\n<li style=\"font-weight: 400;\" aria-level=\"1\">Lumi\u00e8re rouge et bleue, indispensables pour optimiser la croissance et la floraison<\/li>\n<li style=\"font-weight: 400;\" aria-level=\"1\"><span style=\"font-weight: 400;\">Derni\u00e8re technologie de LED : type SMD2835<\/span><\/li>\n<li style=\"font-weight: 400;\" aria-level=\"1\"><span style=\"font-weight: 400;\">La lampe \u00e0 80 LEDS convient \u00e0 l&#8217;adaptateur pour 3 lampes et \u00e0 l&#8217;adaptateur pour 5 lampes<\/span><\/li>\n<li style=\"font-weight: 400;\" aria-level=\"1\"><span style=\"font-weight: 400;\">La lampe \u00e0 300 LEDS convient uniquement \u00e0 l&#8217;adaptateur pour 3 lampes<\/span><\/li>\n<li style=\"font-weight: 400;\" aria-level=\"1\"><span style=\"font-weight: 400;\">Certification CE et RoHs<\/span><\/li>\n<\/ul>\n<p>&nbsp;<\/p>\n","protected":false},"featured_media":15761,"comment_status":"open","ping_status":"closed","template":"","meta":{"_acf_changed":false},"product_brand":[],"product_cat":[141],"product_tag":[],"class_list":{"0":"post-16562","1":"product","2":"type-product","3":"status-publish","4":"has-post-thumbnail","6":"product_cat-lampes-de-croissance-pour-plantes-et-ampoules-dambiances-wifi","8":"first","9":"instock","10":"sale","11":"taxable","12":"shipping-taxable","13":"purchasable","14":"product-type-variable"},"acf":[],"yoast_head":"<!-- This site is optimized with the Yoast SEO Premium plugin v26.1 (Yoast SEO v27.3) - https:\/\/yoast.com\/product\/yoast-seo-premium-wordpress\/ -->\n<title>Lampes de culture 80 LEDS et 300 LEDS, douille E27 - Plant Care Tools<\/title>\n<meta name=\"description\" content=\"Lampes de culture 80 LEDS et 300 LEDS. Commandez-les directement aupr\u00e8s de PlantCareTools. Large gamme, livraison rapide !\" \/>\n<meta name=\"robots\" content=\"index, follow, max-snippet:-1, max-image-preview:large, max-video-preview:-1\" \/>\n<link rel=\"canonical\" href=\"https:\/\/www.plantcaretools.com\/fr\/produit\/lampes-de-croissance-pour-plantes-et-ampoules-dambiances-wifi\/lampes-de-culture-80-leds-et-300-leds-raccord-e27-lumiere-rouge-et-bleue-indispensables-pour-optimiser-la-croissance-et-la-floraison\/\" \/>\n<script type=\"application\/ld+json\" class=\"yoast-schema-graph\">{\"@context\":\"https:\\\/\\\/schema.org\",\"@graph\":[{\"@type\":\"BreadcrumbList\",\"@id\":\"https:\\\/\\\/www.plantcaretools.com\\\/fr\\\/produit\\\/lampes-de-croissance-pour-plantes-et-ampoules-dambiances-wifi\\\/lampes-de-culture-80-leds-et-300-leds-raccord-e27-lumiere-rouge-et-bleue-indispensables-pour-optimiser-la-croissance-et-la-floraison\\\/#breadcrumb\",\"itemListElement\":[{\"@type\":\"ListItem\",\"position\":1,\"name\":\"Home\",\"item\":\"https:\\\/\\\/www.plantcaretools.com\\\/fr\\\/\"},{\"@type\":\"ListItem\",\"position\":2,\"name\":\"Produits\",\"item\":\"https:\\\/\\\/www.plantcaretools.com\\\/fr\\\/produits\\\/\"},{\"@type\":\"ListItem\",\"position\":3,\"name\":\"Lampes de culture 80 LEDS et 300 LEDS, douille E27\"}]}]}<\/script>\n<!-- \/ Yoast SEO Premium plugin. -->","yoast_head_json":{"title":"Lampes de culture 80 LEDS et 300 LEDS, douille E27 - Plant Care Tools","description":"Lampes de culture 80 LEDS et 300 LEDS. Commandez-les directement aupr\u00e8s de PlantCareTools. Large gamme, livraison rapide !","robots":{"index":"index","follow":"follow","max-snippet":"max-snippet:-1","max-image-preview":"max-image-preview:large","max-video-preview":"max-video-preview:-1"},"canonical":"https:\/\/www.plantcaretools.com\/fr\/produit\/lampes-de-croissance-pour-plantes-et-ampoules-dambiances-wifi\/lampes-de-culture-80-leds-et-300-leds-raccord-e27-lumiere-rouge-et-bleue-indispensables-pour-optimiser-la-croissance-et-la-floraison\/","schema":{"@context":"https:\/\/schema.org","@graph":[{"@type":"BreadcrumbList","@id":"https:\/\/www.plantcaretools.com\/fr\/produit\/lampes-de-croissance-pour-plantes-et-ampoules-dambiances-wifi\/lampes-de-culture-80-leds-et-300-leds-raccord-e27-lumiere-rouge-et-bleue-indispensables-pour-optimiser-la-croissance-et-la-floraison\/#breadcrumb","itemListElement":[{"@type":"ListItem","position":1,"name":"Home","item":"https:\/\/www.plantcaretools.com\/fr\/"},{"@type":"ListItem","position":2,"name":"Produits","item":"https:\/\/www.plantcaretools.com\/fr\/produits\/"},{"@type":"ListItem","position":3,"name":"Lampes de culture 80 LEDS et 300 LEDS, douille E27"}]}]}},"jetpack_sharing_enabled":true,"_links":{"self":[{"href":"https:\/\/www.plantcaretools.com\/fr\/wp-json\/wp\/v2\/product\/16562","targetHints":{"allow":["GET"]}}],"collection":[{"href":"https:\/\/www.plantcaretools.com\/fr\/wp-json\/wp\/v2\/product"}],"about":[{"href":"https:\/\/www.plantcaretools.com\/fr\/wp-json\/wp\/v2\/types\/product"}],"replies":[{"embeddable":true,"href":"https:\/\/www.plantcaretools.com\/fr\/wp-json\/wp\/v2\/comments?post=16562"}],"wp:featuredmedia":[{"embeddable":true,"href":"https:\/\/www.plantcaretools.com\/fr\/wp-json\/wp\/v2\/media\/15761"}],"wp:attachment":[{"href":"https:\/\/www.plantcaretools.com\/fr\/wp-json\/wp\/v2\/media?parent=16562"}],"wp:term":[{"taxonomy":"product_brand","embeddable":true,"href":"https:\/\/www.plantcaretools.com\/fr\/wp-json\/wp\/v2\/product_brand?post=16562"},{"taxonomy":"product_cat","embeddable":true,"href":"https:\/\/www.plantcaretools.com\/fr\/wp-json\/wp\/v2\/product_cat?post=16562"},{"taxonomy":"product_tag","embeddable":true,"href":"https:\/\/www.plantcaretools.com\/fr\/wp-json\/wp\/v2\/product_tag?post=16562"}],"curies":[{"name":"wp","href":"https:\/\/api.w.org\/{rel}","templated":true}]}}