{"id":16694,"date":"2023-10-27T17:54:15","date_gmt":"2023-10-27T15:54:15","guid":{"rendered":"https:\/\/www.plantcaretools.com\/?post_type=product&#038;p=16694"},"modified":"2024-06-13T14:01:34","modified_gmt":"2024-06-13T12:01:34","slug":"adaptateur-douille-e27-pour-ampoules-led-douille-e27-3-en-1-et-5-en-1","status":"publish","type":"product","link":"https:\/\/www.plantcaretools.com\/fr\/produit\/lampes-de-croissance-pour-plantes-et-ampoules-dambiances-wifi\/adaptateur-douille-e27-pour-ampoules-led-douille-e27-3-en-1-et-5-en-1\/","title":{"rendered":"Adaptateur douille E27 pour ampoules LED douille E27, 3 en 1 et 5 en 1"},"content":{"rendered":"<p>Configurez vos propres lampes de culture avec l&#8217;adaptateur douille E27 o\u00f9 1 raccord E27 se divise en 3 raccords E27 ou en 5 raccords E27. Efficace, bon march\u00e9, flexible et tr\u00e8s facile \u00e0 installer. Vous pouvez utiliser \u00e0 la fois la lampe de culture \u00e0 80 LED et la lampe de culture \u00e0 300 LED dans l&#8217;adaptateur 3 en 1. L&#8217;adaptateur 5 en 1 ne convient que pour la lampe de culture \u00e0 80 LED.<\/p>\n<p><strong>Caract\u00e9ristiques de l&#8217;Adaptateur douille E27:<\/strong><\/p>\n<p>\u2022 Mat\u00e9riau : ABS r\u00e9sistant \u00e0 la chaleur<br \/>\n\u2022 Convient uniquement au raccord E27<br \/>\n\u2022 Type : adaptateur 3 en 1 et adaptateur 5 en 1<br \/>\n\u2022 Tension : 85-285 V<br \/>\n\u2022 Maximum 60 W au total pour l&#8217;adaptateur 3 en 1<br \/>\n\u2022 Maximum 100 W au total pour l&#8217;adaptateur 5 en 1<br \/>\n\u2022 Utilisez uniquement des lampes LED et des lampes \u00e0 \u00e9conomie d&#8217;\u00e9nergie.<br \/>\nNe convient pas \u00e0 d&#8217;autres lampes telles que des lampes halog\u00e8nes et lampes \u00e0 incandescence<br \/>\n\u2022 Certifications : CE et ROHS<\/p>\n","protected":false},"excerpt":{"rendered":"<p>Configurez vos propres lampes de culture avec ces adaptateurs o\u00f9 1 raccord E27 se divise en 3 raccords E27 ou en 5 raccords E27. Efficace, bon march\u00e9, flexible et tr\u00e8s facile \u00e0 installer. Vous pouvez utiliser la lampe de culture \u00e0 80 LED ainsi que la lampe de culture \u00e0 300 LED dans l&#8217;adaptateur 3 en 1. L&#8217;adaptateur 5 en 1 ne convient que pour la lampe de culture \u00e0 80 LED.<\/p>\n<p><strong>Caract\u00e9ristiques:<\/strong><\/p>\n<p>\u2022 Mat\u00e9riau : ABS r\u00e9sistant \u00e0 la chaleur<br \/>\n\u2022 Convient uniquement au raccord E27<br \/>\n\u2022 Type : adaptateur 3 en 1 et adaptateur 5 en 1<br \/>\n\u2022 Tension : 85-285 V<br \/>\n\u2022 Maximum 60 W au total pour l&#8217;adaptateur 3 en 1<br \/>\n\u2022 Maximum 100 W au total pour l&#8217;adaptateur 5 en 1<br \/>\n\u2022 Utilisez uniquement des lampes LED et des lampes \u00e0 \u00e9conomie d&#8217;\u00e9nergie.<br \/>\nNe convient pas \u00e0 d&#8217;autres lampes telles que des lampes halog\u00e8nes et lampes \u00e0 incandescence<br \/>\n\u2022 Certifications : CE et ROHS<\/p>\n","protected":false},"featured_media":16614,"comment_status":"open","ping_status":"closed","template":"","meta":{"_acf_changed":false},"product_brand":[],"product_cat":[141],"product_tag":[246],"class_list":{"0":"post-16694","1":"product","2":"type-product","3":"status-publish","4":"has-post-thumbnail","6":"product_cat-lampes-de-croissance-pour-plantes-et-ampoules-dambiances-wifi","7":"product_tag-led-fr","9":"first","10":"instock","11":"taxable","12":"shipping-taxable","13":"purchasable","14":"product-type-variable"},"acf":[],"yoast_head":"<!-- This site is optimized with the Yoast SEO Premium plugin v26.1 (Yoast SEO v27.3) - https:\/\/yoast.com\/product\/yoast-seo-premium-wordpress\/ -->\n<title>Adaptateur douille E27 pour ampoules LED - PlantCareTools<\/title>\n<meta name=\"description\" content=\"Configurez vos propres lampes de culture avec l&#039;adaptateur douille E27 o\u00f9 1 raccord E27 se divise en 3 raccords E27 ou en 5 raccords E27.\" \/>\n<meta name=\"robots\" content=\"index, follow, max-snippet:-1, max-image-preview:large, max-video-preview:-1\" \/>\n<link rel=\"canonical\" href=\"https:\/\/www.plantcaretools.com\/fr\/produit\/lampes-de-croissance-pour-plantes-et-ampoules-dambiances-wifi\/adaptateur-douille-e27-pour-ampoules-led-douille-e27-3-en-1-et-5-en-1\/\" \/>\n<script type=\"application\/ld+json\" class=\"yoast-schema-graph\">{\"@context\":\"https:\\\/\\\/schema.org\",\"@graph\":[{\"@type\":\"BreadcrumbList\",\"@id\":\"https:\\\/\\\/www.plantcaretools.com\\\/fr\\\/produit\\\/lampes-de-croissance-pour-plantes-et-ampoules-dambiances-wifi\\\/adaptateur-douille-e27-pour-ampoules-led-douille-e27-3-en-1-et-5-en-1\\\/#breadcrumb\",\"itemListElement\":[{\"@type\":\"ListItem\",\"position\":1,\"name\":\"Home\",\"item\":\"https:\\\/\\\/www.plantcaretools.com\\\/fr\\\/\"},{\"@type\":\"ListItem\",\"position\":2,\"name\":\"Produits\",\"item\":\"https:\\\/\\\/www.plantcaretools.com\\\/fr\\\/produits\\\/\"},{\"@type\":\"ListItem\",\"position\":3,\"name\":\"Adaptateur douille E27 pour ampoules LED douille E27, 3 en 1 et 5 en 1\"}]}]}<\/script>\n<!-- \/ Yoast SEO Premium plugin. -->","yoast_head_json":{"title":"Adaptateur douille E27 pour ampoules LED - PlantCareTools","description":"Configurez vos propres lampes de culture avec l'adaptateur douille E27 o\u00f9 1 raccord E27 se divise en 3 raccords E27 ou en 5 raccords E27.","robots":{"index":"index","follow":"follow","max-snippet":"max-snippet:-1","max-image-preview":"max-image-preview:large","max-video-preview":"max-video-preview:-1"},"canonical":"https:\/\/www.plantcaretools.com\/fr\/produit\/lampes-de-croissance-pour-plantes-et-ampoules-dambiances-wifi\/adaptateur-douille-e27-pour-ampoules-led-douille-e27-3-en-1-et-5-en-1\/","schema":{"@context":"https:\/\/schema.org","@graph":[{"@type":"BreadcrumbList","@id":"https:\/\/www.plantcaretools.com\/fr\/produit\/lampes-de-croissance-pour-plantes-et-ampoules-dambiances-wifi\/adaptateur-douille-e27-pour-ampoules-led-douille-e27-3-en-1-et-5-en-1\/#breadcrumb","itemListElement":[{"@type":"ListItem","position":1,"name":"Home","item":"https:\/\/www.plantcaretools.com\/fr\/"},{"@type":"ListItem","position":2,"name":"Produits","item":"https:\/\/www.plantcaretools.com\/fr\/produits\/"},{"@type":"ListItem","position":3,"name":"Adaptateur douille E27 pour ampoules LED douille E27, 3 en 1 et 5 en 1"}]}]}},"jetpack_sharing_enabled":true,"_links":{"self":[{"href":"https:\/\/www.plantcaretools.com\/fr\/wp-json\/wp\/v2\/product\/16694","targetHints":{"allow":["GET"]}}],"collection":[{"href":"https:\/\/www.plantcaretools.com\/fr\/wp-json\/wp\/v2\/product"}],"about":[{"href":"https:\/\/www.plantcaretools.com\/fr\/wp-json\/wp\/v2\/types\/product"}],"replies":[{"embeddable":true,"href":"https:\/\/www.plantcaretools.com\/fr\/wp-json\/wp\/v2\/comments?post=16694"}],"wp:featuredmedia":[{"embeddable":true,"href":"https:\/\/www.plantcaretools.com\/fr\/wp-json\/wp\/v2\/media\/16614"}],"wp:attachment":[{"href":"https:\/\/www.plantcaretools.com\/fr\/wp-json\/wp\/v2\/media?parent=16694"}],"wp:term":[{"taxonomy":"product_brand","embeddable":true,"href":"https:\/\/www.plantcaretools.com\/fr\/wp-json\/wp\/v2\/product_brand?post=16694"},{"taxonomy":"product_cat","embeddable":true,"href":"https:\/\/www.plantcaretools.com\/fr\/wp-json\/wp\/v2\/product_cat?post=16694"},{"taxonomy":"product_tag","embeddable":true,"href":"https:\/\/www.plantcaretools.com\/fr\/wp-json\/wp\/v2\/product_tag?post=16694"}],"curies":[{"name":"wp","href":"https:\/\/api.w.org\/{rel}","templated":true}]}}