{"id":17413,"date":"2024-01-02T11:03:49","date_gmt":"2024-01-02T10:03:49","guid":{"rendered":"https:\/\/www.plantcaretools.com\/?post_type=product&#038;p=17413"},"modified":"2024-02-27T17:19:17","modified_gmt":"2024-02-27T16:19:17","slug":"cheque-cadeau-plantcaretools","status":"publish","type":"product","link":"https:\/\/www.plantcaretools.com\/fr\/produit\/carte-cadeau\/cheque-cadeau-plantcaretools\/","title":{"rendered":"Ch\u00e8que Cadeau"},"content":{"rendered":"<h2>Le ch\u00e8que cadeau PlantCareTools<\/h2>\n<ul>\n<li>Le cadeau id\u00e9al pour tous ceux qui aiment les plantes !<\/li>\n<li>Montants disponibles : \u20ac 10,- \/ \u20ac 25,- \/ \u20ac 75,- \/ \u20ac 100,-. Autres montants sur demande.<\/li>\n<li>Valable 2 ans.<\/li>\n<li>A d\u00e9penser dans l&#8217;ensemble de notre boutique, y compris les offres.<\/li>\n<li>Apr\u00e8s avoir choisi un montant et pay\u00e9 le bon, vous pouvez vous l&#8217;envoyer par la poste pour l&#8217;imprimer ou l&#8217;envoyer directement \u00e0 l&#8217;heureux destinataire.<\/li>\n<\/ul>\n","protected":false},"excerpt":{"rendered":"<p>Le ch\u00e8que cadeau PlantCareTools Le cadeau id\u00e9al pour tous ceux qui aiment les plantes ! Montants disponibles : \u20ac 10,- \/ \u20ac 25,- \/ \u20ac 75,- \/ \u20ac 100,-. Autres montants sur demande. Valable 2 ans. A d\u00e9penser dans l&#8217;ensemble de notre boutique, y compris les offres. Apr\u00e8s avoir choisi un montant et pay\u00e9 le [&hellip;]<\/p>\n","protected":false},"featured_media":17106,"comment_status":"closed","ping_status":"closed","template":"","meta":{"_acf_changed":false},"product_brand":[],"product_cat":[167],"product_tag":[],"class_list":{"0":"post-17413","1":"product","2":"type-product","3":"status-publish","4":"has-post-thumbnail","6":"product_cat-carte-cadeau","8":"first","9":"instock","10":"purchasable","11":"product-type-pw-gift-card"},"acf":[],"yoast_head":"<!-- This site is optimized with the Yoast SEO Premium plugin v26.1 (Yoast SEO v27.3) - https:\/\/yoast.com\/product\/yoast-seo-premium-wordpress\/ -->\n<title>Ch\u00e8que cadeau PlantCareTools<\/title>\n<meta name=\"description\" content=\"Le ch\u00e8que cadeau PlantCareTools. Le cadeau id\u00e9al pour tous ceux qui aiment les plantes ! Montants disponibles : \u20ac 10,- \/ \u20ac 25,- \/ \u20ac 75,- \/ \u20ac 100,-.\" \/>\n<meta name=\"robots\" content=\"index, follow, max-snippet:-1, max-image-preview:large, max-video-preview:-1\" \/>\n<link rel=\"canonical\" href=\"https:\/\/www.plantcaretools.com\/fr\/produit\/carte-cadeau\/cheque-cadeau-plantcaretools\/\" \/>\n<script type=\"application\/ld+json\" class=\"yoast-schema-graph\">{\"@context\":\"https:\\\/\\\/schema.org\",\"@graph\":[{\"@type\":\"BreadcrumbList\",\"@id\":\"https:\\\/\\\/www.plantcaretools.com\\\/fr\\\/produit\\\/carte-cadeau\\\/cheque-cadeau-plantcaretools\\\/#breadcrumb\",\"itemListElement\":[{\"@type\":\"ListItem\",\"position\":1,\"name\":\"Home\",\"item\":\"https:\\\/\\\/www.plantcaretools.com\\\/fr\\\/\"},{\"@type\":\"ListItem\",\"position\":2,\"name\":\"Produits\",\"item\":\"https:\\\/\\\/www.plantcaretools.com\\\/fr\\\/produits\\\/\"},{\"@type\":\"ListItem\",\"position\":3,\"name\":\"Ch\u00e8que Cadeau\"}]}]}<\/script>\n<!-- \/ Yoast SEO Premium plugin. -->","yoast_head_json":{"title":"Ch\u00e8que cadeau PlantCareTools","description":"Le ch\u00e8que cadeau PlantCareTools. Le cadeau id\u00e9al pour tous ceux qui aiment les plantes ! Montants disponibles : \u20ac 10,- \/ \u20ac 25,- \/ \u20ac 75,- \/ \u20ac 100,-.","robots":{"index":"index","follow":"follow","max-snippet":"max-snippet:-1","max-image-preview":"max-image-preview:large","max-video-preview":"max-video-preview:-1"},"canonical":"https:\/\/www.plantcaretools.com\/fr\/produit\/carte-cadeau\/cheque-cadeau-plantcaretools\/","schema":{"@context":"https:\/\/schema.org","@graph":[{"@type":"BreadcrumbList","@id":"https:\/\/www.plantcaretools.com\/fr\/produit\/carte-cadeau\/cheque-cadeau-plantcaretools\/#breadcrumb","itemListElement":[{"@type":"ListItem","position":1,"name":"Home","item":"https:\/\/www.plantcaretools.com\/fr\/"},{"@type":"ListItem","position":2,"name":"Produits","item":"https:\/\/www.plantcaretools.com\/fr\/produits\/"},{"@type":"ListItem","position":3,"name":"Ch\u00e8que Cadeau"}]}]}},"jetpack_sharing_enabled":true,"_links":{"self":[{"href":"https:\/\/www.plantcaretools.com\/fr\/wp-json\/wp\/v2\/product\/17413","targetHints":{"allow":["GET"]}}],"collection":[{"href":"https:\/\/www.plantcaretools.com\/fr\/wp-json\/wp\/v2\/product"}],"about":[{"href":"https:\/\/www.plantcaretools.com\/fr\/wp-json\/wp\/v2\/types\/product"}],"replies":[{"embeddable":true,"href":"https:\/\/www.plantcaretools.com\/fr\/wp-json\/wp\/v2\/comments?post=17413"}],"wp:featuredmedia":[{"embeddable":true,"href":"https:\/\/www.plantcaretools.com\/fr\/wp-json\/wp\/v2\/media\/17106"}],"wp:attachment":[{"href":"https:\/\/www.plantcaretools.com\/fr\/wp-json\/wp\/v2\/media?parent=17413"}],"wp:term":[{"taxonomy":"product_brand","embeddable":true,"href":"https:\/\/www.plantcaretools.com\/fr\/wp-json\/wp\/v2\/product_brand?post=17413"},{"taxonomy":"product_cat","embeddable":true,"href":"https:\/\/www.plantcaretools.com\/fr\/wp-json\/wp\/v2\/product_cat?post=17413"},{"taxonomy":"product_tag","embeddable":true,"href":"https:\/\/www.plantcaretools.com\/fr\/wp-json\/wp\/v2\/product_tag?post=17413"}],"curies":[{"name":"wp","href":"https:\/\/api.w.org\/{rel}","templated":true}]}}