{"id":17473,"date":"2024-01-05T17:04:50","date_gmt":"2024-01-05T16:04:50","guid":{"rendered":"https:\/\/www.plantcaretools.com\/?post_type=product&#038;p=17473"},"modified":"2025-03-25T16:25:04","modified_gmt":"2025-03-25T15:25:04","slug":"ec-tds-temperature-appareil-de-mesure-du-sol","status":"publish","type":"product","link":"https:\/\/www.plantcaretools.com\/fr\/produit\/instrumentss-de-mesure\/ec-tds-temperature-appareil-de-mesure-du-sol\/","title":{"rendered":"EC-TDS-TEMPERATURE Appareil de Mesure du Sol (Bluetooth)"},"content":{"rendered":"<h2>Description d&#8217;EC-TDS-TEMPERATURE Appareil de Mesure du Sol:<\/h2>\n<p>La mesure de l&#8217;EC dans le sol de votre plante vous fournit des informations pr\u00e9cieuses qui peuvent \u00eatre utilis\u00e9es pour am\u00e9liorer la qualit\u00e9 du sol. Et si la qualit\u00e9 du sol s&#8217;am\u00e9liore, votre plante poussera et fleurira mieux. Il faut toutefois savoir que la valeur de l&#8217;EC peut fluctuer en fonction du taux d&#8217;humidit\u00e9 du sol, de sa structure et de la temp\u00e9rature notamment. Il est donc important de mesurer l&#8217;EC de mani\u00e8re r\u00e9guli\u00e8re et constante, de pr\u00e9f\u00e9rence avec un appareil de mesure qui peut \u00eatre correctement \u00e9talonn\u00e9 et qui dispose d&#8217;une compensation automatique de la temp\u00e9rature (cet appareil de mesure r\u00e9pond \u00e0 ces deux crit\u00e8res). En outre, comparez toujours les r\u00e9sultats mesur\u00e9s avec la valeur optimale de l&#8217;EC pour la plante et le type de sol en question. Pour la culture en plein air, la valeur EC doit g\u00e9n\u00e9ralement se situer entre 0,5 et 2,0 mS\/cm (en fonction de la plante et du type de sol). Vous trouverez facilement ces valeurs sur Internet et nous disposons \u00e9galement d&#8217;une liste des valeurs EC optimales pour les plantes et les types de sol les plus courants. Cette liste est fournie avec votre EC-TDS-TEMPERATURE Appareil de Mesure du Sol.<\/p>\n<p>Outre la temp\u00e9rature du sol, cet appareil peut \u00e9galement mesurer le TDS (= Total Dissolved Solids). L&#8217;EC et le TDS sont tous deux des mesures li\u00e9es \u00e0 une concentration de solides dissous dans le sol. Mais ils ne mesurent pas la m\u00eame chose. L&#8217;EC mesure la conductivit\u00e9 de l&#8217;\u00e9lectricit\u00e9, tandis que le TDS mesure le total des solides dissous. Le TDS est exprim\u00e9 en PPM (nombre de particules par million). Si la valeur du TDS mesur\u00e9e dans l&#8217;eau est faible, cela signifie que l&#8217;eau est relativement pure et vice versa. L&#8217;eau potable se situe g\u00e9n\u00e9ralement dans une fourchette comprise entre 50 et 300 PPM, une valeur de 50 ou moins \u00e9tant recherch\u00e9e. L&#8217;EC et le TDS \u00e9tant \u00e9troitement li\u00e9s, le r\u00e9sultat et l&#8217;interpr\u00e9tation de la mesure de l&#8217;EC sont g\u00e9n\u00e9ralement suffisants pour obtenir une bonne impression de la qualit\u00e9 de votre sol.<\/p>\n<p>L&#8217;utilisation de l&#8217;appareil est simple. Avant de proc\u00e9der \u00e0 la mesure et apr\u00e8s la derni\u00e8re mesure, vous devez nettoyer soigneusement la tige de mesure avec de l&#8217;eau distill\u00e9e et la s\u00e9cher \u00e0 l&#8217;aide d&#8217;un mouchoir en papier. Ins\u00e9rez l&#8217;appareil de mesure verticalement \u00e0 au moins 10 cm dans le sol et mettez-le en marche. S\u00e9lectionnez l&#8217;unit\u00e9 de mesure \u00e0 l&#8217;aide de la touche TDS\/EC et attendez que le r\u00e9sultat ne change plus ou qu&#8217;il ne change que l\u00e9g\u00e8rement. Lisez alors le r\u00e9sultat final de la mesure. Le testeur utilise Bluetooth avec l&#8217;application tuya. En fonction de l&#8217;utilisation, le lecteur doit \u00eatre \u00e9talonn\u00e9 de temps en temps. Pour savoir quand proc\u00e9der \u00e0 cet \u00e9talonnage, mesurez l&#8217;EC et le TDS de l&#8217;eau du robinet chaque fois que vous avez l&#8217;intention d&#8217;effectuer une mesure et notez les valeurs avec la date. D\u00e8s que les valeurs commencent \u00e0 s&#8217;\u00e9carter davantage des valeurs que vous avez not\u00e9es lors de la premi\u00e8re mesure (plus de + 10 % ou &#8211; 10 %), \u00e9talonnez l&#8217;appareil de mesure. Pour ce faire, vous aurez besoin d&#8217;un liquide d&#8217;\u00e9talonnage (ou liquide tampon) 1413 \u03bcS\/cm et 150 \u03bcS\/cm. En ligne, il existe de nombreux fournisseurs sp\u00e9cialis\u00e9s dans ces liquides.<\/p>\n<p>Essayez d&#8217;\u00e9talonner \u00e0 une temp\u00e9rature de 25 degr\u00e9s Celsius. Laissez d&#8217;abord le lecteur dans un b\u00e9cher contenant environ 10 cm d&#8217;eau distill\u00e9e pendant quelques heures. Placez ensuite le lecteur dans le liquide d&#8217;\u00e9talonnage 1413 \u03bcS\/cm et remuez doucement le lecteur dans le liquide pendant quelques minutes. Attendez que le r\u00e9sultat de la mesure reste stable et retirez maintenant le couvercle du compartiment des piles. \u00c0 c\u00f4t\u00e9 des piles, vous trouverez une petite vis de couleur cuivr\u00e9e. Prenez le tournevis fourni et tournez la vis jusqu&#8217;\u00e0 ce que 1413 apparaisse \u00e0 l&#8217;\u00e9cran. Nettoyez ensuite soigneusement la sonde avec de l&#8217;eau distill\u00e9e et s\u00e9chez-la avec un mouchoir en papier. R\u00e9p\u00e9tez maintenant cette proc\u00e9dure avec le liquide d&#8217;\u00e9talonnage 150 \u03bcS\/cm. Bien entendu, vous devez maintenant tourner la vis jusqu&#8217;\u00e0 ce que la valeur 150 apparaisse \u00e0 l&#8217;\u00e9cran.<\/p>\n<h2>Informations compl\u00e9mentaires :<\/h2>\n<ul>\n<li>Poids sans emballage : 100g<\/li>\n<li>Bluetooth avec l&#8217;application Tuya.<\/li>\n<li>Dimensions : 285mm X 35mm<\/li>\n<li>Plage de mesure EC : 0-10000 \u03bcS\/cm = 0-10 mS\/cm. 1 millisiemens (=mS) = 1000 microsiemens (=\u03bcS)<\/li>\n<li>Plage de mesure TDS : 0-10000 ppm<\/li>\n<li>Plage de mesure de la temp\u00e9rature du sol : -50 Celsius \u00e0 +70 Celsius<\/li>\n<li>Type de pile : 4X LR44<\/li>\n<li>Certifications : CE et RoHS<\/li>\n<\/ul>\n","protected":false},"excerpt":{"rendered":"<h2>EC-TDS-TEMPERATURE Appareil de Mesure du Sol (Bluetooth)<\/h2>\n<p>Cet appareil mesure, entre autres, la conductivit\u00e9 \u00e9lectrique (EC) du sol. La valeur EC du sol est importante car elle donne une bonne indication de la quantit\u00e9 de nutriments disponibles pour la plante. Une valeur CE (trop) basse signifie une carence en \u00e9l\u00e9ments nutritifs, ce qui entra\u00eene un retard dans la croissance de la plante. Une valeur CE (trop) \u00e9lev\u00e9e signifie qu&#8217;il y a trop d&#8217;\u00e9l\u00e9ments nutritifs dans le sol. Cette situation est \u00e9galement n\u00e9faste pour la plante. Nous disposons d&#8217;une liste des valeurs CE id\u00e9ales pour les plantes et les types de sol les plus courants. Nous vous enverrons cette liste d\u00e8s que vous aurez command\u00e9 l&#8217;appareil de mesure. Vous trouverez plus d&#8217;informations sur la mesure du TDS dans la description.<\/p>\n<ul>\n<li>Appareil 3 en 1, mesure l&#8217;EC, le TDS et la temp\u00e9rature du sol<\/li>\n<li>Bluetooth avec l&#8221;application Tuya<\/li>\n<li>Affichage num\u00e9rique \u00e9clair\u00e9<\/li>\n<li>La sonde de mesure en aluminium garantit des r\u00e9sultats pr\u00e9cis<\/li>\n<li>Utilise une pile bouton 4X LR44 (non incluse)<\/li>\n<li>Plage de mesure EC : 0-10000 \u03bcS\/cm = 0-10 mS\/cm. 1 millisiemens (=mS) = 1000 microsiemens (=\u03bcS)<\/li>\n<li>Plage de mesure TDS : 0-10000 ppm<\/li>\n<li>Plage de mesure de la temp\u00e9rature du sol : -50 Celcius \u00e0 +70 Celcius<\/li>\n<li>Compensation automatique de la temp\u00e9rature<\/li>\n<li>Etalonnage simple \u00e0 l&#8217;aide du tournevis fourni<\/li>\n<li>Manuel d&#8217;utilisation en fran\u00e7ais inclus<\/li>\n<\/ul>\n","protected":false},"featured_media":17474,"comment_status":"open","ping_status":"closed","template":"","meta":{"_acf_changed":false},"product_brand":[],"product_cat":[115,111],"product_tag":[],"class_list":{"0":"post-17473","1":"product","2":"type-product","3":"status-publish","4":"has-post-thumbnail","6":"product_cat-instrumentss-de-mesure","7":"product_cat-mesurer-la-fertilisation","9":"first","10":"instock","11":"taxable","12":"shipping-taxable","13":"purchasable","14":"product-type-simple"},"acf":[],"yoast_head":"<!-- This site is optimized with the Yoast SEO Premium plugin v26.1 (Yoast SEO v27.3) - https:\/\/yoast.com\/product\/yoast-seo-premium-wordpress\/ -->\n<title>EC-TDS-TEMPERATURE Appareil de Mesure du Sol (Bluetooth) - Plant Care Tools<\/title>\n<meta name=\"description\" content=\"Le EC-TDS-TEMPERATURE mesure, entre autres, la conductivit\u00e9 \u00e9lectrique (EC) du sol. Commandez directement aupr\u00e8s de PlantCareTools!\" \/>\n<meta name=\"robots\" content=\"index, follow, max-snippet:-1, max-image-preview:large, max-video-preview:-1\" \/>\n<link rel=\"canonical\" href=\"https:\/\/www.plantcaretools.com\/fr\/produit\/instrumentss-de-mesure\/ec-tds-temperature-appareil-de-mesure-du-sol\/\" \/>\n<script type=\"application\/ld+json\" class=\"yoast-schema-graph\">{\"@context\":\"https:\\\/\\\/schema.org\",\"@graph\":[{\"@type\":\"BreadcrumbList\",\"@id\":\"https:\\\/\\\/www.plantcaretools.com\\\/fr\\\/produit\\\/instrumentss-de-mesure\\\/ec-tds-temperature-appareil-de-mesure-du-sol\\\/#breadcrumb\",\"itemListElement\":[{\"@type\":\"ListItem\",\"position\":1,\"name\":\"Home\",\"item\":\"https:\\\/\\\/www.plantcaretools.com\\\/fr\\\/\"},{\"@type\":\"ListItem\",\"position\":2,\"name\":\"Produits\",\"item\":\"https:\\\/\\\/www.plantcaretools.com\\\/fr\\\/produits\\\/\"},{\"@type\":\"ListItem\",\"position\":3,\"name\":\"EC-TDS-TEMPERATURE Appareil de Mesure du Sol (Bluetooth)\"}]}]}<\/script>\n<!-- \/ Yoast SEO Premium plugin. -->","yoast_head_json":{"title":"EC-TDS-TEMPERATURE Appareil de Mesure du Sol (Bluetooth) - Plant Care Tools","description":"Le EC-TDS-TEMPERATURE mesure, entre autres, la conductivit\u00e9 \u00e9lectrique (EC) du sol. Commandez directement aupr\u00e8s de PlantCareTools!","robots":{"index":"index","follow":"follow","max-snippet":"max-snippet:-1","max-image-preview":"max-image-preview:large","max-video-preview":"max-video-preview:-1"},"canonical":"https:\/\/www.plantcaretools.com\/fr\/produit\/instrumentss-de-mesure\/ec-tds-temperature-appareil-de-mesure-du-sol\/","schema":{"@context":"https:\/\/schema.org","@graph":[{"@type":"BreadcrumbList","@id":"https:\/\/www.plantcaretools.com\/fr\/produit\/instrumentss-de-mesure\/ec-tds-temperature-appareil-de-mesure-du-sol\/#breadcrumb","itemListElement":[{"@type":"ListItem","position":1,"name":"Home","item":"https:\/\/www.plantcaretools.com\/fr\/"},{"@type":"ListItem","position":2,"name":"Produits","item":"https:\/\/www.plantcaretools.com\/fr\/produits\/"},{"@type":"ListItem","position":3,"name":"EC-TDS-TEMPERATURE Appareil de Mesure du Sol (Bluetooth)"}]}]}},"jetpack_sharing_enabled":true,"_links":{"self":[{"href":"https:\/\/www.plantcaretools.com\/fr\/wp-json\/wp\/v2\/product\/17473","targetHints":{"allow":["GET"]}}],"collection":[{"href":"https:\/\/www.plantcaretools.com\/fr\/wp-json\/wp\/v2\/product"}],"about":[{"href":"https:\/\/www.plantcaretools.com\/fr\/wp-json\/wp\/v2\/types\/product"}],"replies":[{"embeddable":true,"href":"https:\/\/www.plantcaretools.com\/fr\/wp-json\/wp\/v2\/comments?post=17473"}],"wp:featuredmedia":[{"embeddable":true,"href":"https:\/\/www.plantcaretools.com\/fr\/wp-json\/wp\/v2\/media\/17474"}],"wp:attachment":[{"href":"https:\/\/www.plantcaretools.com\/fr\/wp-json\/wp\/v2\/media?parent=17473"}],"wp:term":[{"taxonomy":"product_brand","embeddable":true,"href":"https:\/\/www.plantcaretools.com\/fr\/wp-json\/wp\/v2\/product_brand?post=17473"},{"taxonomy":"product_cat","embeddable":true,"href":"https:\/\/www.plantcaretools.com\/fr\/wp-json\/wp\/v2\/product_cat?post=17473"},{"taxonomy":"product_tag","embeddable":true,"href":"https:\/\/www.plantcaretools.com\/fr\/wp-json\/wp\/v2\/product_tag?post=17473"}],"curies":[{"name":"wp","href":"https:\/\/api.w.org\/{rel}","templated":true}]}}