{"id":17537,"date":"2024-01-10T17:01:17","date_gmt":"2024-01-10T16:01:17","guid":{"rendered":"https:\/\/www.plantcaretools.com\/?post_type=product&#038;p=17537"},"modified":"2025-02-23T16:23:03","modified_gmt":"2025-02-23T15:23:03","slug":"seramis-indicateur-dhumidite-16cm-lot-de-10-de-reduction","status":"publish","type":"product","link":"https:\/\/www.plantcaretools.com\/fr\/produit\/instrumentss-de-mesure\/seramis-indicateur-dhumidite-16cm-lot-de-10-de-reduction\/","title":{"rendered":"Indicateur d\u2019humidit\u00e9 Seramis 16cm &#8211; lot de 10"},"content":{"rendered":"<h2>Seramis Indicateur d\u2019humidit\u00e9 16cm vous avertit lorsqu&#8217;il faut arroser votre plante. Convient pour l&#8217;int\u00e9rieur et l&#8217;ext\u00e9rieur.<\/h2>\n<p>V\u00e9rifiez facilement si votre plante a besoin d&#8217;\u00eatre arros\u00e9e en passant du bleu au rouge dans la fen\u00eatre situ\u00e9e en haut de l&#8217;humidim\u00e8tre. Le Seramis Indicateur d\u2019humidit\u00e9 16cm est \u00e9galement disponible en longueur de 26 cm Egalement disponible en bo\u00eete de 2 dans une bo\u00eete de 16 cm ou 2 dans une bo\u00eete de 26 cm avec une description d\u00e9taill\u00e9e.<\/p>\n<h2>Testeur Seramis avec indication en couleur de l&#8217;humidit\u00e9 du sol<\/h2>\n<p>L&#8217;indicateur Seramis vous avertit quand il faut arroser votre plante. Il reste en permanence \u00e0 c\u00f4t\u00e9 de votre plante. La couleur de l&#8217;\u00e9cran passe du bleu au rouge lorsque l&#8217;arrosage est n\u00e9cessaire. Convient pour l&#8217;int\u00e9rieur et l&#8217;ext\u00e9rieur.<\/p>\n<p>Les indicateurs sont disponibles en deux tailles. Pour les pots d&#8217;une hauteur maximale de 25 cm, l&#8217;humidim\u00e8tre d&#8217;une longueur de 16 cm suffit. Si le pot est plus haut que 25 cm, vous aurez besoin de l&#8217;humidim\u00e8tre plus long de 26 cm. La dur\u00e9e de vie de ce produit est d&#8217;environ un an.<\/p>\n<p>Sur\u00a0<a href=\"https:\/\/www.plantcaretools.com\/fr\/mesurer-le-niveau-dhumidite-du-sol\/\">cette page<\/a>, vous trouverez toutes les informations n\u00e9cessaires sur la mesure de l&#8217;humidit\u00e9. Jetez \u00e9galement un coup d&#8217;\u0153il \u00e0 la <a href=\"https:\/\/www.plantcaretools.com\/fr\/arroser-les-plantes-faq\/\">page des questions<\/a> fr\u00e9quemment pos\u00e9es sur les niveaux d&#8217;humidit\u00e9 et l&#8217;arrosage des plantes en g\u00e9n\u00e9ral.<\/p>\n<p>&nbsp;<\/p>\n","protected":false},"excerpt":{"rendered":"<h2>L&#8217;humidim\u00e8tre 16 cm de Seramis vous avertit lorsqu&#8217;il faut arroser votre plante. Convient pour l&#8217;int\u00e9rieur et l&#8217;ext\u00e9rieur.<\/h2>\n<p>V\u00e9rifiez facilement si votre plante a besoin d&#8217;\u00eatre arros\u00e9e gr\u00e2ce au changement de couleur du bleu au rouge dans la fen\u00eatre situ\u00e9e en haut de l&#8217;humidim\u00e8tre.<\/p>\n<p>Lot de 10 pi\u00e8ces avec r\u00e9duction.<\/p>\n<p>L&#8217;humidim\u00e8tre Seramis de 16 cm est \u00e9galement disponible avec une longueur de 26cm.<br \/>\n\u00c9galement disponible \u00e0 l&#8217;unit\u00e9 et 2 dans une bo\u00eete de 16cm ou 2 dans une bo\u00eete de 26cm.<\/p>\n<p>&nbsp;<\/p>\n","protected":false},"featured_media":4411,"comment_status":"open","ping_status":"closed","template":"","meta":{"_acf_changed":false},"product_brand":[],"product_cat":[115,127],"product_tag":[304],"class_list":{"0":"post-17537","1":"product","2":"type-product","3":"status-publish","4":"has-post-thumbnail","6":"product_cat-instrumentss-de-mesure","7":"product_cat-mesurer-la-teneur-en-humidite","8":"product_tag-seramis-fr","10":"first","11":"instock","12":"sale","13":"taxable","14":"shipping-taxable","15":"purchasable","16":"product-type-simple"},"acf":[],"yoast_head":"<!-- This site is optimized with the Yoast SEO Premium plugin v26.1 (Yoast SEO v27.3) - https:\/\/yoast.com\/product\/yoast-seo-premium-wordpress\/ -->\n<title>Seramis Indicateur d\u2019humidit\u00e9 16cm - Plant Care Tools<\/title>\n<meta name=\"description\" content=\"Seramis Indicateur d\u2019humidit\u00e9 16cm * lot de 10 * r\u00e9duction. Humidim\u00e8tre facile \u00e0 utiliser, vous avertit lorsque vous devez arroser votre plante en changeant la couleur.\" \/>\n<meta name=\"robots\" content=\"index, follow, max-snippet:-1, max-image-preview:large, max-video-preview:-1\" \/>\n<link rel=\"canonical\" href=\"https:\/\/www.plantcaretools.com\/fr\/produit\/instrumentss-de-mesure\/seramis-indicateur-dhumidite-16cm-lot-de-10-de-reduction\/\" \/>\n<script type=\"application\/ld+json\" class=\"yoast-schema-graph\">{\"@context\":\"https:\\\/\\\/schema.org\",\"@graph\":[{\"@type\":\"BreadcrumbList\",\"@id\":\"https:\\\/\\\/www.plantcaretools.com\\\/fr\\\/produit\\\/instrumentss-de-mesure\\\/seramis-indicateur-dhumidite-16cm-lot-de-10-de-reduction\\\/#breadcrumb\",\"itemListElement\":[{\"@type\":\"ListItem\",\"position\":1,\"name\":\"Home\",\"item\":\"https:\\\/\\\/www.plantcaretools.com\\\/fr\\\/\"},{\"@type\":\"ListItem\",\"position\":2,\"name\":\"Produits\",\"item\":\"https:\\\/\\\/www.plantcaretools.com\\\/fr\\\/produits\\\/\"},{\"@type\":\"ListItem\",\"position\":3,\"name\":\"Indicateur d\u2019humidit\u00e9 Seramis 16cm &#8211; lot de 10\"}]}]}<\/script>\n<!-- \/ Yoast SEO Premium plugin. -->","yoast_head_json":{"title":"Seramis Indicateur d\u2019humidit\u00e9 16cm - Plant Care Tools","description":"Seramis Indicateur d\u2019humidit\u00e9 16cm * lot de 10 * r\u00e9duction. Humidim\u00e8tre facile \u00e0 utiliser, vous avertit lorsque vous devez arroser votre plante en changeant la couleur.","robots":{"index":"index","follow":"follow","max-snippet":"max-snippet:-1","max-image-preview":"max-image-preview:large","max-video-preview":"max-video-preview:-1"},"canonical":"https:\/\/www.plantcaretools.com\/fr\/produit\/instrumentss-de-mesure\/seramis-indicateur-dhumidite-16cm-lot-de-10-de-reduction\/","schema":{"@context":"https:\/\/schema.org","@graph":[{"@type":"BreadcrumbList","@id":"https:\/\/www.plantcaretools.com\/fr\/produit\/instrumentss-de-mesure\/seramis-indicateur-dhumidite-16cm-lot-de-10-de-reduction\/#breadcrumb","itemListElement":[{"@type":"ListItem","position":1,"name":"Home","item":"https:\/\/www.plantcaretools.com\/fr\/"},{"@type":"ListItem","position":2,"name":"Produits","item":"https:\/\/www.plantcaretools.com\/fr\/produits\/"},{"@type":"ListItem","position":3,"name":"Indicateur d\u2019humidit\u00e9 Seramis 16cm &#8211; lot de 10"}]}]}},"jetpack_sharing_enabled":true,"_links":{"self":[{"href":"https:\/\/www.plantcaretools.com\/fr\/wp-json\/wp\/v2\/product\/17537","targetHints":{"allow":["GET"]}}],"collection":[{"href":"https:\/\/www.plantcaretools.com\/fr\/wp-json\/wp\/v2\/product"}],"about":[{"href":"https:\/\/www.plantcaretools.com\/fr\/wp-json\/wp\/v2\/types\/product"}],"replies":[{"embeddable":true,"href":"https:\/\/www.plantcaretools.com\/fr\/wp-json\/wp\/v2\/comments?post=17537"}],"wp:featuredmedia":[{"embeddable":true,"href":"https:\/\/www.plantcaretools.com\/fr\/wp-json\/wp\/v2\/media\/4411"}],"wp:attachment":[{"href":"https:\/\/www.plantcaretools.com\/fr\/wp-json\/wp\/v2\/media?parent=17537"}],"wp:term":[{"taxonomy":"product_brand","embeddable":true,"href":"https:\/\/www.plantcaretools.com\/fr\/wp-json\/wp\/v2\/product_brand?post=17537"},{"taxonomy":"product_cat","embeddable":true,"href":"https:\/\/www.plantcaretools.com\/fr\/wp-json\/wp\/v2\/product_cat?post=17537"},{"taxonomy":"product_tag","embeddable":true,"href":"https:\/\/www.plantcaretools.com\/fr\/wp-json\/wp\/v2\/product_tag?post=17537"}],"curies":[{"name":"wp","href":"https:\/\/api.w.org\/{rel}","templated":true}]}}