{"id":17940,"date":"2024-02-23T15:24:04","date_gmt":"2024-02-23T14:24:04","guid":{"rendered":"https:\/\/www.plantcaretools.com\/?post_type=product&#038;p=17940"},"modified":"2025-10-22T17:06:10","modified_gmt":"2025-10-22T15:06:10","slug":"lampe-de-croissance-avec-164-x-led","status":"publish","type":"product","link":"https:\/\/www.plantcaretools.com\/fr\/produit\/lampes-de-croissance-pour-plantes-et-ampoules-dambiances-wifi\/lampe-de-croissance-avec-164-x-led\/","title":{"rendered":"Lampe de croissance avec 164 X LED"},"content":{"rendered":"<h2>Lampe de croissance avec 164 X LED<\/h2>\n<p>Les plantes ont besoin de suffisamment de lumi\u00e8re pour une photosynth\u00e8se optimale. La Lampe de croissance avec 164 X LED fournissent une lumi\u00e8re suppl\u00e9mentaire si la plante est trop sombre ou assurent une croissance plus rapide pendant la germination et la culture, ainsi que pendant la phase de croissance et de floraison. Les lampes sont souvent utilis\u00e9es dans les serres ou la culture hydroponique. Ils conviennent \u00e9galement pour fournir suffisamment de lumi\u00e8re aux plantes d\u2019int\u00e9rieur si elles se trouvent dans un endroit trop sombre ou pour leur donner un coup de pouce suppl\u00e9mentaire.<\/p>\n<p>&#8211; La lumi\u00e8re bleue et rouge stimule la croissance et la floraison des plantes<br \/>\n&#8211; Consomme peu d\u2019\u00e9nergie gr\u00e2ce \u00e0 la technologie LED (40 Watt)<br \/>\n&#8211; Plug &amp; Play gr\u00e2ce \u00e0 un syst\u00e8me d\u2019accrochage pratique<br \/>\n&#8211; Alimentation externe (230V) incluse<br \/>\n&#8211; Ne fait pas de bruit car aucun refroidissement n\u2019est n\u00e9cessaire<br \/>\n&#8211; L\u2019intensit\u00e9 lumineuse reste \u00e9lev\u00e9e, la dur\u00e9e de vie est de 50.000 heures de \u00a0\u00a0combustion.<br \/>\n&#8211; Gr\u00e2ce \u00e0 l\u2019utilisation de l\u2019aluminium, la lampe ne chauffe pas<br \/>\n&#8211; Convient aussi bien aux semis qu\u2019aux plantes matures<br \/>\n&#8211; Taille\u00a0: 25cm X 25cm X 2cm<br \/>\n&#8211; Certification CE et RoHs<\/p>\n<p><strong>\u00c0 partir de 2 lampes 10% de r\u00e9duction (\u20ac 35,90) et \u00e0 partir de 4 lampes 15% de r\u00e9duction (\u20ac 33,90).<\/strong><\/p>\n<p>Pour des r\u00e9sultats optimaux, vous pouvez laisser la lampe allum\u00e9e en continu, surtout si la plante re\u00e7oit peu ou pas de lumi\u00e8re du jour. Cependant, si la plante re\u00e7oit la lumi\u00e8re du jour, il est possible d\u2019utiliser la lampe pendant 8 \u00e0 10 heures la nuit. L\u2019installation est tr\u00e8s simple. Accrochez la lampe \u00e0 l\u2019aide du syst\u00e8me de suspension inclus et branchez l\u2019alimentation. La lampe est livr\u00e9e en standard avec une prise europ\u00e9enne.<\/p>\n<p>La lampe utilise 164 puces LED en deux couleurs. Lumi\u00e8re bleue pour stimuler la photosynth\u00e8se. Cela favorise grandement la croissance et la lumi\u00e8re bleue assure \u00e9galement une plante forte. La lumi\u00e8re rouge stimule les plantes \u00e0 produire des fleurs et des fruits. Les 2 couleurs ensemble produisent une lumi\u00e8re violette.<\/p>\n<p><strong>Nous fournissons un syst\u00e8me complet : 1X la lampe de culture avec 164 LEDS, 1X un syst\u00e8me de collecte et 1X une alimentation externe. \u00c0 partir de 2 lampes 10% de r\u00e9duction (\u20ac 35,90) et \u00e0 partir de 4 lampes 15% de r\u00e9duction (\u20ac 33,90).<\/strong><\/p>\n","protected":false},"excerpt":{"rendered":"<p>Pour des r\u00e9sultats optimaux, vous pouvez laisser la lampe allum\u00e9e en continu, surtout si la plante re\u00e7oit peu ou pas de lumi\u00e8re du jour. Cependant, si la plante re\u00e7oit la lumi\u00e8re du jour, il est possible d\u2019utiliser la lampe pendant 8 \u00e0 10 heures la nuit. L\u2019installation est tr\u00e8s simple. Accrochez la lampe \u00e0 l\u2019aide du syst\u00e8me de suspension inclus et branchez l\u2019alimentation. La lampe est livr\u00e9e en standard avec une prise europ\u00e9enne.<\/p>\n<p>La lampe utilise 164 puces LED en deux couleurs. Lumi\u00e8re bleue pour stimuler la photosynth\u00e8se. Cela favorise grandement la croissance et la lumi\u00e8re bleue assure \u00e9galement une plante forte. La lumi\u00e8re rouge stimule les plantes \u00e0 produire des fleurs et des fruits. Les 2 couleurs ensemble produisent une lumi\u00e8re violette.<\/p>\n<p><strong>Nous fournissons un syst\u00e8me complet : 1X la lampe de culture avec 164 LEDS, 1X un syst\u00e8me de collecte et 1X une alimentation externe. \u00c0 partir de 2 lampes 10% de r\u00e9duction (\u20ac 35,90) et \u00e0 partir de 4 lampes 15% de r\u00e9duction (\u20ac 33,90).<\/strong><\/p>\n","protected":false},"featured_media":17950,"comment_status":"open","ping_status":"closed","template":"","meta":{"_acf_changed":false},"product_brand":[],"product_cat":[141],"product_tag":[],"class_list":{"0":"post-17940","1":"product","2":"type-product","3":"status-publish","4":"has-post-thumbnail","6":"product_cat-lampes-de-croissance-pour-plantes-et-ampoules-dambiances-wifi","8":"first","9":"instock","10":"taxable","11":"shipping-taxable","12":"purchasable","13":"product-type-simple"},"acf":[],"yoast_head":"<!-- This site is optimized with the Yoast SEO Premium plugin v26.1 (Yoast SEO v27.3) - https:\/\/yoast.com\/product\/yoast-seo-premium-wordpress\/ -->\n<title>Lampe de croissance avec 164 X LED - Plant Care Tools<\/title>\n<meta name=\"description\" content=\"Commandez cette Lampe de croissance avec 164 X LED directement chez PlantCareTools ! Large gamme, excellent service et livraison rapide\" \/>\n<meta name=\"robots\" content=\"index, follow, max-snippet:-1, max-image-preview:large, max-video-preview:-1\" \/>\n<link rel=\"canonical\" href=\"https:\/\/www.plantcaretools.com\/fr\/produit\/lampes-de-croissance-pour-plantes-et-ampoules-dambiances-wifi\/lampe-de-croissance-avec-164-x-led\/\" \/>\n<script type=\"application\/ld+json\" class=\"yoast-schema-graph\">{\"@context\":\"https:\\\/\\\/schema.org\",\"@graph\":[{\"@type\":\"BreadcrumbList\",\"@id\":\"https:\\\/\\\/www.plantcaretools.com\\\/fr\\\/produit\\\/lampes-de-croissance-pour-plantes-et-ampoules-dambiances-wifi\\\/lampe-de-croissance-avec-164-x-led\\\/#breadcrumb\",\"itemListElement\":[{\"@type\":\"ListItem\",\"position\":1,\"name\":\"Home\",\"item\":\"https:\\\/\\\/www.plantcaretools.com\\\/fr\\\/\"},{\"@type\":\"ListItem\",\"position\":2,\"name\":\"Produits\",\"item\":\"https:\\\/\\\/www.plantcaretools.com\\\/fr\\\/produits\\\/\"},{\"@type\":\"ListItem\",\"position\":3,\"name\":\"Lampe de croissance avec 164 X LED\"}]}]}<\/script>\n<!-- \/ Yoast SEO Premium plugin. -->","yoast_head_json":{"title":"Lampe de croissance avec 164 X LED - Plant Care Tools","description":"Commandez cette Lampe de croissance avec 164 X LED directement chez PlantCareTools ! Large gamme, excellent service et livraison rapide","robots":{"index":"index","follow":"follow","max-snippet":"max-snippet:-1","max-image-preview":"max-image-preview:large","max-video-preview":"max-video-preview:-1"},"canonical":"https:\/\/www.plantcaretools.com\/fr\/produit\/lampes-de-croissance-pour-plantes-et-ampoules-dambiances-wifi\/lampe-de-croissance-avec-164-x-led\/","schema":{"@context":"https:\/\/schema.org","@graph":[{"@type":"BreadcrumbList","@id":"https:\/\/www.plantcaretools.com\/fr\/produit\/lampes-de-croissance-pour-plantes-et-ampoules-dambiances-wifi\/lampe-de-croissance-avec-164-x-led\/#breadcrumb","itemListElement":[{"@type":"ListItem","position":1,"name":"Home","item":"https:\/\/www.plantcaretools.com\/fr\/"},{"@type":"ListItem","position":2,"name":"Produits","item":"https:\/\/www.plantcaretools.com\/fr\/produits\/"},{"@type":"ListItem","position":3,"name":"Lampe de croissance avec 164 X LED"}]}]}},"jetpack_sharing_enabled":true,"_links":{"self":[{"href":"https:\/\/www.plantcaretools.com\/fr\/wp-json\/wp\/v2\/product\/17940","targetHints":{"allow":["GET"]}}],"collection":[{"href":"https:\/\/www.plantcaretools.com\/fr\/wp-json\/wp\/v2\/product"}],"about":[{"href":"https:\/\/www.plantcaretools.com\/fr\/wp-json\/wp\/v2\/types\/product"}],"replies":[{"embeddable":true,"href":"https:\/\/www.plantcaretools.com\/fr\/wp-json\/wp\/v2\/comments?post=17940"}],"wp:featuredmedia":[{"embeddable":true,"href":"https:\/\/www.plantcaretools.com\/fr\/wp-json\/wp\/v2\/media\/17950"}],"wp:attachment":[{"href":"https:\/\/www.plantcaretools.com\/fr\/wp-json\/wp\/v2\/media?parent=17940"}],"wp:term":[{"taxonomy":"product_brand","embeddable":true,"href":"https:\/\/www.plantcaretools.com\/fr\/wp-json\/wp\/v2\/product_brand?post=17940"},{"taxonomy":"product_cat","embeddable":true,"href":"https:\/\/www.plantcaretools.com\/fr\/wp-json\/wp\/v2\/product_cat?post=17940"},{"taxonomy":"product_tag","embeddable":true,"href":"https:\/\/www.plantcaretools.com\/fr\/wp-json\/wp\/v2\/product_tag?post=17940"}],"curies":[{"name":"wp","href":"https:\/\/api.w.org\/{rel}","templated":true}]}}