{"id":17982,"date":"2024-02-23T16:01:56","date_gmt":"2024-02-23T15:01:56","guid":{"rendered":"https:\/\/www.plantcaretools.com\/?post_type=product&#038;p=17982"},"modified":"2024-02-27T17:04:55","modified_gmt":"2024-02-27T16:04:55","slug":"etanche-180-x-led-bande-elevent-la-lumiere-3-metres-usb-5v","status":"publish","type":"product","link":"https:\/\/www.plantcaretools.com\/fr\/produit\/lampes-de-croissance-pour-plantes-et-ampoules-dambiances-wifi\/etanche-180-x-led-bande-elevent-la-lumiere-3-metres-usb-5v\/","title":{"rendered":"\u00c9tanche 180 X LED bande &#8211; \u00c9l\u00e8vent la lumi\u00e8re 3 m\u00e8tres &#8211; USB &#8211; 5V"},"content":{"rendered":"<h2>\u00c9tanche 180 X LED bande &#8211; \u00c9l\u00e8vent la lumi\u00e8re 3 m\u00e8tres &#8211; USB &#8211; 5V<\/h2>\n<p>Les plantes ont besoin de suffisamment de lumi\u00e8re pour une photosynth\u00e8se optimale. Les \u00e9tanche 180 X LED bande fournissent une lumi\u00e8re suppl\u00e9mentaire si la plante est trop sombre ou assurent une croissance plus rapide pendant la germination et la culture, ainsi que pendant la phase de croissance et de floraison. Les lampes sont souvent utilis\u00e9es dans les serres ou la culture hydroponique. Ils conviennent \u00e9galement pour fournir suffisamment de lumi\u00e8re aux plantes d\u2019int\u00e9rieur si elles se trouvent dans un endroit trop sombre ou pour leur donner un coup de pouce suppl\u00e9mentaire. Avec cette bande LED avec bord adh\u00e9sif, vous pouvez cr\u00e9er votre propre &#8221;spot de culture&#8221; pour favoriser la croissance et la floraison de vos plantes.<\/p>\n<p>&#8211; La lumi\u00e8re bleue et rouge stimule la croissance et la floraison des plantes<br \/>\n&#8211; Convient aussi bien aux semis qu\u2019aux plantes matures<br \/>\n&#8211; La bande est compl\u00e8tement \u00e9tanche (IP67)<br \/>\n&#8211; La longueur est de 3 m\u00e8tres<br \/>\n&#8211; Connexion USB (5V). Raccordement au bunker \u00e9galement possible<br \/>\n&#8211; Auto-adh\u00e9sif (utilisez une goutte suppl\u00e9mentaire de super colle tous les 5 cm)<br \/>\n&#8211; Intensit\u00e9 lumineuse \u00e9lev\u00e9e<br \/>\n&#8211; Utile pour cr\u00e9er votre propre lieu de culture<br \/>\n&#8211; La bande peut \u00eatre coup\u00e9e au niveau des points de rep\u00e8re<br \/>\n&#8211; Un total de 180 X LED<\/p>\n<p><strong>\u00c0 partir de 2 pi\u00e8ces 10% de r\u00e9duction (\u20ac 13,40) et \u00e0 partir de 4 pi\u00e8ces 20% de r\u00e9duction (\u20ac 11,90)<\/strong><\/p>\n<p>Pour des r\u00e9sultats optimaux, vous pouvez laisser la bande allum\u00e9e en continu, surtout si la plante re\u00e7oit peu ou pas de lumi\u00e8re du jour. Cependant, si la plante re\u00e7oit la lumi\u00e8re du jour, il est possible d\u2019utiliser la bande pendant 8 \u00e0 10 heures la nuit. L\u2019installation est tr\u00e8s simple. Collez la bande \u00e0 l\u2019endroit souhait\u00e9 avec la bande adh\u00e9sive. Pour plus de s\u00e9curit\u00e9, appliquez une goutte suppl\u00e9mentaire de super colle tous les 5 cm.<\/p>\n<p>La bande utilise 180 puces LED en deux couleurs. Lumi\u00e8re bleue pour stimuler la photosynth\u00e8se. Cela favorise grandement la croissance et la lumi\u00e8re bleue assure \u00e9galement une plante forte. La lumi\u00e8re rouge stimule les plantes \u00e0 produire des fleurs et des fruits. Les 2 couleurs ensemble produisent une lumi\u00e8re violette. \u00c0 partir de 2 pi\u00e8ces 10% de r\u00e9duction (\u20ac 13,40) et \u00e0 partir de 4 pi\u00e8ces 20% de r\u00e9duction (\u20ac 11,90).<\/p>\n","protected":false},"excerpt":{"rendered":"<p>Pour des r\u00e9sultats optimaux, vous pouvez laisser la bande allum\u00e9e en continu, surtout si la plante re\u00e7oit peu ou pas de lumi\u00e8re du jour. Cependant, si la plante re\u00e7oit la lumi\u00e8re du jour, il est possible d\u2019utiliser la bande pendant 8 \u00e0 10 heures la nuit. L\u2019installation est tr\u00e8s simple. Collez la bande \u00e0 l\u2019endroit souhait\u00e9 avec la bande adh\u00e9sive. Pour plus de s\u00e9curit\u00e9, appliquez une goutte suppl\u00e9mentaire de super colle tous les 5 cm.<\/p>\n<p>La bande utilise 180 puces LED en deux couleurs. Lumi\u00e8re bleue pour stimuler la photosynth\u00e8se. Cela favorise grandement la croissance et la lumi\u00e8re bleue assure \u00e9galement une plante forte. La lumi\u00e8re rouge stimule les plantes \u00e0 produire des fleurs et des fruits. Les 2 couleurs ensemble produisent une lumi\u00e8re violette. \u00c0 partir de 2 pi\u00e8ces 10% de r\u00e9duction (\u20ac 13,40) et \u00e0 partir de 4 pi\u00e8ces 20% de r\u00e9duction (\u20ac 11,90).<\/p>\n","protected":false},"featured_media":17985,"comment_status":"open","ping_status":"closed","template":"","meta":{"_acf_changed":false},"product_brand":[],"product_cat":[141],"product_tag":[],"class_list":{"0":"post-17982","1":"product","2":"type-product","3":"status-publish","4":"has-post-thumbnail","6":"product_cat-lampes-de-croissance-pour-plantes-et-ampoules-dambiances-wifi","8":"first","9":"instock","10":"taxable","11":"shipping-taxable","12":"purchasable","13":"product-type-simple"},"acf":[],"yoast_head":"<!-- This site is optimized with the Yoast SEO Premium plugin v26.1 (Yoast SEO v27.3) - https:\/\/yoast.com\/product\/yoast-seo-premium-wordpress\/ -->\n<title>\u00c9tanche 180 X LED bande - \u00c9l\u00e8vent la lumi\u00e8re 3 m\u00e8tres - USB - 5V - Plant Care Tools<\/title>\n<meta name=\"description\" content=\"Commandez cette \u00c9tanche 180 X LED bande 3 m\u00e8tres directement chez PlantCareTools ! Large gamme, excellent service et livraison rapide!\" \/>\n<meta name=\"robots\" content=\"index, follow, max-snippet:-1, max-image-preview:large, max-video-preview:-1\" \/>\n<link rel=\"canonical\" href=\"https:\/\/www.plantcaretools.com\/fr\/produit\/lampes-de-croissance-pour-plantes-et-ampoules-dambiances-wifi\/etanche-180-x-led-bande-elevent-la-lumiere-3-metres-usb-5v\/\" \/>\n<script type=\"application\/ld+json\" class=\"yoast-schema-graph\">{\"@context\":\"https:\\\/\\\/schema.org\",\"@graph\":[{\"@type\":\"BreadcrumbList\",\"@id\":\"https:\\\/\\\/www.plantcaretools.com\\\/fr\\\/produit\\\/lampes-de-croissance-pour-plantes-et-ampoules-dambiances-wifi\\\/etanche-180-x-led-bande-elevent-la-lumiere-3-metres-usb-5v\\\/#breadcrumb\",\"itemListElement\":[{\"@type\":\"ListItem\",\"position\":1,\"name\":\"Home\",\"item\":\"https:\\\/\\\/www.plantcaretools.com\\\/fr\\\/\"},{\"@type\":\"ListItem\",\"position\":2,\"name\":\"Produits\",\"item\":\"https:\\\/\\\/www.plantcaretools.com\\\/fr\\\/produits\\\/\"},{\"@type\":\"ListItem\",\"position\":3,\"name\":\"\u00c9tanche 180 X LED bande &#8211; \u00c9l\u00e8vent la lumi\u00e8re 3 m\u00e8tres &#8211; USB &#8211; 5V\"}]}]}<\/script>\n<!-- \/ Yoast SEO Premium plugin. -->","yoast_head_json":{"title":"\u00c9tanche 180 X LED bande - \u00c9l\u00e8vent la lumi\u00e8re 3 m\u00e8tres - USB - 5V - Plant Care Tools","description":"Commandez cette \u00c9tanche 180 X LED bande 3 m\u00e8tres directement chez PlantCareTools ! Large gamme, excellent service et livraison rapide!","robots":{"index":"index","follow":"follow","max-snippet":"max-snippet:-1","max-image-preview":"max-image-preview:large","max-video-preview":"max-video-preview:-1"},"canonical":"https:\/\/www.plantcaretools.com\/fr\/produit\/lampes-de-croissance-pour-plantes-et-ampoules-dambiances-wifi\/etanche-180-x-led-bande-elevent-la-lumiere-3-metres-usb-5v\/","schema":{"@context":"https:\/\/schema.org","@graph":[{"@type":"BreadcrumbList","@id":"https:\/\/www.plantcaretools.com\/fr\/produit\/lampes-de-croissance-pour-plantes-et-ampoules-dambiances-wifi\/etanche-180-x-led-bande-elevent-la-lumiere-3-metres-usb-5v\/#breadcrumb","itemListElement":[{"@type":"ListItem","position":1,"name":"Home","item":"https:\/\/www.plantcaretools.com\/fr\/"},{"@type":"ListItem","position":2,"name":"Produits","item":"https:\/\/www.plantcaretools.com\/fr\/produits\/"},{"@type":"ListItem","position":3,"name":"\u00c9tanche 180 X LED bande &#8211; \u00c9l\u00e8vent la lumi\u00e8re 3 m\u00e8tres &#8211; USB &#8211; 5V"}]}]}},"jetpack_sharing_enabled":true,"_links":{"self":[{"href":"https:\/\/www.plantcaretools.com\/fr\/wp-json\/wp\/v2\/product\/17982","targetHints":{"allow":["GET"]}}],"collection":[{"href":"https:\/\/www.plantcaretools.com\/fr\/wp-json\/wp\/v2\/product"}],"about":[{"href":"https:\/\/www.plantcaretools.com\/fr\/wp-json\/wp\/v2\/types\/product"}],"replies":[{"embeddable":true,"href":"https:\/\/www.plantcaretools.com\/fr\/wp-json\/wp\/v2\/comments?post=17982"}],"wp:featuredmedia":[{"embeddable":true,"href":"https:\/\/www.plantcaretools.com\/fr\/wp-json\/wp\/v2\/media\/17985"}],"wp:attachment":[{"href":"https:\/\/www.plantcaretools.com\/fr\/wp-json\/wp\/v2\/media?parent=17982"}],"wp:term":[{"taxonomy":"product_brand","embeddable":true,"href":"https:\/\/www.plantcaretools.com\/fr\/wp-json\/wp\/v2\/product_brand?post=17982"},{"taxonomy":"product_cat","embeddable":true,"href":"https:\/\/www.plantcaretools.com\/fr\/wp-json\/wp\/v2\/product_cat?post=17982"},{"taxonomy":"product_tag","embeddable":true,"href":"https:\/\/www.plantcaretools.com\/fr\/wp-json\/wp\/v2\/product_tag?post=17982"}],"curies":[{"name":"wp","href":"https:\/\/api.w.org\/{rel}","templated":true}]}}