{"id":18045,"date":"2024-02-26T12:18:17","date_gmt":"2024-02-26T11:18:17","guid":{"rendered":"https:\/\/www.plantcaretools.com\/?post_type=product&#038;p=18045"},"modified":"2025-05-02T15:36:41","modified_gmt":"2025-05-02T13:36:41","slug":"lampe-de-culture-flexible-a-spectre-complet-30w-avec-pince-solide","status":"publish","type":"product","link":"https:\/\/www.plantcaretools.com\/fr\/produit\/lampes-de-croissance-pour-plantes-et-ampoules-dambiances-wifi\/lampe-de-culture-flexible-a-spectre-complet-30w-avec-pince-solide\/","title":{"rendered":"Lampe de Culture Flexible \u00e0 Spectre Complet &#8211; 30W avec pince solide"},"content":{"rendered":"<h2>Lampe de Culture Flexible \u00e0 Spectre Complet &#8211; 30W avec pince solide<\/h2>\n<p>Les plantes ont besoin de suffisamment de lumi\u00e8re pour une photosynth\u00e8se optimale.<\/p>\n<p>La Lampe de Culture Flexible \u00e0 Spectre Complet fournissent une lumi\u00e8re suppl\u00e9mentaire si la plante est trop sombre ou assurent une croissance plus rapide pendant la germination et la culture, ainsi que pendant la phase de croissance et de floraison.<\/p>\n<p>Les lampes sont souvent utilis\u00e9es dans les serres ou la culture hydroponique. Ils conviennent \u00e9galement pour fournir suffisamment de lumi\u00e8re aux plantes d\u2019int\u00e9rieur si elles se trouvent dans un endroit trop sombre ou pour leur donner un coup de pouce suppl\u00e9mentaire.<\/p>\n<ul>\n<li>La lumi\u00e8re bleue et rouge stimule la croissance et la floraison des plantes<\/li>\n<li>Consomme peu d\u2019\u00e9nergie gr\u00e2ce \u00e0 la technologie LED (30 Watt)<\/li>\n<li>Peut \u00eatre utilis\u00e9 n\u2019importe o\u00f9 gr\u00e2ce \u00e0 son \u00e9norme flexibilit\u00e9 et \u00e0 sa pince solide<\/li>\n<li>Option de minuterie int\u00e9gr\u00e9e pour 3, 9 ou 12 heures<\/li>\n<li>Dimmable<\/li>\n<li>L\u2019intensit\u00e9 lumineuse reste \u00e9lev\u00e9e sur le long terme, la dur\u00e9e de vie est de 50.000 heures de combustion.<\/li>\n<li>Lumi\u00e8re rouge uniquement, lumi\u00e8re bleue uniquement ou combinaison de lumi\u00e8re bleue et rouge<\/li>\n<li>Connexion USB (5V)<\/li>\n<li>Convient aussi bien aux semis qu\u2019aux plantes matures<\/li>\n<li>Certification CE<\/li>\n<\/ul>\n<p>Pour des r\u00e9sultats optimaux, vous pouvez laisser la lampe allum\u00e9e en continu, surtout si la plante re\u00e7oit peu ou pas de lumi\u00e8re du jour. Cependant, si la plante re\u00e7oit la lumi\u00e8re du jour, il est possible d\u2019utiliser la lampe. Peut \u00eatre utilis\u00e9 8 \u00e0 10 heures la nuit.<\/p>\n<p>L\u2019installation est tr\u00e8s simple. Trouvez un objet pr\u00e8s de la plante pour fixer la base de la lampe. Pointez les 3 tubes avec les lumi\u00e8res vers la ou les plantes en utilisant la flexibilit\u00e9 \u00e0 360 degr\u00e9s. Connectez la prise USB \u00e0 un adaptateur USB et branchez l\u2019adaptateur USB dans la prise murale.<\/p>\n<p>La lampe utilise 51 puces LED en deux couleurs. Lumi\u00e8re bleue pour stimuler la photosynth\u00e8se. Cela favorise grandement la croissance et la lumi\u00e8re bleue assure \u00e9galement une plante forte. La lumi\u00e8re rouge stimule les plantes \u00e0 produire des fleurs et des fruits. Les 2 couleurs ensemble produisent une lumi\u00e8re violette.<\/p>\n<p>Vous pouvez choisir entre uniquement la lumi\u00e8re bleue, uniquement la lumi\u00e8re rouge ou une combinaison de lumi\u00e8re bleue et rouge.<\/p>\n","protected":false},"excerpt":{"rendered":"<h2>Pour des r\u00e9sultats optimaux, vous pouvez laisser la lampe allum\u00e9e en continu, surtout si la plante re\u00e7oit peu ou pas de lumi\u00e8re du jour. Cependant, si la plante re\u00e7oit la lumi\u00e8re du jour, il est possible d\u2019utiliser la lampe.<\/h2>\n<p>Peut \u00eatre utilis\u00e9 8 \u00e0 10 heures la nuit. L\u2019installation est tr\u00e8s simple. Trouvez un objet pr\u00e8s de la plante pour fixer la base de la lampe. Pointez les 3 tubes avec les lumi\u00e8res vers la ou les plantes en utilisant la flexibilit\u00e9 \u00e0 360 degr\u00e9s. Connectez la prise USB \u00e0 un adaptateur USB et branchez l\u2019adaptateur USB dans la prise murale.<\/p>\n<p>La lampe utilise 51 puces LED en deux couleurs. Lumi\u00e8re bleue pour stimuler la photosynth\u00e8se. Cela favorise grandement la croissance et la lumi\u00e8re bleue assure \u00e9galement une plante forte. La lumi\u00e8re rouge stimule les plantes \u00e0 produire des fleurs et des fruits. Les 2 couleurs ensemble produisent une lumi\u00e8re violette. Vous pouvez choisir entre uniquement la lumi\u00e8re bleue, uniquement la lumi\u00e8re rouge ou une combinaison de lumi\u00e8re bleue et rouge.<\/p>\n","protected":false},"featured_media":18054,"comment_status":"open","ping_status":"closed","template":"","meta":{"_acf_changed":false},"product_brand":[],"product_cat":[141],"product_tag":[],"class_list":{"0":"post-18045","1":"product","2":"type-product","3":"status-publish","4":"has-post-thumbnail","6":"product_cat-lampes-de-croissance-pour-plantes-et-ampoules-dambiances-wifi","8":"first","9":"instock","10":"taxable","11":"shipping-taxable","12":"purchasable","13":"product-type-simple"},"acf":[],"yoast_head":"<!-- This site is optimized with the Yoast SEO Premium plugin v26.1 (Yoast SEO v27.3) - https:\/\/yoast.com\/product\/yoast-seo-premium-wordpress\/ -->\n<title>Lampe de Culture Flexible 30W - Plant Care Tools<\/title>\n<meta name=\"description\" content=\"Commandez cette Lampe de Culture Flexible directement aupr\u00e8s de PlantCareTools ! Large gamme, excellent service et livraison rapide!\" \/>\n<meta name=\"robots\" content=\"index, follow, max-snippet:-1, max-image-preview:large, max-video-preview:-1\" \/>\n<link rel=\"canonical\" href=\"https:\/\/www.plantcaretools.com\/fr\/produit\/lampes-de-croissance-pour-plantes-et-ampoules-dambiances-wifi\/lampe-de-culture-flexible-a-spectre-complet-30w-avec-pince-solide\/\" \/>\n<script type=\"application\/ld+json\" class=\"yoast-schema-graph\">{\"@context\":\"https:\\\/\\\/schema.org\",\"@graph\":[{\"@type\":\"BreadcrumbList\",\"@id\":\"https:\\\/\\\/www.plantcaretools.com\\\/fr\\\/produit\\\/lampes-de-croissance-pour-plantes-et-ampoules-dambiances-wifi\\\/lampe-de-culture-flexible-a-spectre-complet-30w-avec-pince-solide\\\/#breadcrumb\",\"itemListElement\":[{\"@type\":\"ListItem\",\"position\":1,\"name\":\"Home\",\"item\":\"https:\\\/\\\/www.plantcaretools.com\\\/fr\\\/\"},{\"@type\":\"ListItem\",\"position\":2,\"name\":\"Produits\",\"item\":\"https:\\\/\\\/www.plantcaretools.com\\\/fr\\\/produits\\\/\"},{\"@type\":\"ListItem\",\"position\":3,\"name\":\"Lampe de Culture Flexible \u00e0 Spectre Complet &#8211; 30W avec pince solide\"}]}]}<\/script>\n<!-- \/ Yoast SEO Premium plugin. -->","yoast_head_json":{"title":"Lampe de Culture Flexible 30W - Plant Care Tools","description":"Commandez cette Lampe de Culture Flexible directement aupr\u00e8s de PlantCareTools ! Large gamme, excellent service et livraison rapide!","robots":{"index":"index","follow":"follow","max-snippet":"max-snippet:-1","max-image-preview":"max-image-preview:large","max-video-preview":"max-video-preview:-1"},"canonical":"https:\/\/www.plantcaretools.com\/fr\/produit\/lampes-de-croissance-pour-plantes-et-ampoules-dambiances-wifi\/lampe-de-culture-flexible-a-spectre-complet-30w-avec-pince-solide\/","schema":{"@context":"https:\/\/schema.org","@graph":[{"@type":"BreadcrumbList","@id":"https:\/\/www.plantcaretools.com\/fr\/produit\/lampes-de-croissance-pour-plantes-et-ampoules-dambiances-wifi\/lampe-de-culture-flexible-a-spectre-complet-30w-avec-pince-solide\/#breadcrumb","itemListElement":[{"@type":"ListItem","position":1,"name":"Home","item":"https:\/\/www.plantcaretools.com\/fr\/"},{"@type":"ListItem","position":2,"name":"Produits","item":"https:\/\/www.plantcaretools.com\/fr\/produits\/"},{"@type":"ListItem","position":3,"name":"Lampe de Culture Flexible \u00e0 Spectre Complet &#8211; 30W avec pince solide"}]}]}},"jetpack_sharing_enabled":true,"_links":{"self":[{"href":"https:\/\/www.plantcaretools.com\/fr\/wp-json\/wp\/v2\/product\/18045","targetHints":{"allow":["GET"]}}],"collection":[{"href":"https:\/\/www.plantcaretools.com\/fr\/wp-json\/wp\/v2\/product"}],"about":[{"href":"https:\/\/www.plantcaretools.com\/fr\/wp-json\/wp\/v2\/types\/product"}],"replies":[{"embeddable":true,"href":"https:\/\/www.plantcaretools.com\/fr\/wp-json\/wp\/v2\/comments?post=18045"}],"wp:featuredmedia":[{"embeddable":true,"href":"https:\/\/www.plantcaretools.com\/fr\/wp-json\/wp\/v2\/media\/18054"}],"wp:attachment":[{"href":"https:\/\/www.plantcaretools.com\/fr\/wp-json\/wp\/v2\/media?parent=18045"}],"wp:term":[{"taxonomy":"product_brand","embeddable":true,"href":"https:\/\/www.plantcaretools.com\/fr\/wp-json\/wp\/v2\/product_brand?post=18045"},{"taxonomy":"product_cat","embeddable":true,"href":"https:\/\/www.plantcaretools.com\/fr\/wp-json\/wp\/v2\/product_cat?post=18045"},{"taxonomy":"product_tag","embeddable":true,"href":"https:\/\/www.plantcaretools.com\/fr\/wp-json\/wp\/v2\/product_tag?post=18045"}],"curies":[{"name":"wp","href":"https:\/\/api.w.org\/{rel}","templated":true}]}}