{"id":19239,"date":"2024-05-08T15:43:35","date_gmt":"2024-05-08T13:43:35","guid":{"rendered":"https:\/\/www.plantcaretools.com\/?post_type=product&#038;p=19239"},"modified":"2024-09-12T17:51:53","modified_gmt":"2024-09-12T15:51:53","slug":"systeme-de-mesure-4g-sans-fil","status":"publish","type":"product","link":"https:\/\/www.plantcaretools.com\/fr\/produit\/utilisateurs-professionnels\/systeme-de-mesure-4g-sans-fil\/","title":{"rendered":"Syst\u00e8me de mesure 4G sans fil"},"content":{"rendered":"<h2>Convient \u00e0 l&#8217;irrigation agricole \u00e9conome en eau, aux serres, aux fleurs et l\u00e9gumes, aux prairies, \u00e0 l&#8217;analyse rapide des sols, \u00e0 la culture des plantes, aux exp\u00e9riences scientifiques, etc.<\/h2>\n<h2>De quoi avez-vous besoin ?<\/h2>\n<ul>\n<li>Un ou plusieurs capteurs reli\u00e9s par un c\u00e2ble au DTU<\/li>\n<li>Un DTU 4G (fourni dans une bo\u00eete en plastique \u00e9tanche pour une utilisation \u00e0 l&#8217;ext\u00e9rieur)<\/li>\n<li>De pr\u00e9f\u00e9rence, une alimentation \u00e9lectrique fixe pour le DTU (peut en \u00eatre d\u00e9pourvu)<\/li>\n<li>Un r\u00e9seau 4G sur site<\/li>\n<li>Un abonnement SIM only\/Data only bon march\u00e9 (environ 5 \u20ac par mois)<\/li>\n<li>Un PC\/ordinateur portable\/tablette\/t\u00e9l\u00e9phone mobile avec lequel les donn\u00e9es peuvent \u00eatre lues en ligne n&#8217;importe o\u00f9 et n&#8217;importe quand<\/li>\n<\/ul>\n<h2>Comment se d\u00e9roule l&#8217;installation ? Nous ne pouvons pas faire plus simple.<\/h2>\n<ul>\n<li>Nous pr\u00e9programmons le DTU pour le r\u00e9seau 4G<\/li>\n<li>Nous fournissons un login dans le logiciel fourni pour visualiser et sauvegarder les donn\u00e9es<\/li>\n<li>Vous placez vous-m\u00eame le capteur et le DTU \u00e0 l&#8217;endroit souhait\u00e9<\/li>\n<li>Ins\u00e9rez la carte SIM dans le DTU<br \/>\nConnectez le DTU \u00e0 l&#8217;alimentation \u00e9lectrique (g\u00e9n\u00e9ralement une prise murale) et mettez-le sous tension<\/li>\n<li>Vous vous connectez au compte que nous avons cr\u00e9\u00e9 pour vous et vous voyez imm\u00e9diatement toutes les donn\u00e9es en ligne<\/li>\n<\/ul>\n<p>Bien entendu, vous pouvez ensuite modifier vous-m\u00eame le mot de passe.<\/p>\n<p>Nous proposons \u00e9galement d&#8217;autres solutions sans fil telles que WIFI et Lorawan. Envoyez-nous votre projet et nous trouverons la solution la meilleure et la moins ch\u00e8re pour vous.<\/p>\n","protected":false},"excerpt":{"rendered":"<h2><strong>Ce thermom\u00e8tre num\u00e9rique convient \u00e0 toutes les mesures de sol, telles que la temp\u00e9rature du sol d\u2019un bac \u00e0 semences dans une serre chauff\u00e9e.<\/strong><\/h2>\n<p>Facile \u00e0 utiliser avec le long c\u00e2ble flexible pour surveiller de pr\u00e8s la temp\u00e9rature du sol des semis et des boutures et pour s\u2019ajuster \u00e0 temps pour une croissance optimale de la plante.<br \/>\nLe thermom\u00e8tre num\u00e9rique de sol est livr\u00e9 avec une tige en acier inoxydable.<\/p>\n","protected":false},"featured_media":19261,"comment_status":"open","ping_status":"closed","template":"","meta":{"_acf_changed":false},"product_brand":[],"product_cat":[149],"product_tag":[],"class_list":{"0":"post-19239","1":"product","2":"type-product","3":"status-publish","4":"has-post-thumbnail","6":"product_cat-utilisateurs-professionnels","8":"first","9":"onbackorder","10":"taxable","11":"shipping-taxable","12":"purchasable","13":"product-type-simple"},"acf":[],"yoast_head":"<!-- This site is optimized with the Yoast SEO Premium plugin v26.1 (Yoast SEO v27.3) - https:\/\/yoast.com\/product\/yoast-seo-premium-wordpress\/ -->\n<title>Thermom\u00e8tre num\u00e9rique de sol - Plant Care Tools<\/title>\n<meta name=\"description\" content=\"Ce thermom\u00e8tre num\u00e9rique de sol est particuli\u00e8rement adapt\u00e9 \u00e0 la v\u00e9rification permanent de la temp\u00e9rature de sol de votre bac \u00e0 semences.\" \/>\n<meta name=\"robots\" content=\"index, follow, max-snippet:-1, max-image-preview:large, max-video-preview:-1\" \/>\n<link rel=\"canonical\" href=\"https:\/\/www.plantcaretools.com\/fr\/produit\/utilisateurs-professionnels\/systeme-de-mesure-4g-sans-fil\/\" \/>\n<script type=\"application\/ld+json\" class=\"yoast-schema-graph\">{\"@context\":\"https:\\\/\\\/schema.org\",\"@graph\":[{\"@type\":\"BreadcrumbList\",\"@id\":\"https:\\\/\\\/www.plantcaretools.com\\\/fr\\\/produit\\\/utilisateurs-professionnels\\\/systeme-de-mesure-4g-sans-fil\\\/#breadcrumb\",\"itemListElement\":[{\"@type\":\"ListItem\",\"position\":1,\"name\":\"Home\",\"item\":\"https:\\\/\\\/www.plantcaretools.com\\\/fr\\\/\"},{\"@type\":\"ListItem\",\"position\":2,\"name\":\"Produits\",\"item\":\"https:\\\/\\\/www.plantcaretools.com\\\/fr\\\/produits\\\/\"},{\"@type\":\"ListItem\",\"position\":3,\"name\":\"Syst\u00e8me de mesure 4G sans fil\"}]}]}<\/script>\n<!-- \/ Yoast SEO Premium plugin. -->","yoast_head_json":{"title":"Thermom\u00e8tre num\u00e9rique de sol - Plant Care Tools","description":"Ce thermom\u00e8tre num\u00e9rique de sol est particuli\u00e8rement adapt\u00e9 \u00e0 la v\u00e9rification permanent de la temp\u00e9rature de sol de votre bac \u00e0 semences.","robots":{"index":"index","follow":"follow","max-snippet":"max-snippet:-1","max-image-preview":"max-image-preview:large","max-video-preview":"max-video-preview:-1"},"canonical":"https:\/\/www.plantcaretools.com\/fr\/produit\/utilisateurs-professionnels\/systeme-de-mesure-4g-sans-fil\/","schema":{"@context":"https:\/\/schema.org","@graph":[{"@type":"BreadcrumbList","@id":"https:\/\/www.plantcaretools.com\/fr\/produit\/utilisateurs-professionnels\/systeme-de-mesure-4g-sans-fil\/#breadcrumb","itemListElement":[{"@type":"ListItem","position":1,"name":"Home","item":"https:\/\/www.plantcaretools.com\/fr\/"},{"@type":"ListItem","position":2,"name":"Produits","item":"https:\/\/www.plantcaretools.com\/fr\/produits\/"},{"@type":"ListItem","position":3,"name":"Syst\u00e8me de mesure 4G sans fil"}]}]}},"jetpack_sharing_enabled":true,"_links":{"self":[{"href":"https:\/\/www.plantcaretools.com\/fr\/wp-json\/wp\/v2\/product\/19239","targetHints":{"allow":["GET"]}}],"collection":[{"href":"https:\/\/www.plantcaretools.com\/fr\/wp-json\/wp\/v2\/product"}],"about":[{"href":"https:\/\/www.plantcaretools.com\/fr\/wp-json\/wp\/v2\/types\/product"}],"replies":[{"embeddable":true,"href":"https:\/\/www.plantcaretools.com\/fr\/wp-json\/wp\/v2\/comments?post=19239"}],"wp:featuredmedia":[{"embeddable":true,"href":"https:\/\/www.plantcaretools.com\/fr\/wp-json\/wp\/v2\/media\/19261"}],"wp:attachment":[{"href":"https:\/\/www.plantcaretools.com\/fr\/wp-json\/wp\/v2\/media?parent=19239"}],"wp:term":[{"taxonomy":"product_brand","embeddable":true,"href":"https:\/\/www.plantcaretools.com\/fr\/wp-json\/wp\/v2\/product_brand?post=19239"},{"taxonomy":"product_cat","embeddable":true,"href":"https:\/\/www.plantcaretools.com\/fr\/wp-json\/wp\/v2\/product_cat?post=19239"},{"taxonomy":"product_tag","embeddable":true,"href":"https:\/\/www.plantcaretools.com\/fr\/wp-json\/wp\/v2\/product_tag?post=19239"}],"curies":[{"name":"wp","href":"https:\/\/api.w.org\/{rel}","templated":true}]}}