{"id":19327,"date":"2024-05-12T14:07:31","date_gmt":"2024-05-12T12:07:31","guid":{"rendered":"https:\/\/www.plantcaretools.com\/?post_type=product&#038;p=19327"},"modified":"2024-09-04T14:52:56","modified_gmt":"2024-09-04T12:52:56","slug":"nichoir-doiseau-en-herbe-dhibiscus-tressee-a-la-main","status":"publish","type":"product","link":"https:\/\/www.plantcaretools.com\/fr\/produit\/autres-produits\/nichoir-doiseau-en-herbe-dhibiscus-tressee-a-la-main\/","title":{"rendered":"Nichoir d&#8217;oiseau en herbe d&#8217;Hibiscus tress\u00e9e \u00e0 la main"},"content":{"rendered":"<p>Nichoir d&#8217;oiseau en herbe d&#8217;Hibiscus tress\u00e9e \u00e0 la main<\/p>\n<p>La maison mesure 18 cm de haut et 10 cm de large.<\/p>\n<p>L&#8217;ouverture est d&#8217;environ 5 x 5 cm.<\/p>\n<p>La surface rugueuse facilite l&#8217;entr\u00e9e et la sortie des oiseaux et assure un drainage et une ventilation naturels. La forme en goutte d&#8217;eau conf\u00e8re au nichoir une belle apparence et une grande fonction d\u00e9corative.<\/p>\n","protected":false},"excerpt":{"rendered":"<h2>Ces nichoirs tiss\u00e9s \u00e0 la main sont faits d&#8217;herbe d&#8217;hibiscus naturelle.<\/h2>\n<p>Ils sont sech\u00e9s et durables.<br \/>\nChaque nichoir est unique. Lieu de repos ou d&#8217;alimentation pour les oiseaux. Peut \u00e9galement \u00eatre agr\u00e9ment\u00e9 d&#8217;une petite plante suspendue.<\/p>\n<p>Convient pour l&#8217;int\u00e9rieur et l&#8217;ext\u00e9rieur.<\/p>\n","protected":false},"featured_media":19332,"comment_status":"open","ping_status":"closed","template":"","meta":{"_acf_changed":false},"product_brand":[],"product_cat":[142],"product_tag":[],"class_list":{"0":"post-19327","1":"product","2":"type-product","3":"status-publish","4":"has-post-thumbnail","6":"product_cat-autres-produits","8":"first","9":"instock","10":"taxable","11":"shipping-taxable","12":"purchasable","13":"product-type-simple"},"acf":[],"yoast_head":"<!-- This site is optimized with the Yoast SEO Premium plugin v26.1 (Yoast SEO v27.3) - https:\/\/yoast.com\/product\/yoast-seo-premium-wordpress\/ -->\n<title>Nichoir d&#039;oiseau en herbe d&#039;Hibiscus tress\u00e9e \u00e0 la main - Plant Care Tools<\/title>\n<meta name=\"description\" content=\"Ces nichoirs tiss\u00e9s \u00e0 la main sont faits d&#039;herbe d&#039;hibiscus naturelle. Lieu de repos ou d&#039;alimentation pour les oiseaux.Peut \u00e9galement \u00eatre agr\u00e9ment\u00e9 d&#039;une petite plante suspendue. Pour l&#039;int\u00e9rieur et l&#039;ext\u00e9rieur.\" \/>\n<meta name=\"robots\" content=\"index, follow, max-snippet:-1, max-image-preview:large, max-video-preview:-1\" \/>\n<link rel=\"canonical\" href=\"https:\/\/www.plantcaretools.com\/fr\/produit\/autres-produits\/nichoir-doiseau-en-herbe-dhibiscus-tressee-a-la-main\/\" \/>\n<script type=\"application\/ld+json\" class=\"yoast-schema-graph\">{\"@context\":\"https:\\\/\\\/schema.org\",\"@graph\":[{\"@type\":\"BreadcrumbList\",\"@id\":\"https:\\\/\\\/www.plantcaretools.com\\\/fr\\\/produit\\\/autres-produits\\\/nichoir-doiseau-en-herbe-dhibiscus-tressee-a-la-main\\\/#breadcrumb\",\"itemListElement\":[{\"@type\":\"ListItem\",\"position\":1,\"name\":\"Home\",\"item\":\"https:\\\/\\\/www.plantcaretools.com\\\/fr\\\/\"},{\"@type\":\"ListItem\",\"position\":2,\"name\":\"Produits\",\"item\":\"https:\\\/\\\/www.plantcaretools.com\\\/fr\\\/produits\\\/\"},{\"@type\":\"ListItem\",\"position\":3,\"name\":\"Nichoir d&#8217;oiseau en herbe d&#8217;Hibiscus tress\u00e9e \u00e0 la main\"}]}]}<\/script>\n<!-- \/ Yoast SEO Premium plugin. -->","yoast_head_json":{"title":"Nichoir d'oiseau en herbe d'Hibiscus tress\u00e9e \u00e0 la main - Plant Care Tools","description":"Ces nichoirs tiss\u00e9s \u00e0 la main sont faits d'herbe d'hibiscus naturelle. Lieu de repos ou d'alimentation pour les oiseaux.Peut \u00e9galement \u00eatre agr\u00e9ment\u00e9 d'une petite plante suspendue. Pour l'int\u00e9rieur et l'ext\u00e9rieur.","robots":{"index":"index","follow":"follow","max-snippet":"max-snippet:-1","max-image-preview":"max-image-preview:large","max-video-preview":"max-video-preview:-1"},"canonical":"https:\/\/www.plantcaretools.com\/fr\/produit\/autres-produits\/nichoir-doiseau-en-herbe-dhibiscus-tressee-a-la-main\/","schema":{"@context":"https:\/\/schema.org","@graph":[{"@type":"BreadcrumbList","@id":"https:\/\/www.plantcaretools.com\/fr\/produit\/autres-produits\/nichoir-doiseau-en-herbe-dhibiscus-tressee-a-la-main\/#breadcrumb","itemListElement":[{"@type":"ListItem","position":1,"name":"Home","item":"https:\/\/www.plantcaretools.com\/fr\/"},{"@type":"ListItem","position":2,"name":"Produits","item":"https:\/\/www.plantcaretools.com\/fr\/produits\/"},{"@type":"ListItem","position":3,"name":"Nichoir d&#8217;oiseau en herbe d&#8217;Hibiscus tress\u00e9e \u00e0 la main"}]}]}},"jetpack_sharing_enabled":true,"_links":{"self":[{"href":"https:\/\/www.plantcaretools.com\/fr\/wp-json\/wp\/v2\/product\/19327","targetHints":{"allow":["GET"]}}],"collection":[{"href":"https:\/\/www.plantcaretools.com\/fr\/wp-json\/wp\/v2\/product"}],"about":[{"href":"https:\/\/www.plantcaretools.com\/fr\/wp-json\/wp\/v2\/types\/product"}],"replies":[{"embeddable":true,"href":"https:\/\/www.plantcaretools.com\/fr\/wp-json\/wp\/v2\/comments?post=19327"}],"wp:featuredmedia":[{"embeddable":true,"href":"https:\/\/www.plantcaretools.com\/fr\/wp-json\/wp\/v2\/media\/19332"}],"wp:attachment":[{"href":"https:\/\/www.plantcaretools.com\/fr\/wp-json\/wp\/v2\/media?parent=19327"}],"wp:term":[{"taxonomy":"product_brand","embeddable":true,"href":"https:\/\/www.plantcaretools.com\/fr\/wp-json\/wp\/v2\/product_brand?post=19327"},{"taxonomy":"product_cat","embeddable":true,"href":"https:\/\/www.plantcaretools.com\/fr\/wp-json\/wp\/v2\/product_cat?post=19327"},{"taxonomy":"product_tag","embeddable":true,"href":"https:\/\/www.plantcaretools.com\/fr\/wp-json\/wp\/v2\/product_tag?post=19327"}],"curies":[{"name":"wp","href":"https:\/\/api.w.org\/{rel}","templated":true}]}}