{"id":19344,"date":"2024-05-12T18:06:06","date_gmt":"2024-05-12T16:06:06","guid":{"rendered":"https:\/\/www.plantcaretools.com\/?post_type=product&#038;p=19344"},"modified":"2024-05-12T18:36:01","modified_gmt":"2024-05-12T16:36:01","slug":"nichoir-en-herbe-tresse-a-la-main-avec-toit-en-paille","status":"publish","type":"product","link":"https:\/\/www.plantcaretools.com\/fr\/produit\/autres-produits\/nichoir-en-herbe-tresse-a-la-main-avec-toit-en-paille\/","title":{"rendered":"Nichoir en herbe tress\u00e9 \u00e0 la main avec toit en paille"},"content":{"rendered":"<p>Nichoir en herbe tress\u00e9 \u00e0 la main avec toit en paille.<\/p>\n<p>La maison mesure 18 cm de haut et 13 cm de large.<\/p>\n<p>L&#8217;ouverture est d&#8217;environ 5 x 5 cm.<\/p>\n<p>La surface rugueuse facilite l&#8217;entr\u00e9e et la sortie des oiseaux et assure un drainage et une ventilation naturels. Gr\u00e2ce \u00e0 l&#8217;utilisation de mat\u00e9riaux naturels, le nichoir est tr\u00e8s beau et a donc une grande fonction d\u00e9corative.<\/p>\n","protected":false},"excerpt":{"rendered":"<h2>Ces nichoirs tiss\u00e9s \u00e0 la main sont faits d&#8217;herbe.<\/h2>\n<p>Ils sont secs et durables.Chaque nichoir est unique. Lieu de repos ou d&#8217;alimentation pour les oiseaux. Peut \u00e9galement \u00eatre agr\u00e9ment\u00e9 d&#8217;une petite plante suspendue.<\/p>\n<p>Convient pour l&#8217;int\u00e9rieur et l&#8217;ext\u00e9rieur.<\/p>\n","protected":false},"featured_media":19360,"comment_status":"open","ping_status":"closed","template":"","meta":{"_acf_changed":false},"product_brand":[],"product_cat":[142],"product_tag":[],"class_list":{"0":"post-19344","1":"product","2":"type-product","3":"status-publish","4":"has-post-thumbnail","6":"product_cat-autres-produits","8":"first","9":"outofstock","10":"taxable","11":"shipping-taxable","12":"purchasable","13":"product-type-simple"},"acf":[],"yoast_head":"<!-- This site is optimized with the Yoast SEO Premium plugin v26.1 (Yoast SEO v27.3) - https:\/\/yoast.com\/product\/yoast-seo-premium-wordpress\/ -->\n<title>Nichoir en herbe tress\u00e9 \u00e0 la main avec toit en paille - Plant Care Tools<\/title>\n<meta name=\"description\" content=\"Nichoir en herbe tress\u00e9 \u00e0 la main avec toit en paille. Lieu de repos ou d&#039;alimentation pour les oiseaux. Peut \u00e9galement \u00eatre agr\u00e9ment\u00e9 d&#039;une petite plante suspendue. Pour l&#039;int\u00e9rieur et l&#039;ext\u00e9rieur.\" \/>\n<meta name=\"robots\" content=\"index, follow, max-snippet:-1, max-image-preview:large, max-video-preview:-1\" \/>\n<link rel=\"canonical\" href=\"https:\/\/www.plantcaretools.com\/fr\/produit\/autres-produits\/nichoir-en-herbe-tresse-a-la-main-avec-toit-en-paille\/\" \/>\n<script type=\"application\/ld+json\" class=\"yoast-schema-graph\">{\"@context\":\"https:\\\/\\\/schema.org\",\"@graph\":[{\"@type\":\"BreadcrumbList\",\"@id\":\"https:\\\/\\\/www.plantcaretools.com\\\/fr\\\/produit\\\/autres-produits\\\/nichoir-en-herbe-tresse-a-la-main-avec-toit-en-paille\\\/#breadcrumb\",\"itemListElement\":[{\"@type\":\"ListItem\",\"position\":1,\"name\":\"Home\",\"item\":\"https:\\\/\\\/www.plantcaretools.com\\\/fr\\\/\"},{\"@type\":\"ListItem\",\"position\":2,\"name\":\"Produits\",\"item\":\"https:\\\/\\\/www.plantcaretools.com\\\/fr\\\/produits\\\/\"},{\"@type\":\"ListItem\",\"position\":3,\"name\":\"Nichoir en herbe tress\u00e9 \u00e0 la main avec toit en paille\"}]}]}<\/script>\n<!-- \/ Yoast SEO Premium plugin. -->","yoast_head_json":{"title":"Nichoir en herbe tress\u00e9 \u00e0 la main avec toit en paille - Plant Care Tools","description":"Nichoir en herbe tress\u00e9 \u00e0 la main avec toit en paille. Lieu de repos ou d'alimentation pour les oiseaux. Peut \u00e9galement \u00eatre agr\u00e9ment\u00e9 d'une petite plante suspendue. Pour l'int\u00e9rieur et l'ext\u00e9rieur.","robots":{"index":"index","follow":"follow","max-snippet":"max-snippet:-1","max-image-preview":"max-image-preview:large","max-video-preview":"max-video-preview:-1"},"canonical":"https:\/\/www.plantcaretools.com\/fr\/produit\/autres-produits\/nichoir-en-herbe-tresse-a-la-main-avec-toit-en-paille\/","schema":{"@context":"https:\/\/schema.org","@graph":[{"@type":"BreadcrumbList","@id":"https:\/\/www.plantcaretools.com\/fr\/produit\/autres-produits\/nichoir-en-herbe-tresse-a-la-main-avec-toit-en-paille\/#breadcrumb","itemListElement":[{"@type":"ListItem","position":1,"name":"Home","item":"https:\/\/www.plantcaretools.com\/fr\/"},{"@type":"ListItem","position":2,"name":"Produits","item":"https:\/\/www.plantcaretools.com\/fr\/produits\/"},{"@type":"ListItem","position":3,"name":"Nichoir en herbe tress\u00e9 \u00e0 la main avec toit en paille"}]}]}},"jetpack_sharing_enabled":true,"_links":{"self":[{"href":"https:\/\/www.plantcaretools.com\/fr\/wp-json\/wp\/v2\/product\/19344","targetHints":{"allow":["GET"]}}],"collection":[{"href":"https:\/\/www.plantcaretools.com\/fr\/wp-json\/wp\/v2\/product"}],"about":[{"href":"https:\/\/www.plantcaretools.com\/fr\/wp-json\/wp\/v2\/types\/product"}],"replies":[{"embeddable":true,"href":"https:\/\/www.plantcaretools.com\/fr\/wp-json\/wp\/v2\/comments?post=19344"}],"wp:featuredmedia":[{"embeddable":true,"href":"https:\/\/www.plantcaretools.com\/fr\/wp-json\/wp\/v2\/media\/19360"}],"wp:attachment":[{"href":"https:\/\/www.plantcaretools.com\/fr\/wp-json\/wp\/v2\/media?parent=19344"}],"wp:term":[{"taxonomy":"product_brand","embeddable":true,"href":"https:\/\/www.plantcaretools.com\/fr\/wp-json\/wp\/v2\/product_brand?post=19344"},{"taxonomy":"product_cat","embeddable":true,"href":"https:\/\/www.plantcaretools.com\/fr\/wp-json\/wp\/v2\/product_cat?post=19344"},{"taxonomy":"product_tag","embeddable":true,"href":"https:\/\/www.plantcaretools.com\/fr\/wp-json\/wp\/v2\/product_tag?post=19344"}],"curies":[{"name":"wp","href":"https:\/\/api.w.org\/{rel}","templated":true}]}}