{"id":19458,"date":"2024-05-14T19:36:45","date_gmt":"2024-05-14T17:36:45","guid":{"rendered":"https:\/\/www.plantcaretools.com\/?post_type=product&#038;p=19458"},"modified":"2024-05-15T08:56:55","modified_gmt":"2024-05-15T06:56:55","slug":"fontaine-a-energie-solaire","status":"publish","type":"product","link":"https:\/\/www.plantcaretools.com\/fr\/produit\/autres-produits\/fontaine-a-energie-solaire\/","title":{"rendered":"Fontaine \u00e0 \u00e9nergie solaire"},"content":{"rendered":"<h2>Cette fontaine cr\u00e9e un jardin ou un balcon plein de vie !<\/h2>\n<p>La fontaine est livr\u00e9e avec six buses diff\u00e9rentes, ce qui vous permet de choisir parmi une vari\u00e9t\u00e9 de mod\u00e8les de pulv\u00e9risation. L&#8217;entretien est facile : gardez la pompe immerg\u00e9e pour une performance optimale et \u00e9vitez les blocages en la nettoyant r\u00e9guli\u00e8rement.<\/p>\n<p>Gr\u00e2ce \u00e0 sa taille compacte et \u00e0 sa facilit\u00e9 d&#8217;installation, cette fontaine s&#8217;int\u00e8gre parfaitement \u00e0 tout espace ext\u00e9rieur. Et le meilleur de tous ? Pas de c\u00e2bles d&#8217;alimentation ni de piles ! Lorsque vous n&#8217;utilisez pas la fontaine, vous pouvez couvrir les capteurs solaires pour prolonger la dur\u00e9e de vie de la pompe. Et en hiver, il suffit de la ranger dans un endroit \u00e0 l&#8217;abri du gel.<\/p>\n<p>Avec des entretoises pratiques pour \u00e9viter que la fontaine ne flotte trop pr\u00e8s du rivage et que l&#8217;eau ne passe par-dessus le bord, c&#8217;est un grand plaisir, saison apr\u00e8s saison.<\/p>\n","protected":false},"excerpt":{"rendered":"<h2>Habillez votre patio, votre jardin ou votre balcon avec cette fontaine \u00e0 \u00e9nergie solaire et profitez du murmure de l&#8217;eau pendant les journ\u00e9es d&#8217;\u00e9t\u00e9.<\/h2>\n<p>Avec un diam\u00e8tre compact d&#8217;environ 13 cm, cette fontaine flottante est parfaite pour tout espace ext\u00e9rieur. Gr\u00e2ce \u00e0 son alimentation solaire, elle donne vie \u00e0 votre \u00e9tang, \u00e0 votre bol d&#8217;eau ou \u00e0 votre bassin d&#8217;eau sans avoir besoin de cordons.<\/p>\n<p>Elle commence \u00e0 vaporiser d\u00e8s que le soleil brille sur les panneaux solaires, la hauteur du jet se synchronisant avec l&#8217;intensit\u00e9 de la lumi\u00e8re du soleil.<\/p>\n<ul>\n<li>Veillez \u00e0 ce que la pompe reste immerg\u00e9e pour un fonctionnement correct<\/li>\n<li>Ce produit est livr\u00e9 avec 6 t\u00eates de pulv\u00e9risation diff\u00e9rentes<\/li>\n<li>Lorsque vous n&#8217;utilisez pas la fontaine, couvrez les capteurs solaires ou placez la fontaine \u00e0 l&#8217;abri du soleil<\/li>\n<li>Le nettoyage et le rin\u00e7age de la pompe emp\u00eachent le colmatage<\/li>\n<li>Diam\u00e8tre 13 cm<\/li>\n<li>1,5 W<\/li>\n<li>Pas d&#8217;alimentation \u00e9lectrique ni de piles n\u00e9cessaires<\/li>\n<li>Installation simple<\/li>\n<li>Convient pour les \u00e9tangs, les bols d&#8217;eau, les abreuvoirs, etc.<\/li>\n<li>Les entretoises \u00e9vitent que la fontaine ne flotte sur le c\u00f4t\u00e9 et que l&#8217;eau ne gicle par-dessus le bord.<\/li>\n<\/ul>\n<p>&nbsp;<\/p>\n","protected":false},"featured_media":19472,"comment_status":"open","ping_status":"closed","template":"","meta":{"_acf_changed":false},"product_brand":[],"product_cat":[142,109],"product_tag":[],"class_list":{"0":"post-19458","1":"product","2":"type-product","3":"status-publish","4":"has-post-thumbnail","6":"product_cat-autres-produits","7":"product_cat-non-classe","9":"first","10":"outofstock","11":"taxable","12":"shipping-taxable","13":"purchasable","14":"product-type-simple"},"acf":[],"yoast_head":"<!-- This site is optimized with the Yoast SEO Premium plugin v26.1 (Yoast SEO v27.3) - https:\/\/yoast.com\/product\/yoast-seo-premium-wordpress\/ -->\n<title>Fontaine \u00e0 \u00e9nergie solaire - Plant Care Tools<\/title>\n<meta name=\"description\" content=\"Habillez votre patio, votre jardin ou votre balcon avec cette fontaine \u00e0 \u00e9nergie solaire et profitez du murmure de l&#039;eau pendant les journ\u00e9es d&#039;\u00e9t\u00e9. Gr\u00e2ce \u00e0 son alimentation solaire, elle donne vie \u00e0 votre \u00e9tang, \u00e0 votre bol d&#039;eau ou \u00e0 votre bassin d&#039;eau sans avoir besoin de cordons.\" \/>\n<meta name=\"robots\" content=\"index, follow, max-snippet:-1, max-image-preview:large, max-video-preview:-1\" \/>\n<link rel=\"canonical\" href=\"https:\/\/www.plantcaretools.com\/fr\/produit\/autres-produits\/fontaine-a-energie-solaire\/\" \/>\n<script type=\"application\/ld+json\" class=\"yoast-schema-graph\">{\"@context\":\"https:\\\/\\\/schema.org\",\"@graph\":[{\"@type\":\"BreadcrumbList\",\"@id\":\"https:\\\/\\\/www.plantcaretools.com\\\/fr\\\/produit\\\/autres-produits\\\/fontaine-a-energie-solaire\\\/#breadcrumb\",\"itemListElement\":[{\"@type\":\"ListItem\",\"position\":1,\"name\":\"Home\",\"item\":\"https:\\\/\\\/www.plantcaretools.com\\\/fr\\\/\"},{\"@type\":\"ListItem\",\"position\":2,\"name\":\"Produits\",\"item\":\"https:\\\/\\\/www.plantcaretools.com\\\/fr\\\/produits\\\/\"},{\"@type\":\"ListItem\",\"position\":3,\"name\":\"Fontaine \u00e0 \u00e9nergie solaire\"}]}]}<\/script>\n<!-- \/ Yoast SEO Premium plugin. -->","yoast_head_json":{"title":"Fontaine \u00e0 \u00e9nergie solaire - Plant Care Tools","description":"Habillez votre patio, votre jardin ou votre balcon avec cette fontaine \u00e0 \u00e9nergie solaire et profitez du murmure de l'eau pendant les journ\u00e9es d'\u00e9t\u00e9. Gr\u00e2ce \u00e0 son alimentation solaire, elle donne vie \u00e0 votre \u00e9tang, \u00e0 votre bol d'eau ou \u00e0 votre bassin d'eau sans avoir besoin de cordons.","robots":{"index":"index","follow":"follow","max-snippet":"max-snippet:-1","max-image-preview":"max-image-preview:large","max-video-preview":"max-video-preview:-1"},"canonical":"https:\/\/www.plantcaretools.com\/fr\/produit\/autres-produits\/fontaine-a-energie-solaire\/","schema":{"@context":"https:\/\/schema.org","@graph":[{"@type":"BreadcrumbList","@id":"https:\/\/www.plantcaretools.com\/fr\/produit\/autres-produits\/fontaine-a-energie-solaire\/#breadcrumb","itemListElement":[{"@type":"ListItem","position":1,"name":"Home","item":"https:\/\/www.plantcaretools.com\/fr\/"},{"@type":"ListItem","position":2,"name":"Produits","item":"https:\/\/www.plantcaretools.com\/fr\/produits\/"},{"@type":"ListItem","position":3,"name":"Fontaine \u00e0 \u00e9nergie solaire"}]}]}},"jetpack_sharing_enabled":true,"_links":{"self":[{"href":"https:\/\/www.plantcaretools.com\/fr\/wp-json\/wp\/v2\/product\/19458","targetHints":{"allow":["GET"]}}],"collection":[{"href":"https:\/\/www.plantcaretools.com\/fr\/wp-json\/wp\/v2\/product"}],"about":[{"href":"https:\/\/www.plantcaretools.com\/fr\/wp-json\/wp\/v2\/types\/product"}],"replies":[{"embeddable":true,"href":"https:\/\/www.plantcaretools.com\/fr\/wp-json\/wp\/v2\/comments?post=19458"}],"wp:featuredmedia":[{"embeddable":true,"href":"https:\/\/www.plantcaretools.com\/fr\/wp-json\/wp\/v2\/media\/19472"}],"wp:attachment":[{"href":"https:\/\/www.plantcaretools.com\/fr\/wp-json\/wp\/v2\/media?parent=19458"}],"wp:term":[{"taxonomy":"product_brand","embeddable":true,"href":"https:\/\/www.plantcaretools.com\/fr\/wp-json\/wp\/v2\/product_brand?post=19458"},{"taxonomy":"product_cat","embeddable":true,"href":"https:\/\/www.plantcaretools.com\/fr\/wp-json\/wp\/v2\/product_cat?post=19458"},{"taxonomy":"product_tag","embeddable":true,"href":"https:\/\/www.plantcaretools.com\/fr\/wp-json\/wp\/v2\/product_tag?post=19458"}],"curies":[{"name":"wp","href":"https:\/\/api.w.org\/{rel}","templated":true}]}}