{"id":19552,"date":"2024-05-22T17:34:29","date_gmt":"2024-05-22T15:34:29","guid":{"rendered":"https:\/\/www.plantcaretools.com\/?post_type=product&#038;p=19552"},"modified":"2025-03-15T13:03:45","modified_gmt":"2025-03-15T12:03:45","slug":"gants-de-securite-resistants-aux-coupures","status":"publish","type":"product","link":"https:\/\/www.plantcaretools.com\/fr\/produit\/autres-produits\/gants-de-securite-resistants-aux-coupures\/","title":{"rendered":"Gants de s\u00e9curit\u00e9 &#8211; r\u00e9sistants aux coupures"},"content":{"rendered":"<h2>Nos gants r\u00e9sistants aux coupures de niveau 5 offrent une excellente protection contre les risques de coupure.<\/h2>\n<p>Gants de s\u00e9curit\u00e9 &#8211; r\u00e9sistants aux coupures &#8211; niveau 5<\/p>\n<p>Les gants sont class\u00e9s sur une \u00e9chelle de 1 \u00e0 5, le niveau 5 \u00e9tant le plus \u00e9lev\u00e9. Plus le niveau est \u00e9lev\u00e9, plus les gants de travail sont s\u00fbrs.<\/p>\n","protected":false},"excerpt":{"rendered":"<h2>Nos gants de s\u00e9curit\u00e9 r\u00e9sistants aux coupures offrent une protection \u00e9lev\u00e9e lors de vos travaux quotidiens.<\/h2>\n<p>Le mat\u00e9riau souple les rend polyvalents. Pensez aux t\u00e2ches suivantes :<\/p>\n<ul>\n<li>Taille des rosiers<\/li>\n<li>Enlever les bavures<br \/>\nNettoyer le verre<\/li>\n<li>Couper la viande, le poisson et les l\u00e9gumes<\/li>\n<li>Ouvrir les hu\u00eetres<\/li>\n<li>Projets pratiques avec des objets pointus<\/li>\n<\/ul>\n<p>Ils sont disponibles dans les tailles Small (longueur 19,5 cm) et Large (longueur 23 cm).<\/p>\n<p>&nbsp;<\/p>\n","protected":false},"featured_media":19574,"comment_status":"open","ping_status":"closed","template":"","meta":{"_acf_changed":false},"product_brand":[],"product_cat":[142,109],"product_tag":[],"class_list":{"0":"post-19552","1":"product","2":"type-product","3":"status-publish","4":"has-post-thumbnail","6":"product_cat-autres-produits","7":"product_cat-non-classe","9":"first","10":"instock","11":"taxable","12":"shipping-taxable","13":"purchasable","14":"product-type-variable"},"acf":[],"yoast_head":"<!-- This site is optimized with the Yoast SEO Premium plugin v26.1 (Yoast SEO v27.3) - https:\/\/yoast.com\/product\/yoast-seo-premium-wordpress\/ -->\n<title>Gants de s\u00e9curit\u00e9 - r\u00e9sistants aux coupures - Plant Care Tools<\/title>\n<meta name=\"description\" content=\"Nos gants de s\u00e9curit\u00e9 r\u00e9sistants aux coupures offrent une protection \u00e9lev\u00e9e lors de vos travaux quotidiens.Le mat\u00e9riau souple les rend polyvalents.\" \/>\n<meta name=\"robots\" content=\"index, follow, max-snippet:-1, max-image-preview:large, max-video-preview:-1\" \/>\n<link rel=\"canonical\" href=\"https:\/\/www.plantcaretools.com\/fr\/produit\/autres-produits\/gants-de-securite-resistants-aux-coupures\/\" \/>\n<script type=\"application\/ld+json\" class=\"yoast-schema-graph\">{\"@context\":\"https:\\\/\\\/schema.org\",\"@graph\":[{\"@type\":\"BreadcrumbList\",\"@id\":\"https:\\\/\\\/www.plantcaretools.com\\\/fr\\\/produit\\\/autres-produits\\\/gants-de-securite-resistants-aux-coupures\\\/#breadcrumb\",\"itemListElement\":[{\"@type\":\"ListItem\",\"position\":1,\"name\":\"Home\",\"item\":\"https:\\\/\\\/www.plantcaretools.com\\\/fr\\\/\"},{\"@type\":\"ListItem\",\"position\":2,\"name\":\"Produits\",\"item\":\"https:\\\/\\\/www.plantcaretools.com\\\/fr\\\/produits\\\/\"},{\"@type\":\"ListItem\",\"position\":3,\"name\":\"Gants de s\u00e9curit\u00e9 &#8211; r\u00e9sistants aux coupures\"}]}]}<\/script>\n<!-- \/ Yoast SEO Premium plugin. -->","yoast_head_json":{"title":"Gants de s\u00e9curit\u00e9 - r\u00e9sistants aux coupures - Plant Care Tools","description":"Nos gants de s\u00e9curit\u00e9 r\u00e9sistants aux coupures offrent une protection \u00e9lev\u00e9e lors de vos travaux quotidiens.Le mat\u00e9riau souple les rend polyvalents.","robots":{"index":"index","follow":"follow","max-snippet":"max-snippet:-1","max-image-preview":"max-image-preview:large","max-video-preview":"max-video-preview:-1"},"canonical":"https:\/\/www.plantcaretools.com\/fr\/produit\/autres-produits\/gants-de-securite-resistants-aux-coupures\/","schema":{"@context":"https:\/\/schema.org","@graph":[{"@type":"BreadcrumbList","@id":"https:\/\/www.plantcaretools.com\/fr\/produit\/autres-produits\/gants-de-securite-resistants-aux-coupures\/#breadcrumb","itemListElement":[{"@type":"ListItem","position":1,"name":"Home","item":"https:\/\/www.plantcaretools.com\/fr\/"},{"@type":"ListItem","position":2,"name":"Produits","item":"https:\/\/www.plantcaretools.com\/fr\/produits\/"},{"@type":"ListItem","position":3,"name":"Gants de s\u00e9curit\u00e9 &#8211; r\u00e9sistants aux coupures"}]}]}},"jetpack_sharing_enabled":true,"_links":{"self":[{"href":"https:\/\/www.plantcaretools.com\/fr\/wp-json\/wp\/v2\/product\/19552","targetHints":{"allow":["GET"]}}],"collection":[{"href":"https:\/\/www.plantcaretools.com\/fr\/wp-json\/wp\/v2\/product"}],"about":[{"href":"https:\/\/www.plantcaretools.com\/fr\/wp-json\/wp\/v2\/types\/product"}],"replies":[{"embeddable":true,"href":"https:\/\/www.plantcaretools.com\/fr\/wp-json\/wp\/v2\/comments?post=19552"}],"wp:featuredmedia":[{"embeddable":true,"href":"https:\/\/www.plantcaretools.com\/fr\/wp-json\/wp\/v2\/media\/19574"}],"wp:attachment":[{"href":"https:\/\/www.plantcaretools.com\/fr\/wp-json\/wp\/v2\/media?parent=19552"}],"wp:term":[{"taxonomy":"product_brand","embeddable":true,"href":"https:\/\/www.plantcaretools.com\/fr\/wp-json\/wp\/v2\/product_brand?post=19552"},{"taxonomy":"product_cat","embeddable":true,"href":"https:\/\/www.plantcaretools.com\/fr\/wp-json\/wp\/v2\/product_cat?post=19552"},{"taxonomy":"product_tag","embeddable":true,"href":"https:\/\/www.plantcaretools.com\/fr\/wp-json\/wp\/v2\/product_tag?post=19552"}],"curies":[{"name":"wp","href":"https:\/\/api.w.org\/{rel}","templated":true}]}}