{"id":19578,"date":"2023-12-19T18:05:13","date_gmt":"2023-12-19T17:05:13","guid":{"rendered":"https:\/\/www.plantcaretools.com\/?post_type=product&#038;p=19578"},"modified":"2024-05-23T18:57:39","modified_gmt":"2024-05-23T16:57:39","slug":"systemes-professionnels-sans-fil-pour-les-cultivateurs-lhorticulture-lamenagement-paysager-et-le-secteur-agricole-entre-autres","status":"publish","type":"product","link":"https:\/\/www.plantcaretools.com\/fr\/produit\/utilisateurs-professionnels\/systemes-professionnels-sans-fil-pour-les-cultivateurs-lhorticulture-lamenagement-paysager-et-le-secteur-agricole-entre-autres\/","title":{"rendered":"Syst\u00e8mes professionnels sans fil pour les cultivateurs, l&#8217;horticulture, l&#8217;am\u00e9nagement paysager et le secteur agricole, entre autres"},"content":{"rendered":"<h2>Syst\u00e8mes sans fil professionnels. Nous proposons des solutions sur mesure abordables pour les professionnels, que vous ne trouverez pas dans notre gamme standard. Automatisation intelligente.<\/h2>\n<p>Par exemple, l&#8217;irrigation automatique lorsque le sol est trop sec ou l&#8217;allumage du ventilateur lorsque la temp\u00e9rature est trop \u00e9lev\u00e9e. Les possibilit\u00e9s sont pratiquement illimit\u00e9es. Nous fournissons \u00e9galement un relais sans fil qui vous permet d&#8217;allumer et d&#8217;\u00e9teindre un appareil \u00e0 distance.<\/p>\n<ul>\n<li>\n<h5>Nous fournissons un syst\u00e8me complet avec tout le mat\u00e9riel et le logiciel dont vous avez besoin.<\/h5>\n<\/li>\n<li>\n<h5>Nous choisissons le syst\u00e8me sans fil qui convient le mieux \u00e0 votre projet. Il s&#8217;agit g\u00e9n\u00e9ralement d&#8217;une transmission par signaux radio, de pr\u00e9f\u00e9rence Lora jusqu&#8217;\u00e0 une distance de 5 KM. Pour les distances plus longues, nous optons g\u00e9n\u00e9ralement pour la 4G.<\/h5>\n<\/li>\n<li>\n<h5>Vous disposez de votre propre syst\u00e8me autonome et ne d\u00e9pendez pas de tiers pour son fonctionnement, \u00e0 l&#8217;exception de la solution 4G (un abonnement mobile d&#8217;environ 50 \u20ac par an).<\/h5>\n<\/li>\n<li>\n<h5>Vous ne payez pas de frais ou d&#8217;abonnement, la plateforme, le stockage dans le nuage et les logiciels sont gratuits, \u00e0 la seule exception de la possibilit\u00e9 d&#8217;opter pour le transfert de donn\u00e9es via le r\u00e9seau 4G.<\/h5>\n<\/li>\n<li>\n<h5>Vous utilisez d\u00e9j\u00e0 votre propre plateforme ? Nous nous chargeons d&#8217;int\u00e9grer les donn\u00e9es dans votre propre plateforme.<\/h5>\n<\/li>\n<li>\n<h5>Votre syst\u00e8me sera install\u00e9 en usine.<\/h5>\n<\/li>\n<li>\n<h5>Les capteurs sont fournis avec des piles d&#8217;une dur\u00e9e de vie de 5 ans. Ces piles sont peu co\u00fbteuses et rempla\u00e7ables. Vous pouvez contr\u00f4ler l&#8217;\u00e9tat des piles.<\/h5>\n<\/li>\n<li>\n<h5>Facilit\u00e9 d&#8217;extension avec des capteurs suppl\u00e9mentaires jusqu&#8217;\u00e0 100 unit\u00e9s<\/h5>\n<\/li>\n<li>\n<h5>Pour les commandes \u00e0 partir de 1 000 euros, nous offrons une heure d&#8217;aide vid\u00e9o gratuite en ligne pour l&#8217;installation par un sp\u00e9cialiste. Il parle anglais, allemand, fran\u00e7ais et n\u00e9erlandais.<\/h5>\n<\/li>\n<li>\n<h5>Assistance t\u00e9l\u00e9phonique et \u00e9lectronique gratuite et illimit\u00e9e pour tous les clients.<\/h5>\n<\/li>\n<li>\n<h5>Le d\u00e9lai de livraison est d&#8217;environ 2 semaines apr\u00e8s r\u00e9ception du paiement.<\/h5>\n<\/li>\n<li>\n<h5>Les manuels d&#8217;utilisation sont disponibles en anglais, fran\u00e7ais, allemand et n\u00e9erlandais.<\/h5>\n<\/li>\n<\/ul>\n<p><strong>Votre projet est notre d\u00e9fi. Renseignez-vous sur notre formulaire d&#8217;inventaire sp\u00e9cial pour faire une demande pour votre projet en envoyant un e-mail \u00e0 sales@plantcaretools.com. PlantCareTools est heureux de r\u00e9fl\u00e9chir avec vous \u00e0 des solutions pour des syst\u00e8mes professionnels sans fil dans l&#8217;horticulture.<\/strong><\/p>\n<p>Nous vous ferons parvenir dans les jours qui suivent un devis personnalis\u00e9, gratuit et sans engagement.<\/p>\n<p>Les prix incluent la TVA et les frais d&#8217;exp\u00e9dition. Les clients situ\u00e9s dans l&#8217;UE (sauf la France) et disposant d&#8217;un num\u00e9ro de TVA seront factur\u00e9s hors TVA.<\/p>\n<p>Pour vous donner une bonne impression, veuillez regarder les photos ci-jointes.<\/p>\n","protected":false},"excerpt":{"rendered":"<p>Vous \u00eates jardinier, agriculteur, cultivateur en plein air ou en serre ? Vous g\u00e9rez un terrain de golf, un grand jardin, des terrains de sport ou un parc ?<\/p>\n<p>Nous vous offrons nos connaissances, notre exp\u00e9rience et une solution abordable.<br \/>\nMesure sans fil de l&#8217;humidit\u00e9 du sol, du CO2, de la lumi\u00e8re, de la vitesse du vent, des pr\u00e9cipitations, de la temp\u00e9rature, de l&#8217;EC, du pH et de l&#8217;humidit\u00e9. Collecte de donn\u00e9es \u00e0 distance sans probl\u00e8me. Cela peut se faire \u00e0 une distance de 1 \u00e0 5 kilom\u00e8tres ou \u00e0 une distance (beaucoup) plus grande.<\/p>\n<p>Avec ce syst\u00e8me, vous pouvez \u00e9galement lire toutes les donn\u00e9es en ligne partout et \u00e0 tout moment via un ordinateur et\/ou une application sur votre t\u00e9l\u00e9phone et recevoir des alertes en cas de d\u00e9passement des valeurs pr\u00e9d\u00e9finies.<\/p>\n<h2>Nous offrons des solutions abordables pour des professionnels personnalis\u00e9s que vous ne trouverez pas dans notre gamme standard.<\/h2>\n<p>Laissez votre projet devenir notre d\u00e9fi et demandez notre formulaire d&#8217;inventaire sp\u00e9cial pour faire une demande pour votre projet en envoyant un courriel \u00e0 sales@plantcaretools.com. Nous vous fournirons un devis personnalis\u00e9 gratuit et sans engagement dans les jours qui suivent.<\/p>\n<p>Nos prix incluent la TVA et les frais d&#8217;exp\u00e9dition. Les clients situ\u00e9s dans l&#8217;UE (sauf en France) et disposant d&#8217;un num\u00e9ro de TVA sont factur\u00e9s hors TVA.<\/p>\n<p>Pour vous donner une bonne id\u00e9e des possibilit\u00e9s, veuillez regarder les photos ci-jointes.<\/p>\n","protected":false},"featured_media":17352,"comment_status":"open","ping_status":"closed","template":"","meta":{"_acf_changed":false},"product_brand":[],"product_cat":[149],"product_tag":[],"class_list":{"0":"post-19578","1":"product","2":"type-product","3":"status-publish","4":"has-post-thumbnail","6":"product_cat-utilisateurs-professionnels","8":"first","9":"instock","10":"taxable","11":"shipping-taxable","12":"product-type-grouped"},"acf":[],"yoast_head":"<!-- This site is optimized with the Yoast SEO Premium plugin v26.1 (Yoast SEO v27.3) - https:\/\/yoast.com\/product\/yoast-seo-premium-wordpress\/ -->\n<title>Syst\u00e8mes professionnels sans fil pour les cultivateurs, l&#039;horticulture, l&#039;am\u00e9nagement paysager et le secteur agricole, entre autres - Plant Care Tools<\/title>\n<meta name=\"description\" content=\"Syst\u00e8mes sans fil professionnels. Nous proposons des solutions sur mesure abordables pour les professionnels, que vous ne trouverez pas dans notre gamme standard. Automatisation intelligente.\" \/>\n<meta name=\"robots\" content=\"index, follow, max-snippet:-1, max-image-preview:large, max-video-preview:-1\" \/>\n<link rel=\"canonical\" href=\"https:\/\/www.plantcaretools.com\/fr\/produit\/utilisateurs-professionnels\/systemes-professionnels-sans-fil-pour-les-cultivateurs-lhorticulture-lamenagement-paysager-et-le-secteur-agricole-entre-autres\/\" \/>\n<script type=\"application\/ld+json\" class=\"yoast-schema-graph\">{\"@context\":\"https:\\\/\\\/schema.org\",\"@graph\":[{\"@type\":\"BreadcrumbList\",\"@id\":\"https:\\\/\\\/www.plantcaretools.com\\\/fr\\\/produit\\\/utilisateurs-professionnels\\\/systemes-professionnels-sans-fil-pour-les-cultivateurs-lhorticulture-lamenagement-paysager-et-le-secteur-agricole-entre-autres\\\/#breadcrumb\",\"itemListElement\":[{\"@type\":\"ListItem\",\"position\":1,\"name\":\"Home\",\"item\":\"https:\\\/\\\/www.plantcaretools.com\\\/fr\\\/\"},{\"@type\":\"ListItem\",\"position\":2,\"name\":\"Produits\",\"item\":\"https:\\\/\\\/www.plantcaretools.com\\\/fr\\\/produits\\\/\"},{\"@type\":\"ListItem\",\"position\":3,\"name\":\"Syst\u00e8mes professionnels sans fil pour les cultivateurs, l&#8217;horticulture, l&#8217;am\u00e9nagement paysager et le secteur agricole, entre autres\"}]}]}<\/script>\n<!-- \/ Yoast SEO Premium plugin. -->","yoast_head_json":{"title":"Syst\u00e8mes professionnels sans fil pour les cultivateurs, l'horticulture, l'am\u00e9nagement paysager et le secteur agricole, entre autres - Plant Care Tools","description":"Syst\u00e8mes sans fil professionnels. Nous proposons des solutions sur mesure abordables pour les professionnels, que vous ne trouverez pas dans notre gamme standard. Automatisation intelligente.","robots":{"index":"index","follow":"follow","max-snippet":"max-snippet:-1","max-image-preview":"max-image-preview:large","max-video-preview":"max-video-preview:-1"},"canonical":"https:\/\/www.plantcaretools.com\/fr\/produit\/utilisateurs-professionnels\/systemes-professionnels-sans-fil-pour-les-cultivateurs-lhorticulture-lamenagement-paysager-et-le-secteur-agricole-entre-autres\/","schema":{"@context":"https:\/\/schema.org","@graph":[{"@type":"BreadcrumbList","@id":"https:\/\/www.plantcaretools.com\/fr\/produit\/utilisateurs-professionnels\/systemes-professionnels-sans-fil-pour-les-cultivateurs-lhorticulture-lamenagement-paysager-et-le-secteur-agricole-entre-autres\/#breadcrumb","itemListElement":[{"@type":"ListItem","position":1,"name":"Home","item":"https:\/\/www.plantcaretools.com\/fr\/"},{"@type":"ListItem","position":2,"name":"Produits","item":"https:\/\/www.plantcaretools.com\/fr\/produits\/"},{"@type":"ListItem","position":3,"name":"Syst\u00e8mes professionnels sans fil pour les cultivateurs, l&#8217;horticulture, l&#8217;am\u00e9nagement paysager et le secteur agricole, entre autres"}]}]}},"jetpack_sharing_enabled":true,"_links":{"self":[{"href":"https:\/\/www.plantcaretools.com\/fr\/wp-json\/wp\/v2\/product\/19578","targetHints":{"allow":["GET"]}}],"collection":[{"href":"https:\/\/www.plantcaretools.com\/fr\/wp-json\/wp\/v2\/product"}],"about":[{"href":"https:\/\/www.plantcaretools.com\/fr\/wp-json\/wp\/v2\/types\/product"}],"replies":[{"embeddable":true,"href":"https:\/\/www.plantcaretools.com\/fr\/wp-json\/wp\/v2\/comments?post=19578"}],"wp:featuredmedia":[{"embeddable":true,"href":"https:\/\/www.plantcaretools.com\/fr\/wp-json\/wp\/v2\/media\/17352"}],"wp:attachment":[{"href":"https:\/\/www.plantcaretools.com\/fr\/wp-json\/wp\/v2\/media?parent=19578"}],"wp:term":[{"taxonomy":"product_brand","embeddable":true,"href":"https:\/\/www.plantcaretools.com\/fr\/wp-json\/wp\/v2\/product_brand?post=19578"},{"taxonomy":"product_cat","embeddable":true,"href":"https:\/\/www.plantcaretools.com\/fr\/wp-json\/wp\/v2\/product_cat?post=19578"},{"taxonomy":"product_tag","embeddable":true,"href":"https:\/\/www.plantcaretools.com\/fr\/wp-json\/wp\/v2\/product_tag?post=19578"}],"curies":[{"name":"wp","href":"https:\/\/api.w.org\/{rel}","templated":true}]}}