{"id":19714,"date":"2024-06-07T13:02:24","date_gmt":"2024-06-07T11:02:24","guid":{"rendered":"https:\/\/www.plantcaretools.com\/?post_type=product&#038;p=19714"},"modified":"2024-09-12T17:51:56","modified_gmt":"2024-09-12T15:51:56","slug":"programmateur-darrosage-numerique-rainpoint","status":"publish","type":"product","link":"https:\/\/www.plantcaretools.com\/fr\/produit\/systemes-dirrigation\/programmateur-darrosage-numerique-rainpoint\/","title":{"rendered":"Programmateur d&#8217;arrosage num\u00e9rique &#8211; Rainpoint"},"content":{"rendered":"<h2>Vous pouvez d\u00e9finir diff\u00e9rents programmes d&#8217;irrigation. Chaque programme d&#8217;arrosage a sa propre heure de d\u00e9but et sa propre dur\u00e9e. Avec notre programmateur, vous pouvez r\u00e9gler exactement la dur\u00e9e de l&#8217;arrosage, avec une heure de d\u00e9but et une heure de fin ind\u00e9pendantes.<\/h2>\n<p>Gr\u00e2ce au calendrier flexible, vous pouvez facilement choisir les jours d&#8217;arrosage.<br \/>\nPar exemple, si votre municipalit\u00e9 vous impose d&#8217;arroser votre jardin, votre pelouse ou votre potager uniquement le mercredi et le dimanche, ce programmateur d&#8217;arrosage intelligent peut vous aider \u00e0 ex\u00e9cuter les programmes tels que vous les avez d\u00e9finis.<\/p>\n<p>Pratique \u00e9galement lorsque vous \u00eates en d\u00e9placement. Ainsi, vous n&#8217;avez pas \u00e0 craindre que le jardin ne soit pas arros\u00e9 le jour pr\u00e9vu.<\/p>\n<h2>Arrosage manuel suppl\u00e9mentaire : Cette fonction vous permet d&#8217;arroser sans interrompre votre programme d&#8217;arrosage.<\/h2>\n<p>Remarque : la dur\u00e9e par d\u00e9faut de l&#8217;arrosage manuel est de 10 minutes et ne peut pas \u00eatre modifi\u00e9e.<\/p>\n","protected":false},"excerpt":{"rendered":"<h2>Un must pour un arrosage moderne et respectueux de l&#8217;environnement.<\/h2>\n<p>En raison d&#8217;un mode de vie tr\u00e8s actif, il arrive que l&#8217;on oublie d&#8217;arroser le jardin. De plus, de nos jours, nous sommes plus conscients de la quantit\u00e9 d&#8217;eau utilis\u00e9e pour l&#8217;arrosage du jardin. L&#8217;exc\u00e8s n&#8217;est pas n\u00e9cessaire et est souvent consid\u00e9r\u00e9 comme du gaspillage.<\/p>\n<p>Un programmateur d&#8217;arrosage ex\u00e9cute automatiquement le programme d&#8217;arrosage que vous avez d\u00e9fini. Cela vous permet de gagner du temps et d&#8217;\u00e9viter l&#8217;arrosage excessif ou la s\u00e9cheresse gr\u00e2ce \u00e0 une technologie de gestion de l&#8217;eau de haute pr\u00e9cision.<\/p>\n<p>Pratique \u00e9galement lorsque vous \u00eates en d\u00e9placement. Ainsi, vous n&#8217;avez pas \u00e0 craindre que le jardin ne soit pas arros\u00e9 le jour pr\u00e9vu.<\/p>\n<ul>\n<li><strong>Facile \u00e0 lire<\/strong><br \/>\nL&#8217;\u00e9cran de 2,5 pouces affiche des informations sur les programmes d&#8217;arrosage, faciles \u00e0 lire d&#8217;un seul coup d&#8217;\u0153il.<\/li>\n<li><strong>Programmation facile<\/strong><br \/>\nTournez le cadran dans le sens inverse des aiguilles d&#8217;une montre et r\u00e9glez l&#8217;horloge, l&#8217;heure de d\u00e9but, la dur\u00e9e et la fr\u00e9quence de l&#8217;arrosage. La programmation n&#8217;a jamais \u00e9t\u00e9 aussi simple.<\/li>\n<li><strong>Longue dur\u00e9e de vie des piles<\/strong><br \/>\nL&#8217;anneau interne en caoutchouc entourant le bac \u00e0 piles est \u00e9tanche selon la norme IP54 et prot\u00e8ge les piles de la corrosion. 2 piles AA durent environ 1 an. Les piles ne sont pas incluses.<\/li>\n<li><strong>Anti-blocage, anti-fuite<\/strong><br \/>\nLe filtre d&#8217;entr\u00e9e d&#8217;eau en acier inoxydable emp\u00eache efficacement les fuites dues au blocage de la valve. Le programmateur d&#8217;eau ITV101P peut supporter une pression d&#8217;eau allant jusqu&#8217;\u00e0 116 PSI.<\/li>\n<\/ul>\n","protected":false},"featured_media":19724,"comment_status":"open","ping_status":"closed","template":"","meta":{"_acf_changed":false},"product_brand":[],"product_cat":[106],"product_tag":[217],"class_list":{"0":"post-19714","1":"product","2":"type-product","3":"status-publish","4":"has-post-thumbnail","6":"product_cat-systemes-dirrigation","7":"product_tag-rainpoint-fr","9":"first","10":"instock","11":"taxable","12":"shipping-taxable","13":"purchasable","14":"product-type-simple"},"acf":[],"yoast_head":"<!-- This site is optimized with the Yoast SEO Premium plugin v26.1 (Yoast SEO v27.4) - https:\/\/yoast.com\/product\/yoast-seo-premium-wordpress\/ -->\n<title>Programmateur d&#039;arrosage num\u00e9rique - Rainpoint - Plant Care Tools<\/title>\n<meta name=\"description\" content=\"Programmateur d&#039;arrosage num\u00e9rique - Rainpoint - PlantCareTools - Un must pour un arrosage moderne et respectueux de l&#039;environnement. Avec des programmes d&#039;arrosage automatiques. Pratique \u00e9galement en cas de voyage.\" \/>\n<meta name=\"robots\" content=\"index, follow, max-snippet:-1, max-image-preview:large, max-video-preview:-1\" \/>\n<link rel=\"canonical\" href=\"https:\/\/www.plantcaretools.com\/fr\/produit\/systemes-dirrigation\/programmateur-darrosage-numerique-rainpoint\/\" \/>\n<script type=\"application\/ld+json\" class=\"yoast-schema-graph\">{\"@context\":\"https:\\\/\\\/schema.org\",\"@graph\":[{\"@type\":\"BreadcrumbList\",\"@id\":\"https:\\\/\\\/www.plantcaretools.com\\\/fr\\\/produit\\\/systemes-dirrigation\\\/programmateur-darrosage-numerique-rainpoint\\\/#breadcrumb\",\"itemListElement\":[{\"@type\":\"ListItem\",\"position\":1,\"name\":\"Home\",\"item\":\"https:\\\/\\\/www.plantcaretools.com\\\/fr\\\/\"},{\"@type\":\"ListItem\",\"position\":2,\"name\":\"Produits\",\"item\":\"https:\\\/\\\/www.plantcaretools.com\\\/fr\\\/produits\\\/\"},{\"@type\":\"ListItem\",\"position\":3,\"name\":\"Programmateur d&#8217;arrosage num\u00e9rique &#8211; Rainpoint\"}]}]}<\/script>\n<!-- \/ Yoast SEO Premium plugin. -->","yoast_head_json":{"title":"Programmateur d'arrosage num\u00e9rique - Rainpoint - Plant Care Tools","description":"Programmateur d'arrosage num\u00e9rique - Rainpoint - PlantCareTools - Un must pour un arrosage moderne et respectueux de l'environnement. Avec des programmes d'arrosage automatiques. Pratique \u00e9galement en cas de voyage.","robots":{"index":"index","follow":"follow","max-snippet":"max-snippet:-1","max-image-preview":"max-image-preview:large","max-video-preview":"max-video-preview:-1"},"canonical":"https:\/\/www.plantcaretools.com\/fr\/produit\/systemes-dirrigation\/programmateur-darrosage-numerique-rainpoint\/","schema":{"@context":"https:\/\/schema.org","@graph":[{"@type":"BreadcrumbList","@id":"https:\/\/www.plantcaretools.com\/fr\/produit\/systemes-dirrigation\/programmateur-darrosage-numerique-rainpoint\/#breadcrumb","itemListElement":[{"@type":"ListItem","position":1,"name":"Home","item":"https:\/\/www.plantcaretools.com\/fr\/"},{"@type":"ListItem","position":2,"name":"Produits","item":"https:\/\/www.plantcaretools.com\/fr\/produits\/"},{"@type":"ListItem","position":3,"name":"Programmateur d&#8217;arrosage num\u00e9rique &#8211; Rainpoint"}]}]}},"jetpack_sharing_enabled":true,"_links":{"self":[{"href":"https:\/\/www.plantcaretools.com\/fr\/wp-json\/wp\/v2\/product\/19714","targetHints":{"allow":["GET"]}}],"collection":[{"href":"https:\/\/www.plantcaretools.com\/fr\/wp-json\/wp\/v2\/product"}],"about":[{"href":"https:\/\/www.plantcaretools.com\/fr\/wp-json\/wp\/v2\/types\/product"}],"replies":[{"embeddable":true,"href":"https:\/\/www.plantcaretools.com\/fr\/wp-json\/wp\/v2\/comments?post=19714"}],"wp:featuredmedia":[{"embeddable":true,"href":"https:\/\/www.plantcaretools.com\/fr\/wp-json\/wp\/v2\/media\/19724"}],"wp:attachment":[{"href":"https:\/\/www.plantcaretools.com\/fr\/wp-json\/wp\/v2\/media?parent=19714"}],"wp:term":[{"taxonomy":"product_brand","embeddable":true,"href":"https:\/\/www.plantcaretools.com\/fr\/wp-json\/wp\/v2\/product_brand?post=19714"},{"taxonomy":"product_cat","embeddable":true,"href":"https:\/\/www.plantcaretools.com\/fr\/wp-json\/wp\/v2\/product_cat?post=19714"},{"taxonomy":"product_tag","embeddable":true,"href":"https:\/\/www.plantcaretools.com\/fr\/wp-json\/wp\/v2\/product_tag?post=19714"}],"curies":[{"name":"wp","href":"https:\/\/api.w.org\/{rel}","templated":true}]}}