{"id":19899,"date":"2024-06-09T15:37:13","date_gmt":"2024-06-09T13:37:13","guid":{"rendered":"https:\/\/www.plantcaretools.com\/?post_type=product&#038;p=19899"},"modified":"2025-06-13T12:00:28","modified_gmt":"2025-06-13T10:00:28","slug":"systeme-darrosage-automatique-a-energie-solaire-pour-10-plantes-en-pot","status":"publish","type":"product","link":"https:\/\/www.plantcaretools.com\/fr\/produit\/systemes-dirrigation\/systeme-darrosage-automatique-a-energie-solaire-pour-10-plantes-en-pot\/","title":{"rendered":"Syst\u00e8me d&#8217;arrosage automatique \u00e0 \u00e9nergie solaire pour 10 plantes en pot"},"content":{"rendered":"<h2>Syst\u00e8me d&#8217;irrigation solaire automatique pour 10 plantes en pot<\/h2>\n<h2>Caract\u00e9ristiques techniques:<\/h2>\n<ul>\n<li>Panneau solaire 2W<\/li>\n<li>Sp\u00e9cifications batterie rechargeable : 3.7V, 2000mAh<\/li>\n<li>Consommation Pompe : 1W<\/li>\n<li>D\u00e9bit d&#8217;eau : 400 ml\/min.<\/li>\n<li>Nombre maximum de pots : 10<\/li>\n<li>Alarme sonore en cas de manque d&#8217;eau<\/li>\n<li>11 heures d&#8217;irrigation avec une charge compl\u00e8te<\/li>\n<\/ul>\n<h2>Contenu de l&#8217;emballage :<\/h2>\n<ul>\n<li>Manuel d&#8217;utilisation en anglais, allemand, fran\u00e7ais, italien et espagnol<\/li>\n<li>1 douille pour la fixation dans le sol<\/li>\n<li>1 douille pour fixation verticale<\/li>\n<li>2 vis et 2 chevilles pour fixation verticale (murale)<\/li>\n<li>Longueur du tuyau de micro-irrigation 4mm\/3mm fourni : 15 m\u00e8tres<\/li>\n<li>10 t\u00eates de goutte \u00e0 goutte<\/li>\n<li>10 Connecteurs en T<\/li>\n<\/ul>\n<p>&nbsp;<\/p>\n","protected":false},"excerpt":{"rendered":"<h2>Syst\u00e8me d&#8217;arrosage automatique \u00e0 \u00e9nergie solaire pour 10 plantes en pot<\/h2>\n<p>D\u00e9couvrez notre syst\u00e8me d&#8217;arrosage automatique pour plantes en pot aliment\u00e9 par l&#8217;\u00e9nergie solaire. Ce syst\u00e8me innovant comprend un contr\u00f4leur avec panneau solaire, une batterie de 2000mAh, une pompe de 1W et une minuterie. Le tuyau d&#8217;irrigation et les goutteurs inclus garantissent que chaque plante re\u00e7oit la bonne quantit\u00e9 d&#8217;eau. Gr\u00e2ce \u00e0 l&#8217;\u00e9nergie solaire, il n&#8217;est pas n\u00e9cessaire de brancher un cordon d&#8217;alimentation, tant que le spot est suffisamment ensoleill\u00e9 pour se charger.<\/p>\n<h2>Avantages:<\/h2>\n<ul>\n<li><strong>Autosuffisant :<\/strong> le syst\u00e8me puise l&#8217;eau directement dans des r\u00e9cipients tels que des seaux ou des r\u00e9servoirs d&#8217;eau, sans avoir besoin d&#8217;un robinet.<\/li>\n<li><strong>Utilisation flexible :<\/strong> parfait pour les jardins, les terrasses et les balcons o\u00f9 le robinet et l&#8217;\u00e9lectricit\u00e9 ne sont pas disponibles.<\/li>\n<li><strong>Utilisation facile :<\/strong> Changez la fr\u00e9quence d&#8217;arrosage \u00e0 l&#8217;aide du bouton MODE. Le voyant bleu indique la fr\u00e9quence s\u00e9lectionn\u00e9e : 5 min \/ 15 min \/ 20 min toutes les 12 heures ou 5 min \/ 15 min \/ 20 min toutes les 24 heures.<\/li>\n<li><strong>Distribution efficace de l&#8217;eau :<\/strong> la quantit\u00e9 d&#8217;eau distribu\u00e9e est d&#8217;environ 400 ml par minute.<\/li>\n<li><strong>Conception \u00e9tanche :<\/strong> le contr\u00f4leur doit \u00eatre plac\u00e9 \u00e0 un endroit o\u00f9 le panneau solaire re\u00e7oit la lumi\u00e8re directe du soleil. Placez le c\u00f4t\u00e9 avec le bouton d&#8217;interrupteur vers le bas pour permettre \u00e0 la batterie de fonctionner de mani\u00e8re optimale.<\/li>\n<li><strong>Autonomie de la batterie :<\/strong> la batterie int\u00e9gr\u00e9e a suffisamment de puissance pour fonctionner en continu pendant 11 heures apr\u00e8s une charge compl\u00e8te, ce qui permet au syst\u00e8me de fonctionner m\u00eame par temps nuageux.<\/li>\n<li><strong>Choix du calendrier d&#8217;irrigation :<\/strong> 3 p\u00e9riodes de 5, 15 ou 20 minutes \u00e0 une fr\u00e9quence de 12 ou 24 heures. Id\u00e9al pour les plantes en pot pendant les vacances, les horaires charg\u00e9s ou les conditions m\u00e9t\u00e9orologiques changeantes.<\/li>\n<\/ul>\n<p><strong>Garantie : 3 ans de garantie sur le syst\u00e8me.<\/strong><\/p>\n<h2>R\u00e9sum\u00e9 : Avec notre syst\u00e8me d&#8217;arrosage automatique, vous arrosez vos plantes sans souci, sans d\u00e9pendre de l&#8217;\u00e9lectricit\u00e9 ou d&#8217;un robinet. Ce syst\u00e8me \u00e0 \u00e9nergie solaire est parfait pour tous ceux qui souhaitent combiner commodit\u00e9 et efficacit\u00e9 avec le respect de l&#8217;environnement.<\/h2>\n<p>&nbsp;<\/p>\n","protected":false},"featured_media":19914,"comment_status":"open","ping_status":"closed","template":"","meta":{"_acf_changed":false},"product_brand":[],"product_cat":[106],"product_tag":[215,264,216,265],"class_list":{"0":"post-19899","1":"product","2":"type-product","3":"status-publish","4":"has-post-thumbnail","6":"product_cat-systemes-dirrigation","7":"product_tag-arrosage","8":"product_tag-energie","9":"product_tag-irrigation-fr","10":"product_tag-solarie","12":"first","13":"outofstock","14":"taxable","15":"shipping-taxable","16":"purchasable","17":"product-type-simple"},"acf":[],"yoast_head":"<!-- This site is optimized with the Yoast SEO Premium plugin v26.1 (Yoast SEO v27.3) - https:\/\/yoast.com\/product\/yoast-seo-premium-wordpress\/ -->\n<title>Syst\u00e8me d&#039;arrosage automatique \u00e0 \u00e9nergie solaire pour 10 plantes en pot - Plant Care Tools<\/title>\n<meta name=\"description\" content=\"Avec notre syst\u00e8me d&#039;arrosage automatique \u00e0 \u00e9nergie solaire pour plantes en pot, vous arrosez vos plantes, sans d\u00e9pendre de l&#039;\u00e9lectricit\u00e9 ou d&#039;un robinet.\" \/>\n<meta name=\"robots\" content=\"index, follow, max-snippet:-1, max-image-preview:large, max-video-preview:-1\" \/>\n<link rel=\"canonical\" href=\"https:\/\/www.plantcaretools.com\/fr\/produit\/systemes-dirrigation\/systeme-darrosage-automatique-a-energie-solaire-pour-10-plantes-en-pot\/\" \/>\n<script type=\"application\/ld+json\" class=\"yoast-schema-graph\">{\"@context\":\"https:\\\/\\\/schema.org\",\"@graph\":[{\"@type\":\"BreadcrumbList\",\"@id\":\"https:\\\/\\\/www.plantcaretools.com\\\/fr\\\/produit\\\/systemes-dirrigation\\\/systeme-darrosage-automatique-a-energie-solaire-pour-10-plantes-en-pot\\\/#breadcrumb\",\"itemListElement\":[{\"@type\":\"ListItem\",\"position\":1,\"name\":\"Home\",\"item\":\"https:\\\/\\\/www.plantcaretools.com\\\/fr\\\/\"},{\"@type\":\"ListItem\",\"position\":2,\"name\":\"Produits\",\"item\":\"https:\\\/\\\/www.plantcaretools.com\\\/fr\\\/produits\\\/\"},{\"@type\":\"ListItem\",\"position\":3,\"name\":\"Syst\u00e8me d&#8217;arrosage automatique \u00e0 \u00e9nergie solaire pour 10 plantes en pot\"}]}]}<\/script>\n<!-- \/ Yoast SEO Premium plugin. -->","yoast_head_json":{"title":"Syst\u00e8me d'arrosage automatique \u00e0 \u00e9nergie solaire pour 10 plantes en pot - Plant Care Tools","description":"Avec notre syst\u00e8me d'arrosage automatique \u00e0 \u00e9nergie solaire pour plantes en pot, vous arrosez vos plantes, sans d\u00e9pendre de l'\u00e9lectricit\u00e9 ou d'un robinet.","robots":{"index":"index","follow":"follow","max-snippet":"max-snippet:-1","max-image-preview":"max-image-preview:large","max-video-preview":"max-video-preview:-1"},"canonical":"https:\/\/www.plantcaretools.com\/fr\/produit\/systemes-dirrigation\/systeme-darrosage-automatique-a-energie-solaire-pour-10-plantes-en-pot\/","schema":{"@context":"https:\/\/schema.org","@graph":[{"@type":"BreadcrumbList","@id":"https:\/\/www.plantcaretools.com\/fr\/produit\/systemes-dirrigation\/systeme-darrosage-automatique-a-energie-solaire-pour-10-plantes-en-pot\/#breadcrumb","itemListElement":[{"@type":"ListItem","position":1,"name":"Home","item":"https:\/\/www.plantcaretools.com\/fr\/"},{"@type":"ListItem","position":2,"name":"Produits","item":"https:\/\/www.plantcaretools.com\/fr\/produits\/"},{"@type":"ListItem","position":3,"name":"Syst\u00e8me d&#8217;arrosage automatique \u00e0 \u00e9nergie solaire pour 10 plantes en pot"}]}]}},"jetpack_sharing_enabled":true,"_links":{"self":[{"href":"https:\/\/www.plantcaretools.com\/fr\/wp-json\/wp\/v2\/product\/19899","targetHints":{"allow":["GET"]}}],"collection":[{"href":"https:\/\/www.plantcaretools.com\/fr\/wp-json\/wp\/v2\/product"}],"about":[{"href":"https:\/\/www.plantcaretools.com\/fr\/wp-json\/wp\/v2\/types\/product"}],"replies":[{"embeddable":true,"href":"https:\/\/www.plantcaretools.com\/fr\/wp-json\/wp\/v2\/comments?post=19899"}],"wp:featuredmedia":[{"embeddable":true,"href":"https:\/\/www.plantcaretools.com\/fr\/wp-json\/wp\/v2\/media\/19914"}],"wp:attachment":[{"href":"https:\/\/www.plantcaretools.com\/fr\/wp-json\/wp\/v2\/media?parent=19899"}],"wp:term":[{"taxonomy":"product_brand","embeddable":true,"href":"https:\/\/www.plantcaretools.com\/fr\/wp-json\/wp\/v2\/product_brand?post=19899"},{"taxonomy":"product_cat","embeddable":true,"href":"https:\/\/www.plantcaretools.com\/fr\/wp-json\/wp\/v2\/product_cat?post=19899"},{"taxonomy":"product_tag","embeddable":true,"href":"https:\/\/www.plantcaretools.com\/fr\/wp-json\/wp\/v2\/product_tag?post=19899"}],"curies":[{"name":"wp","href":"https:\/\/api.w.org\/{rel}","templated":true}]}}