{"id":20076,"date":"2024-06-17T14:29:54","date_gmt":"2024-06-17T12:29:54","guid":{"rendered":"https:\/\/www.plantcaretools.com\/?post_type=product&#038;p=20076"},"modified":"2024-06-18T14:05:20","modified_gmt":"2024-06-18T12:05:20","slug":"ph-metre-liquides-kopie","status":"publish","type":"product","link":"https:\/\/www.plantcaretools.com\/fr\/produit\/instrumentss-de-mesure\/ph-metre-liquides-kopie\/","title":{"rendered":"pH &#8211; Acidim\u00e8tre pour liquides avec Bluetooth"},"content":{"rendered":"<h2>Ce pH-m\u00e8tre est id\u00e9al pour mesurer la qualit\u00e9 de l&#8217;eau<\/h2>\n<p><strong>pH-m\u00e8tre &#8211; pour mesurer le pH des liquides.<\/strong><\/p>\n<p>Ce pH-m\u00e8tre est utilis\u00e9 pour mesurer la valeur du pH dans les liquides. Il peut \u00eatre important de mesurer la valeur du pH de l&#8217;eau du robinet, de l&#8217;eau de piscine, de l&#8217;eau de rivi\u00e8re ou des eaux us\u00e9es.<\/p>\n<p><strong>Contr\u00f4le de la puret\u00e9 de l&#8217;eau, eaux us\u00e9es, hydroponie, horticulture, aquarium, piscine, etc.<\/strong><\/p>\n<p>Cet appareil de mesure pratique est id\u00e9al pour tester la qualit\u00e9 de l&#8217;eau en g\u00e9n\u00e9ral. En outre, il peut \u00eatre utilis\u00e9 pour v\u00e9rifier la puret\u00e9 de l&#8217;eau, contr\u00f4ler les eaux us\u00e9es, la culture hydroponique (hydroponie), les applications hydroponiques, l&#8217;utilisation en laboratoire et \u00e0 des fins scientifiques, l&#8217;analyse de l&#8217;eau d&#8217;une piscine, d&#8217;un spa et d&#8217;un aquarium, les mesures li\u00e9es \u00e0 des applications \u00e9cologiques, le traitement de l&#8217;eau, etc. Gr\u00e2ce \u00e0 l&#8217;APP Yinmik et au bluetooth, vous pouvez consulter toutes les donn\u00e9es sur votre t\u00e9l\u00e9phone et les enregistrer sous forme de feuille de calcul Excel. Il est \u00e9galement possible d&#8217;exporter, d&#8217;imprimer et de partager les donn\u00e9es.<\/p>\n<h3>Voir aussi notre offre sp\u00e9ciale en combinaison avec le compteur EC.<\/h3>\n<h2>Caract\u00e9ristiques :<\/h2>\n<p><strong>Ph-m\u00e8tre avec bluetooth<\/strong><\/p>\n<ul>\n<li>Fonctionne en combinaison avec l&#8217;application mobile Yinmik, mesurant le pH, l&#8217;humidit\u00e9 relative et la temp\u00e9rature. Convient pour l&#8217;eau potable domestique, l&#8217;hydroponie, les laboratoires, les aquariums, etc.<\/li>\n<\/ul>\n<p><strong>Syst\u00e8me de gestion des donn\u00e9es bas\u00e9 sur le cloud<\/strong><\/p>\n<ul>\n<li>Pr\u00e9cision de la transmission des donn\u00e9es Bluetooth en temps r\u00e9el. La valeur mesur\u00e9e est donc imm\u00e9diatement affich\u00e9e de mani\u00e8re claire. Vous pouvez stocker, g\u00e9rer, imprimer et partager vos donn\u00e9es de test et ne jamais avoir \u00e0 vous soucier de la perte de donn\u00e9es.<\/li>\n<\/ul>\n<p><strong>Calibrateur de pH automatique<\/strong><\/p>\n<ul>\n<li>La sonde de mesure en verre tr\u00e8s sensible offre une plage de mesure compl\u00e8te de pH 0-14. L&#8217;appareil est dot\u00e9 d&#8217;une m\u00e9thode d&#8217;\u00e9talonnage en 5 points. Les poudres d&#8217;\u00e9talonnage pH 4.00, pH 6.86, pH 9.18 et pH 7.00, pH 10.01 sont incluses. L&#8217;\u00e9talonnage est facile et occasionnellement n\u00e9cessaire pour assurer la pr\u00e9cision de vos lectures.<\/li>\n<\/ul>\n<p><strong>Compensation automatique de la temp\u00e9rature<\/strong><\/p>\n<ul>\n<li>La temp\u00e9rature affecte le r\u00e9sultat de la mesure. La compensation automatique de la temp\u00e9rature (ATC) garantit que, quelle que soit la temp\u00e9rature, le r\u00e9sultat de la mesure reste toujours pr\u00e9cis.<\/li>\n<\/ul>\n<p><strong>Analyse de l&#8217;eau de haute pr\u00e9cision<\/strong><\/p>\n<ul>\n<li>La puce algorithmique et l&#8217;\u00e9lectrode garantissent une r\u00e9ponse pr\u00e9cise et rapide. L&#8217;\u00e9cran LCD \u00e9clair\u00e9 en vert permet de lire facilement les r\u00e9sultats de la mesure dans toutes les conditions. Voir aussi notre offre sp\u00e9ciale en combinaison avec le compteur EC.<\/li>\n<\/ul>\n<h2>Sp\u00e9cifications :<\/h2>\n<ul>\n<li>Gamme de PH : 0.00-14.00<\/li>\n<li>R\u00e9solution : 0,01ph<\/li>\n<li>Pr\u00e9cision : \u00b1 0,5ph<\/li>\n<li>Gamme RH : 1-99<\/li>\n<li>R\u00e9solution : 1% RH<\/li>\n<li>Pr\u00e9cision : \u2264 2% rH<\/li>\n<li>Environnement de fonctionnement : 0-80 \u2103 ; RH100 % Batterie : 3*1.5V (LR44)<\/li>\n<li>Pile : 3*1.5V LR44 (inclus)<\/li>\n<li>Taille : 158*33*21mm, 72g<\/li>\n<li>Affichage : affichage num\u00e9rique LCD<\/li>\n<li>R\u00e9tro-\u00e9clairage : APP Control<\/li>\n<li>Temp\u00e9rature : Compensation automatique de la temp\u00e9rature 0-60 \u2103<\/li>\n<li>Poudre d&#8217;\u00e9talonnage PH (incluse) : pH : 6,86\/4,00\/9,18 ou 7,00\/4,00\/10,01<\/li>\n<li>Utilise APP Yinmik<\/li>\n<\/ul>\n<p>Pour en savoir plus sur la mesure de l&#8217;acidit\u00e9 des liquides, consultez <a href=\"https:\/\/www.plantcaretools.com\/fr\/mesurer-niveau-de-ph-eau\/\">cette page<\/a>.<\/p>\n","protected":false},"excerpt":{"rendered":"<h2>pH-m\u00e8tre Bluetooth &#8211; mesure le pH des liquides.<br \/>\nPour v\u00e9rifier le pH de l&#8217;eau du robinet, des eaux us\u00e9es, de l&#8217;hydroponie, de l&#8217;horticulture, de l&#8217;aquarium, de la piscine, etc.<\/h2>\n<p>Ce pH-m\u00e8tre est surtout utilis\u00e9 pour mesurer le pH de l&#8217;eau et d&#8217;autres liquides tels que l&#8217;eau de puits, l&#8217;eau de rivi\u00e8re, etc.<\/p>\n<h3>Voir \u00e9galement notre offre sp\u00e9ciale en combinaison avec l&#8217;EC-m\u00e8tre.<\/h3>\n<p>Pour en savoir plus sur la mesure de l&#8217;acidit\u00e9 des liquides, consultez <a href=\"https:\/\/www.plantcaretools.com\/fr\/mesurer-niveau-de-ph-eau\/\">cette page<\/a>.<\/p>\n<p>&nbsp;<\/p>\n<p>&nbsp;<\/p>\n","protected":false},"featured_media":20187,"comment_status":"open","ping_status":"closed","template":"","meta":{"_acf_changed":false},"product_brand":[],"product_cat":[115,125],"product_tag":[449,362],"class_list":{"0":"post-20076","1":"product","2":"type-product","3":"status-publish","4":"has-post-thumbnail","6":"product_cat-instrumentss-de-mesure","7":"product_cat-produits-plantcaretools","8":"product_tag-bluetooth-fr","9":"product_tag-ph-fr","11":"first","12":"instock","13":"taxable","14":"shipping-taxable","15":"purchasable","16":"product-type-simple"},"acf":[],"yoast_head":"<!-- This site is optimized with the Yoast SEO Premium plugin v26.1 (Yoast SEO v27.3) - https:\/\/yoast.com\/product\/yoast-seo-premium-wordpress\/ -->\n<title>pH-M\u00e8tre - Professionel - Plant Care Tools<\/title>\n<meta name=\"description\" content=\"Le pH-m\u00e8tre avec bluetooth est utilis\u00e9 pour la purification\/traitement de l&#039;eau, l&#039;hydroculture, l&#039;horticulture, les tests \u00e9cologiques, les aquariums, etc.\" \/>\n<meta name=\"robots\" content=\"index, follow, max-snippet:-1, max-image-preview:large, max-video-preview:-1\" \/>\n<link rel=\"canonical\" href=\"https:\/\/www.plantcaretools.com\/fr\/produit\/instrumentss-de-mesure\/ph-metre-liquides-kopie\/\" \/>\n<script type=\"application\/ld+json\" class=\"yoast-schema-graph\">{\"@context\":\"https:\\\/\\\/schema.org\",\"@graph\":[{\"@type\":\"BreadcrumbList\",\"@id\":\"https:\\\/\\\/www.plantcaretools.com\\\/fr\\\/produit\\\/instrumentss-de-mesure\\\/ph-metre-liquides-kopie\\\/#breadcrumb\",\"itemListElement\":[{\"@type\":\"ListItem\",\"position\":1,\"name\":\"Home\",\"item\":\"https:\\\/\\\/www.plantcaretools.com\\\/fr\\\/\"},{\"@type\":\"ListItem\",\"position\":2,\"name\":\"Produits\",\"item\":\"https:\\\/\\\/www.plantcaretools.com\\\/fr\\\/produits\\\/\"},{\"@type\":\"ListItem\",\"position\":3,\"name\":\"pH &#8211; Acidim\u00e8tre pour liquides avec Bluetooth\"}]}]}<\/script>\n<!-- \/ Yoast SEO Premium plugin. -->","yoast_head_json":{"title":"pH-M\u00e8tre - Professionel - Plant Care Tools","description":"Le pH-m\u00e8tre avec bluetooth est utilis\u00e9 pour la purification\/traitement de l'eau, l'hydroculture, l'horticulture, les tests \u00e9cologiques, les aquariums, etc.","robots":{"index":"index","follow":"follow","max-snippet":"max-snippet:-1","max-image-preview":"max-image-preview:large","max-video-preview":"max-video-preview:-1"},"canonical":"https:\/\/www.plantcaretools.com\/fr\/produit\/instrumentss-de-mesure\/ph-metre-liquides-kopie\/","schema":{"@context":"https:\/\/schema.org","@graph":[{"@type":"BreadcrumbList","@id":"https:\/\/www.plantcaretools.com\/fr\/produit\/instrumentss-de-mesure\/ph-metre-liquides-kopie\/#breadcrumb","itemListElement":[{"@type":"ListItem","position":1,"name":"Home","item":"https:\/\/www.plantcaretools.com\/fr\/"},{"@type":"ListItem","position":2,"name":"Produits","item":"https:\/\/www.plantcaretools.com\/fr\/produits\/"},{"@type":"ListItem","position":3,"name":"pH &#8211; Acidim\u00e8tre pour liquides avec Bluetooth"}]}]}},"jetpack_sharing_enabled":true,"_links":{"self":[{"href":"https:\/\/www.plantcaretools.com\/fr\/wp-json\/wp\/v2\/product\/20076","targetHints":{"allow":["GET"]}}],"collection":[{"href":"https:\/\/www.plantcaretools.com\/fr\/wp-json\/wp\/v2\/product"}],"about":[{"href":"https:\/\/www.plantcaretools.com\/fr\/wp-json\/wp\/v2\/types\/product"}],"replies":[{"embeddable":true,"href":"https:\/\/www.plantcaretools.com\/fr\/wp-json\/wp\/v2\/comments?post=20076"}],"wp:featuredmedia":[{"embeddable":true,"href":"https:\/\/www.plantcaretools.com\/fr\/wp-json\/wp\/v2\/media\/20187"}],"wp:attachment":[{"href":"https:\/\/www.plantcaretools.com\/fr\/wp-json\/wp\/v2\/media?parent=20076"}],"wp:term":[{"taxonomy":"product_brand","embeddable":true,"href":"https:\/\/www.plantcaretools.com\/fr\/wp-json\/wp\/v2\/product_brand?post=20076"},{"taxonomy":"product_cat","embeddable":true,"href":"https:\/\/www.plantcaretools.com\/fr\/wp-json\/wp\/v2\/product_cat?post=20076"},{"taxonomy":"product_tag","embeddable":true,"href":"https:\/\/www.plantcaretools.com\/fr\/wp-json\/wp\/v2\/product_tag?post=20076"}],"curies":[{"name":"wp","href":"https:\/\/api.w.org\/{rel}","templated":true}]}}