{"id":20087,"date":"2024-06-17T15:29:22","date_gmt":"2024-06-17T13:29:22","guid":{"rendered":"https:\/\/www.plantcaretools.com\/?post_type=product&#038;p=20087"},"modified":"2024-06-18T13:16:41","modified_gmt":"2024-06-18T11:16:41","slug":"ec-metre-avec-bluetooth-pour-le-controle-de-la-qualite-de-leau","status":"publish","type":"product","link":"https:\/\/www.plantcaretools.com\/fr\/produit\/instrumentss-de-mesure\/ec-metre-avec-bluetooth-pour-le-controle-de-la-qualite-de-leau\/","title":{"rendered":"EC &#8211; Conductivim\u00e8tre Liquides avec Bluetooth"},"content":{"rendered":"<h2>EC-m\u00e8tre avec Bluetooth pour le contr\u00f4le de la qualit\u00e9 de l&#8217;eau<\/h2>\n<p>Mesure la quantit\u00e9 totale de sels nutritifs dans les liquides<br \/>\nCe compteur EC mesure la conductivit\u00e9 \u00e9lectrique des liquides et est utilis\u00e9 pour mesurer la quantit\u00e9 de sels nutritifs dans les liquides. Lors de la fertilisation des plantes avec des engrais liquides dans l&#8217;eau, il est important de conna\u00eetre la quantit\u00e9 d&#8217;engrais appliqu\u00e9e. Cette quantit\u00e9 est facile \u00e0 mesurer avec cet appareil de mesure de l&#8217;EC. Gr\u00e2ce \u00e0 l&#8217;application Yinmik et au Bluetooth, vous pouvez consulter toutes les donn\u00e9es sur votre t\u00e9l\u00e9phone et les enregistrer sous forme de feuille de calcul Excel. Il est \u00e9galement possible d&#8217;exporter et d&#8217;imprimer les donn\u00e9es.<\/p>\n<h2>Utilis\u00e9 pour la purification de l&#8217;eau, l&#8217;hydroponie, l&#8217;\u00e9cologie, le contr\u00f4le des eaux us\u00e9es, etc.<\/h2>\n<p>Ce compteur pratique est id\u00e9al pour tester la qualit\u00e9 de l&#8217;eau en g\u00e9n\u00e9ral, v\u00e9rifier la puret\u00e9 de l&#8217;eau, contr\u00f4ler les eaux us\u00e9es, l&#8217;hydroponie (hydroponie), pour les applications hydroponiques, l&#8217;utilisation en laboratoire et l&#8217;utilisation \u00e0 des fins scientifiques, la mesure dans le cadre d&#8217;applications \u00e9cologiques, le traitement de l&#8217;eau, etc.<\/p>\n<p>L&#8217;appareil est dot\u00e9 d&#8217;un \u00e9cran r\u00e9tro\u00e9clair\u00e9, d&#8217;une fonction de maintien de la mesure, d&#8217;un arr\u00eat automatique en cas d&#8217;inactivit\u00e9 et d&#8217;un indicateur de piles faibles. En outre, l&#8217;appareil dispose de six unit\u00e9s de mesure diff\u00e9rentes (\u00b5S, mS, ppm, ppt, \u00b0C, \u00b0F) et d&#8217;un \u00e9talonnage en trois points. Les liquides tampons pour l&#8217;\u00e9talonnage sont inclus. En utilisation normale, un \u00e9talonnage une fois par an est suffisant.<\/p>\n<h3>Voir aussi notre offre sp\u00e9ciale en combinaison avec le pH-m\u00e8tre Bluetooth.<\/h3>\n<p><strong>Le paquet comprend :<\/strong><\/p>\n<ul>\n<li>Le compteur EC<\/li>\n<li>Quatre piles de 1,5 V (LR44)<\/li>\n<li>Un livret d&#8217;instructions complet. Le manuel d&#8217;utilisation de l&#8217;appareil est \u00e9galement disponible sur notre site Internet.<\/li>\n<li>Liquide de test et liquides d&#8217;\u00e9talonnage<\/li>\n<\/ul>\n<p><strong>Gamme de mesure :<\/strong><\/p>\n<ul>\n<li>TDS : 0~9999ppm<\/li>\n<li>EC:0~9990uS\/cm,10.01~20.00mS\/cm<\/li>\n<li>TEMP:0.1-60.0\u00b0C ; 32.0-140.0\u2109<\/li>\n<li>RH:1-99%RH<\/li>\n<\/ul>\n<p><strong>R\u00e9solution :<\/strong><\/p>\n<ul>\n<li>TDS : 1ppm<\/li>\n<li>EC : 1uS\/cm ou 0.01mS\/cm<\/li>\n<li>TEMP : 0.1\u00b0C;0.1\u2109<\/li>\n<li>RH : 1%HR<\/li>\n<\/ul>\n<p><strong>Pr\u00e9cision :<\/strong><\/p>\n<ul>\n<li>TDS\/EC : \u00b12%F.S<\/li>\n<li>TEMP : \u00b10.5\u2103<\/li>\n<li>\u22642%RH<\/li>\n<\/ul>\n<p>Pour en savoir plus sur la mesure de l&#8217;engrais dans les liquides, consultez <a href=\"https:\/\/www.plantcaretools.com\/fr\/mesurer-la-conductivite-dans-leau\/\">cette page<\/a>.<\/p>\n<p>&nbsp;<\/p>\n","protected":false},"excerpt":{"rendered":"<h2>Conductivim\u00e8tre avec Bluetooth pour le contr\u00f4le de la qualit\u00e9 de l&#8217;eau. Mesure la quantit\u00e9 totale de sels nutritifs (engrais liquides) dans l&#8217;eau.<\/h2>\n<p>Ce compteur EC mesure la conductivit\u00e9 \u00e9lectrique des liquides. Il permet de mesurer la quantit\u00e9 d&#8217;engrais liquides dans l&#8217;eau ou la valeur EC du liquide.<\/p>\n<p>Les donn\u00e9es du compteur EC sont synchronis\u00e9es avec l&#8217;application mobile Yinmik. Plusieurs donn\u00e9es peuvent \u00eatre affich\u00e9es simultan\u00e9ment. Pratique et rapide. Il n&#8217;est donc pas n\u00e9cessaire de faire fonctionner le compteur EC en permanence pour afficher les donn\u00e9es.<\/p>\n<h3>Voir aussi notre offre sp\u00e9ciale en combinaison avec le pH-m\u00e8tre Bluetooth.<\/h3>\n","protected":false},"featured_media":20127,"comment_status":"open","ping_status":"closed","template":"","meta":{"_acf_changed":false},"product_brand":[],"product_cat":[115,125,149],"product_tag":[449,448],"class_list":{"0":"post-20087","1":"product","2":"type-product","3":"status-publish","4":"has-post-thumbnail","6":"product_cat-instrumentss-de-mesure","7":"product_cat-produits-plantcaretools","8":"product_cat-utilisateurs-professionnels","9":"product_tag-bluetooth-fr","10":"product_tag-ec-fr","12":"first","13":"instock","14":"taxable","15":"shipping-taxable","16":"purchasable","17":"product-type-simple"},"acf":[],"yoast_head":"<!-- This site is optimized with the Yoast SEO Premium plugin v26.1 (Yoast SEO v27.3) - https:\/\/yoast.com\/product\/yoast-seo-premium-wordpress\/ -->\n<title>EC-m\u00e8tre avec Bluetooth pour contr\u00f4ler la qualit\u00e9 de l&#039;eau-PlantCareTools<\/title>\n<meta name=\"description\" content=\"Conductivim\u00e8tre avec Bluetooth pour le contr\u00f4le de la qualit\u00e9 de l&#039;eau. Mesure la quantit\u00e9 totale de sels nutritifs (engrais liquides) dans l&#039;eau.\" \/>\n<meta name=\"robots\" content=\"index, follow, max-snippet:-1, max-image-preview:large, max-video-preview:-1\" \/>\n<link rel=\"canonical\" href=\"https:\/\/www.plantcaretools.com\/fr\/produit\/instrumentss-de-mesure\/ec-metre-avec-bluetooth-pour-le-controle-de-la-qualite-de-leau\/\" \/>\n<script type=\"application\/ld+json\" class=\"yoast-schema-graph\">{\"@context\":\"https:\\\/\\\/schema.org\",\"@graph\":[{\"@type\":\"BreadcrumbList\",\"@id\":\"https:\\\/\\\/www.plantcaretools.com\\\/fr\\\/produit\\\/instrumentss-de-mesure\\\/ec-metre-avec-bluetooth-pour-le-controle-de-la-qualite-de-leau\\\/#breadcrumb\",\"itemListElement\":[{\"@type\":\"ListItem\",\"position\":1,\"name\":\"Home\",\"item\":\"https:\\\/\\\/www.plantcaretools.com\\\/fr\\\/\"},{\"@type\":\"ListItem\",\"position\":2,\"name\":\"Produits\",\"item\":\"https:\\\/\\\/www.plantcaretools.com\\\/fr\\\/produits\\\/\"},{\"@type\":\"ListItem\",\"position\":3,\"name\":\"EC &#8211; Conductivim\u00e8tre Liquides avec Bluetooth\"}]}]}<\/script>\n<!-- \/ Yoast SEO Premium plugin. -->","yoast_head_json":{"title":"EC-m\u00e8tre avec Bluetooth pour contr\u00f4ler la qualit\u00e9 de l'eau-PlantCareTools","description":"Conductivim\u00e8tre avec Bluetooth pour le contr\u00f4le de la qualit\u00e9 de l'eau. Mesure la quantit\u00e9 totale de sels nutritifs (engrais liquides) dans l'eau.","robots":{"index":"index","follow":"follow","max-snippet":"max-snippet:-1","max-image-preview":"max-image-preview:large","max-video-preview":"max-video-preview:-1"},"canonical":"https:\/\/www.plantcaretools.com\/fr\/produit\/instrumentss-de-mesure\/ec-metre-avec-bluetooth-pour-le-controle-de-la-qualite-de-leau\/","schema":{"@context":"https:\/\/schema.org","@graph":[{"@type":"BreadcrumbList","@id":"https:\/\/www.plantcaretools.com\/fr\/produit\/instrumentss-de-mesure\/ec-metre-avec-bluetooth-pour-le-controle-de-la-qualite-de-leau\/#breadcrumb","itemListElement":[{"@type":"ListItem","position":1,"name":"Home","item":"https:\/\/www.plantcaretools.com\/fr\/"},{"@type":"ListItem","position":2,"name":"Produits","item":"https:\/\/www.plantcaretools.com\/fr\/produits\/"},{"@type":"ListItem","position":3,"name":"EC &#8211; Conductivim\u00e8tre Liquides avec Bluetooth"}]}]}},"jetpack_sharing_enabled":true,"_links":{"self":[{"href":"https:\/\/www.plantcaretools.com\/fr\/wp-json\/wp\/v2\/product\/20087","targetHints":{"allow":["GET"]}}],"collection":[{"href":"https:\/\/www.plantcaretools.com\/fr\/wp-json\/wp\/v2\/product"}],"about":[{"href":"https:\/\/www.plantcaretools.com\/fr\/wp-json\/wp\/v2\/types\/product"}],"replies":[{"embeddable":true,"href":"https:\/\/www.plantcaretools.com\/fr\/wp-json\/wp\/v2\/comments?post=20087"}],"wp:featuredmedia":[{"embeddable":true,"href":"https:\/\/www.plantcaretools.com\/fr\/wp-json\/wp\/v2\/media\/20127"}],"wp:attachment":[{"href":"https:\/\/www.plantcaretools.com\/fr\/wp-json\/wp\/v2\/media?parent=20087"}],"wp:term":[{"taxonomy":"product_brand","embeddable":true,"href":"https:\/\/www.plantcaretools.com\/fr\/wp-json\/wp\/v2\/product_brand?post=20087"},{"taxonomy":"product_cat","embeddable":true,"href":"https:\/\/www.plantcaretools.com\/fr\/wp-json\/wp\/v2\/product_cat?post=20087"},{"taxonomy":"product_tag","embeddable":true,"href":"https:\/\/www.plantcaretools.com\/fr\/wp-json\/wp\/v2\/product_tag?post=20087"}],"curies":[{"name":"wp","href":"https:\/\/api.w.org\/{rel}","templated":true}]}}