{"id":20177,"date":"2024-06-18T14:26:27","date_gmt":"2024-06-18T12:26:27","guid":{"rendered":"https:\/\/www.plantcaretools.com\/?post_type=product&#038;p=20177"},"modified":"2024-06-18T16:00:03","modified_gmt":"2024-06-18T14:00:03","slug":"ec-ph-metres-liquides-avec-bluetooth","status":"publish","type":"product","link":"https:\/\/www.plantcaretools.com\/fr\/produit\/instrumentss-de-mesure\/ec-ph-metres-liquides-avec-bluetooth\/","title":{"rendered":"EC et pH-m\u00e8tre Fluides avec Bluetooth"},"content":{"rendered":"<h2>SET de 2 m\u00e8tres :<\/h2>\n<ul>\n<li><strong>1x EC-m\u00e8tre avec Bluetooth pour le contr\u00f4le de la qualit\u00e9 de l&#8217;eau<\/strong><\/li>\n<\/ul>\n<h3>ET<\/h3>\n<ul>\n<li><strong>1x pH-m\u00e8tre avec Bluetooth pour les liquides<\/strong><\/li>\n<\/ul>\n<p>&nbsp;<\/p>\n<ul>\n<li>Le EC-m\u00e8tre \u00a0mesure la conductivit\u00e9 \u00e9lectrique des liquides. Il est utilis\u00e9 pour mesurer la quantit\u00e9 d&#8217;engrais liquides dans l&#8217;eau. Cet appareil pratique est id\u00e9al pour v\u00e9rifier la puret\u00e9 de l&#8217;eau, contr\u00f4ler les eaux us\u00e9es, l&#8217;hydroponie, l&#8217;utilisation en laboratoire et \u00e0 des fins scientifiques, les mesures dans le cadre d&#8217;applications \u00e9cologiques, le traitement de l&#8217;eau, etc.<\/li>\n<li>Le pH-m\u00e8tre est utilis\u00e9 pour mesurer la valeur du pH dans les liquides. Il peut \u00eatre important de mesurer la valeur du pH de l&#8217;eau du robinet, de l&#8217;eau de piscine, de l&#8217;eau de rivi\u00e8re ou des eaux us\u00e9es. Contr\u00f4le de la puret\u00e9 de l&#8217;eau, eaux us\u00e9es, hydroponie, horticulture, aquarium, piscine, etc.<\/li>\n<\/ul>\n<p>Pour en savoir plus sur la mesure de l&#8217;engrais dans les liquides, consultez <a href=\"https:\/\/www.plantcaretools.com\/fr\/mesurer-la-conductivite-dans-leau\/\">cette page<\/a>.<\/p>\n<p>Pour en savoir plus sur la mesure de pH dans les liquides, consultez <a href=\"https:\/\/www.plantcaretools.com\/fr\/mesurer-niveau-de-ph-eau\/\">cette page<\/a>.<\/p>\n<h3>Pour les sp\u00e9cifications des deux m\u00e8tres voir les 2 pages suivantes :<\/h3>\n<ul>\n<li><a href=\"https:\/\/www.plantcaretools.com\/fr\/produit\/instrumentss-de-mesure\/ph-metre-liquides-kopie\/\">pH-m\u00e8tre<\/a><\/li>\n<li><a href=\"https:\/\/www.plantcaretools.com\/fr\/produit\/instrumentss-de-mesure\/ec-metre-avec-bluetooth-pour-le-controle-de-la-qualite-de-leau\/\">EC m\u00e8tre<\/a><\/li>\n<\/ul>\n","protected":false},"excerpt":{"rendered":"<h2>SET de 2 m\u00e8tres :<\/h2>\n<ul>\n<li><strong>1x EC-m\u00e8tre avec Bluetooth pour le contr\u00f4le de la qualit\u00e9 de l&#8217;eau<\/strong><\/li>\n<\/ul>\n<h3>ET<\/h3>\n<ul>\n<li><strong>1x pH-m\u00e8tre avec Bluetooth pour les liquides<\/strong><\/li>\n<\/ul>\n<h3>Pour les sp\u00e9cifications des deux m\u00e8tres voir les 2 pages suivantes :<\/h3>\n<ul>\n<li><a href=\"https:\/\/www.plantcaretools.com\/fr\/produit\/instrumentss-de-mesure\/ph-metre-liquides-kopie\/\">pH-m\u00e8tre<\/a><\/li>\n<li><a href=\"https:\/\/www.plantcaretools.com\/fr\/produit\/instrumentss-de-mesure\/ec-metre-avec-bluetooth-pour-le-controle-de-la-qualite-de-leau\/\">EC m\u00e8tre<\/a><\/li>\n<\/ul>\n<p>Pour en savoir plus sur la mesure de l&#8217;engrais dans les liquides, consultez <a href=\"https:\/\/www.plantcaretools.com\/fr\/mesurer-la-conductivite-dans-leau\/\">cette page<\/a>.<\/p>\n<p>Pour en savoir plus sur la mesure de pH dans les liquides, consultez <a href=\"https:\/\/www.plantcaretools.com\/fr\/mesurer-niveau-de-ph-eau\/\">cette page<\/a>.<\/p>\n","protected":false},"featured_media":21378,"comment_status":"open","ping_status":"closed","template":"","meta":{"_acf_changed":false},"product_brand":[],"product_cat":[115,105,125,149],"product_tag":[449,448,362],"class_list":{"0":"post-20177","1":"product","2":"type-product","3":"status-publish","4":"has-post-thumbnail","6":"product_cat-instrumentss-de-mesure","7":"product_cat-offres-speciales","8":"product_cat-produits-plantcaretools","9":"product_cat-utilisateurs-professionnels","10":"product_tag-bluetooth-fr","11":"product_tag-ec-fr","12":"product_tag-ph-fr","14":"first","15":"instock","16":"sale","17":"featured","18":"taxable","19":"shipping-taxable","20":"purchasable","21":"product-type-simple"},"acf":[],"yoast_head":"<!-- This site is optimized with the Yoast SEO Premium plugin v26.1 (Yoast SEO v27.3) - https:\/\/yoast.com\/product\/yoast-seo-premium-wordpress\/ -->\n<title>EC et pH m\u00e8tre avec Bluetooth - PlantCareTools<\/title>\n<meta name=\"description\" content=\"Offre sp\u00e9cial: EC et pH-m\u00e8tre Fluides avec Bluetooth\" \/>\n<meta name=\"robots\" content=\"index, follow, max-snippet:-1, max-image-preview:large, max-video-preview:-1\" \/>\n<link rel=\"canonical\" href=\"https:\/\/www.plantcaretools.com\/fr\/produit\/instrumentss-de-mesure\/ec-ph-metres-liquides-avec-bluetooth\/\" \/>\n<script type=\"application\/ld+json\" class=\"yoast-schema-graph\">{\"@context\":\"https:\\\/\\\/schema.org\",\"@graph\":[{\"@type\":\"BreadcrumbList\",\"@id\":\"https:\\\/\\\/www.plantcaretools.com\\\/fr\\\/produit\\\/instrumentss-de-mesure\\\/ec-ph-metres-liquides-avec-bluetooth\\\/#breadcrumb\",\"itemListElement\":[{\"@type\":\"ListItem\",\"position\":1,\"name\":\"Home\",\"item\":\"https:\\\/\\\/www.plantcaretools.com\\\/fr\\\/\"},{\"@type\":\"ListItem\",\"position\":2,\"name\":\"Produits\",\"item\":\"https:\\\/\\\/www.plantcaretools.com\\\/fr\\\/produits\\\/\"},{\"@type\":\"ListItem\",\"position\":3,\"name\":\"EC et pH-m\u00e8tre Fluides avec Bluetooth\"}]}]}<\/script>\n<!-- \/ Yoast SEO Premium plugin. -->","yoast_head_json":{"title":"EC et pH m\u00e8tre avec Bluetooth - PlantCareTools","description":"Offre sp\u00e9cial: EC et pH-m\u00e8tre Fluides avec Bluetooth","robots":{"index":"index","follow":"follow","max-snippet":"max-snippet:-1","max-image-preview":"max-image-preview:large","max-video-preview":"max-video-preview:-1"},"canonical":"https:\/\/www.plantcaretools.com\/fr\/produit\/instrumentss-de-mesure\/ec-ph-metres-liquides-avec-bluetooth\/","schema":{"@context":"https:\/\/schema.org","@graph":[{"@type":"BreadcrumbList","@id":"https:\/\/www.plantcaretools.com\/fr\/produit\/instrumentss-de-mesure\/ec-ph-metres-liquides-avec-bluetooth\/#breadcrumb","itemListElement":[{"@type":"ListItem","position":1,"name":"Home","item":"https:\/\/www.plantcaretools.com\/fr\/"},{"@type":"ListItem","position":2,"name":"Produits","item":"https:\/\/www.plantcaretools.com\/fr\/produits\/"},{"@type":"ListItem","position":3,"name":"EC et pH-m\u00e8tre Fluides avec Bluetooth"}]}]}},"jetpack_sharing_enabled":true,"_links":{"self":[{"href":"https:\/\/www.plantcaretools.com\/fr\/wp-json\/wp\/v2\/product\/20177","targetHints":{"allow":["GET"]}}],"collection":[{"href":"https:\/\/www.plantcaretools.com\/fr\/wp-json\/wp\/v2\/product"}],"about":[{"href":"https:\/\/www.plantcaretools.com\/fr\/wp-json\/wp\/v2\/types\/product"}],"replies":[{"embeddable":true,"href":"https:\/\/www.plantcaretools.com\/fr\/wp-json\/wp\/v2\/comments?post=20177"}],"wp:featuredmedia":[{"embeddable":true,"href":"https:\/\/www.plantcaretools.com\/fr\/wp-json\/wp\/v2\/media\/21378"}],"wp:attachment":[{"href":"https:\/\/www.plantcaretools.com\/fr\/wp-json\/wp\/v2\/media?parent=20177"}],"wp:term":[{"taxonomy":"product_brand","embeddable":true,"href":"https:\/\/www.plantcaretools.com\/fr\/wp-json\/wp\/v2\/product_brand?post=20177"},{"taxonomy":"product_cat","embeddable":true,"href":"https:\/\/www.plantcaretools.com\/fr\/wp-json\/wp\/v2\/product_cat?post=20177"},{"taxonomy":"product_tag","embeddable":true,"href":"https:\/\/www.plantcaretools.com\/fr\/wp-json\/wp\/v2\/product_tag?post=20177"}],"curies":[{"name":"wp","href":"https:\/\/api.w.org\/{rel}","templated":true}]}}