{"id":20211,"date":"2024-06-17T13:56:00","date_gmt":"2024-06-17T11:56:00","guid":{"rendered":"https:\/\/www.plantcaretools.com\/?post_type=product&#038;p=20211"},"modified":"2025-02-19T16:39:50","modified_gmt":"2025-02-19T15:39:50","slug":"capteur-dhumidite-du-sol-solaire","status":"publish","type":"product","link":"https:\/\/www.plantcaretools.com\/fr\/produit\/instrumentss-de-mesure\/capteur-dhumidite-du-sol-solaire\/","title":{"rendered":"Capteur d&#8217;humidit\u00e9 du sol solaire : chargeable \u00e0 la lumi\u00e8re du soleil et artificielle"},"content":{"rendered":"<h2>Capteur d&#8217;humidit\u00e9 du sol solaire : chargeable \u00e0 la lumi\u00e8re du soleil et artificielle<\/h2>\n<h2>Caract\u00e9ristiques techniques :<\/h2>\n<ul>\n<li>Batterie charg\u00e9e par la lumi\u00e8re du soleil <strong>ET<\/strong> la lumi\u00e8re artificielle (sans piles)<\/li>\n<li>Avertit par une lumi\u00e8re rouge clignotante d\u00e8s que le sol est trop sec<\/li>\n<li>Poids net : 20 g<\/li>\n<li>Dimensions : 32 x 40 x 224 mm<\/li>\n<li>Couleur : gris<\/li>\n<li>Mat\u00e9riau : PCB &amp; ABS<\/li>\n<li>Certification : CE, FCC<\/li>\n<li>ISO 2859<\/li>\n<\/ul>\n","protected":false},"excerpt":{"rendered":"<h2>Capteur d&#8217;humidit\u00e9 pour plantes avec cellule solaire : rechargeable \u00e0 la lumi\u00e8re solaire et artificielle<br \/>\nUn capteur d&#8217;humidit\u00e9 du sol intelligent, aliment\u00e9 par l&#8217;\u00e9nergie solaire, au design \u00e9pur\u00e9. Collez-le dans n&#8217;importe quel type de sol de votre plante et laissez-le vous rappeler quand il faut arroser !<\/h2>\n<p>Ce capteur d&#8217;humidit\u00e9 du sol avec alarme lumineuse est une &#8220;alarme d&#8217;arrosage&#8221; pour les plantes. Vous placez le capteur dans le sol pr\u00e8s d&#8217;une plante et il \u00e9met un signal lumineux lorsque le sol est sec, vous rappelant d&#8217;arroser la plante.<\/p>\n<p><strong>Le compteur peut \u00eatre utilis\u00e9 aussi bien \u00e0 l&#8217;int\u00e9rieur qu&#8217;\u00e0 l&#8217;ext\u00e9rieur. Il est aliment\u00e9 non seulement par la lumi\u00e8re directe du soleil, mais aussi par la lumi\u00e8re artificielle.<\/strong><\/p>\n<h2>Caract\u00e9ristiques :<\/h2>\n<ul>\n<li>Utilisation \u00e0 l&#8217;int\u00e9rieur et \u00e0 l&#8217;ext\u00e9rieur (le panneau se recharge par la lumi\u00e8re du soleil <strong>ET<\/strong> la lumi\u00e8re artificielle)<\/li>\n<li>Poids ultra-l\u00e9ger<\/li>\n<li>La profondeur est indiqu\u00e9e sur la sonde.<\/li>\n<li>Peut \u00eatre utilis\u00e9 dans n&#8217;importe quel type de terre (d&#8217;empotage).<\/li>\n<li>Fonctionne avec un panneau solaire (\u00e0 l&#8217;int\u00e9rieur et \u00e0 l&#8217;ext\u00e9rieur) et sans piles.<\/li>\n<li>Lorsque le voyant rouge clignote, arrosez imm\u00e9diatement<\/li>\n<\/ul>\n[video width=\"1080\" height=\"1080\" mp4=\"https:\/\/www.plantcaretools.com\/wp-content\/uploads\/2024\/06\/Solar_powered_soil_moisture_sensor_BR239_Plantcaretools14.mp4\"][\/video]\n<p>&nbsp;<\/p>\n","protected":false},"featured_media":20214,"comment_status":"open","ping_status":"closed","template":"","meta":{"_acf_changed":false},"product_brand":[],"product_cat":[115,125],"product_tag":[],"class_list":{"0":"post-20211","1":"product","2":"type-product","3":"status-publish","4":"has-post-thumbnail","6":"product_cat-instrumentss-de-mesure","7":"product_cat-produits-plantcaretools","9":"first","10":"instock","11":"taxable","12":"shipping-taxable","13":"purchasable","14":"product-type-simple"},"acf":[],"yoast_head":"<!-- This site is optimized with the Yoast SEO Premium plugin v26.1 (Yoast SEO v27.3) - https:\/\/yoast.com\/product\/yoast-seo-premium-wordpress\/ -->\n<title>Capteur d&#039;humidit\u00e9 du sol solaire : chargeable \u00e0 la lumi\u00e8re du soleil et artificielle - Plant Care Tools<\/title>\n<meta name=\"description\" content=\"Capteur d&#039;humidit\u00e9 du sol solaire. Il vous rappelle quand arroser votre plante ! Convient pour une utilisation \u00e0 l&#039;int\u00e9rieur et \u00e0 l&#039;ext\u00e9rieur.\" \/>\n<meta name=\"robots\" content=\"index, follow, max-snippet:-1, max-image-preview:large, max-video-preview:-1\" \/>\n<link rel=\"canonical\" href=\"https:\/\/www.plantcaretools.com\/fr\/produit\/instrumentss-de-mesure\/capteur-dhumidite-du-sol-solaire\/\" \/>\n<script type=\"application\/ld+json\" class=\"yoast-schema-graph\">{\"@context\":\"https:\\\/\\\/schema.org\",\"@graph\":[{\"@type\":\"BreadcrumbList\",\"@id\":\"https:\\\/\\\/www.plantcaretools.com\\\/fr\\\/produit\\\/instrumentss-de-mesure\\\/capteur-dhumidite-du-sol-solaire\\\/#breadcrumb\",\"itemListElement\":[{\"@type\":\"ListItem\",\"position\":1,\"name\":\"Home\",\"item\":\"https:\\\/\\\/www.plantcaretools.com\\\/fr\\\/\"},{\"@type\":\"ListItem\",\"position\":2,\"name\":\"Produits\",\"item\":\"https:\\\/\\\/www.plantcaretools.com\\\/fr\\\/produits\\\/\"},{\"@type\":\"ListItem\",\"position\":3,\"name\":\"Capteur d&#8217;humidit\u00e9 du sol solaire : chargeable \u00e0 la lumi\u00e8re du soleil et artificielle\"}]}]}<\/script>\n<!-- \/ Yoast SEO Premium plugin. -->","yoast_head_json":{"title":"Capteur d'humidit\u00e9 du sol solaire : chargeable \u00e0 la lumi\u00e8re du soleil et artificielle - Plant Care Tools","description":"Capteur d'humidit\u00e9 du sol solaire. Il vous rappelle quand arroser votre plante ! Convient pour une utilisation \u00e0 l'int\u00e9rieur et \u00e0 l'ext\u00e9rieur.","robots":{"index":"index","follow":"follow","max-snippet":"max-snippet:-1","max-image-preview":"max-image-preview:large","max-video-preview":"max-video-preview:-1"},"canonical":"https:\/\/www.plantcaretools.com\/fr\/produit\/instrumentss-de-mesure\/capteur-dhumidite-du-sol-solaire\/","schema":{"@context":"https:\/\/schema.org","@graph":[{"@type":"BreadcrumbList","@id":"https:\/\/www.plantcaretools.com\/fr\/produit\/instrumentss-de-mesure\/capteur-dhumidite-du-sol-solaire\/#breadcrumb","itemListElement":[{"@type":"ListItem","position":1,"name":"Home","item":"https:\/\/www.plantcaretools.com\/fr\/"},{"@type":"ListItem","position":2,"name":"Produits","item":"https:\/\/www.plantcaretools.com\/fr\/produits\/"},{"@type":"ListItem","position":3,"name":"Capteur d&#8217;humidit\u00e9 du sol solaire : chargeable \u00e0 la lumi\u00e8re du soleil et artificielle"}]}]}},"jetpack_sharing_enabled":true,"_links":{"self":[{"href":"https:\/\/www.plantcaretools.com\/fr\/wp-json\/wp\/v2\/product\/20211","targetHints":{"allow":["GET"]}}],"collection":[{"href":"https:\/\/www.plantcaretools.com\/fr\/wp-json\/wp\/v2\/product"}],"about":[{"href":"https:\/\/www.plantcaretools.com\/fr\/wp-json\/wp\/v2\/types\/product"}],"replies":[{"embeddable":true,"href":"https:\/\/www.plantcaretools.com\/fr\/wp-json\/wp\/v2\/comments?post=20211"}],"wp:featuredmedia":[{"embeddable":true,"href":"https:\/\/www.plantcaretools.com\/fr\/wp-json\/wp\/v2\/media\/20214"}],"wp:attachment":[{"href":"https:\/\/www.plantcaretools.com\/fr\/wp-json\/wp\/v2\/media?parent=20211"}],"wp:term":[{"taxonomy":"product_brand","embeddable":true,"href":"https:\/\/www.plantcaretools.com\/fr\/wp-json\/wp\/v2\/product_brand?post=20211"},{"taxonomy":"product_cat","embeddable":true,"href":"https:\/\/www.plantcaretools.com\/fr\/wp-json\/wp\/v2\/product_cat?post=20211"},{"taxonomy":"product_tag","embeddable":true,"href":"https:\/\/www.plantcaretools.com\/fr\/wp-json\/wp\/v2\/product_tag?post=20211"}],"curies":[{"name":"wp","href":"https:\/\/api.w.org\/{rel}","templated":true}]}}