{"id":20277,"date":"2024-05-01T17:56:11","date_gmt":"2024-05-01T15:56:11","guid":{"rendered":"https:\/\/www.plantcaretools.com\/?post_type=product&#038;p=20277"},"modified":"2024-06-21T12:39:32","modified_gmt":"2024-06-21T10:39:32","slug":"mesureur-de-sol-pro-4-en-1-mesure-lhumidite-temperature-salinite-ec","status":"publish","type":"product","link":"https:\/\/www.plantcaretools.com\/fr\/produit\/utilisateurs-professionnels\/mesureur-de-sol-pro-4-en-1-mesure-lhumidite-temperature-salinite-ec\/","title":{"rendered":"Mesureur de sol professionnel 4 en 1, mesure l&#8217;humidit\u00e9, la temp\u00e9rature, la salinit\u00e9 et la conductivit\u00e9 \u00e9lectrique (EC)"},"content":{"rendered":"<h2>Cet instrument de mesure du sol 4 en 1 vous permet d&#8217;obtenir rapidement une bonne impression de la qualit\u00e9 du sol.<\/h2>\n<p>L&#8217;appareil est tr\u00e8s compact et n&#8217;utilise qu&#8217;un seul capteur pour collecter toutes les donn\u00e9es. Vous avez besoin de 3 piles AAA qui durent longtemps (non incluses). Le capteur est enti\u00e8rement \u00e9tanche. Une puce moderne garantit des r\u00e9sultats de mesure rapides (dans les 2 secondes) et pr\u00e9cis. Pour l&#8217;\u00e9cart-type maximal, voir la photo ci-jointe.<\/p>\n<p><strong>L&#8217;utilisation est conviviale :<\/strong><\/p>\n<ol>\n<li>Vous mettez l&#8217;appareil en marche en appuyant sur le bouton portant le symbole de marche et d&#8217;arr\u00eat. Ce bouton permet \u00e9galement d&#8217;activer le r\u00e9tro\u00e9clairage de l&#8217;\u00e9cran.<\/li>\n<li>Le bouton &#8220;mode&#8221; permet de choisir entre deux \u00e9crans. L&#8217;\u00e9cran 1 affiche l&#8217;humidit\u00e9 et la temp\u00e9rature du sol. L&#8217;\u00e9cran 2 affiche la salinit\u00e9 du sol et la valeur EC.<\/li>\n<li>Vous placez le capteur dans le sol.<\/li>\n<li>Vous appuyez sur le bouton &#8220;OK&#8221; et les r\u00e9sultats de la mesure sont visibles dans les 2 secondes. Vous pouvez maintenant passer \u00e0 l&#8217;autre \u00e9cran \u00e0 l&#8217;aide de la touche &#8220;mode&#8221; pour lire ces donn\u00e9es directement.<\/li>\n<li>Avant de proc\u00e9der \u00e0 la mesure suivante, \u00e9teignez l&#8217;appareil en appuyant sur la touche &#8220;on\/off&#8221; pendant 2 secondes.<\/li>\n<\/ol>\n<p>Un bouton s\u00e9par\u00e9 permet de choisir entre la temp\u00e9rature en Celsius et en Fahrenheit. Il indique \u00e9galement quand les piles doivent \u00eatre remplac\u00e9es. Apr\u00e8s 10 minutes d&#8217;inutilisation, l&#8217;appareil s&#8217;\u00e9teint de lui-m\u00eame.<\/p>\n<p>L&#8217;appareil est livr\u00e9 dans une mallette de transport pratique offrant suffisamment d&#8217;espace de rangement pour l&#8217;appareil de mesure et le capteur. Comprend un mode d&#8217;emploi en n\u00e9erlandais.<\/p>\n<p>Non disponible en stock mais sur commande. Le d\u00e9lai de livraison est de 2 \u00e0 3 semaines.<\/p>\n<p>Si vous avez un num\u00e9ro de TVA, vous pouvez l&#8217;indiquer lors du processus de commande et vous serez factur\u00e9 sans TVA.<\/p>\n","protected":false},"excerpt":{"rendered":"<h2>Cet instrument de mesure du sol 4 en 1 vous permet d&#8217;obtenir rapidement une bonne impression de la qualit\u00e9 du sol. Il mesure la teneur en eau, la temp\u00e9rature, la salinit\u00e9 et la conductivit\u00e9 \u00e9lectrique (CE) du sol. L&#8217;appareil est tr\u00e8s compact et n&#8217;utilise qu&#8217;un seul capteur pour collecter toutes les donn\u00e9es. Vous avez besoin de 3 piles AAA longue dur\u00e9e (non incluses). Le capteur est enti\u00e8rement \u00e9tanche. Une puce moderne garantit des r\u00e9sultats de mesure rapides (dans les 2 secondes) et pr\u00e9cis. Pour conna\u00eetre l&#8217;\u00e9cart-type maximal, voir la photo ci-jointe. L&#8217;utilisation est conviviale.<\/h2>\n<ul>\n<li>Mesure l&#8217;humidit\u00e9, la temp\u00e9rature, la salinit\u00e9 et la valeur EC du sol<\/li>\n<li>Dot\u00e9 d&#8217;une puce moderne pour des r\u00e9sultats de mesure rapides et pr\u00e9cis<\/li>\n<li>Un seul capteur qui enregistre toutes les donn\u00e9es. Le capteur est enti\u00e8rement \u00e9tanche et fabriqu\u00e9 en acier inoxydable.<\/li>\n<li>Long c\u00e2ble de capteur de 2 m\u00e8tres<\/li>\n<li>Compteur compact (seulement 150 mm x 52 mm x 30 mm). Le poids sans le capteur n&#8217;est que de 125 g.<\/li>\n<li>Particuli\u00e8rement convivial. Enti\u00e8rement contr\u00f4lable avec seulement 5 boutons.<\/li>\n<li>Applicable dans toutes les situations o\u00f9 il est important de mesurer ces 4 propri\u00e9t\u00e9s du sol.<br \/>\nUtilise 3 piles AAA (non incluses)<\/li>\n<li>Avec fonction de r\u00e9tro\u00e9clairage pour faciliter la lecture de l&#8217;\u00e9cran<\/li>\n<li>Livr\u00e9 avec une mallette de transport pratique. Il y a suffisamment de place pour l&#8217;appareil de mesure et le capteur.<\/li>\n<li>Comprend un manuel d&#8217;utilisation en n\u00e9erlandais<\/li>\n<li>Disponible sur commande uniquement, d\u00e9lai de livraison 2-3 semaines<\/li>\n<li>Apr\u00e8s avoir introduit votre num\u00e9ro de TVA, nous facturerons sans TVA.<\/li>\n<\/ul>\n","protected":false},"featured_media":20278,"comment_status":"open","ping_status":"closed","template":"","meta":{"_acf_changed":false},"product_brand":[],"product_cat":[115,111,127,149],"product_tag":[448],"class_list":{"0":"post-20277","1":"product","2":"type-product","3":"status-publish","4":"has-post-thumbnail","6":"product_cat-instrumentss-de-mesure","7":"product_cat-mesurer-la-fertilisation","8":"product_cat-mesurer-la-teneur-en-humidite","9":"product_cat-utilisateurs-professionnels","10":"product_tag-ec-fr","12":"first","13":"outofstock","14":"taxable","15":"shipping-taxable","16":"purchasable","17":"product-type-simple"},"acf":[],"yoast_head":"<!-- This site is optimized with the Yoast SEO Premium plugin v26.1 (Yoast SEO v27.3) - https:\/\/yoast.com\/product\/yoast-seo-premium-wordpress\/ -->\n<title>Mesureur de sol professionnel 4 en 1, mesure l&#039;humidit\u00e9, la temp\u00e9rature, la salinit\u00e9 et la conductivit\u00e9 \u00e9lectrique (EC) - Plant Care Tools<\/title>\n<meta name=\"description\" content=\"Mesureur de sol professionnel 4 en 1, mesure l&#039;humidit\u00e9, la temp\u00e9rature, la salinit\u00e9 et la conductivit\u00e9 \u00e9lectrique (EC)\" \/>\n<meta name=\"robots\" content=\"index, follow, max-snippet:-1, max-image-preview:large, max-video-preview:-1\" \/>\n<link rel=\"canonical\" href=\"https:\/\/www.plantcaretools.com\/fr\/produit\/utilisateurs-professionnels\/mesureur-de-sol-pro-4-en-1-mesure-lhumidite-temperature-salinite-ec\/\" \/>\n<script type=\"application\/ld+json\" class=\"yoast-schema-graph\">{\"@context\":\"https:\\\/\\\/schema.org\",\"@graph\":[{\"@type\":\"BreadcrumbList\",\"@id\":\"https:\\\/\\\/www.plantcaretools.com\\\/fr\\\/produit\\\/utilisateurs-professionnels\\\/mesureur-de-sol-pro-4-en-1-mesure-lhumidite-temperature-salinite-ec\\\/#breadcrumb\",\"itemListElement\":[{\"@type\":\"ListItem\",\"position\":1,\"name\":\"Home\",\"item\":\"https:\\\/\\\/www.plantcaretools.com\\\/fr\\\/\"},{\"@type\":\"ListItem\",\"position\":2,\"name\":\"Produits\",\"item\":\"https:\\\/\\\/www.plantcaretools.com\\\/fr\\\/produits\\\/\"},{\"@type\":\"ListItem\",\"position\":3,\"name\":\"Mesureur de sol professionnel 4 en 1, mesure l&#8217;humidit\u00e9, la temp\u00e9rature, la salinit\u00e9 et la conductivit\u00e9 \u00e9lectrique (EC)\"}]}]}<\/script>\n<!-- \/ Yoast SEO Premium plugin. -->","yoast_head_json":{"title":"Mesureur de sol professionnel 4 en 1, mesure l'humidit\u00e9, la temp\u00e9rature, la salinit\u00e9 et la conductivit\u00e9 \u00e9lectrique (EC) - Plant Care Tools","description":"Mesureur de sol professionnel 4 en 1, mesure l'humidit\u00e9, la temp\u00e9rature, la salinit\u00e9 et la conductivit\u00e9 \u00e9lectrique (EC)","robots":{"index":"index","follow":"follow","max-snippet":"max-snippet:-1","max-image-preview":"max-image-preview:large","max-video-preview":"max-video-preview:-1"},"canonical":"https:\/\/www.plantcaretools.com\/fr\/produit\/utilisateurs-professionnels\/mesureur-de-sol-pro-4-en-1-mesure-lhumidite-temperature-salinite-ec\/","schema":{"@context":"https:\/\/schema.org","@graph":[{"@type":"BreadcrumbList","@id":"https:\/\/www.plantcaretools.com\/fr\/produit\/utilisateurs-professionnels\/mesureur-de-sol-pro-4-en-1-mesure-lhumidite-temperature-salinite-ec\/#breadcrumb","itemListElement":[{"@type":"ListItem","position":1,"name":"Home","item":"https:\/\/www.plantcaretools.com\/fr\/"},{"@type":"ListItem","position":2,"name":"Produits","item":"https:\/\/www.plantcaretools.com\/fr\/produits\/"},{"@type":"ListItem","position":3,"name":"Mesureur de sol professionnel 4 en 1, mesure l&#8217;humidit\u00e9, la temp\u00e9rature, la salinit\u00e9 et la conductivit\u00e9 \u00e9lectrique (EC)"}]}]}},"jetpack_sharing_enabled":true,"_links":{"self":[{"href":"https:\/\/www.plantcaretools.com\/fr\/wp-json\/wp\/v2\/product\/20277","targetHints":{"allow":["GET"]}}],"collection":[{"href":"https:\/\/www.plantcaretools.com\/fr\/wp-json\/wp\/v2\/product"}],"about":[{"href":"https:\/\/www.plantcaretools.com\/fr\/wp-json\/wp\/v2\/types\/product"}],"replies":[{"embeddable":true,"href":"https:\/\/www.plantcaretools.com\/fr\/wp-json\/wp\/v2\/comments?post=20277"}],"wp:featuredmedia":[{"embeddable":true,"href":"https:\/\/www.plantcaretools.com\/fr\/wp-json\/wp\/v2\/media\/20278"}],"wp:attachment":[{"href":"https:\/\/www.plantcaretools.com\/fr\/wp-json\/wp\/v2\/media?parent=20277"}],"wp:term":[{"taxonomy":"product_brand","embeddable":true,"href":"https:\/\/www.plantcaretools.com\/fr\/wp-json\/wp\/v2\/product_brand?post=20277"},{"taxonomy":"product_cat","embeddable":true,"href":"https:\/\/www.plantcaretools.com\/fr\/wp-json\/wp\/v2\/product_cat?post=20277"},{"taxonomy":"product_tag","embeddable":true,"href":"https:\/\/www.plantcaretools.com\/fr\/wp-json\/wp\/v2\/product_tag?post=20277"}],"curies":[{"name":"wp","href":"https:\/\/api.w.org\/{rel}","templated":true}]}}