{"id":20510,"date":"2024-07-06T16:09:45","date_gmt":"2024-07-06T14:09:45","guid":{"rendered":"https:\/\/www.plantcaretools.com\/?post_type=product&#038;p=20510"},"modified":"2025-10-18T18:12:21","modified_gmt":"2025-10-18T16:12:21","slug":"secateur-de-poche-2x","status":"publish","type":"product","link":"https:\/\/www.plantcaretools.com\/fr\/produit\/autres-produits\/secateur-de-poche-2x\/","title":{"rendered":"S\u00e9cateur de poche 2x"},"content":{"rendered":"<h2>Notre s\u00e9cateur de poche facilite non seulement la taille dans le jardin, mais il est \u00e9galement s\u00fbr \u00e0 utiliser, car vous verrouillez votre annulaire dans le support m\u00e9tallique flexible situ\u00e9 en haut.<\/h2>\n<p>Ils sont polyvalents. Envisagez les t\u00e2ches suivantes :<\/p>\n<ul>\n<li>Couper les tiges des fleurs<\/li>\n<li>Enlever les \u00e9pines<\/li>\n<li>Tailler les fleurs fan\u00e9es<\/li>\n<li>Cueillir des fraises, des baies, etc.<\/li>\n<\/ul>\n<h2>Vendu par lot de 2.<\/h2>\n","protected":false},"excerpt":{"rendered":"<h2>Notre s\u00e9cateur de poche \u00e0 \u00e9laguer avec prot\u00e8ge-doigts permet de couper les tiges de fleurs, d&#8217;enlever les bourgeons et les \u00e9pines et de cueillir les fraises, etc. facilement et en toute s\u00e9curit\u00e9.<\/h2>\n<p>Nous vendons ces couteaux par lot de 2 pour que vous en ayez toujours un (dans votre veste ou votre poche) avec vous dans le jardin.<\/p>\n","protected":false},"featured_media":20517,"comment_status":"open","ping_status":"closed","template":"","meta":{"_acf_changed":false},"product_brand":[],"product_cat":[142,125],"product_tag":[229,228,512,511,513],"class_list":{"0":"post-20510","1":"product","2":"type-product","3":"status-publish","4":"has-post-thumbnail","6":"product_cat-autres-produits","7":"product_cat-produits-plantcaretools","8":"product_tag-couper","9":"product_tag-couteau","10":"product_tag-guillotine","11":"product_tag-secateur","12":"product_tag-tailler","14":"first","15":"instock","16":"taxable","17":"shipping-taxable","18":"purchasable","19":"product-type-simple"},"acf":[],"yoast_head":"<!-- This site is optimized with the Yoast SEO Premium plugin v26.1 (Yoast SEO v27.3) - https:\/\/yoast.com\/product\/yoast-seo-premium-wordpress\/ -->\n<title>S\u00e9cateur de poche 2x - Plant Care Tools<\/title>\n<meta name=\"description\" content=\"Notre s\u00e9cateur de poche \u00e0 \u00e9laguer avec prot\u00e8ge-doigts permet de couper les tiges de fleurs, d&#039;enlever les bourgeons et les \u00e9pines et de cueillir les fraises, etc. facilement et en toute s\u00e9curit\u00e9.\" \/>\n<meta name=\"robots\" content=\"index, follow, max-snippet:-1, max-image-preview:large, max-video-preview:-1\" \/>\n<link rel=\"canonical\" href=\"https:\/\/www.plantcaretools.com\/fr\/produit\/autres-produits\/secateur-de-poche-2x\/\" \/>\n<script type=\"application\/ld+json\" class=\"yoast-schema-graph\">{\"@context\":\"https:\\\/\\\/schema.org\",\"@graph\":[{\"@type\":\"BreadcrumbList\",\"@id\":\"https:\\\/\\\/www.plantcaretools.com\\\/fr\\\/produit\\\/autres-produits\\\/secateur-de-poche-2x\\\/#breadcrumb\",\"itemListElement\":[{\"@type\":\"ListItem\",\"position\":1,\"name\":\"Home\",\"item\":\"https:\\\/\\\/www.plantcaretools.com\\\/fr\\\/\"},{\"@type\":\"ListItem\",\"position\":2,\"name\":\"Produits\",\"item\":\"https:\\\/\\\/www.plantcaretools.com\\\/fr\\\/produits\\\/\"},{\"@type\":\"ListItem\",\"position\":3,\"name\":\"S\u00e9cateur de poche 2x\"}]}]}<\/script>\n<!-- \/ Yoast SEO Premium plugin. -->","yoast_head_json":{"title":"S\u00e9cateur de poche 2x - Plant Care Tools","description":"Notre s\u00e9cateur de poche \u00e0 \u00e9laguer avec prot\u00e8ge-doigts permet de couper les tiges de fleurs, d'enlever les bourgeons et les \u00e9pines et de cueillir les fraises, etc. facilement et en toute s\u00e9curit\u00e9.","robots":{"index":"index","follow":"follow","max-snippet":"max-snippet:-1","max-image-preview":"max-image-preview:large","max-video-preview":"max-video-preview:-1"},"canonical":"https:\/\/www.plantcaretools.com\/fr\/produit\/autres-produits\/secateur-de-poche-2x\/","schema":{"@context":"https:\/\/schema.org","@graph":[{"@type":"BreadcrumbList","@id":"https:\/\/www.plantcaretools.com\/fr\/produit\/autres-produits\/secateur-de-poche-2x\/#breadcrumb","itemListElement":[{"@type":"ListItem","position":1,"name":"Home","item":"https:\/\/www.plantcaretools.com\/fr\/"},{"@type":"ListItem","position":2,"name":"Produits","item":"https:\/\/www.plantcaretools.com\/fr\/produits\/"},{"@type":"ListItem","position":3,"name":"S\u00e9cateur de poche 2x"}]}]}},"jetpack_sharing_enabled":true,"_links":{"self":[{"href":"https:\/\/www.plantcaretools.com\/fr\/wp-json\/wp\/v2\/product\/20510","targetHints":{"allow":["GET"]}}],"collection":[{"href":"https:\/\/www.plantcaretools.com\/fr\/wp-json\/wp\/v2\/product"}],"about":[{"href":"https:\/\/www.plantcaretools.com\/fr\/wp-json\/wp\/v2\/types\/product"}],"replies":[{"embeddable":true,"href":"https:\/\/www.plantcaretools.com\/fr\/wp-json\/wp\/v2\/comments?post=20510"}],"wp:featuredmedia":[{"embeddable":true,"href":"https:\/\/www.plantcaretools.com\/fr\/wp-json\/wp\/v2\/media\/20517"}],"wp:attachment":[{"href":"https:\/\/www.plantcaretools.com\/fr\/wp-json\/wp\/v2\/media?parent=20510"}],"wp:term":[{"taxonomy":"product_brand","embeddable":true,"href":"https:\/\/www.plantcaretools.com\/fr\/wp-json\/wp\/v2\/product_brand?post=20510"},{"taxonomy":"product_cat","embeddable":true,"href":"https:\/\/www.plantcaretools.com\/fr\/wp-json\/wp\/v2\/product_cat?post=20510"},{"taxonomy":"product_tag","embeddable":true,"href":"https:\/\/www.plantcaretools.com\/fr\/wp-json\/wp\/v2\/product_tag?post=20510"}],"curies":[{"name":"wp","href":"https:\/\/api.w.org\/{rel}","templated":true}]}}