{"id":20579,"date":"2024-07-11T13:42:42","date_gmt":"2024-07-11T11:42:42","guid":{"rendered":"https:\/\/www.plantcaretools.com\/?post_type=product&#038;p=20579"},"modified":"2024-07-11T15:44:48","modified_gmt":"2024-07-11T13:44:48","slug":"bandelettes-de-test-ph-pour-tous-les-liquides","status":"publish","type":"product","link":"https:\/\/www.plantcaretools.com\/fr\/produit\/instrumentss-de-mesure\/bandelettes-de-test-ph-pour-tous-les-liquides\/","title":{"rendered":"Bandelettes de test pH &#8211; pour tous les liquides"},"content":{"rendered":"<h2>Bandelettes de test pH &#8211; pour tous les liquides<\/h2>\n<p>Le pH est une mesure de l&#8217;acidit\u00e9 d&#8217;une solution aqueuse. En d&#8217;autres termes, le pH mesure la quantit\u00e9 d&#8217;ions H+ dans une solution aqueuse. Toute solution aqueuse peut \u00eatre mesur\u00e9e pour d\u00e9terminer sa valeur de pH. Cette valeur est comprise entre 0 et 14.<\/p>\n<p>Le pH de l&#8217;eau pure est de 7,0. Les liquides dont la concentration en ions hydrog\u00e8ne est sup\u00e9rieure \u00e0 celle de l&#8217;eau pure sont acides et ont un pH inf\u00e9rieur \u00e0 7. Les liquides dont la concentration en ions hydrog\u00e8ne est inf\u00e9rieure sont basiques et ont un pH sup\u00e9rieur \u00e0 7.<\/p>\n<p>&nbsp;<\/p>\n","protected":false},"excerpt":{"rendered":"<h2>Cette bandelette de test pH est une bande de plastique avec 4 surfaces de test qui vous permet de mesurer la valeur pH de TOUS les types de liquides. Ce syst\u00e8me est plus pratique et plus pr\u00e9cis que le papier tournesol. Le paquet contient 150 bandelettes.<\/h2>\n<p>La mesure se fait de pr\u00e9f\u00e9rence \u00e0 une temp\u00e9rature comprise entre 20 et 30 degr\u00e9s Celsius. Il suffit de plonger la bandelette de test pH dans le liquide pendant 1 seconde. Les 4 surfaces de test doivent \u00eatre tremp\u00e9es. Secouez fermement la bandelette pour \u00e9liminer l&#8217;exc\u00e8s de liquide. Comparez ensuite les couleurs de la bandelette avec les 14 combinaisons de couleurs (pH 0 &#8211; pH 14) imprim\u00e9es sur l&#8217;emballage et trouvez la combinaison de couleurs qui se rapproche le plus de celle de la bandelette. Le pH indiqu\u00e9 sur l&#8217;emballage de cette combinaison de couleurs correspond au pH du liquide que vous avez mesur\u00e9. Un test complet ne prend que 5 secondes.<\/p>\n<h2>Quelles sont les applications ?<\/h2>\n<ul>\n<li>Mesure de l&#8217;eau d&#8217;un \u00e9tang et d&#8217;autres eaux naturelles : pour v\u00e9rifier si la vie microbienne est bonne<\/li>\n<li>Mesure de l&#8217;eau potable pour v\u00e9rifier si l&#8217;eau potable r\u00e9pond \u00e0 la norme de pH<\/li>\n<li>Mesure dans une piscine et un spa-jacuzzi : la valeur du pH est importante pour la qualit\u00e9 de l&#8217;eau et pour \u00e9viter d&#8217;ajouter trop ou trop peu de produits chimiques.<\/li>\n<li>Mesure dans l&#8217;eau utilis\u00e9e pour les plantes : si l&#8217;eau utilis\u00e9e pour arroser les plantes a un pH trop \u00e9lev\u00e9 ou trop bas, la plante aura plus de mal \u00e0 absorber les nutriments, voire ne pourra pas le faire.<\/li>\n<li>Si vous utilisez un pH-m\u00e8tre, il est utile d&#8217;effectuer de temps en temps des mesures \u00e0 l&#8217;aide de la bandelette r\u00e9active. Il s&#8217;agit en fait d&#8217;un deuxi\u00e8me contr\u00f4le de la valeur du pH affich\u00e9e par le pH-m\u00e8tre. Si l&#8217;\u00e9cart est relativement important, cela peut indiquer que le pH-m\u00e8tre doit \u00eatre \u00e9talonn\u00e9 ou que la sonde du pH-m\u00e8tre doit \u00eatre remplac\u00e9e.<\/li>\n<\/ul>\n<p>&nbsp;<\/p>\n<p>&nbsp;<\/p>\n","protected":false},"featured_media":20583,"comment_status":"open","ping_status":"closed","template":"","meta":{"_acf_changed":false},"product_brand":[],"product_cat":[142,115,109,121],"product_tag":[],"class_list":{"0":"post-20579","1":"product","2":"type-product","3":"status-publish","4":"has-post-thumbnail","6":"product_cat-autres-produits","7":"product_cat-instrumentss-de-mesure","8":"product_cat-non-classe","9":"product_cat-nouveaux-produits","11":"first","12":"instock","13":"taxable","14":"shipping-taxable","15":"purchasable","16":"product-type-simple"},"acf":[],"yoast_head":"<!-- This site is optimized with the Yoast SEO Premium plugin v26.1 (Yoast SEO v27.3) - https:\/\/yoast.com\/product\/yoast-seo-premium-wordpress\/ -->\n<title>Bandelettes de test pH - pour tous les liquides - Plant Care Tools<\/title>\n<meta name=\"description\" content=\"Cette bandelette de test pH est une bande de plastique avec 4 surfaces de test qui vous permet de mesurer la valeur pH de TOUS les types de liquides. Le paquet contient 150 bandelettes. Plant Caret Tools\" \/>\n<meta name=\"robots\" content=\"index, follow, max-snippet:-1, max-image-preview:large, max-video-preview:-1\" \/>\n<link rel=\"canonical\" href=\"https:\/\/www.plantcaretools.com\/fr\/produit\/instrumentss-de-mesure\/bandelettes-de-test-ph-pour-tous-les-liquides\/\" \/>\n<script type=\"application\/ld+json\" class=\"yoast-schema-graph\">{\"@context\":\"https:\\\/\\\/schema.org\",\"@graph\":[{\"@type\":\"BreadcrumbList\",\"@id\":\"https:\\\/\\\/www.plantcaretools.com\\\/fr\\\/produit\\\/instrumentss-de-mesure\\\/bandelettes-de-test-ph-pour-tous-les-liquides\\\/#breadcrumb\",\"itemListElement\":[{\"@type\":\"ListItem\",\"position\":1,\"name\":\"Home\",\"item\":\"https:\\\/\\\/www.plantcaretools.com\\\/fr\\\/\"},{\"@type\":\"ListItem\",\"position\":2,\"name\":\"Produits\",\"item\":\"https:\\\/\\\/www.plantcaretools.com\\\/fr\\\/produits\\\/\"},{\"@type\":\"ListItem\",\"position\":3,\"name\":\"Bandelettes de test pH &#8211; pour tous les liquides\"}]}]}<\/script>\n<!-- \/ Yoast SEO Premium plugin. -->","yoast_head_json":{"title":"Bandelettes de test pH - pour tous les liquides - Plant Care Tools","description":"Cette bandelette de test pH est une bande de plastique avec 4 surfaces de test qui vous permet de mesurer la valeur pH de TOUS les types de liquides. Le paquet contient 150 bandelettes. Plant Caret Tools","robots":{"index":"index","follow":"follow","max-snippet":"max-snippet:-1","max-image-preview":"max-image-preview:large","max-video-preview":"max-video-preview:-1"},"canonical":"https:\/\/www.plantcaretools.com\/fr\/produit\/instrumentss-de-mesure\/bandelettes-de-test-ph-pour-tous-les-liquides\/","schema":{"@context":"https:\/\/schema.org","@graph":[{"@type":"BreadcrumbList","@id":"https:\/\/www.plantcaretools.com\/fr\/produit\/instrumentss-de-mesure\/bandelettes-de-test-ph-pour-tous-les-liquides\/#breadcrumb","itemListElement":[{"@type":"ListItem","position":1,"name":"Home","item":"https:\/\/www.plantcaretools.com\/fr\/"},{"@type":"ListItem","position":2,"name":"Produits","item":"https:\/\/www.plantcaretools.com\/fr\/produits\/"},{"@type":"ListItem","position":3,"name":"Bandelettes de test pH &#8211; pour tous les liquides"}]}]}},"jetpack_sharing_enabled":true,"_links":{"self":[{"href":"https:\/\/www.plantcaretools.com\/fr\/wp-json\/wp\/v2\/product\/20579","targetHints":{"allow":["GET"]}}],"collection":[{"href":"https:\/\/www.plantcaretools.com\/fr\/wp-json\/wp\/v2\/product"}],"about":[{"href":"https:\/\/www.plantcaretools.com\/fr\/wp-json\/wp\/v2\/types\/product"}],"replies":[{"embeddable":true,"href":"https:\/\/www.plantcaretools.com\/fr\/wp-json\/wp\/v2\/comments?post=20579"}],"wp:featuredmedia":[{"embeddable":true,"href":"https:\/\/www.plantcaretools.com\/fr\/wp-json\/wp\/v2\/media\/20583"}],"wp:attachment":[{"href":"https:\/\/www.plantcaretools.com\/fr\/wp-json\/wp\/v2\/media?parent=20579"}],"wp:term":[{"taxonomy":"product_brand","embeddable":true,"href":"https:\/\/www.plantcaretools.com\/fr\/wp-json\/wp\/v2\/product_brand?post=20579"},{"taxonomy":"product_cat","embeddable":true,"href":"https:\/\/www.plantcaretools.com\/fr\/wp-json\/wp\/v2\/product_cat?post=20579"},{"taxonomy":"product_tag","embeddable":true,"href":"https:\/\/www.plantcaretools.com\/fr\/wp-json\/wp\/v2\/product_tag?post=20579"}],"curies":[{"name":"wp","href":"https:\/\/api.w.org\/{rel}","templated":true}]}}