{"id":20824,"date":"2024-08-15T16:42:04","date_gmt":"2024-08-15T14:42:04","guid":{"rendered":"https:\/\/www.plantcaretools.com\/?post_type=product&#038;p=20824"},"modified":"2026-01-15T10:27:21","modified_gmt":"2026-01-15T09:27:21","slug":"capteur-wifi-de-temperature-et-dhumidite-avec-tuya-smart-life-app","status":"publish","type":"product","link":"https:\/\/www.plantcaretools.com\/fr\/produit\/instrumentss-de-mesure\/capteur-wifi-de-temperature-et-dhumidite-avec-tuya-smart-life-app\/","title":{"rendered":"Capteur WiFi de temp\u00e9rature et d&#8217;humidit\u00e9 avec Tuya Smart Life APP"},"content":{"rendered":"<h2>Description de l&#8217;appareil<\/h2>\n<p>Capteur d&#8217;int\u00e9rieur pour mesurer la temp\u00e9rature et l&#8217;humidit\u00e9. Facile \u00e0 installer dans votre r\u00e9seau Wifi.En utilisant <strong>l&#8217;APP Tuya<\/strong>, vous \u00eates en mesure de lire les donn\u00e9es actuelles de n&#8217;importe o\u00f9 sur votre smartphone. Convient \u00e9galement \u00e0 l&#8217;assistant vocal <strong>Amazon Alexa<\/strong>, \u00e0 <strong>l&#8217;assistant Google<\/strong> et aux applications<strong> Smart Link<\/strong>.<\/p>\n<h2>Installation de l&#8217;appareil<\/h2>\n<ul>\n<li>A l&#8217;aide de vos pouces, poussez le couvercle de la batterie \u00e0 l&#8217;arri\u00e8re et installez 3X piles AAA de bonne qualit\u00e9. Ne pas utiliser de piles rechargeables.<\/li>\n<li>Retirez le film protecteur de l&#8217;\u00e9cran.<\/li>\n<li>Installez l&#8217;application Tuya Smart Life sur votre t\u00e9l\u00e9phone.<\/li>\n<li>Ouvrez l&#8217;application et appuyez sur le bouton situ\u00e9 sur le dessus du capteur pendant 5 secondes. Le symbole WiFi clignote alors sur l&#8217;\u00e9cran.<\/li>\n<li>Assurez-vous que votre routeur WiFi, votre smartphone et le capteur sont plac\u00e9s \u00e0 proximit\u00e9 l&#8217;un de l&#8217;autre. L&#8217;APP trouvera normalement le capteur et votre r\u00e9seau WiFi prot\u00e9g\u00e9 par un mot de passe imm\u00e9diatement.<\/li>\n<li>Confirmez le r\u00e9seau WiFi et l&#8217;installation du capteur se fera automatiquement.<\/li>\n<li>Si l&#8217;APP ne trouve pas imm\u00e9diatement le capteur, appuyez sur le symbole \u00ab + \u00bb en haut \u00e0 droite de l&#8217;APP et s\u00e9lectionnez \u00ab Ajouter un appareil \u00bb. En g\u00e9n\u00e9ral, l&#8217;application trouve alors automatiquement le capteur. Si ce n&#8217;est pas le cas, vous pouvez s\u00e9lectionner et activer manuellement le capteur.<\/li>\n<\/ul>\n<p>&nbsp;<\/p>\n","protected":false},"excerpt":{"rendered":"<h2>Capteur d&#8217;int\u00e9rieur pour mesurer la temp\u00e9rature et l&#8217;humidit\u00e9. Facile \u00e0 installer dans votre r\u00e9seau WiFi.<\/h2>\n<p>En utilisant l&#8217;application <strong>Tuya APP<\/strong>, vous \u00eates en mesure de lire les donn\u00e9es actuelles depuis n&#8217;importe o\u00f9 sur votre smartphone.<\/p>\n<p>\u00c9galement compatible avec l&#8217;assistant vocal <strong>Amazon Alexa, Google Assistant<\/strong> et les applications <strong>Smart Link<\/strong>.<\/p>\n<ul>\n<li>Utilise le WiFi 2.4 GHz, 802.11b\/g\/n<\/li>\n<li>Plage d&#8217;humidit\u00e9 : 0 &#8211; 99,9 % d&#8217;humidit\u00e9 relative<\/li>\n<li>Plage de temp\u00e9rature : -10 Celsius \u00e0 +55 Celsius<\/li>\n<li>Affiche \u00e9galement l&#8217;heure, la date, le signal WiFi et l&#8217;\u00e9tat de la batterie.<\/li>\n<li>Avec bouton pour activer la fonction de r\u00e9tro\u00e9clairage<\/li>\n<li>Trou de vis pour suspendre ou poser l&#8217;appareil avec le clip fourni<\/li>\n<li>Alarme sonore r\u00e9glable dans l&#8217;APP en cas de d\u00e9passement des valeurs fix\u00e9es pour la temp\u00e9rature et l&#8217;humidit\u00e9<\/li>\n<li>Avertit en cas de batterie faible<\/li>\n<li>Installation automatique avec l&#8217;APP dans votre WiFi, prend seulement 3 min.<\/li>\n<li>Utilise 3X piles AAA (non incluses)<\/li>\n<li>Possibilit\u00e9 de connexions intelligentes (Smart Link). Par exemple, activation automatique du climatiseur au-del\u00e0 de la temp\u00e9rature programm\u00e9e.<\/li>\n<li>Facile \u00e0 partager avec les autres membres de la famille<\/li>\n<li>Statistiques dans l&#8217;APP par jour, par mois et par an<\/li>\n<li>Dimensions : \u00a0Longueur 5,5 cm x Largeur 2,5 cm x Hauteur 5,5 cm<\/li>\n<\/ul>\n<p>&nbsp;<\/p>\n","protected":false},"featured_media":20833,"comment_status":"open","ping_status":"closed","template":"","meta":{"_acf_changed":false},"product_brand":[],"product_cat":[115,127],"product_tag":[],"class_list":{"0":"post-20824","1":"product","2":"type-product","3":"status-publish","4":"has-post-thumbnail","6":"product_cat-instrumentss-de-mesure","7":"product_cat-mesurer-la-teneur-en-humidite","9":"first","10":"instock","11":"taxable","12":"shipping-taxable","13":"purchasable","14":"product-type-simple"},"acf":[],"yoast_head":"<!-- This site is optimized with the Yoast SEO Premium plugin v26.1 (Yoast SEO v27.3) - https:\/\/yoast.com\/product\/yoast-seo-premium-wordpress\/ -->\n<title>Capteur WiFi de temp\u00e9rature et d&#039;humidit\u00e9 avec Tuya Smart Life APP - Plant Care Tools<\/title>\n<meta name=\"description\" content=\"Capteur d&#039;int\u00e9rieur pour mesurer la temp\u00e9rature et l&#039;humidit\u00e9. Facile \u00e0 installer dans votre r\u00e9seau WiFi. En utilisant l&#039;application Tuya APP, vous \u00eates en mesure de lire les donn\u00e9es actuelles depuis n&#039;importe o\u00f9 sur votre smartphone.\u00c9galement compatible avec l&#039;assistant vocal Amazon Alexa, Google Assistant et les applications Smart Link.\" \/>\n<meta name=\"robots\" content=\"index, follow, max-snippet:-1, max-image-preview:large, max-video-preview:-1\" \/>\n<link rel=\"canonical\" href=\"https:\/\/www.plantcaretools.com\/fr\/produit\/instrumentss-de-mesure\/capteur-wifi-de-temperature-et-dhumidite-avec-tuya-smart-life-app\/\" \/>\n<script type=\"application\/ld+json\" class=\"yoast-schema-graph\">{\"@context\":\"https:\\\/\\\/schema.org\",\"@graph\":[{\"@type\":\"BreadcrumbList\",\"@id\":\"https:\\\/\\\/www.plantcaretools.com\\\/fr\\\/produit\\\/instrumentss-de-mesure\\\/capteur-wifi-de-temperature-et-dhumidite-avec-tuya-smart-life-app\\\/#breadcrumb\",\"itemListElement\":[{\"@type\":\"ListItem\",\"position\":1,\"name\":\"Home\",\"item\":\"https:\\\/\\\/www.plantcaretools.com\\\/fr\\\/\"},{\"@type\":\"ListItem\",\"position\":2,\"name\":\"Produits\",\"item\":\"https:\\\/\\\/www.plantcaretools.com\\\/fr\\\/produits\\\/\"},{\"@type\":\"ListItem\",\"position\":3,\"name\":\"Capteur WiFi de temp\u00e9rature et d&#8217;humidit\u00e9 avec Tuya Smart Life APP\"}]}]}<\/script>\n<!-- \/ Yoast SEO Premium plugin. -->","yoast_head_json":{"title":"Capteur WiFi de temp\u00e9rature et d'humidit\u00e9 avec Tuya Smart Life APP - Plant Care Tools","description":"Capteur d'int\u00e9rieur pour mesurer la temp\u00e9rature et l'humidit\u00e9. Facile \u00e0 installer dans votre r\u00e9seau WiFi. En utilisant l'application Tuya APP, vous \u00eates en mesure de lire les donn\u00e9es actuelles depuis n'importe o\u00f9 sur votre smartphone.\u00c9galement compatible avec l'assistant vocal Amazon Alexa, Google Assistant et les applications Smart Link.","robots":{"index":"index","follow":"follow","max-snippet":"max-snippet:-1","max-image-preview":"max-image-preview:large","max-video-preview":"max-video-preview:-1"},"canonical":"https:\/\/www.plantcaretools.com\/fr\/produit\/instrumentss-de-mesure\/capteur-wifi-de-temperature-et-dhumidite-avec-tuya-smart-life-app\/","schema":{"@context":"https:\/\/schema.org","@graph":[{"@type":"BreadcrumbList","@id":"https:\/\/www.plantcaretools.com\/fr\/produit\/instrumentss-de-mesure\/capteur-wifi-de-temperature-et-dhumidite-avec-tuya-smart-life-app\/#breadcrumb","itemListElement":[{"@type":"ListItem","position":1,"name":"Home","item":"https:\/\/www.plantcaretools.com\/fr\/"},{"@type":"ListItem","position":2,"name":"Produits","item":"https:\/\/www.plantcaretools.com\/fr\/produits\/"},{"@type":"ListItem","position":3,"name":"Capteur WiFi de temp\u00e9rature et d&#8217;humidit\u00e9 avec Tuya Smart Life APP"}]}]}},"jetpack_sharing_enabled":true,"_links":{"self":[{"href":"https:\/\/www.plantcaretools.com\/fr\/wp-json\/wp\/v2\/product\/20824","targetHints":{"allow":["GET"]}}],"collection":[{"href":"https:\/\/www.plantcaretools.com\/fr\/wp-json\/wp\/v2\/product"}],"about":[{"href":"https:\/\/www.plantcaretools.com\/fr\/wp-json\/wp\/v2\/types\/product"}],"replies":[{"embeddable":true,"href":"https:\/\/www.plantcaretools.com\/fr\/wp-json\/wp\/v2\/comments?post=20824"}],"wp:featuredmedia":[{"embeddable":true,"href":"https:\/\/www.plantcaretools.com\/fr\/wp-json\/wp\/v2\/media\/20833"}],"wp:attachment":[{"href":"https:\/\/www.plantcaretools.com\/fr\/wp-json\/wp\/v2\/media?parent=20824"}],"wp:term":[{"taxonomy":"product_brand","embeddable":true,"href":"https:\/\/www.plantcaretools.com\/fr\/wp-json\/wp\/v2\/product_brand?post=20824"},{"taxonomy":"product_cat","embeddable":true,"href":"https:\/\/www.plantcaretools.com\/fr\/wp-json\/wp\/v2\/product_cat?post=20824"},{"taxonomy":"product_tag","embeddable":true,"href":"https:\/\/www.plantcaretools.com\/fr\/wp-json\/wp\/v2\/product_tag?post=20824"}],"curies":[{"name":"wp","href":"https:\/\/api.w.org\/{rel}","templated":true}]}}