{"id":20878,"date":"2024-08-16T16:07:56","date_gmt":"2024-08-16T14:07:56","guid":{"rendered":"https:\/\/www.plantcaretools.com\/?post_type=product&#038;p=20878"},"modified":"2024-09-04T15:43:49","modified_gmt":"2024-09-04T13:43:49","slug":"testeur-et-enregistreur-de-donnees-bluetooth-pour-le-ph-et-la-temperature-du-sol","status":"publish","type":"product","link":"https:\/\/www.plantcaretools.com\/fr\/produit\/instrumentss-de-mesure\/testeur-et-enregistreur-de-donnees-bluetooth-pour-le-ph-et-la-temperature-du-sol\/","title":{"rendered":"Testeur et enregistreur de donn\u00e9es Bluetooth pour le pH et la temp\u00e9rature du sol"},"content":{"rendered":"<h2>Testeur et enregistreur de donn\u00e9es Bluetooth pour le pH et la temp\u00e9rature du sol<\/h2>\n<ul>\n<li>L&#8217;appareil est \u00e9quip\u00e9 d&#8217;une sonde (longueur 13 cm) dot\u00e9e de la technologie la plus r\u00e9cente.<\/li>\n<li>L&#8217;utilisation d&#8217;un capuchon de protection en acier inoxydable permet d&#8217;effectuer des mesures m\u00eame dans des sols durs.<\/li>\n<li>Si la sonde tombe en panne, elle est disponible s\u00e9par\u00e9ment. En outre, l&#8217;appareil est dot\u00e9 d&#8217;un \u00e9cran LCD r\u00e9tro\u00e9clair\u00e9. Toutes les donn\u00e9es peuvent \u00eatre lues, stock\u00e9es, export\u00e9es, partag\u00e9es et imprim\u00e9es via Bluetooth \u00e0 l&#8217;aide de l&#8217;application Yinmik.<\/li>\n<li>Gr\u00e2ce \u00e0 sa m\u00e9moire importante (1000 enregistrements de donn\u00e9es), l&#8217;appareil est \u00e9galement utilisable comme enregistreur de donn\u00e9es et convient au stockage d&#8217;un grand nombre de donn\u00e9es \u00e0 long terme.<\/li>\n<li>La d\u00e9viation maximale est de 0,1 pH dans la plage 0,00 pH -14,0 pH. \u00c9quip\u00e9 en standard d&#8217;une compensation automatique de la temp\u00e9rature.<\/li>\n<li>Vous avez besoin de 4 piles LR44 (incluses).<\/li>\n<li>Gr\u00e2ce \u00e0 la transmission pr\u00e9cise et en temps r\u00e9el des donn\u00e9es par Bluetooth, vous pouvez facilement stocker, g\u00e9rer et partager les donn\u00e9es de test.<\/li>\n<\/ul>\n<h2>Comment ajuster le pH du sol ?<\/h2>\n<p>Un pH d&#8217;environ 6,5 convient \u00e0 presque tous les jardins, car la plupart des plantes poussent dans une fourchette de pH de 6,0 \u00e0 7,0 (l\u00e9g\u00e8rement acide \u00e0 neutre). Une fois que vous avez d\u00e9termin\u00e9 le pH du sol, utilisez un conditionneur de sol sp\u00e9cial pour ajuster le pH du sol \u00e0 la plage de pH id\u00e9ale de la plante.<\/p>\n<h2>Calibrage<\/h2>\n<p>L&#8217;\u00e9talonnage est tr\u00e8s simple et rapide \u00e0 r\u00e9aliser. Pr\u00e9parez 3 tasses avec 25 cl d&#8217;eau distill\u00e9e. Dissolvez ensuite 3 sachets diff\u00e9rents de poudre tampon (7.00, 4.00 et 10.01) dans les 3 gobelets. Placez la pointe du stylo de mesure dans la solution tampon 7.00. Attendez que le r\u00e9sultat de la mesure change peu ou pas du tout, puis appuyez sur le bouton \u00ab CAL \u00bb pendant 5 secondes. L&#8217;indication \u00ab CAL \u00bb appara\u00eet \u00e9galement sur l&#8217;\u00e9cran. Rel\u00e2chez ensuite la touche et attendez que la valeur 7.0 clignote trois fois \u00e0 l&#8217;\u00e9cran. R\u00e9p\u00e9tez cette proc\u00e9dure dans la coupelle avec la solution tampon 4.00 (\u00e0 la fin, la valeur 4.0 clignote trois fois \u00e0 l&#8217;\u00e9cran) et effectuez de nouveau la m\u00eame proc\u00e9dure avec la solution tampon 10.01 (\u00e0 la fin, la valeur 10.00 clignote trois fois \u00e0 l&#8217;\u00e9cran). <strong>Toutes les donn\u00e9es d&#8217;\u00e9talonnage sont automatiquement enregistr\u00e9es et sauvegard\u00e9es.<\/strong><\/p>\n","protected":false},"excerpt":{"rendered":"<h2>Ce testeur de sol num\u00e9rique peut mesurer la temp\u00e9rature et le pH (acide ou alcalin) des sols et autres substrats.<\/h2>\n<p>De plus, l&#8217;appareil est dot\u00e9 d&#8217;une conception unique avec un capuchon de protection en acier inoxydable. Il est ainsi possible d&#8217;effectuer des mesures dans des sols durs, des sols sablonneux et d&#8217;autres substrats. Les applications sont nombreuses : jardinage, pelouse, potager, agriculture et culture en serre. <strong>Utilisation \u00e0 l&#8217;int\u00e9rieur et \u00e0 l&#8217;ext\u00e9rieur.<\/strong><\/p>\n<h2>R\u00e9glage<\/h2>\n<p>Assurez-vous que le Bluetooth est activ\u00e9 sur le t\u00e9l\u00e9phone et installez l&#8217;APP Yinmik sur le t\u00e9l\u00e9phone. Ouvrez l&#8217;application. Connectez ensuite le lecteur via Bluetooth \u00e0 l&#8217;APP Yinmik en appuyant sur le bouton \u00ab ON\/OFF \u00bb pendant 3 \u00e0 5 secondes. Le symbole Bluetooth appara\u00eet \u00e0 l&#8217;\u00e9cran. Le lecteur se connecte automatiquement \u00e0 l&#8217;application et le mod\u00e8le du lecteur appara\u00eet en haut de l&#8217;\u00e9cran de l&#8217;application (BLE &#8211; YY1033).<\/p>\n<h2>Mesure<\/h2>\n<p>Pour commencer la mesure, retirez d&#8217;abord le capuchon de protection en plastique de la pointe en le tournant. Placez ensuite le capuchon de protection en acier inoxydable sur la pointe de la sonde. <strong>Ne l&#8217;oubliez pas, sinon la sonde \u00e9lectronique sera endommag\u00e9e !<\/strong> Enfoncez maintenant la sonde verticalement dans le sol et <strong>assurez-vous que le sol est bien humidifi\u00e9<\/strong>. Les r\u00e9sultats de la mesure apparaissent rapidement sur l&#8217;\u00e9cran LCD et dans l&#8217;APP. Vous pouvez d\u00e9finir \u00e0 l&#8217;avance une valeur minimale et une valeur maximale. D\u00e8s que ces valeurs sont d\u00e9pass\u00e9es, le r\u00e9sultat de la mesure devient rouge dans l&#8217;APP. Apr\u00e8s utilisation, rincez bien la pointe avec de l&#8217;eau distill\u00e9e et s\u00e9chez-la avec un chiffon doux. Remettre le capuchon de protection en plastique.<\/p>\n[video width=\"1280\" height=\"720\" mp4=\"https:\/\/www.plantcaretools.com\/wp-content\/uploads\/2024\/08\/1100132552074-2.mp4\"][\/video]\n","protected":false},"featured_media":21212,"comment_status":"open","ping_status":"closed","template":"","meta":{"_acf_changed":false},"product_brand":[],"product_cat":[115,121,125],"product_tag":[449],"class_list":{"0":"post-20878","1":"product","2":"type-product","3":"status-publish","4":"has-post-thumbnail","6":"product_cat-instrumentss-de-mesure","7":"product_cat-nouveaux-produits","8":"product_cat-produits-plantcaretools","9":"product_tag-bluetooth-fr","11":"first","12":"outofstock","13":"taxable","14":"shipping-taxable","15":"purchasable","16":"product-type-simple"},"acf":[],"yoast_head":"<!-- This site is optimized with the Yoast SEO Premium plugin v26.1 (Yoast SEO v27.3) - https:\/\/yoast.com\/product\/yoast-seo-premium-wordpress\/ -->\n<title>Testeur et enregistreur de donn\u00e9es Bluetooth pour le pH et la temp\u00e9rature du sol - Plant Care Tools<\/title>\n<meta name=\"description\" content=\"Appareil de mesure et enregistreur de donn\u00e9es Bluetooth pour le pH et la temp\u00e9rature du sol. Ce testeur de sol num\u00e9rique permet de mesurer la temp\u00e9rature et la valeur du pH (acide ou alcalin) dans les sols et autres substrats.\" \/>\n<meta name=\"robots\" content=\"index, follow, max-snippet:-1, max-image-preview:large, max-video-preview:-1\" \/>\n<link rel=\"canonical\" href=\"https:\/\/www.plantcaretools.com\/fr\/produit\/instrumentss-de-mesure\/testeur-et-enregistreur-de-donnees-bluetooth-pour-le-ph-et-la-temperature-du-sol\/\" \/>\n<script type=\"application\/ld+json\" class=\"yoast-schema-graph\">{\"@context\":\"https:\\\/\\\/schema.org\",\"@graph\":[{\"@type\":\"BreadcrumbList\",\"@id\":\"https:\\\/\\\/www.plantcaretools.com\\\/fr\\\/produit\\\/instrumentss-de-mesure\\\/testeur-et-enregistreur-de-donnees-bluetooth-pour-le-ph-et-la-temperature-du-sol\\\/#breadcrumb\",\"itemListElement\":[{\"@type\":\"ListItem\",\"position\":1,\"name\":\"Home\",\"item\":\"https:\\\/\\\/www.plantcaretools.com\\\/fr\\\/\"},{\"@type\":\"ListItem\",\"position\":2,\"name\":\"Produits\",\"item\":\"https:\\\/\\\/www.plantcaretools.com\\\/fr\\\/produits\\\/\"},{\"@type\":\"ListItem\",\"position\":3,\"name\":\"Testeur et enregistreur de donn\u00e9es Bluetooth pour le pH et la temp\u00e9rature du sol\"}]}]}<\/script>\n<!-- \/ Yoast SEO Premium plugin. -->","yoast_head_json":{"title":"Testeur et enregistreur de donn\u00e9es Bluetooth pour le pH et la temp\u00e9rature du sol - Plant Care Tools","description":"Appareil de mesure et enregistreur de donn\u00e9es Bluetooth pour le pH et la temp\u00e9rature du sol. Ce testeur de sol num\u00e9rique permet de mesurer la temp\u00e9rature et la valeur du pH (acide ou alcalin) dans les sols et autres substrats.","robots":{"index":"index","follow":"follow","max-snippet":"max-snippet:-1","max-image-preview":"max-image-preview:large","max-video-preview":"max-video-preview:-1"},"canonical":"https:\/\/www.plantcaretools.com\/fr\/produit\/instrumentss-de-mesure\/testeur-et-enregistreur-de-donnees-bluetooth-pour-le-ph-et-la-temperature-du-sol\/","schema":{"@context":"https:\/\/schema.org","@graph":[{"@type":"BreadcrumbList","@id":"https:\/\/www.plantcaretools.com\/fr\/produit\/instrumentss-de-mesure\/testeur-et-enregistreur-de-donnees-bluetooth-pour-le-ph-et-la-temperature-du-sol\/#breadcrumb","itemListElement":[{"@type":"ListItem","position":1,"name":"Home","item":"https:\/\/www.plantcaretools.com\/fr\/"},{"@type":"ListItem","position":2,"name":"Produits","item":"https:\/\/www.plantcaretools.com\/fr\/produits\/"},{"@type":"ListItem","position":3,"name":"Testeur et enregistreur de donn\u00e9es Bluetooth pour le pH et la temp\u00e9rature du sol"}]}]}},"jetpack_sharing_enabled":true,"_links":{"self":[{"href":"https:\/\/www.plantcaretools.com\/fr\/wp-json\/wp\/v2\/product\/20878","targetHints":{"allow":["GET"]}}],"collection":[{"href":"https:\/\/www.plantcaretools.com\/fr\/wp-json\/wp\/v2\/product"}],"about":[{"href":"https:\/\/www.plantcaretools.com\/fr\/wp-json\/wp\/v2\/types\/product"}],"replies":[{"embeddable":true,"href":"https:\/\/www.plantcaretools.com\/fr\/wp-json\/wp\/v2\/comments?post=20878"}],"wp:featuredmedia":[{"embeddable":true,"href":"https:\/\/www.plantcaretools.com\/fr\/wp-json\/wp\/v2\/media\/21212"}],"wp:attachment":[{"href":"https:\/\/www.plantcaretools.com\/fr\/wp-json\/wp\/v2\/media?parent=20878"}],"wp:term":[{"taxonomy":"product_brand","embeddable":true,"href":"https:\/\/www.plantcaretools.com\/fr\/wp-json\/wp\/v2\/product_brand?post=20878"},{"taxonomy":"product_cat","embeddable":true,"href":"https:\/\/www.plantcaretools.com\/fr\/wp-json\/wp\/v2\/product_cat?post=20878"},{"taxonomy":"product_tag","embeddable":true,"href":"https:\/\/www.plantcaretools.com\/fr\/wp-json\/wp\/v2\/product_tag?post=20878"}],"curies":[{"name":"wp","href":"https:\/\/api.w.org\/{rel}","templated":true}]}}