{"id":21020,"date":"2024-09-04T16:29:10","date_gmt":"2024-09-04T14:29:10","guid":{"rendered":"https:\/\/www.plantcaretools.com\/?post_type=product&#038;p=21020"},"modified":"2026-02-28T02:49:05","modified_gmt":"2026-02-28T01:49:05","slug":"testeur-numerique-6-en-1-pour-le-sol-et-les-liquides-ph-ec-lumiere-humidite-fertilisation-et-temperature","status":"publish","type":"product","link":"https:\/\/www.plantcaretools.com\/fr\/produit\/mesurer-la-teneur-en-humidite\/testeur-numerique-6-en-1-pour-le-sol-et-les-liquides-ph-ec-lumiere-humidite-fertilisation-et-temperature\/","title":{"rendered":"Testeur num\u00e9rique 6-en-1 pour le sol et les liquides &#8211; pH, EC, lumi\u00e8re, humidit\u00e9, fertilisation et temp\u00e9rature"},"content":{"rendered":"<h2>Caract\u00e9ristiques :<\/h2>\n<ul>\n<li>Le testeur 6 en 1 peut mesurer dans le sol, mais aussi dans les liquides ! Ce testeur multifonctionnel peut mesurer le pH, la valeur EC (conductivit\u00e9), l&#8217;humidit\u00e9, le niveau d&#8217;engrais, l&#8217;intensit\u00e9 lumineuse (lumi\u00e8re du soleil uniquement) et la temp\u00e9rature. Il vous donne ainsi un aper\u00e7u complet des conditions de croissance de vos plantes. Tous les facteurs importants pour une plante sont r\u00e9unis dans un seul appareil. On ne peut pas faire plus simple.<\/li>\n<li>Gr\u00e2ce \u00e0 un grand \u00e9cran r\u00e9tro\u00e9clair\u00e9, les mesures sont clairement lisibles quelles que soient les conditions de luminosit\u00e9. L&#8217;\u00e9cran peut \u00eatre inclin\u00e9 \u00e0 45 degr\u00e9s, ce qui facilite la lecture sous diff\u00e9rents angles et accro\u00eet la facilit\u00e9 d&#8217;utilisation.<\/li>\n<li>La conception portable et durable de ce testeur de sol a une tige de 13 mm (tres \u00e9paisse). La longueur est 20 cm, et la tige est fabriqu\u00e9e en mat\u00e9riau composite. Le testeur offre une grande pr\u00e9cision, En plus il est \u00e9galement tr\u00e8s robuste et r\u00e9sistante \u00e0 la casse. Il est donc id\u00e9al pour une utilisation dans des conditions vari\u00e9es. Le compteur est aliment\u00e9 par quatre piles AAA 1,5V (incluses) d&#8217;une longue dur\u00e9e de vie.<\/li>\n<li>En outre, l&#8217;appareil convient \u00e0 la mesure des nutriments (EC) et du pH dans les cultures hydroponiques, par exemple. Mais il existe de nombreuses autres applications telles que l&#8217;eau potable, l&#8217;eau de puits, l&#8217;eau de pluie, l&#8217;eau de source et les eaux naturelles telles que les foss\u00e9s, les \u00e9tangs et les rivi\u00e8res.<\/li>\n<li>Gr\u00e2ce aux poudres d&#8217;\u00e9talonnage du pH et au liquide d&#8217;\u00e9talonnage de l&#8217;EC fournis, vous pouvez maintenir la pr\u00e9cision des mesures en proc\u00e9dant \u00e0 un \u00e9talonnage de temps \u00e0 autre. L&#8217;\u00e9talonnage est tr\u00e8s facile \u00e0 r\u00e9aliser.<\/li>\n<\/ul>\n<h2>Utilisation du testeur et quelques conseils :<\/h2>\n<ul>\n<li>Allumez le lecteur et placez-le verticalement \u00e0 au moins 8 cm dans le sol ou le liquide. Vous pouvez maintenant lire tous les param\u00e8tres individuels en m\u00eame temps. Effectuez au moins deux mesures rapproch\u00e9es pour voir si les deux mesures donnent \u00e0 peu pr\u00e8s le m\u00eame r\u00e9sultat. Si ce n&#8217;est pas le cas, effectuez une autre mesure \u00e0 peu pr\u00e8s au m\u00eame endroit.<\/li>\n<li>Pour mesurer le pH et la teneur en engrais de mani\u00e8re fiable, le sol doit \u00eatre bien humide. Effectuez les mesures \u00e0 l&#8217;ext\u00e9rieur, de pr\u00e9f\u00e9rence apr\u00e8s une averse, et donnez beaucoup d&#8217;eau aux plantes en pot avant de commencer les mesures apr\u00e8s 15 \u00e0 30 minutes.<\/li>\n<li>Mesurez toujours dans un sol libre, sans obstacles tels que des brindilles, des racines, des pierres, etc. et n&#8217;utilisez jamais beaucoup de force pour pousser ou tirer l&#8217;appareil dans le sol. Si le sol est tr\u00e8s ferme, ameublissez-le \u00e0 l&#8217;aide d&#8217;une pelle avant de proc\u00e9der \u00e0 la mesure.<\/li>\n<li>Si vous souhaitez enregistrer les valeurs mesur\u00e9es (temporairement), appuyez sur la touche \u00ab Hold \u00bb.<\/li>\n<li>Apr\u00e8s utilisation, rincez le lecteur sous le robinet, puis s\u00e9chez la sonde \u00e0 l&#8217;aide du chiffon fourni.<\/li>\n<\/ul>\n<h2>Sp\u00e9cifications :<\/h2>\n<ul>\n<li><strong>Fonctions de mesure :<\/strong><br \/>\n&#8211; <strong>Dans le sol :<\/strong> pH, EC (=conductivit\u00e9), humidit\u00e9 du sol, taux de fertilisation, temp\u00e9rature, intensit\u00e9 lumineuse (lumi\u00e8re solaire uniquement)<br \/>\n&#8211; <strong>Dans les liquides :<\/strong> pH et EC<\/li>\n<li><strong>Plage de pH :<\/strong> 0,00 ~ 14,00 pH<\/li>\n<li><strong>Pr\u00e9cision pH :<\/strong> \u00b1 0,1pH<\/li>\n<li><strong>Plage EC :<\/strong> 0,01-10,00 mS\/cm ;<\/li>\n<li><strong>Pr\u00e9cision EC :<\/strong> \u00b1 2 % de l&#8217;E.M.<\/li>\n<li><strong>Plage de temp\u00e9rature :<\/strong> 0,0 \u00b0C-80,0 \u00b0C ; 32,0 \u00b0F-176,0 \u00b0F<\/li>\n<li><strong>Pr\u00e9cision de la temp\u00e9rature :<\/strong> \u00b1 0,5 \u00b0C<\/li>\n<li><strong>Taux de f\u00e9condation :<\/strong> 0 % ~ 99 %<\/li>\n<li><strong>Pr\u00e9cision du taux de f\u00e9condation :<\/strong> \u00b1 2 % de l&#8217;E.M.<\/li>\n<li><strong>Rayonnement solaire :<\/strong> 9 degr\u00e9s de faible \u00e0 fort. L&#8217;appareil ne peut mesurer que la lumi\u00e8re du soleil, pas la lumi\u00e8re artificielle.<\/li>\n<li><strong>Teneur en eau :<\/strong> 10 niveaux de 1 \u00e0 10. 1 = sec et 10 = tr\u00e8s humide.<\/li>\n<\/ul>\n<h2>\u00c9talonnage :<\/h2>\n<p>Le compteur est d\u00e9j\u00e0 \u00e9talonn\u00e9 en usine et pr\u00eat \u00e0 \u00eatre utilis\u00e9 imm\u00e9diatement. Dans l&#8217;emballage, vous trouverez les \u00e9l\u00e9ments suivants pour l&#8217;\u00e9talonnage :<\/p>\n<ul>\n<li>Tampon PH en poudre : pH 7,00\/pH4,00\/pH10,01<\/li>\n<li>Tampon EC liquide : solution d&#8217;\u00e9talonnage 1413 s\/cm<\/li>\n<\/ul>\n<p>Dans le cadre d&#8217;une utilisation normale, nous recommandons un \u00e9talonnage EC une fois par an et un \u00e9talonnage pH une fois par an. Les proc\u00e9dures d&#8217;\u00e9talonnage sont d\u00e9crites de mani\u00e8re simple et claire dans le manuel d&#8217;utilisation.<\/p>\n<p><strong>Dimensions :<\/strong> 278 x 65 x 30 mm<\/p>\n<p><strong>Affichage :<\/strong> LCD avec r\u00e9tro-\u00e9clairage<\/p>\n<p><strong>Piles :<\/strong> 4\u00a0 piles AAA, incluses dans l&#8217;emballage<\/p>\n<p><strong>Arr\u00eat automatique :<\/strong> apr\u00e8s 5 minutes<\/p>\n","protected":false},"excerpt":{"rendered":"<h2>Parfait pour l&#8217;int\u00e9rieur et l&#8217;ext\u00e9rieur, le testeur 6-en-1 est id\u00e9al pour les plantes de jardin, les plantes de serre, les arbres fruitiers, les plantes en pot, le potager, la pelouse et bien plus encore.<\/h2>\n<p>Que vous soyez un jardinier amateur ou un cultivateur professionnel, ce testeur de sol vous permet de mesurer en une seule fois tous les facteurs essentiels \u00e0 la croissance et \u00e0 l&#8217;\u00e9panouissement de votre plante. Le testeur 6-en-1 est donc un outil indispensable pour tous ceux qui souhaitent obtenir des plantes saines et productives.<\/p>\n[video width=\"1280\" height=\"720\" mp4=\"https:\/\/www.plantcaretools.com\/wp-content\/uploads\/2024\/09\/5000135334414.mp4\"][\/video]\n","protected":false},"featured_media":21069,"comment_status":"open","ping_status":"closed","template":"","meta":{"_acf_changed":false},"product_brand":[],"product_cat":[115,111,127,109,121,125],"product_tag":[448],"class_list":{"0":"post-21020","1":"product","2":"type-product","3":"status-publish","4":"has-post-thumbnail","6":"product_cat-instrumentss-de-mesure","7":"product_cat-mesurer-la-fertilisation","8":"product_cat-mesurer-la-teneur-en-humidite","9":"product_cat-non-classe","10":"product_cat-nouveaux-produits","11":"product_cat-produits-plantcaretools","12":"product_tag-ec-fr","14":"first","15":"instock","16":"taxable","17":"shipping-taxable","18":"purchasable","19":"product-type-simple"},"acf":[],"yoast_head":"<!-- This site is optimized with the Yoast SEO Premium plugin v26.1 (Yoast SEO v27.3) - https:\/\/yoast.com\/product\/yoast-seo-premium-wordpress\/ -->\n<title>Testeur num\u00e9rique 6-en-1 pour le sol et les liquides - pH, EC, lumi\u00e8re, humidit\u00e9, fertilisation et temp\u00e9rature - Plant Care Tools<\/title>\n<meta name=\"description\" content=\"Testeur num\u00e9rique 6-en-1 pour le sol et les liquides - pH, EC, lumi\u00e8re, humidit\u00e9, fertilisation et temp\u00e9rature. Parfait pour l&#039;int\u00e9rieur et l&#039;ext\u00e9rieur, le testeur 6-en-1 est id\u00e9al pour les plantes de jardin, les plantes de serre, les arbres fruitiers, les plantes en pot, les l\u00e9gumes, la pelouse et bien plus encore.\" \/>\n<meta name=\"robots\" content=\"index, follow, max-snippet:-1, max-image-preview:large, max-video-preview:-1\" \/>\n<link rel=\"canonical\" href=\"https:\/\/www.plantcaretools.com\/fr\/produit\/mesurer-la-teneur-en-humidite\/testeur-numerique-6-en-1-pour-le-sol-et-les-liquides-ph-ec-lumiere-humidite-fertilisation-et-temperature\/\" \/>\n<script type=\"application\/ld+json\" class=\"yoast-schema-graph\">{\"@context\":\"https:\\\/\\\/schema.org\",\"@graph\":[{\"@type\":\"BreadcrumbList\",\"@id\":\"https:\\\/\\\/www.plantcaretools.com\\\/fr\\\/produit\\\/mesurer-la-teneur-en-humidite\\\/testeur-numerique-6-en-1-pour-le-sol-et-les-liquides-ph-ec-lumiere-humidite-fertilisation-et-temperature\\\/#breadcrumb\",\"itemListElement\":[{\"@type\":\"ListItem\",\"position\":1,\"name\":\"Home\",\"item\":\"https:\\\/\\\/www.plantcaretools.com\\\/fr\\\/\"},{\"@type\":\"ListItem\",\"position\":2,\"name\":\"Produits\",\"item\":\"https:\\\/\\\/www.plantcaretools.com\\\/fr\\\/produits\\\/\"},{\"@type\":\"ListItem\",\"position\":3,\"name\":\"Testeur num\u00e9rique 6-en-1 pour le sol et les liquides &#8211; pH, EC, lumi\u00e8re, humidit\u00e9, fertilisation et temp\u00e9rature\"}]}]}<\/script>\n<!-- \/ Yoast SEO Premium plugin. -->","yoast_head_json":{"title":"Testeur num\u00e9rique 6-en-1 pour le sol et les liquides - pH, EC, lumi\u00e8re, humidit\u00e9, fertilisation et temp\u00e9rature - Plant Care Tools","description":"Testeur num\u00e9rique 6-en-1 pour le sol et les liquides - pH, EC, lumi\u00e8re, humidit\u00e9, fertilisation et temp\u00e9rature. Parfait pour l'int\u00e9rieur et l'ext\u00e9rieur, le testeur 6-en-1 est id\u00e9al pour les plantes de jardin, les plantes de serre, les arbres fruitiers, les plantes en pot, les l\u00e9gumes, la pelouse et bien plus encore.","robots":{"index":"index","follow":"follow","max-snippet":"max-snippet:-1","max-image-preview":"max-image-preview:large","max-video-preview":"max-video-preview:-1"},"canonical":"https:\/\/www.plantcaretools.com\/fr\/produit\/mesurer-la-teneur-en-humidite\/testeur-numerique-6-en-1-pour-le-sol-et-les-liquides-ph-ec-lumiere-humidite-fertilisation-et-temperature\/","schema":{"@context":"https:\/\/schema.org","@graph":[{"@type":"BreadcrumbList","@id":"https:\/\/www.plantcaretools.com\/fr\/produit\/mesurer-la-teneur-en-humidite\/testeur-numerique-6-en-1-pour-le-sol-et-les-liquides-ph-ec-lumiere-humidite-fertilisation-et-temperature\/#breadcrumb","itemListElement":[{"@type":"ListItem","position":1,"name":"Home","item":"https:\/\/www.plantcaretools.com\/fr\/"},{"@type":"ListItem","position":2,"name":"Produits","item":"https:\/\/www.plantcaretools.com\/fr\/produits\/"},{"@type":"ListItem","position":3,"name":"Testeur num\u00e9rique 6-en-1 pour le sol et les liquides &#8211; pH, EC, lumi\u00e8re, humidit\u00e9, fertilisation et temp\u00e9rature"}]}]}},"jetpack_sharing_enabled":true,"_links":{"self":[{"href":"https:\/\/www.plantcaretools.com\/fr\/wp-json\/wp\/v2\/product\/21020","targetHints":{"allow":["GET"]}}],"collection":[{"href":"https:\/\/www.plantcaretools.com\/fr\/wp-json\/wp\/v2\/product"}],"about":[{"href":"https:\/\/www.plantcaretools.com\/fr\/wp-json\/wp\/v2\/types\/product"}],"replies":[{"embeddable":true,"href":"https:\/\/www.plantcaretools.com\/fr\/wp-json\/wp\/v2\/comments?post=21020"}],"wp:featuredmedia":[{"embeddable":true,"href":"https:\/\/www.plantcaretools.com\/fr\/wp-json\/wp\/v2\/media\/21069"}],"wp:attachment":[{"href":"https:\/\/www.plantcaretools.com\/fr\/wp-json\/wp\/v2\/media?parent=21020"}],"wp:term":[{"taxonomy":"product_brand","embeddable":true,"href":"https:\/\/www.plantcaretools.com\/fr\/wp-json\/wp\/v2\/product_brand?post=21020"},{"taxonomy":"product_cat","embeddable":true,"href":"https:\/\/www.plantcaretools.com\/fr\/wp-json\/wp\/v2\/product_cat?post=21020"},{"taxonomy":"product_tag","embeddable":true,"href":"https:\/\/www.plantcaretools.com\/fr\/wp-json\/wp\/v2\/product_tag?post=21020"}],"curies":[{"name":"wp","href":"https:\/\/api.w.org\/{rel}","templated":true}]}}