{"id":21161,"date":"2024-09-12T16:31:09","date_gmt":"2024-09-12T14:31:09","guid":{"rendered":"https:\/\/www.plantcaretools.com\/?post_type=product&#038;p=21161"},"modified":"2025-06-07T16:25:53","modified_gmt":"2025-06-07T14:25:53","slug":"testeur-de-sol-azote-phosphore-potassium-npk-et-temperature","status":"publish","type":"product","link":"https:\/\/www.plantcaretools.com\/fr\/produit\/instrumentss-de-mesure\/testeur-de-sol-azote-phosphore-potassium-npk-et-temperature\/","title":{"rendered":"Testeur de sol : azote, phosphore, potassium (NPK) et temp\u00e9rature"},"content":{"rendered":"<h3>Testeur de sol : azote &#8211; phosphore &#8211; potassium (NPK) et temp\u00e9rature. Des mesures simples et pr\u00e9cises.<\/h3>\n<h2>Qu&#8217;est-ce qu&#8217;un engrais NPK ?<\/h2>\n<p>Si vous cherchez un bon engrais pour les plantes, vous ne pouvez pas \u00e9viter les lettres \u00ab NPK \u00bb. Nous vous expliquons ici tout sur la signification de NPK. Son importance, son fonctionnement et les diff\u00e9rences entre ces engrais.<\/p>\n<h2>Diff\u00e9rence entre les engrais organiques et artificiels<\/h2>\n<p>Il existe de grandes diff\u00e9rences entre un engrais organique et un engrais artificiel. Les engrais organiques ont un effet moins direct que les engrais artificiels. Les engrais organiques lib\u00e8rent les substances dans le sol de mani\u00e8re plus progressive et ont donc un effet plus long. En outre, un engrais organique r\u00e9approvisionne le sol en toutes sortes d&#8217;oligo-\u00e9l\u00e9ments et d&#8217;\u00e9l\u00e9ments nutritifs importants. Les engrais organiques sont fabriqu\u00e9s \u00e0 partir de mati\u00e8res organiques et contiennent toujours de l&#8217;azote, du phosphore, du potassium (NPK) et souvent des micro-organismes et des enzymes. Les engrais artificiels contiennent \u00e9galement toujours de l&#8217;azote, du phosphore et du potassium (NPK).<\/p>\n<h2>Quelle est la signification de NPK ?<\/h2>\n<p>Le terme NPK signifie azote (N), phosphore (P) et potassium (K). Ces trois \u00e9l\u00e9ments nutritifs constituent la base n\u00e9cessaire aux soins de toutes les plantes, tant \u00e0 l&#8217;int\u00e9rieur qu&#8217;\u00e0 l&#8217;ext\u00e9rieur. Outre l&#8217;oxyg\u00e8ne, l&#8217;eau et le carbone, une plante a besoin de NPK pour vivre, cro\u00eetre et fleurir. Cependant, la fonction de ces 3 \u00e9l\u00e9ments est diff\u00e9rente.<\/p>\n<h2>Azote (N)<\/h2>\n<p>L&#8217;azote favorise la croissance des plantes et constitue l&#8217;\u00e9l\u00e9ment le plus important. En effet, sans azote, il n&#8217;y a pas de croissance. L&#8217;azote d\u00e9clenche \u00e9galement la photosynth\u00e8se. Si une plante est carenc\u00e9e en azote, ses feuilles jaunissent et elle perd beaucoup de feuilles.<\/p>\n<h2>Phosphore (P)<\/h2>\n<p>Le phosphore contribue au d\u00e9veloppement global des plantes et assure notamment le bon d\u00e9veloppement du syst\u00e8me racinaire. Les plantes dont le syst\u00e8me racinaire est bien d\u00e9velopp\u00e9 peuvent absorber les nutriments plus rapidement et mieux. Une carence en phosphore entra\u00eene une r\u00e9duction de la croissance.<\/p>\n<h2>Potassium (K)<\/h2>\n<p>Le potassium est important pour l&#8217;\u00e9quilibre hydrique des plantes. Les parois cellulaires des plantes sont renforc\u00e9es par le potassium, ce qui permet un meilleur transport de l&#8217;eau et des hydrates de carbone. Le potassium augmente donc la r\u00e9sistance des plantes. Les plantes sont plus r\u00e9sistantes aux maladies, \u00e0 la chaleur, aux champignons et \u00e0 tout ce qui peut causer un stress. Une carence en potassium se manifeste par une d\u00e9coloration des bords des feuilles, qui finissent par mourir.<\/p>\n<h2>Pourquoi l&#8217;engrais NPK est-il important ?<\/h2>\n<p>Les plantes et le gazon ne peuvent se passer d&#8217;azote (N), de phosphore (P) et de potassium (K). Un bon engrais NPK fournira aux plantes de bons nutriments et les maintiendra bien nourries, ce qui les rendra plus r\u00e9sistantes \u00e0 tous les facteurs de stress externes. Le r\u00e9sultat d&#8217;un bon engrais NPK se refl\u00e9tera donc sans aucun doute. Une pelouse verte et rayonnante, une bordure florissante et un potager riche en l\u00e9gumes et en fruits sains.<\/p>\n<h2>Trop ou trop peu d&#8217;engrais NPK dans le gazon<\/h2>\n<p>Attention, les quantit\u00e9s d&#8217;engrais NPK que vous donnez \u00e0 vos plantes pr\u00e9sentent des risques. Un manque d&#8217;engrais NPK se voit, mais un exc\u00e8s d&#8217;engrais NPK est \u00e9galement n\u00e9faste. Les plantes et votre gazon vous indiqueront les endroits o\u00f9 ils sont d\u00e9ficients ou abondants.<\/p>\n<h2>Carence ou exc\u00e8s d&#8217;azote<\/h2>\n<p>Comme vous venez de le lire, l&#8217;azote est synonyme de croissance. Si vous ajoutez trop d&#8217;azote au sol, vous risquez d&#8217;\u00eatre confront\u00e9 \u00e0 la prolif\u00e9ration. Vous verrez alors tout prolif\u00e9rer. Un manque d&#8217;azote signifie le contraire. Les plantes restent beaucoup trop petites et sont tr\u00e8s sensibles aux champignons et aux maladies. Vous constaterez \u00e9galement que les feuilles jaunissent.<\/p>\n<h2>Un manque ou un exc\u00e8s de phosphore<\/h2>\n<p>Un exc\u00e8s de phosphore perturbe l&#8217;\u00e9quilibre de l&#8217;eau. De plus, le phosphore commence \u00e0 s&#8217;accumuler dans le sol et finit par \u00eatre lessiv\u00e9. Une carence en phosphore se traduit par une lueur bleu-violet sur les plantes. Les racines se d\u00e9veloppent moins bien et absorbent moins de nutriments.<\/p>\n<h2>Manque ou exc\u00e8s de potassium<\/h2>\n<p>Une abondance de potassium entra\u00eene une diminution de l&#8217;absorption du calcium, du magn\u00e9sium et du bore, et favorise une absorption abondante du fer et du mangan\u00e8se. Il n&#8217;y a donc plus d&#8217;\u00e9quilibre. Une carence se traduit par un gazon st\u00e9rile et des taches d\u00e9color\u00e9es sur les feuilles.<\/p>\n<h2>Composition des engrais NPK<\/h2>\n<p>La composition des engrais NPK est donc tr\u00e8s importante. De quoi vos plantes ont-elles besoin et de quoi n&#8217;ont-elles pas besoin ? Vous ne pouvez le d\u00e9terminer qu&#8217;en observant attentivement vos plantes ou en utilisant un appareil de mesure NPK. En outre, il faut tenir compte des saisons. Au printemps, vous avez besoin d&#8217;un engrais NPK diff\u00e9rent de celui de l&#8217;automne. La diff\u00e9rence entre ces engrais r\u00e9side dans la composition du NPK.<\/p>\n<h2>Acheter un engrais NPK<\/h2>\n<p>L&#8217;achat d&#8217;engrais NPK est facile, s\u00fbr et rapide dans une jardinerie ou en ligne. Les jardiniers disposent \u00e9galement des connaissances n\u00e9cessaires pour vous conseiller le(s) bon(s) engrais.<\/p>\n","protected":false},"excerpt":{"rendered":"<h2>Testeur de sol : azote &#8211; phosphore &#8211; potassium (NPK) et temp\u00e9rature<\/h2>\n<h3>Les \u00e9l\u00e9ments les plus importants pour la fertilit\u00e9 du sol sont l&#8217;azote (N), le phosphore (P) et le potassium (K), \u00e9galement connus sous le nom de NPK.<\/h3>\n<h3>Pour avoir une bonne id\u00e9e du niveau de fertilisation du sol, il faut donc pouvoir mesurer ces trois \u00e9l\u00e9ments.<\/h3>\n<p>Ce testeur de sol num\u00e9rique NPK (azote, phosphore et potassium), dot\u00e9 d&#8217;un grand \u00e9cran LCD, est capable de le faire et de mesurer la temp\u00e9rature. Il s&#8217;agit d&#8217;un testeur num\u00e9rique de conception r\u00e9cente dot\u00e9 d&#8217;une double sonde m\u00e9tallique de 17 cm de long. Les r\u00e9sultats des mesures sont d&#8217;une grande pr\u00e9cision.<\/p>\n<p>Ins\u00e9rez le testeur \u00e0 au moins 10 cm de profondeur dans le sol pour obtenir un bon r\u00e9sultat des quantit\u00e9s d&#8217;azote (N), de phosphore (P) et de potassium (K). Ces trois \u00e9l\u00e9ments sont mesur\u00e9s individuellement dans une fourchette de 0 \u00e0 1999 mg\/kg. C&#8217;est plus simple que de pr\u00e9lever un \u00e9chantillon de sol \u00e0 l&#8217;aide d&#8217;un kit d&#8217;analyse de sol et de suivre ensuite une proc\u00e9dure fastidieuse.<\/p>\n<p>De plus, le r\u00e9sultat d&#8217;un kit d&#8217;analyse de sol n&#8217;est pas un chiffre concret, comme c&#8217;est le cas avec cet appareil, mais seulement une indication bas\u00e9e sur la comparaison des couleurs.<\/p>\n<p><strong>Voir \u00e9galement notre offre sp\u00e9ciale dans le webshop pour la mesure num\u00e9rique du NPK et du pH.<\/strong><\/p>\n<h3>Sp\u00e9cifications :<\/h3>\n<ul>\n<li>Gamme NPK : 0-1999 mg\/kg<\/li>\n<li>Plage de temp\u00e9rature : -10\u00b0C-80\u00b0C ; 14\u00b0F-176\u00b0F<\/li>\n<li>Alimentation : 3 piles AAA (piles non incluses)<\/li>\n<li>Ecran LCD avec r\u00e9tro-\u00e9clairage<\/li>\n<li>Arr\u00eat automatique apr\u00e8s 30 secondes d&#8217;inactivit\u00e9<\/li>\n<li>Poids : 158 g (emballage compris)<\/li>\n<li>Convient pour les plantes en pot, les terres agricoles, les serres, les jardins d&#8217;ornement, les pelouses, le potager, les vergers, etc.<\/li>\n<\/ul>\n[video width=\"1280\" height=\"720\" mp4=\"https:\/\/www.plantcaretools.com\/wp-content\/uploads\/2024\/09\/Bodemtester_Stikstof_Fosfor_Kalium_Temperatuur_PlantCareTools_video.mp4\"][\/video]\n","protected":false},"featured_media":21183,"comment_status":"open","ping_status":"closed","template":"","meta":{"_acf_changed":false},"product_brand":[],"product_cat":[115,111,121,125],"product_tag":[],"class_list":{"0":"post-21161","1":"product","2":"type-product","3":"status-publish","4":"has-post-thumbnail","6":"product_cat-instrumentss-de-mesure","7":"product_cat-mesurer-la-fertilisation","8":"product_cat-nouveaux-produits","9":"product_cat-produits-plantcaretools","11":"first","12":"outofstock","13":"taxable","14":"shipping-taxable","15":"purchasable","16":"product-type-simple"},"acf":[],"yoast_head":"<!-- This site is optimized with the Yoast SEO Premium plugin v26.1 (Yoast SEO v27.3) - https:\/\/yoast.com\/product\/yoast-seo-premium-wordpress\/ -->\n<title>Testeur de sol : azote, phosphore, potassium (NPK) et temp\u00e9rature - Plant Care Tools<\/title>\n<meta name=\"description\" content=\"Testeur de sol : azote, phosphore, potassium (NPK) et temp\u00e9rature. Des mesures simples et pr\u00e9cises. - PlantCareTools\" \/>\n<meta name=\"robots\" content=\"index, follow, max-snippet:-1, max-image-preview:large, max-video-preview:-1\" \/>\n<link rel=\"canonical\" href=\"https:\/\/www.plantcaretools.com\/fr\/produit\/instrumentss-de-mesure\/testeur-de-sol-azote-phosphore-potassium-npk-et-temperature\/\" \/>\n<script type=\"application\/ld+json\" class=\"yoast-schema-graph\">{\"@context\":\"https:\\\/\\\/schema.org\",\"@graph\":[{\"@type\":\"BreadcrumbList\",\"@id\":\"https:\\\/\\\/www.plantcaretools.com\\\/fr\\\/produit\\\/instrumentss-de-mesure\\\/testeur-de-sol-azote-phosphore-potassium-npk-et-temperature\\\/#breadcrumb\",\"itemListElement\":[{\"@type\":\"ListItem\",\"position\":1,\"name\":\"Home\",\"item\":\"https:\\\/\\\/www.plantcaretools.com\\\/fr\\\/\"},{\"@type\":\"ListItem\",\"position\":2,\"name\":\"Produits\",\"item\":\"https:\\\/\\\/www.plantcaretools.com\\\/fr\\\/produits\\\/\"},{\"@type\":\"ListItem\",\"position\":3,\"name\":\"Testeur de sol : azote, phosphore, potassium (NPK) et temp\u00e9rature\"}]}]}<\/script>\n<!-- \/ Yoast SEO Premium plugin. -->","yoast_head_json":{"title":"Testeur de sol : azote, phosphore, potassium (NPK) et temp\u00e9rature - Plant Care Tools","description":"Testeur de sol : azote, phosphore, potassium (NPK) et temp\u00e9rature. Des mesures simples et pr\u00e9cises. - PlantCareTools","robots":{"index":"index","follow":"follow","max-snippet":"max-snippet:-1","max-image-preview":"max-image-preview:large","max-video-preview":"max-video-preview:-1"},"canonical":"https:\/\/www.plantcaretools.com\/fr\/produit\/instrumentss-de-mesure\/testeur-de-sol-azote-phosphore-potassium-npk-et-temperature\/","schema":{"@context":"https:\/\/schema.org","@graph":[{"@type":"BreadcrumbList","@id":"https:\/\/www.plantcaretools.com\/fr\/produit\/instrumentss-de-mesure\/testeur-de-sol-azote-phosphore-potassium-npk-et-temperature\/#breadcrumb","itemListElement":[{"@type":"ListItem","position":1,"name":"Home","item":"https:\/\/www.plantcaretools.com\/fr\/"},{"@type":"ListItem","position":2,"name":"Produits","item":"https:\/\/www.plantcaretools.com\/fr\/produits\/"},{"@type":"ListItem","position":3,"name":"Testeur de sol : azote, phosphore, potassium (NPK) et temp\u00e9rature"}]}]}},"jetpack_sharing_enabled":true,"_links":{"self":[{"href":"https:\/\/www.plantcaretools.com\/fr\/wp-json\/wp\/v2\/product\/21161","targetHints":{"allow":["GET"]}}],"collection":[{"href":"https:\/\/www.plantcaretools.com\/fr\/wp-json\/wp\/v2\/product"}],"about":[{"href":"https:\/\/www.plantcaretools.com\/fr\/wp-json\/wp\/v2\/types\/product"}],"replies":[{"embeddable":true,"href":"https:\/\/www.plantcaretools.com\/fr\/wp-json\/wp\/v2\/comments?post=21161"}],"wp:featuredmedia":[{"embeddable":true,"href":"https:\/\/www.plantcaretools.com\/fr\/wp-json\/wp\/v2\/media\/21183"}],"wp:attachment":[{"href":"https:\/\/www.plantcaretools.com\/fr\/wp-json\/wp\/v2\/media?parent=21161"}],"wp:term":[{"taxonomy":"product_brand","embeddable":true,"href":"https:\/\/www.plantcaretools.com\/fr\/wp-json\/wp\/v2\/product_brand?post=21161"},{"taxonomy":"product_cat","embeddable":true,"href":"https:\/\/www.plantcaretools.com\/fr\/wp-json\/wp\/v2\/product_cat?post=21161"},{"taxonomy":"product_tag","embeddable":true,"href":"https:\/\/www.plantcaretools.com\/fr\/wp-json\/wp\/v2\/product_tag?post=21161"}],"curies":[{"name":"wp","href":"https:\/\/api.w.org\/{rel}","templated":true}]}}