{"id":21372,"date":"2024-11-01T15:57:02","date_gmt":"2024-11-01T14:57:02","guid":{"rendered":"https:\/\/www.plantcaretools.com\/?post_type=product&#038;p=21372"},"modified":"2024-11-01T18:02:30","modified_gmt":"2024-11-01T17:02:30","slug":"n-p-k-ph-numerique-soiltestkit","status":"publish","type":"product","link":"https:\/\/www.plantcaretools.com\/fr\/produit\/instrumentss-de-mesure\/n-p-k-ph-numerique-soiltestkit\/","title":{"rendered":"N, P, K, pH num\u00e9rique SoilTestKit"},"content":{"rendered":"<h3>Kit \u00e9lectronique d&#8217;analyse de sol ou kit chimique d&#8217;analyse de sol ?<\/h3>\n<p><strong>Pour effectuer une analyse de sol correcte, il est n\u00e9cessaire de pouvoir mesurer l&#8217;azote (Nitrogen), le phosphore (P), le potassium (K) et le pH (l&#8217;acidit\u00e9) du sol. Cela peut se faire \u00e0 l&#8217;aide d&#8217;un kit d&#8217;analyse de sol qui pr\u00e9l\u00e8ve des \u00e9chantillons de sol qui sont trait\u00e9s avec des produits chimiques pour obtenir un r\u00e9sultat de mesure. Ce kit \u00e9lectronique fait la m\u00eame chose, mais il est beaucoup plus facile \u00e0 utiliser, car les compteurs affichent le r\u00e9sultat imm\u00e9diatement apr\u00e8s avoir \u00e9t\u00e9 ins\u00e9r\u00e9s dans le sol et apr\u00e8s avoir appuy\u00e9 sur le bouton. Cliquez ici pour obtenir des informations d\u00e9taill\u00e9es sur le NPK-m\u00e8tre \u00e9lectronique et ici pour obtenir des informations d\u00e9taill\u00e9es sur le pH-m\u00e8tre \u00e9lectronique.<\/strong><\/p>\n<h3>Diff\u00e9rence entre engrais organique et engrais artificiel<\/h3>\n<p>Il existe de grandes diff\u00e9rences entre un engrais organique et un engrais artificiel. Les engrais organiques ont un effet moins direct que les engrais artificiels. Les engrais organiques lib\u00e8rent les substances plus progressivement dans le sol et ont donc un effet plus long. En outre, un engrais organique r\u00e9approvisionne le sol en toutes sortes d&#8217;oligo-\u00e9l\u00e9ments et d&#8217;\u00e9l\u00e9ments nutritifs importants. Les engrais organiques sont fabriqu\u00e9s \u00e0 partir de mati\u00e8res organiques et contiennent toujours de l&#8217;azote, du phosphore, du potassium (NPK) et souvent des micro-organismes et des enzymes. Les engrais artificiels contiennent \u00e9galement toujours de l&#8217;azote, du phosphore et du potassium (NPK).<\/p>\n<h3>Quelle est la signification de N, P, K et pH ?<\/h3>\n<p>Le terme NPK signifie azote (N), phosphore (P) et potassium (K). Ces trois \u00e9l\u00e9ments nutritifs constituent la base n\u00e9cessaire aux soins de toutes les plantes, tant \u00e0 l&#8217;int\u00e9rieur qu&#8217;\u00e0 l&#8217;ext\u00e9rieur. Outre l&#8217;oxyg\u00e8ne, l&#8217;eau et le carbone, une plante a besoin de NPK pour vivre, cro\u00eetre et fleurir. Bref, ils sont indispensables au bien-\u00eatre de la plante. Cependant, la fonction de ces 3 \u00e9l\u00e9ments est diff\u00e9rente. Un bon pH permet aux plantes d&#8217;absorber les nutriments.<\/p>\n<h3>Azote (N)<\/h3>\n<p>L&#8217;azote favorise la croissance des plantes et constitue l&#8217;\u00e9l\u00e9ment le plus important. En effet, sans azote, il n&#8217;y a pas de croissance. L&#8217;azote d\u00e9clenche \u00e9galement la photosynth\u00e8se. Si une plante est carenc\u00e9e en azote, ses feuilles jaunissent et elle perd beaucoup de feuilles.<\/p>\n<h3>Phosphore (P)<\/h3>\n<p>Le phosphore contribue au d\u00e9veloppement global des plantes et assure notamment le bon d\u00e9veloppement du syst\u00e8me racinaire. Les plantes dont le syst\u00e8me racinaire est bien d\u00e9velopp\u00e9 peuvent absorber les nutriments plus rapidement et mieux. Une carence en phosphore entra\u00eene une r\u00e9duction de la croissance.<\/p>\n<h3>Potassium (K)<\/h3>\n<p>Le potassium est important pour l&#8217;\u00e9quilibre hydrique des plantes. Les parois cellulaires des plantes sont renforc\u00e9es par le potassium, ce qui permet un meilleur transport de l&#8217;eau et des hydrates de carbone. Le potassium augmente donc la r\u00e9sistance des plantes. Les plantes sont plus r\u00e9sistantes aux maladies, \u00e0 la chaleur, aux champignons et \u00e0 tout ce qui peut causer un stress. Une carence en potassium se manifeste par une d\u00e9coloration des bords des feuilles, qui finissent par mourir.<\/p>\n<h3>Acidit\u00e9 (pH)<\/h3>\n<p>Un bon niveau de pH est important pour qu&#8217;une plante puisse absorber les nutriments essentiels. Cela s&#8217;applique aux plantes en pot, mais aussi \u00e0 toutes les plantes en pleine terre, au potager et \u00e0 la pelouse. La plupart des plantes poussent de mani\u00e8re optimale avec un niveau d&#8217;acidit\u00e9 (pH) compris entre 5,5 et 6,5. Pour le gazon, la valeur id\u00e9ale est de 7,0. Par cons\u00e9quent, sans la capacit\u00e9 d&#8217;absorber les engrais, une plante ou une pelouse ne peut pas se d\u00e9velopper correctement et mener une vie saine. En outre, la bonne valeur du pH est indirectement importante pour les microbes pr\u00e9sents dans le sol.<\/p>\n<h3>Comment ajuster le pH du sol ?<\/h3>\n<p>Un pH d&#8217;environ 6,5 convient \u00e0 presque tous les jardins, car la plupart des plantes poussent dans une fourchette de pH de 6,0 \u00e0 7,0 (l\u00e9g\u00e8rement acide \u00e0 neutre). Une fois que vous avez d\u00e9termin\u00e9 le pH du sol, utilisez un amendement sp\u00e9cial pour ajuster le pH du sol \u00e0 la plage de pH id\u00e9ale de la plante.<\/p>\n<h3>Un manque ou un exc\u00e8s d&#8217;azote<\/h3>\n<p>Comme vous venez de le lire, l&#8217;azote est synonyme de croissance. Si vous ajoutez trop d&#8217;azote au sol, vous devrez faire face \u00e0 la prolif\u00e9ration. Vous verrez alors tout prolif\u00e9rer. Un manque d&#8217;azote signifie le contraire. Les plantes restent beaucoup trop petites et sont tr\u00e8s sensibles aux champignons et aux maladies. Vous verrez \u00e9galement les feuilles jaunir.<\/p>\n<h3>Manque ou exc\u00e8s de phosphore<\/h3>\n<p>Un exc\u00e8s de phosphore perturbe l&#8217;\u00e9quilibre de l&#8217;eau. De plus, le phosphore s&#8217;accumule dans le sol et finit par \u00eatre lessiv\u00e9. Une carence en phosphore se traduit par une lueur bleu-violet sur les plantes. Les racines se d\u00e9veloppent moins bien et absorbent moins de nutriments.<\/p>\n<h3>Manque ou exc\u00e8s de potassium<\/h3>\n<p>Une abondance de potassium entra\u00eene une diminution de l&#8217;absorption du calcium, du magn\u00e9sium et du bore, et favorise une absorption abondante du fer et du mangan\u00e8se. Il n&#8217;y a donc plus d&#8217;\u00e9quilibre. Une carence se traduira par une herbe st\u00e9rile et des taches d\u00e9color\u00e9es sur les feuilles.<\/p>\n","protected":false},"excerpt":{"rendered":"<h2>Testeur de sol : azote, phosphore, potassium (NPK) et temp\u00e9rature<\/h2>\n<h2>et<\/h2>\n<h2>Testeur Bluetooth et enregistreur de donn\u00e9es pour le pH et la temp\u00e9rature du sol<\/h2>\n<hr \/>\n<p><strong>Les \u00e9l\u00e9ments les plus importants pour la fertilit\u00e9 du sol sont l&#8217;azote (N), le phosphore (P) et le potassium (K), \u00e9galement connus sous le nom de NPK. Pour avoir une bonne id\u00e9e du niveau de fertilisation du sol, il faut donc pouvoir mesurer ces trois \u00e9l\u00e9ments. En outre, la mesure du pH est importante pour savoir si les plantes sont capables d&#8217;absorber les nutriments.<\/strong><\/p>\n<p><strong>Le NPK-m\u00e8tre num\u00e9rique<\/strong> (mesure l&#8217;azote, le phosphore et le potassium) avec grand \u00e9cran LCD mesure l&#8217;azote, le phosphore et le potassium ainsi que la temp\u00e9rature. Il s&#8217;agit d&#8217;un testeur num\u00e9rique de conception r\u00e9cente dot\u00e9 d&#8217;une double sonde m\u00e9tallique de 17 cm de long. Les r\u00e9sultats des mesures sont d&#8217;une grande pr\u00e9cision. Ins\u00e9rez le testeur \u00e0 au moins 10 cm de profondeur dans le sol pour obtenir un bon r\u00e9sultat des quantit\u00e9s d&#8217;azote (N), de phosphore (P) et de potassium (K). Ces trois \u00e9l\u00e9ments sont mesur\u00e9s individuellement dans une fourchette de 0 \u00e0 1999 mg\/kg. C&#8217;est plus simple que de pr\u00e9lever un \u00e9chantillon de sol \u00e0 l&#8217;aide d&#8217;un kit d&#8217;analyse de sol et de suivre ensuite une proc\u00e9dure fastidieuse. De plus, le r\u00e9sultat d&#8217;un kit d&#8217;analyse de sol n&#8217;est pas un chiffre concret, comme c&#8217;est le cas avec cet appareil, mais seulement une indication bas\u00e9e sur la comparaison des couleurs. <a href=\"https:\/\/www.plantcaretools.com\/fr\/produit\/instrumentss-de-mesure\/testeur-de-sol-azote-phosphore-potassium-npk-et-temperature\/\">Pour plus d&#8217;informations<\/a><\/p>\n<h3>Sp\u00e9cifications :<\/h3>\n<ul>\n<li>Gamme NPK : 0-1999 mg\/kg<\/li>\n<li>Plage de temp\u00e9rature : -10\u00b0C-80\u00b0C ; 14\u00b0F-176\u00b0F<\/li>\n<li>Alimentation : 3 piles AAA (piles non incluses)<\/li>\n<li>Ecran LCD avec r\u00e9tro-\u00e9clairage<\/li>\n<li>Arr\u00eat automatique apr\u00e8s 30 secondes d&#8217;inactivit\u00e9<\/li>\n<li>Poids : 158 g (emballage compris)Convient pour les plantes en pot, les terres agricoles, les serres, les jardins d&#8217;ornement, les pelouses, le potager, les vergers, etc.<\/li>\n<\/ul>\n<hr \/>\n<p><strong>Le pH-m\u00e8tre<\/strong> a un design unique avec un capuchon de protection en acier inoxydable. Cela permet d&#8217;effectuer des mesures dans des sols durs, des sols sablonneux et d&#8217;autres substrats. Les applications sont nombreuses : jardinage, pelouse, potager, agriculture et culture en serre. Utilisation \u00e0 l&#8217;int\u00e9rieur et \u00e0 l&#8217;ext\u00e9rieur. <a href=\"https:\/\/www.plantcaretools.com\/fr\/produit\/instrumentss-de-mesure\/testeur-et-enregistreur-de-donnees-bluetooth-pour-le-ph-et-la-temperature-du-sol\/\">Pour plus d&#8217;informations<\/a><\/p>\n<h3>Sp\u00e9cifications :<\/h3>\n<ul>\n<li>L&#8217;appareil est \u00e9quip\u00e9 d&#8217;une sonde (longueur 13 cm) dot\u00e9e de la technologie la plus r\u00e9cente.<\/li>\n<li>L&#8217;utilisation d&#8217;un capuchon protecteur en acier inoxydable permet d&#8217;effectuer des mesures m\u00eame dans les sols durs.<\/li>\n<li>En cas de panne de la sonde, celle-ci est disponible s\u00e9par\u00e9ment. En outre, l&#8217;appareil est dot\u00e9 d&#8217;un \u00e9cran LCD r\u00e9tro\u00e9clair\u00e9. Toutes les donn\u00e9es peuvent \u00eatre lues, stock\u00e9es, export\u00e9es, partag\u00e9es et imprim\u00e9es via Bluetooth \u00e0 l&#8217;aide de l&#8217;application Yinmik.<\/li>\n<li>Gr\u00e2ce \u00e0 sa m\u00e9moire importante (1000 enregistrements de donn\u00e9es), l&#8217;appareil est \u00e9galement utilisable comme enregistreur de donn\u00e9es et convient au stockage d&#8217;un grand nombre de donn\u00e9es \u00e0 long terme.<\/li>\n<li>La d\u00e9viation maximale est de 0,1 pH dans la plage 0,00 pH -14,0 pH. \u00c9quip\u00e9 en standard d&#8217;une compensation automatique de la temp\u00e9rature.<\/li>\n<li>Vous avez besoin de 4 piles LR44 (incluses).<\/li>\n<li>Gr\u00e2ce \u00e0 la transmission pr\u00e9cise et en temps r\u00e9el des donn\u00e9es par Bluetooth, vous pouvez facilement stocker, g\u00e9rer et partager les donn\u00e9es de test.<\/li>\n<\/ul>\n<hr \/>\n[video width=\"1280\" height=\"720\" mp4=\"https:\/\/www.plantcaretools.com\/wp-content\/uploads\/2024\/09\/Bodemtester_Stikstof_Fosfor_Kalium_Temperatuur_PlantCareTools_video-1.mp4\"][\/video]\n[video width=\"1280\" height=\"720\" mp4=\"https:\/\/www.plantcaretools.com\/wp-content\/uploads\/2024\/08\/1100132552074-2.mp4\"][\/video]\n","protected":false},"featured_media":21373,"comment_status":"open","ping_status":"closed","template":"","meta":{"_acf_changed":false},"product_brand":[],"product_cat":[115,111,105,125],"product_tag":[],"class_list":{"0":"post-21372","1":"product","2":"type-product","3":"status-publish","4":"has-post-thumbnail","6":"product_cat-instrumentss-de-mesure","7":"product_cat-mesurer-la-fertilisation","8":"product_cat-offres-speciales","9":"product_cat-produits-plantcaretools","11":"first","12":"outofstock","13":"sale","14":"taxable","15":"shipping-taxable","16":"purchasable","17":"product-type-simple"},"acf":[],"yoast_head":"<!-- This site is optimized with the Yoast SEO Premium plugin v26.1 (Yoast SEO v27.3) - https:\/\/yoast.com\/product\/yoast-seo-premium-wordpress\/ -->\n<title>N, P, K, pH num\u00e9rique SoilTestKit - Plant Care Tools<\/title>\n<meta name=\"description\" content=\"Kit de test de sol num\u00e9rique : Azote, Phosphore, Potassium, (NPK), Temp\u00e9rature et pH, mesurent facilement et avec pr\u00e9cision.\" \/>\n<meta name=\"robots\" content=\"index, follow, max-snippet:-1, max-image-preview:large, max-video-preview:-1\" \/>\n<link rel=\"canonical\" href=\"https:\/\/www.plantcaretools.com\/fr\/produit\/instrumentss-de-mesure\/n-p-k-ph-numerique-soiltestkit\/\" \/>\n<script type=\"application\/ld+json\" class=\"yoast-schema-graph\">{\"@context\":\"https:\\\/\\\/schema.org\",\"@graph\":[{\"@type\":\"BreadcrumbList\",\"@id\":\"https:\\\/\\\/www.plantcaretools.com\\\/fr\\\/produit\\\/instrumentss-de-mesure\\\/n-p-k-ph-numerique-soiltestkit\\\/#breadcrumb\",\"itemListElement\":[{\"@type\":\"ListItem\",\"position\":1,\"name\":\"Home\",\"item\":\"https:\\\/\\\/www.plantcaretools.com\\\/fr\\\/\"},{\"@type\":\"ListItem\",\"position\":2,\"name\":\"Produits\",\"item\":\"https:\\\/\\\/www.plantcaretools.com\\\/fr\\\/produits\\\/\"},{\"@type\":\"ListItem\",\"position\":3,\"name\":\"N, P, K, pH num\u00e9rique SoilTestKit\"}]}]}<\/script>\n<!-- \/ Yoast SEO Premium plugin. -->","yoast_head_json":{"title":"N, P, K, pH num\u00e9rique SoilTestKit - Plant Care Tools","description":"Kit de test de sol num\u00e9rique : Azote, Phosphore, Potassium, (NPK), Temp\u00e9rature et pH, mesurent facilement et avec pr\u00e9cision.","robots":{"index":"index","follow":"follow","max-snippet":"max-snippet:-1","max-image-preview":"max-image-preview:large","max-video-preview":"max-video-preview:-1"},"canonical":"https:\/\/www.plantcaretools.com\/fr\/produit\/instrumentss-de-mesure\/n-p-k-ph-numerique-soiltestkit\/","schema":{"@context":"https:\/\/schema.org","@graph":[{"@type":"BreadcrumbList","@id":"https:\/\/www.plantcaretools.com\/fr\/produit\/instrumentss-de-mesure\/n-p-k-ph-numerique-soiltestkit\/#breadcrumb","itemListElement":[{"@type":"ListItem","position":1,"name":"Home","item":"https:\/\/www.plantcaretools.com\/fr\/"},{"@type":"ListItem","position":2,"name":"Produits","item":"https:\/\/www.plantcaretools.com\/fr\/produits\/"},{"@type":"ListItem","position":3,"name":"N, P, K, pH num\u00e9rique SoilTestKit"}]}]}},"jetpack_sharing_enabled":true,"_links":{"self":[{"href":"https:\/\/www.plantcaretools.com\/fr\/wp-json\/wp\/v2\/product\/21372","targetHints":{"allow":["GET"]}}],"collection":[{"href":"https:\/\/www.plantcaretools.com\/fr\/wp-json\/wp\/v2\/product"}],"about":[{"href":"https:\/\/www.plantcaretools.com\/fr\/wp-json\/wp\/v2\/types\/product"}],"replies":[{"embeddable":true,"href":"https:\/\/www.plantcaretools.com\/fr\/wp-json\/wp\/v2\/comments?post=21372"}],"wp:featuredmedia":[{"embeddable":true,"href":"https:\/\/www.plantcaretools.com\/fr\/wp-json\/wp\/v2\/media\/21373"}],"wp:attachment":[{"href":"https:\/\/www.plantcaretools.com\/fr\/wp-json\/wp\/v2\/media?parent=21372"}],"wp:term":[{"taxonomy":"product_brand","embeddable":true,"href":"https:\/\/www.plantcaretools.com\/fr\/wp-json\/wp\/v2\/product_brand?post=21372"},{"taxonomy":"product_cat","embeddable":true,"href":"https:\/\/www.plantcaretools.com\/fr\/wp-json\/wp\/v2\/product_cat?post=21372"},{"taxonomy":"product_tag","embeddable":true,"href":"https:\/\/www.plantcaretools.com\/fr\/wp-json\/wp\/v2\/product_tag?post=21372"}],"curies":[{"name":"wp","href":"https:\/\/api.w.org\/{rel}","templated":true}]}}