{"id":21878,"date":"2025-02-06T16:17:08","date_gmt":"2025-02-06T15:17:08","guid":{"rendered":"https:\/\/www.plantcaretools.com\/?post_type=product&#038;p=21878"},"modified":"2025-02-08T12:07:36","modified_gmt":"2025-02-08T11:07:36","slug":"testeur-de-sol-numerique-3-en-1-moniteur-avec-1-capteur-mesure-lhumidite-du-sol-lintensite-de-la-lumiere-et-la-temperature-ambiantetesteur-de-sol-3-en-1-humidite-du-sol-intensite-lumineuse-tempe","status":"publish","type":"product","link":"https:\/\/www.plantcaretools.com\/fr\/produit\/instrumentss-de-mesure\/testeur-de-sol-numerique-3-en-1-moniteur-avec-1-capteur-mesure-lhumidite-du-sol-lintensite-de-la-lumiere-et-la-temperature-ambiantetesteur-de-sol-3-en-1-humidite-du-sol-intensite-lumineuse-tempe\/","title":{"rendered":"Testeur de sol num\u00e9rique 3-en-1, moniteur avec 1 capteur &#8211; Mesure l&#8217;humidit\u00e9 du sol, l&#8217;intensit\u00e9 de la lumi\u00e8re et la temp\u00e9rature ambiante"},"content":{"rendered":"<h2>Testeur de sol num\u00e9rique 3 en 1 : mesure l&#8217;humidit\u00e9 du sol &#8211; l&#8217;intensit\u00e9 lumineuse &#8211; la temp\u00e9rature ambiante<\/h2>\n<h2>Le moniteur affiche en permanence les donn\u00e9es suivantes pour chaque capteur :<\/h2>\n<ul>\n<li><strong>Mesure de l&#8217;humidit\u00e9 du sol<\/strong> &#8211; Affiche la quantit\u00e9 d&#8217;humidit\u00e9 du sol avec un pot de fleurs num\u00e9rique et le pourcentage d&#8217;humidit\u00e9 du sol. Le pourcentage id\u00e9al d&#8217;humidit\u00e9 du sol pour presque toutes les plantes est de 25 %.<\/li>\n<li><strong>Mesure de la temp\u00e9rature<\/strong> &#8211; Affiche la temp\u00e9rature ambiante en \u00b0C ou \u00b0F.<\/li>\n<li><strong>Intensit\u00e9 lumineuse<\/strong> &#8211; Mesure l&#8217;intensit\u00e9 de la lumi\u00e8re (solaire) \u00e0 l&#8217;endroit o\u00f9 se trouve la plante.<\/li>\n<li><strong>Heure<\/strong><\/li>\n<li><strong>Le num\u00e9ro du capteur dont les donn\u00e9es sont affich\u00e9es.<\/strong><\/li>\n<li><strong>L&#8217;\u00e9tat des piles du moniteur et du (des) capteur(s).<\/strong><\/li>\n<\/ul>\n<h2>Utilisation :<\/h2>\n<ul>\n<li>Installez les piles dans le moniteur et le(s) capteur(s).<\/li>\n<li>Ins\u00e9rez le testeur de sol \u00e0 une profondeur d&#8217;environ 10 cm dans le sol.<\/li>\n<li>Lire les valeurs directement sur l&#8217;\u00e9cran du moniteur<\/li>\n<li>Changez de capteur en appuyant sur un bouton du moniteur<\/li>\n<li>Utilisez les autocollants fournis pour identifier rapidement la plante en question.<\/li>\n<\/ul>\n<p>Vous voulez en savoir plus sur l&#8217;humidit\u00e9 du sol? <a href=\"https:\/\/www.plantcaretools.com\/fr\/mesurer-le-niveau-dhumidite-du-sol\/\">Rendez-vous sur cette page.\u00a0<\/a><\/p>\n","protected":false},"excerpt":{"rendered":"<h1>Testeur de sol num\u00e9rique 3 en 1 : mesure l&#8217;humidit\u00e9 du sol &#8211; l&#8217;intensit\u00e9 lumineuse &#8211; la temp\u00e9rature ambiante<\/h1>\n<h2>Ce produit se compose d&#8217;un moniteur et d&#8217;un capteur. Sur le moniteur, vous pouvez lire en permanence les donn\u00e9es du capteur (humidit\u00e9 du sol, intensit\u00e9 lumineuse et temp\u00e9rature ambiante).<\/h2>\n<p><strong>Le syst\u00e8me fonctionne \u00e0 l&#8217;aide d&#8217;un signal radio.<\/strong> La distance maximale entre le moniteur et les capteurs est d&#8217;environ 100 m\u00e8tres.<\/p>\n<p><strong>Les capteurs peuvent \u00eatre utilis\u00e9s \u00e0 l&#8217;int\u00e9rieur comme \u00e0 l&#8217;ext\u00e9rieur<\/strong>. Au total, vous pouvez suivre jusqu&#8217;\u00e0 <strong>12 capteurs.<\/strong><\/p>\n<p><strong>Des capteurs suppl\u00e9mentaires sont \u00e9galement disponibles par bo\u00eete de 2 dans notre boutique en ligne.<\/strong> En appuyant sur un bouton du moniteur, vous passez des donn\u00e9es de mesure des diff\u00e9rents capteurs.<\/p>\n<p><strong>Des autocollants permettant de reconna\u00eetre facilement le capteur et la plante concern\u00e9s sont inclus.<\/strong><\/p>\n<p>Vous voulez des plantes plus saines et un jardin florissant ? Avec ce <strong>testeur de sol 3 en 1<\/strong>, vous savez exactement ce dont vos plantes ont besoin ! Id\u00e9al pour les plantes d&#8217;int\u00e9rieur, l<strong>es potagers, les pelouses et les parterres de fleurs<\/strong> ! \ud83c\udf31\u2600\ufe0f<\/p>\n<p>Pourquoi ce testeur de sol est-il indispensable ?<\/p>\n<p>\u2705 <strong>N&#8217;arrosez plus jamais trop ou pas assez<\/strong> &#8211; Pr\u00e9venez le pourrissement des racines ou la d\u00e9shydratation !<\/p>\n<p>\u2705 <strong>Mesure optimale de la temp\u00e9rature<\/strong> &#8211; Assurez-vous que vos plantes ne se trouvent pas dans un environnement trop froid ou trop chaud.<\/p>\n<p>\u2705 <strong>Analyse de la lumi\u00e8re (du soleil)<\/strong> &#8211; D\u00e9terminez si vos plantes re\u00e7oivent suffisamment de lumi\u00e8re \u00e0 l&#8217;endroit o\u00f9 elles se trouvent.<\/p>\n<p>\u2705 <strong>Facile \u00e0 utiliser &#8211; Plug &amp; Play.<\/strong> Installez les piles et branchez le capteur dans le sol pour obtenir des r\u00e9sultats instantan\u00e9s.<\/p>\n<p>\u2705 <strong>Syst\u00e8me extensible<\/strong> &#8211; Suivez jusqu&#8217;\u00e0 12 capteurs avec un seul moniteur !<\/p>\n[video width=\"1920\" height=\"1080\" mp4=\"https:\/\/www.plantcaretools.com\/wp-content\/uploads\/2025\/02\/4-in-1-Digital-Soil-Tester-Measure-Moisture-Sunlight-pH-Temperature_PlantCareTools_video.mp4\"][\/video]\n<p>&nbsp;<\/p>\n","protected":false},"featured_media":21895,"comment_status":"open","ping_status":"closed","template":"","meta":{"_acf_changed":false},"product_brand":[],"product_cat":[115,127,121,125],"product_tag":[],"class_list":{"0":"post-21878","1":"product","2":"type-product","3":"status-publish","4":"has-post-thumbnail","6":"product_cat-instrumentss-de-mesure","7":"product_cat-mesurer-la-teneur-en-humidite","8":"product_cat-nouveaux-produits","9":"product_cat-produits-plantcaretools","11":"first","12":"outofstock","13":"taxable","14":"shipping-taxable","15":"purchasable","16":"product-type-simple"},"acf":[],"yoast_head":"<!-- This site is optimized with the Yoast SEO Premium plugin v26.1 (Yoast SEO v27.3) - https:\/\/yoast.com\/product\/yoast-seo-premium-wordpress\/ -->\n<title>Testeur de sol 3 en 1 : Humidit\u00e9 du sol - Intensit\u00e9 lumineuse - Temp\u00e9rature<\/title>\n<meta name=\"description\" content=\"Testeur de sol num\u00e9rique 3 en 1 : mesure l&#039;humidit\u00e9 du sol - l&#039;intensit\u00e9 de la lumi\u00e8re - la temp\u00e9rature ambiante. Vous savez donc exactement ce dont vos plantes ont besoin ! Parfait pour les plantes d&#039;int\u00e9rieur, les potagers, les pelouses et les parterres de fleurs !\" \/>\n<meta name=\"robots\" content=\"index, follow, max-snippet:-1, max-image-preview:large, max-video-preview:-1\" \/>\n<link rel=\"canonical\" href=\"https:\/\/www.plantcaretools.com\/fr\/produit\/instrumentss-de-mesure\/testeur-de-sol-numerique-3-en-1-moniteur-avec-1-capteur-mesure-lhumidite-du-sol-lintensite-de-la-lumiere-et-la-temperature-ambiantetesteur-de-sol-3-en-1-humidite-du-sol-intensite-lumineuse-tempe\/\" \/>\n<script type=\"application\/ld+json\" class=\"yoast-schema-graph\">{\"@context\":\"https:\\\/\\\/schema.org\",\"@graph\":[{\"@type\":\"BreadcrumbList\",\"@id\":\"https:\\\/\\\/www.plantcaretools.com\\\/fr\\\/produit\\\/instrumentss-de-mesure\\\/testeur-de-sol-numerique-3-en-1-moniteur-avec-1-capteur-mesure-lhumidite-du-sol-lintensite-de-la-lumiere-et-la-temperature-ambiantetesteur-de-sol-3-en-1-humidite-du-sol-intensite-lumineuse-tempe\\\/#breadcrumb\",\"itemListElement\":[{\"@type\":\"ListItem\",\"position\":1,\"name\":\"Home\",\"item\":\"https:\\\/\\\/www.plantcaretools.com\\\/fr\\\/\"},{\"@type\":\"ListItem\",\"position\":2,\"name\":\"Produits\",\"item\":\"https:\\\/\\\/www.plantcaretools.com\\\/fr\\\/produits\\\/\"},{\"@type\":\"ListItem\",\"position\":3,\"name\":\"Testeur de sol num\u00e9rique 3-en-1, moniteur avec 1 capteur &#8211; Mesure l&#8217;humidit\u00e9 du sol, l&#8217;intensit\u00e9 de la lumi\u00e8re et la temp\u00e9rature ambiante\"}]}]}<\/script>\n<!-- \/ Yoast SEO Premium plugin. -->","yoast_head_json":{"title":"Testeur de sol 3 en 1 : Humidit\u00e9 du sol - Intensit\u00e9 lumineuse - Temp\u00e9rature","description":"Testeur de sol num\u00e9rique 3 en 1 : mesure l'humidit\u00e9 du sol - l'intensit\u00e9 de la lumi\u00e8re - la temp\u00e9rature ambiante. Vous savez donc exactement ce dont vos plantes ont besoin ! Parfait pour les plantes d'int\u00e9rieur, les potagers, les pelouses et les parterres de fleurs !","robots":{"index":"index","follow":"follow","max-snippet":"max-snippet:-1","max-image-preview":"max-image-preview:large","max-video-preview":"max-video-preview:-1"},"canonical":"https:\/\/www.plantcaretools.com\/fr\/produit\/instrumentss-de-mesure\/testeur-de-sol-numerique-3-en-1-moniteur-avec-1-capteur-mesure-lhumidite-du-sol-lintensite-de-la-lumiere-et-la-temperature-ambiantetesteur-de-sol-3-en-1-humidite-du-sol-intensite-lumineuse-tempe\/","schema":{"@context":"https:\/\/schema.org","@graph":[{"@type":"BreadcrumbList","@id":"https:\/\/www.plantcaretools.com\/fr\/produit\/instrumentss-de-mesure\/testeur-de-sol-numerique-3-en-1-moniteur-avec-1-capteur-mesure-lhumidite-du-sol-lintensite-de-la-lumiere-et-la-temperature-ambiantetesteur-de-sol-3-en-1-humidite-du-sol-intensite-lumineuse-tempe\/#breadcrumb","itemListElement":[{"@type":"ListItem","position":1,"name":"Home","item":"https:\/\/www.plantcaretools.com\/fr\/"},{"@type":"ListItem","position":2,"name":"Produits","item":"https:\/\/www.plantcaretools.com\/fr\/produits\/"},{"@type":"ListItem","position":3,"name":"Testeur de sol num\u00e9rique 3-en-1, moniteur avec 1 capteur &#8211; Mesure l&#8217;humidit\u00e9 du sol, l&#8217;intensit\u00e9 de la lumi\u00e8re et la temp\u00e9rature ambiante"}]}]}},"jetpack_sharing_enabled":true,"_links":{"self":[{"href":"https:\/\/www.plantcaretools.com\/fr\/wp-json\/wp\/v2\/product\/21878","targetHints":{"allow":["GET"]}}],"collection":[{"href":"https:\/\/www.plantcaretools.com\/fr\/wp-json\/wp\/v2\/product"}],"about":[{"href":"https:\/\/www.plantcaretools.com\/fr\/wp-json\/wp\/v2\/types\/product"}],"replies":[{"embeddable":true,"href":"https:\/\/www.plantcaretools.com\/fr\/wp-json\/wp\/v2\/comments?post=21878"}],"wp:featuredmedia":[{"embeddable":true,"href":"https:\/\/www.plantcaretools.com\/fr\/wp-json\/wp\/v2\/media\/21895"}],"wp:attachment":[{"href":"https:\/\/www.plantcaretools.com\/fr\/wp-json\/wp\/v2\/media?parent=21878"}],"wp:term":[{"taxonomy":"product_brand","embeddable":true,"href":"https:\/\/www.plantcaretools.com\/fr\/wp-json\/wp\/v2\/product_brand?post=21878"},{"taxonomy":"product_cat","embeddable":true,"href":"https:\/\/www.plantcaretools.com\/fr\/wp-json\/wp\/v2\/product_cat?post=21878"},{"taxonomy":"product_tag","embeddable":true,"href":"https:\/\/www.plantcaretools.com\/fr\/wp-json\/wp\/v2\/product_tag?post=21878"}],"curies":[{"name":"wp","href":"https:\/\/api.w.org\/{rel}","templated":true}]}}