{"id":21909,"date":"2025-02-04T16:35:32","date_gmt":"2025-02-04T15:35:32","guid":{"rendered":"https:\/\/www.plantcaretools.com\/?post_type=product&#038;p=21909"},"modified":"2025-02-07T17:43:56","modified_gmt":"2025-02-07T16:43:56","slug":"deux-capteurs-supplementaires-pour-le-testeur-de-sol-numerique-3-en-1-mesure-lhumidite-du-sol-lintensite-de-la-lumiere-la-temperature","status":"publish","type":"product","link":"https:\/\/www.plantcaretools.com\/fr\/produit\/instrumentss-de-mesure\/deux-capteurs-supplementaires-pour-le-testeur-de-sol-numerique-3-en-1-mesure-lhumidite-du-sol-lintensite-de-la-lumiere-la-temperature\/","title":{"rendered":"Deux capteurs suppl\u00e9mentaires pour le testeur de sol num\u00e9rique 3-en-1 &#8211; Mesure l&#8217;humidit\u00e9 du sol &#8211; L&#8217;intensit\u00e9 de la lumi\u00e8re &#8211; La temp\u00e9rature"},"content":{"rendered":"<h2>Deux capteurs suppl\u00e9mentaires pour le testeur de sol num\u00e9rique 3-en-1 &#8211; Mesure l&#8217;humidit\u00e9 du sol &#8211; L&#8217;intensit\u00e9 de la lumi\u00e8re &#8211; La temp\u00e9rature<\/h2>\n<h2>Utilisation :<\/h2>\n<ul>\n<li>Il s&#8217;agit de capteurs <strong>suppl\u00e9mentaire<\/strong>s, vous devez d&#8217;abord acheter le moniteur avec 1 capteur<\/li>\n<li>1 moniteur peut contr\u00f4ler jusqu&#8217;\u00e0 12 capteurs au total<\/li>\n<li>Installez les piles dans les capteurs<\/li>\n<li>Enfoncez le testeur de sol \u00e0 environ 10 cm de profondeur dans le sol<\/li>\n<li>Lire les valeurs directement sur l&#8217;\u00e9cran du moniteur<\/li>\n<li>Changez de capteur en appuyant sur un bouton du moniteur<\/li>\n<li>Utilisez les autocollants fournis pour identifier rapidement la plante en question<\/li>\n<\/ul>\n<p>Vous voulez en savoir plus sur l&#8217;humidit\u00e9 du sol? <a href=\"https:\/\/www.plantcaretools.com\/fr\/mesurer-le-niveau-dhumidite-du-sol\/\">Rendez-vous sur cette page.<\/a><\/p>\n","protected":false},"excerpt":{"rendered":"<h2>Deux capteurs suppl\u00e9mentaires pour le testeur de sol num\u00e9rique 3-en-1<\/h2>\n<h2>Il ne s&#8217;agit pas d&#8217;un produit autonome. Vous avez besoin du moniteur num\u00e9rique 3-en-1 avec capteur. \u00c9galement disponible dans notre boutique en ligne.<\/h2>\n<h2>Mesure l&#8217;humidit\u00e9 du sol, l&#8217;intensit\u00e9 de la lumi\u00e8re et la temp\u00e9rature ambiante.<\/h2>\n<ul>\n<li>Le syst\u00e8me fonctionne avec un signal radio. La distance maximale entre le moniteur et les capteurs est d&#8217;environ 100 m\u00e8tres.<\/li>\n<li>Les capteurs peuvent \u00eatre utilis\u00e9s \u00e0 l&#8217;int\u00e9rieur comme \u00e0 l&#8217;ext\u00e9rieur. Au total, vous pouvez suivre jusqu&#8217;\u00e0 12 capteurs.<\/li>\n<li>Des capteurs suppl\u00e9mentaires sont disponibles par bo\u00eete de 2. En appuyant sur un bouton du moniteur, vous basculez entre les donn\u00e9es de mesure des diff\u00e9rents capteurs.<\/li>\n<li>Des autocollants permettant de reconna\u00eetre facilement le capteur et la plante concern\u00e9s sont inclus.<\/li>\n<\/ul>\n<p>Avec ce <strong>testeur de sol 3 en 1<\/strong>, vous savez exactement ce dont vos plantes ont besoin ! Id\u00e9al pour les plantes d&#8217;int\u00e9rieur, l<strong>es potagers, les pelouses et les parterres de fleurs<\/strong> ! \ud83c\udf31\u2600\ufe0f<\/p>\n[video width=\"1920\" height=\"1080\" mp4=\"https:\/\/www.plantcaretools.com\/wp-content\/uploads\/2025\/02\/4-in-1-Digital-Soil-Tester-Measure-Moisture-Sunlight-pH-Temperature_PlantCareTools_video.mp4\"][\/video]\n","protected":false},"featured_media":21911,"comment_status":"open","ping_status":"closed","template":"","meta":{"_acf_changed":false},"product_brand":[],"product_cat":[115,127,121,125],"product_tag":[],"class_list":{"0":"post-21909","1":"product","2":"type-product","3":"status-publish","4":"has-post-thumbnail","6":"product_cat-instrumentss-de-mesure","7":"product_cat-mesurer-la-teneur-en-humidite","8":"product_cat-nouveaux-produits","9":"product_cat-produits-plantcaretools","11":"first","12":"instock","13":"taxable","14":"shipping-taxable","15":"purchasable","16":"product-type-simple"},"acf":[],"yoast_head":"<!-- This site is optimized with the Yoast SEO Premium plugin v26.1 (Yoast SEO v27.3) - https:\/\/yoast.com\/product\/yoast-seo-premium-wordpress\/ -->\n<title>Deux capteurs suppl\u00e9mentaires pour le testeur de sol num\u00e9rique 3-en-1 - Mesure l&#039;humidit\u00e9 du sol - L&#039;intensit\u00e9 de la lumi\u00e8re - La temp\u00e9rature - Plant Care Tools<\/title>\n<meta name=\"description\" content=\"Deux capteurs suppl\u00e9mentaires pour l&#039;analyseur de sol num\u00e9rique 3-en-1 - Mesure l&#039;humidit\u00e9 du sol - l&#039;intensit\u00e9 de la lumi\u00e8re - la temp\u00e9rature. Vous savez donc exactement ce dont vos plantes ont besoin ! Parfait pour les plantes d&#039;int\u00e9rieur, les potagers, les pelouses et les parterres de fleurs !\" \/>\n<meta name=\"robots\" content=\"index, follow, max-snippet:-1, max-image-preview:large, max-video-preview:-1\" \/>\n<link rel=\"canonical\" href=\"https:\/\/www.plantcaretools.com\/fr\/produit\/instrumentss-de-mesure\/deux-capteurs-supplementaires-pour-le-testeur-de-sol-numerique-3-en-1-mesure-lhumidite-du-sol-lintensite-de-la-lumiere-la-temperature\/\" \/>\n<script type=\"application\/ld+json\" class=\"yoast-schema-graph\">{\"@context\":\"https:\\\/\\\/schema.org\",\"@graph\":[{\"@type\":\"BreadcrumbList\",\"@id\":\"https:\\\/\\\/www.plantcaretools.com\\\/fr\\\/produit\\\/instrumentss-de-mesure\\\/deux-capteurs-supplementaires-pour-le-testeur-de-sol-numerique-3-en-1-mesure-lhumidite-du-sol-lintensite-de-la-lumiere-la-temperature\\\/#breadcrumb\",\"itemListElement\":[{\"@type\":\"ListItem\",\"position\":1,\"name\":\"Home\",\"item\":\"https:\\\/\\\/www.plantcaretools.com\\\/fr\\\/\"},{\"@type\":\"ListItem\",\"position\":2,\"name\":\"Produits\",\"item\":\"https:\\\/\\\/www.plantcaretools.com\\\/fr\\\/produits\\\/\"},{\"@type\":\"ListItem\",\"position\":3,\"name\":\"Deux capteurs suppl\u00e9mentaires pour le testeur de sol num\u00e9rique 3-en-1 &#8211; Mesure l&#8217;humidit\u00e9 du sol &#8211; L&#8217;intensit\u00e9 de la lumi\u00e8re &#8211; La temp\u00e9rature\"}]}]}<\/script>\n<!-- \/ Yoast SEO Premium plugin. -->","yoast_head_json":{"title":"Deux capteurs suppl\u00e9mentaires pour le testeur de sol num\u00e9rique 3-en-1 - Mesure l'humidit\u00e9 du sol - L'intensit\u00e9 de la lumi\u00e8re - La temp\u00e9rature - Plant Care Tools","description":"Deux capteurs suppl\u00e9mentaires pour l'analyseur de sol num\u00e9rique 3-en-1 - Mesure l'humidit\u00e9 du sol - l'intensit\u00e9 de la lumi\u00e8re - la temp\u00e9rature. Vous savez donc exactement ce dont vos plantes ont besoin ! Parfait pour les plantes d'int\u00e9rieur, les potagers, les pelouses et les parterres de fleurs !","robots":{"index":"index","follow":"follow","max-snippet":"max-snippet:-1","max-image-preview":"max-image-preview:large","max-video-preview":"max-video-preview:-1"},"canonical":"https:\/\/www.plantcaretools.com\/fr\/produit\/instrumentss-de-mesure\/deux-capteurs-supplementaires-pour-le-testeur-de-sol-numerique-3-en-1-mesure-lhumidite-du-sol-lintensite-de-la-lumiere-la-temperature\/","schema":{"@context":"https:\/\/schema.org","@graph":[{"@type":"BreadcrumbList","@id":"https:\/\/www.plantcaretools.com\/fr\/produit\/instrumentss-de-mesure\/deux-capteurs-supplementaires-pour-le-testeur-de-sol-numerique-3-en-1-mesure-lhumidite-du-sol-lintensite-de-la-lumiere-la-temperature\/#breadcrumb","itemListElement":[{"@type":"ListItem","position":1,"name":"Home","item":"https:\/\/www.plantcaretools.com\/fr\/"},{"@type":"ListItem","position":2,"name":"Produits","item":"https:\/\/www.plantcaretools.com\/fr\/produits\/"},{"@type":"ListItem","position":3,"name":"Deux capteurs suppl\u00e9mentaires pour le testeur de sol num\u00e9rique 3-en-1 &#8211; Mesure l&#8217;humidit\u00e9 du sol &#8211; L&#8217;intensit\u00e9 de la lumi\u00e8re &#8211; La temp\u00e9rature"}]}]}},"jetpack_sharing_enabled":true,"_links":{"self":[{"href":"https:\/\/www.plantcaretools.com\/fr\/wp-json\/wp\/v2\/product\/21909","targetHints":{"allow":["GET"]}}],"collection":[{"href":"https:\/\/www.plantcaretools.com\/fr\/wp-json\/wp\/v2\/product"}],"about":[{"href":"https:\/\/www.plantcaretools.com\/fr\/wp-json\/wp\/v2\/types\/product"}],"replies":[{"embeddable":true,"href":"https:\/\/www.plantcaretools.com\/fr\/wp-json\/wp\/v2\/comments?post=21909"}],"wp:featuredmedia":[{"embeddable":true,"href":"https:\/\/www.plantcaretools.com\/fr\/wp-json\/wp\/v2\/media\/21911"}],"wp:attachment":[{"href":"https:\/\/www.plantcaretools.com\/fr\/wp-json\/wp\/v2\/media?parent=21909"}],"wp:term":[{"taxonomy":"product_brand","embeddable":true,"href":"https:\/\/www.plantcaretools.com\/fr\/wp-json\/wp\/v2\/product_brand?post=21909"},{"taxonomy":"product_cat","embeddable":true,"href":"https:\/\/www.plantcaretools.com\/fr\/wp-json\/wp\/v2\/product_cat?post=21909"},{"taxonomy":"product_tag","embeddable":true,"href":"https:\/\/www.plantcaretools.com\/fr\/wp-json\/wp\/v2\/product_tag?post=21909"}],"curies":[{"name":"wp","href":"https:\/\/api.w.org\/{rel}","templated":true}]}}