{"id":6471,"date":"2017-08-10T16:13:59","date_gmt":"2017-08-10T14:13:59","guid":{"rendered":"https:\/\/www.plantcaretools.com\/non%20class\u00e9\/fertometre\/"},"modified":"2025-01-10T14:14:09","modified_gmt":"2025-01-10T13:14:09","slug":"fertometre-mesure-la-fertilisation-et-donne-des-conseils","status":"publish","type":"product","link":"https:\/\/www.plantcaretools.com\/fr\/produit\/instrumentss-de-mesure\/fertometre-mesure-la-fertilisation-et-donne-des-conseils\/","title":{"rendered":"Fertom\u00e8tre : mesure la fertilisation et donne des conseils"},"content":{"rendered":"<h2><strong>Fertom\u00e8tre : mesure la fertilisation et donne des conseils<\/strong><\/h2>\n<h2><strong>Le fertom\u00e8tre mesure le niveau de nutriments dans le sol des plantes<\/strong><\/h2>\n<p><strong>A propos de la fertilisation des plantes en pot et des plantes dans les potagers<\/strong><\/p>\n<p>Pendant la saison de croissance, les plantes en pot et les plantes de votre potager ont besoin de suffisamment de nutriments pour cro\u00eetre, fleurir et bien cultiver. La quantit\u00e9 de nutriments dans le sol est limit\u00e9e. Il est donc important de mesurer le niveau de nutriments et de fertiliser \u00e0 temps si n\u00e9cessaire.<\/p>\n<p><strong>Mesurer le niveau de nutriments dans le sol des plantes en pot et \/ ou des potagers<\/strong><\/p>\n<p>Le fertom\u00e8tre mesure le niveau de nutriments dans le sol de vos plantes en pot et de votre potager et utilise une lumi\u00e8re pour indiquer les besoins nutritives.<\/p>\n<p><strong>EC (conductivit\u00e9 \u00e9lectrique): le fertom\u00e8tre est un EC-m\u00e8tre et fournit des conseils de fertilisation<\/strong><\/p>\n<p>Le fertom\u00e8tre utilise le processus d&#8217;\u00e9lectrolyse et est \u00e9galement appel\u00e9 techniquement un EC-m\u00e8tre (conductivit\u00e9 \u00e9lectrique). Cela fonctionne sur les m\u00eames principes qu&#8217;une plante. Comme les racines d&#8217;une plante, il &#8220;absorbe&#8221; les nutriments du sol. En mesurant la quantit\u00e9 de substances absorb\u00e9es dans le sol, il est possible de d\u00e9terminer s\u2019il reste suffisamment de nutriments. La couleur de la lumi\u00e8re vous indiquera directement les conditions de nutriments du sol et vous permettra d&#8217;agir directement si n\u00e9cessaire.<\/p>\n","protected":false},"excerpt":{"rendered":"<h2>Fertometer &#8211; mesure le niveau de nutriments pour plantes en pot, plantes d&#8217;int\u00e9rieur, jardin et pelouse<\/h2>\n<p>Le fertom\u00e8tre mesure le niveau de nutriments dans le sol de vos plantes en pot et de votre potager et utilise une lumi\u00e8re pour indiquer les besoins de nutriments.<\/p>\n","protected":false},"featured_media":20647,"comment_status":"open","ping_status":"closed","template":"","meta":{"_acf_changed":false},"product_brand":[],"product_cat":[115],"product_tag":[],"class_list":{"0":"post-6471","1":"product","2":"type-product","3":"status-publish","4":"has-post-thumbnail","6":"product_cat-instrumentss-de-mesure","8":"first","9":"instock","10":"taxable","11":"shipping-taxable","12":"purchasable","13":"product-type-simple"},"acf":[],"yoast_head":"<!-- This site is optimized with the Yoast SEO Premium plugin v26.1 (Yoast SEO v27.3) - https:\/\/yoast.com\/product\/yoast-seo-premium-wordpress\/ -->\n<title>Mesure la fertilisation et donne des conseils - Plant Care Tools<\/title>\n<meta name=\"description\" content=\"Le Fertom\u00e8tre est un compteur d&#039;engrais qui mesure la quantit\u00e9 d&#039;engrais dans le sol et donne une recommandation sur la n\u00e9cessit\u00e9 de fertiliser - Plant Care Tools\" \/>\n<meta name=\"robots\" content=\"index, follow, max-snippet:-1, max-image-preview:large, max-video-preview:-1\" \/>\n<link rel=\"canonical\" href=\"https:\/\/www.plantcaretools.com\/fr\/produit\/instrumentss-de-mesure\/fertometre-mesure-la-fertilisation-et-donne-des-conseils\/\" \/>\n<script type=\"application\/ld+json\" class=\"yoast-schema-graph\">{\"@context\":\"https:\\\/\\\/schema.org\",\"@graph\":[{\"@type\":\"BreadcrumbList\",\"@id\":\"https:\\\/\\\/www.plantcaretools.com\\\/fr\\\/produit\\\/instrumentss-de-mesure\\\/fertometre-mesure-la-fertilisation-et-donne-des-conseils\\\/#breadcrumb\",\"itemListElement\":[{\"@type\":\"ListItem\",\"position\":1,\"name\":\"Home\",\"item\":\"https:\\\/\\\/www.plantcaretools.com\\\/fr\\\/\"},{\"@type\":\"ListItem\",\"position\":2,\"name\":\"Produits\",\"item\":\"https:\\\/\\\/www.plantcaretools.com\\\/fr\\\/produits\\\/\"},{\"@type\":\"ListItem\",\"position\":3,\"name\":\"Fertom\u00e8tre : mesure la fertilisation et donne des conseils\"}]}]}<\/script>\n<!-- \/ Yoast SEO Premium plugin. -->","yoast_head_json":{"title":"Mesure la fertilisation et donne des conseils - Plant Care Tools","description":"Le Fertom\u00e8tre est un compteur d'engrais qui mesure la quantit\u00e9 d'engrais dans le sol et donne une recommandation sur la n\u00e9cessit\u00e9 de fertiliser - Plant Care Tools","robots":{"index":"index","follow":"follow","max-snippet":"max-snippet:-1","max-image-preview":"max-image-preview:large","max-video-preview":"max-video-preview:-1"},"canonical":"https:\/\/www.plantcaretools.com\/fr\/produit\/instrumentss-de-mesure\/fertometre-mesure-la-fertilisation-et-donne-des-conseils\/","schema":{"@context":"https:\/\/schema.org","@graph":[{"@type":"BreadcrumbList","@id":"https:\/\/www.plantcaretools.com\/fr\/produit\/instrumentss-de-mesure\/fertometre-mesure-la-fertilisation-et-donne-des-conseils\/#breadcrumb","itemListElement":[{"@type":"ListItem","position":1,"name":"Home","item":"https:\/\/www.plantcaretools.com\/fr\/"},{"@type":"ListItem","position":2,"name":"Produits","item":"https:\/\/www.plantcaretools.com\/fr\/produits\/"},{"@type":"ListItem","position":3,"name":"Fertom\u00e8tre : mesure la fertilisation et donne des conseils"}]}]}},"jetpack_sharing_enabled":true,"_links":{"self":[{"href":"https:\/\/www.plantcaretools.com\/fr\/wp-json\/wp\/v2\/product\/6471","targetHints":{"allow":["GET"]}}],"collection":[{"href":"https:\/\/www.plantcaretools.com\/fr\/wp-json\/wp\/v2\/product"}],"about":[{"href":"https:\/\/www.plantcaretools.com\/fr\/wp-json\/wp\/v2\/types\/product"}],"replies":[{"embeddable":true,"href":"https:\/\/www.plantcaretools.com\/fr\/wp-json\/wp\/v2\/comments?post=6471"}],"wp:featuredmedia":[{"embeddable":true,"href":"https:\/\/www.plantcaretools.com\/fr\/wp-json\/wp\/v2\/media\/20647"}],"wp:attachment":[{"href":"https:\/\/www.plantcaretools.com\/fr\/wp-json\/wp\/v2\/media?parent=6471"}],"wp:term":[{"taxonomy":"product_brand","embeddable":true,"href":"https:\/\/www.plantcaretools.com\/fr\/wp-json\/wp\/v2\/product_brand?post=6471"},{"taxonomy":"product_cat","embeddable":true,"href":"https:\/\/www.plantcaretools.com\/fr\/wp-json\/wp\/v2\/product_cat?post=6471"},{"taxonomy":"product_tag","embeddable":true,"href":"https:\/\/www.plantcaretools.com\/fr\/wp-json\/wp\/v2\/product_tag?post=6471"}],"curies":[{"name":"wp","href":"https:\/\/api.w.org\/{rel}","templated":true}]}}